{"id":1138,"date":"2018-03-15T12:11:05","date_gmt":"2018-03-15T11:11:05","guid":{"rendered":"http:\/\/kracht-lutz-lukra-pumpen.de\/?page_id=1138"},"modified":"2021-04-28T10:23:47","modified_gmt":"2021-04-28T09:23:47","slug":"qualitaet","status":"publish","type":"page","link":"https:\/\/lukra-pumpen.de\/en\/qualitaet\/","title":{"rendered":"QUALITY"},"content":{"rendered":"<p><\/p>\n<h1 style=\"text-align: center;\">ONE THING IS CERTAIN:<\/h1>\n<h4 style=\"text-align: center;\">WE DO NOT STOP GETTING BETTER!<\/h4>\n<p style=\"text-align: center;\">Achieving measurable quality goals is an important part of our company policy. Our goal is to provide our customers with optimum solutions and services.<br \/>\n<strong>We master what we do!<\/strong><\/p>\n<p>Our products are characterised by their high reliability and economic cost \u2013 just the right factors to put your operational reliability on a firm foundation.<br \/>\nYou can rely on our warehouse that is always well-stocked and tight workflows for short reaction times that meet your needs.<\/p>\n<p style=\"text-align: center;\">We stock a large number of pumps, installation parts and accessories \u2013 just for you.<br \/>\nUse this advantage in order to quickly fix technical problems.<\/p>\n<p style=\"text-align: center;\"><strong>Our range of services and reliability have been convincing customers both at home and abroad for decades.<\/strong><\/p>\n<p><\/p>\n<\/div><\/section><\/div>\n<\/p>\n<h1 style=\"text-align: center;\">ONE THING IS CERTAIN:<\/h1>\n<h4 style=\"text-align: center;\">WE DO NOT STOP GETTING BETTER!<\/h4>\n<p style=\"text-align: center;\">Achieving measurable quality goals is an important part of our company policy. Our goal is to provide our customers with optimum solutions and services.<\/p>\n<p style=\"text-align: center;\"><strong>We master what we do!<\/strong><\/p>\n<p style=\"text-align: center;\"><strong>Our goal remains constant: To inspire you with our products and our performance.<\/strong><\/p>\n<p style=\"text-align: center;\">Our products are characterised by their high reliability and economic cost \u2013 just the right factors to put your operational reliability on a firm foundation.<br \/>\nYou can rely on our warehouse that is always well-stocked and tight workflows for short reaction times that meet your needs.<\/p>\n<p style=\"text-align: center;\">We stock a large number of pumps, installation parts and accessories \u2013 just for you.<br \/>\nUse this advantage in order to quickly fix technical problems.<\/p>\n<p style=\"text-align: center;\"><strong>Our range of services and reliability have been convincing customers both at home and abroad for decades.<\/strong><\/p>\n<p>[\/av_textblock]<\/p>\n<p>[\/av_one_full]\n<style type=\"text\/css\" data-created_by=\"avia_inline_auto\" id=\"style-css-av-av_one_full-15d750bd1b332b34c6e70b077ebbccdf\">\n.flex_column.av-av_one_full-15d750bd1b332b34c6e70b077ebbccdf{\nborder-radius:0px 0px 0px 0px;\npadding:0px 0px 0px 0px;\n}\n<\/style>\n<div  class='flex_column av-av_one_full-15d750bd1b332b34c6e70b077ebbccdf av_one_full first flex_column_div av-zero-column-padding  '     ><style type=\"text\/css\" data-created_by=\"avia_inline_auto\" id=\"style-css-av-av_image-7dd864942e08799210d26b319159dbfc\">\n.avia-image-container.av-av_image-7dd864942e08799210d26b319159dbfc img.avia_image{\nbox-shadow:none;\n}\n.avia-image-container.av-av_image-7dd864942e08799210d26b319159dbfc .av-image-caption-overlay-center{\ncolor:#ffffff;\n}\n<\/style>\n<div  class='avia-image-container av-av_image-7dd864942e08799210d26b319159dbfc av-styling- avia-align-center'   itemprop=\"image\" itemscope=\"itemscope\" itemtype=\"https:\/\/schema.org\/ImageObject\" ><div class=\"avia-image-container-inner\"><div class=\"avia-image-overlay-wrap\"><img decoding=\"async\" fetchpriority=\"high\" class='wp-image-1286 avia-img-lazy-loading-not-1286 avia_image ' src=\"https:\/\/lukra-pumpen.de\/wp-content\/uploads\/2018\/03\/qualitaet-1030x342.jpg\" alt='' title='qualitaet'  height=\"342\" width=\"1030\"  itemprop=\"thumbnailUrl\" srcset=\"https:\/\/lukra-pumpen.de\/wp-content\/uploads\/2018\/03\/qualitaet-1030x342.jpg 1030w, https:\/\/lukra-pumpen.de\/wp-content\/uploads\/2018\/03\/qualitaet-400x133.jpg 400w, https:\/\/lukra-pumpen.de\/wp-content\/uploads\/2018\/03\/qualitaet-300x100.jpg 300w, https:\/\/lukra-pumpen.de\/wp-content\/uploads\/2018\/03\/qualitaet-768x255.jpg 768w, https:\/\/lukra-pumpen.de\/wp-content\/uploads\/2018\/03\/qualitaet-1500x498.jpg 1500w, https:\/\/lukra-pumpen.de\/wp-content\/uploads\/2018\/03\/qualitaet-705x234.jpg 705w, https:\/\/lukra-pumpen.de\/wp-content\/uploads\/2018\/03\/qualitaet.jpg 1920w\" sizes=\"(max-width: 1030px) 100vw, 1030px\" \/><\/div><\/div><\/div><\/div><\/p>\n\n<style type=\"text\/css\" data-created_by=\"avia_inline_auto\" id=\"style-css-av-av_one_full-15d750bd1b332b34c6e70b077ebbccdf\">\n.flex_column.av-av_one_full-15d750bd1b332b34c6e70b077ebbccdf{\nborder-radius:0px 0px 0px 0px;\npadding:0px 0px 0px 0px;\n}\n<\/style>\n<div  class='flex_column av-av_one_full-15d750bd1b332b34c6e70b077ebbccdf av_one_full first flex_column_div av-zero-column-padding  '     ><section  class='av_textblock_section av-av_textblock-d6d4457a071446c54b05855a10e30e07 '   itemscope=\"itemscope\" itemtype=\"https:\/\/schema.org\/CreativeWork\" ><div class='avia_textblock av_inherit_color'  itemprop=\"text\" ><h1 class=\"title\" style=\"text-align: center;\">DENN EINS IST SICHER:<\/h1>\n<h4 class=\"sub-title\" style=\"text-align: center;\">WIR H\u00d6REN NICHT AUF, BESSER ZU WERDEN!<\/h4>\n<div class=\"service-box_txt\">\n<p style=\"text-align: center;\">Die Erreichung messbarer Qualit\u00e4tsziele ist ein wichtiger Bestandteil unserer Firmenpolitik. Ziel ist es, unsere Kunden mit optimalen L\u00f6sungen und Dienstleistungen zu versorgen.<\/p>\n<p style=\"text-align: center;\"><strong>Was wir machen, beherrschen wir!<\/strong><\/p>\n<p style=\"text-align: center;\"><strong>Unser Ziel bleibt: Sie mit unseren Produkten und unserer Leistung zu begeistern.<\/strong><\/p>\n<p style=\"text-align: center;\">Unsere Produkte zeichnen sich durch hohe Zuverl\u00e4ssigkeit bei wirtschaftlichen Kosten aus &#8211; einfach ideal, um Ihre Betriebssicherheit auf ein solides Fundament zu stellen.<br \/>\nF\u00fcr Ihre Betriebssicherheit sorgen unser stets gut sortiertes Lager und die straffen Arbeitsabl\u00e4ufe f\u00fcr kurze Reaktionszeiten auf Ihren Bedarf.<\/p>\n<p style=\"text-align: center;\">Zahlreiche Pumpen, Montageteile und Zubeh\u00f6rartikel halten wir f\u00fcr Sie am Lager.<br \/>\nNutzen Sie diesen Vorteil zur schnellen Behebung von St\u00f6rungen.<\/p>\n<p style=\"text-align: center;\"><strong>Unser Leistungsspektrum und unsere Zuverl\u00e4ssigkeit \u00fcberzeugen seit Jahrzehnten nationale sowie internationale Kunden.<\/strong><\/p>\n<\/div>\n<\/div><\/section><\/div><\/p>","protected":false},"excerpt":{"rendered":"<p>ONE THING IS CERTAIN: WE DO NOT STOP GETTING BETTER! Achieving measurable quality goals is an important part of our company policy. Our goal is to provide our customers with optimum solutions and services. We master what we do! Our goal remains constant: To inspire you with our products and our performance. Our products are [&hellip;]<\/p>\n","protected":false},"author":1,"featured_media":0,"parent":0,"menu_order":0,"comment_status":"closed","ping_status":"closed","template":"","meta":{"footnotes":""},"class_list":["post-1138","page","type-page","status-publish","hentry"],"yoast_head":"<!-- This site is optimized with the Yoast SEO plugin v27.3 - https:\/\/yoast.com\/product\/yoast-seo-wordpress\/ -->\n<title>QUALITY - LUKRA Pumpen<\/title>\n<meta name=\"robots\" content=\"index, follow, max-snippet:-1, max-image-preview:large, max-video-preview:-1\" \/>\n<link rel=\"canonical\" href=\"https:\/\/lukra-pumpen.de\/fr\/qualitaet\/\" \/>\n<meta property=\"og:locale\" content=\"en_US\" \/>\n<meta property=\"og:type\" content=\"article\" \/>\n<meta property=\"og:title\" content=\"QUALITY - LUKRA Pumpen\" \/>\n<meta property=\"og:description\" content=\"ONE THING IS CERTAIN: WE DO NOT STOP GETTING BETTER! Achieving measurable quality goals is an important part of our company policy. Our goal is to provide our customers with optimum solutions and services. We master what we do! Our goal remains constant: To inspire you with our products and our performance. Our products are [&hellip;]\" \/>\n<meta property=\"og:url\" content=\"https:\/\/lukra-pumpen.de\/fr\/qualitaet\/\" \/>\n<meta property=\"og:site_name\" content=\"LUKRA Pumpen\" \/>\n<meta property=\"article:modified_time\" content=\"2021-04-28T09:23:47+00:00\" \/>\n<meta name=\"twitter:card\" content=\"summary_large_image\" \/>\n<meta name=\"twitter:label1\" content=\"Est. reading time\" \/>\n\t<meta name=\"twitter:data1\" content=\"8 minutes\" \/>\n<script type=\"application\/ld+json\" class=\"yoast-schema-graph\">{\"@context\":\"https:\\\/\\\/schema.org\",\"@graph\":[{\"@type\":\"WebPage\",\"@id\":\"https:\\\/\\\/lukra-pumpen.de\\\/fr\\\/qualitaet\\\/\",\"url\":\"https:\\\/\\\/lukra-pumpen.de\\\/fr\\\/qualitaet\\\/\",\"name\":\"QUALITY - LUKRA Pumpen\",\"isPartOf\":{\"@id\":\"https:\\\/\\\/lukra-pumpen.de\\\/#website\"},\"datePublished\":\"2018-03-15T11:11:05+00:00\",\"dateModified\":\"2021-04-28T09:23:47+00:00\",\"breadcrumb\":{\"@id\":\"https:\\\/\\\/lukra-pumpen.de\\\/fr\\\/qualitaet\\\/#breadcrumb\"},\"inLanguage\":\"en-US\",\"potentialAction\":[{\"@type\":\"ReadAction\",\"target\":[\"https:\\\/\\\/lukra-pumpen.de\\\/fr\\\/qualitaet\\\/\"]}]},{\"@type\":\"BreadcrumbList\",\"@id\":\"https:\\\/\\\/lukra-pumpen.de\\\/fr\\\/qualitaet\\\/#breadcrumb\",\"itemListElement\":[{\"@type\":\"ListItem\",\"position\":1,\"name\":\"Startseite\",\"item\":\"https:\\\/\\\/lukra-pumpen.de\\\/home\\\/\"},{\"@type\":\"ListItem\",\"position\":2,\"name\":\"QUALIT\u00c9\"}]},{\"@type\":\"WebSite\",\"@id\":\"https:\\\/\\\/lukra-pumpen.de\\\/#website\",\"url\":\"https:\\\/\\\/lukra-pumpen.de\\\/\",\"name\":\"LUKRA Pumpen\",\"description\":\"Fluid in Motion\",\"potentialAction\":[{\"@type\":\"SearchAction\",\"target\":{\"@type\":\"EntryPoint\",\"urlTemplate\":\"https:\\\/\\\/lukra-pumpen.de\\\/?s={search_term_string}\"},\"query-input\":{\"@type\":\"PropertyValueSpecification\",\"valueRequired\":true,\"valueName\":\"search_term_string\"}}],\"inLanguage\":\"en-US\"}]}<\/script>\n<!-- \/ Yoast SEO plugin. -->","yoast_head_json":{"title":"QUALITY - LUKRA Pumpen","robots":{"index":"index","follow":"follow","max-snippet":"max-snippet:-1","max-image-preview":"max-image-preview:large","max-video-preview":"max-video-preview:-1"},"canonical":"https:\/\/lukra-pumpen.de\/fr\/qualitaet\/","og_locale":"en_US","og_type":"article","og_title":"QUALITY - LUKRA Pumpen","og_description":"ONE THING IS CERTAIN: WE DO NOT STOP GETTING BETTER! Achieving measurable quality goals is an important part of our company policy. Our goal is to provide our customers with optimum solutions and services. We master what we do! Our goal remains constant: To inspire you with our products and our performance. Our products are [&hellip;]","og_url":"https:\/\/lukra-pumpen.de\/fr\/qualitaet\/","og_site_name":"LUKRA Pumpen","article_modified_time":"2021-04-28T09:23:47+00:00","twitter_card":"summary_large_image","twitter_misc":{"Est. reading time":"8 minutes"},"schema":{"@context":"https:\/\/schema.org","@graph":[{"@type":"WebPage","@id":"https:\/\/lukra-pumpen.de\/fr\/qualitaet\/","url":"https:\/\/lukra-pumpen.de\/fr\/qualitaet\/","name":"QUALITY - LUKRA Pumpen","isPartOf":{"@id":"https:\/\/lukra-pumpen.de\/#website"},"datePublished":"2018-03-15T11:11:05+00:00","dateModified":"2021-04-28T09:23:47+00:00","breadcrumb":{"@id":"https:\/\/lukra-pumpen.de\/fr\/qualitaet\/#breadcrumb"},"inLanguage":"en-US","potentialAction":[{"@type":"ReadAction","target":["https:\/\/lukra-pumpen.de\/fr\/qualitaet\/"]}]},{"@type":"BreadcrumbList","@id":"https:\/\/lukra-pumpen.de\/fr\/qualitaet\/#breadcrumb","itemListElement":[{"@type":"ListItem","position":1,"name":"Startseite","item":"https:\/\/lukra-pumpen.de\/home\/"},{"@type":"ListItem","position":2,"name":"QUALIT\u00c9"}]},{"@type":"WebSite","@id":"https:\/\/lukra-pumpen.de\/#website","url":"https:\/\/lukra-pumpen.de\/","name":"LUKRA Pumpen","description":"Fluid in Motion","potentialAction":[{"@type":"SearchAction","target":{"@type":"EntryPoint","urlTemplate":"https:\/\/lukra-pumpen.de\/?s={search_term_string}"},"query-input":{"@type":"PropertyValueSpecification","valueRequired":true,"valueName":"search_term_string"}}],"inLanguage":"en-US"}]}},"_links":{"self":[{"href":"https:\/\/lukra-pumpen.de\/en\/wp-json\/wp\/v2\/pages\/1138","targetHints":{"allow":["GET"]}}],"collection":[{"href":"https:\/\/lukra-pumpen.de\/en\/wp-json\/wp\/v2\/pages"}],"about":[{"href":"https:\/\/lukra-pumpen.de\/en\/wp-json\/wp\/v2\/types\/page"}],"author":[{"embeddable":true,"href":"https:\/\/lukra-pumpen.de\/en\/wp-json\/wp\/v2\/users\/1"}],"replies":[{"embeddable":true,"href":"https:\/\/lukra-pumpen.de\/en\/wp-json\/wp\/v2\/comments?post=1138"}],"version-history":[{"count":0,"href":"https:\/\/lukra-pumpen.de\/en\/wp-json\/wp\/v2\/pages\/1138\/revisions"}],"wp:attachment":[{"href":"https:\/\/lukra-pumpen.de\/en\/wp-json\/wp\/v2\/media?parent=1138"}],"curies":[{"name":"wp","href":"https:\/\/api.w.org\/{rel}","templated":true}]}}