{"id":1140,"date":"2018-03-15T12:11:36","date_gmt":"2018-03-15T11:11:36","guid":{"rendered":"http:\/\/kracht-lutz-lukra-pumpen.de\/?page_id=1140"},"modified":"2022-12-15T09:07:31","modified_gmt":"2022-12-15T08:07:31","slug":"karriere","status":"publish","type":"page","link":"https:\/\/lukra-pumpen.de\/en\/karriere\/","title":{"rendered":"CAREER"},"content":{"rendered":"<p><\/div><\/div><\/div><!-- close content main div --><\/div><\/div>\n<style type=\"text\/css\" data-created_by=\"avia_inline_auto\" id=\"style-css-av-av_section-f9d9fda80e09563f3c0f028df90283d3\">\n.avia-section.av-av_section-f9d9fda80e09563f3c0f028df90283d3 .av-parallax .av-parallax-inner{\nbackground-repeat:no-repeat;\nbackground-image:url(https:\/\/lukra-pumpen.de\/wp-content\/uploads\/2018\/03\/karriere.jpg);\nbackground-position:100% 100%;\nbackground-attachment:scroll;\n}\n<\/style>\n<div id='av_section_2'  class='avia-section av-av_section-f9d9fda80e09563f3c0f028df90283d3 main_color avia-section-huge avia-no-shadow avia-full-stretch av-parallax-section avia-bg-style-parallax container_wrap sidebar_right'  data-section-bg-repeat='stretch'><div class='av-parallax' data-avia-parallax-ratio='0.3' ><div class='av-parallax-inner main_color avia-full-stretch'><\/div><\/div><div class='container av-section-cont-open' ><div class='template-page content  av-content-small alpha units'><div class='post-entry post-entry-type-page post-entry-1140'><div class='entry-content-wrapper clearfix'>\n\n<style type=\"text\/css\" data-created_by=\"avia_inline_auto\" id=\"style-css-av-av_hr-fbebcb4fe7f7f93a621d8b6783460008\">\n#top .hr.hr-invisible.av-av_hr-fbebcb4fe7f7f93a621d8b6783460008{\nheight:30px;\n}\n<\/style>\n<div  class='hr av-av_hr-fbebcb4fe7f7f93a621d8b6783460008 hr-invisible'><span class='hr-inner '><span class=\"hr-inner-style\"><\/span><\/span><\/div>\n\n<style type=\"text\/css\" data-created_by=\"avia_inline_auto\" id=\"style-css-av-av_textblock-dd2387397296c1a314b0b5f4a3f918a3\">\n#top .av_textblock_section.av-av_textblock-dd2387397296c1a314b0b5f4a3f918a3 .avia_textblock{\ncolor:#ffffff;\n}\n<\/style>\n<section  class='av_textblock_section av-av_textblock-dd2387397296c1a314b0b5f4a3f918a3 '   itemscope=\"itemscope\" itemtype=\"https:\/\/schema.org\/CreativeWork\" ><div class='avia_textblock av_inherit_color'  itemprop=\"text\" ><h2 class=\"title\" style=\"text-align: center;\">KARRIERE BEI LUKRA<br \/>\nWIR SICHERN ZUKUNFT.<\/h2>\n<div class=\"service-box_txt\" style=\"text-align: center;\">Wir, das Team von Lutz Kracht \u2013 LUKRA Pumpen, sind mit unserem umfangreichen Portfolio an Hydraulik und Kreiselpumpen der starke Partner f\u00fcr die Industrie sowohl im nationalen, als auch im internationalen Raum.<\/div>\n<\/div><\/section>\n<\/div><\/div><\/div><!-- close content main div --><\/div><\/div><div id='after_section_2'  class='main_color av_default_container_wrap container_wrap sidebar_right'  ><div class='container av-section-cont-open' ><div class='template-page content  av-content-small alpha units'><div class='post-entry post-entry-type-page post-entry-1140'><div class='entry-content-wrapper clearfix'><\/p>\n\n<style type=\"text\/css\" data-created_by=\"avia_inline_auto\" id=\"style-css-av-av_one_full-15d750bd1b332b34c6e70b077ebbccdf\">\n.flex_column.av-av_one_full-15d750bd1b332b34c6e70b077ebbccdf{\nborder-radius:0px 0px 0px 0px;\npadding:0px 0px 0px 0px;\n}\n<\/style>\n<div  class='flex_column av-av_one_full-15d750bd1b332b34c6e70b077ebbccdf av_one_full first flex_column_div av-zero-column-padding  '     ><section  class='av_textblock_section av-av_textblock-2de302bf1aa3cf4c9157dbe6f50ac7eb '   itemscope=\"itemscope\" itemtype=\"https:\/\/schema.org\/CreativeWork\" ><div class='avia_textblock'  itemprop=\"text\" ><h1 style=\"text-align: center;\">AKTUELL SUCHEN WIR:<\/h1>\n<h4 style=\"text-align: center;\">VERTRIEBSMITARBEITER (M\/W) F\u00dcR INNEN- UND AUSSENDIENST<\/h4>\n<p style=\"text-align: left;\">Sie sind noch jung in Ihrem Beruf oder haben gerade die Ausbildung abgeschlossen? Wir bieten Ihnen eine langfristige Perspektive sich im Vertrieb Innen- bzw. Au\u00dfendienst zu entwickeln und eigenverantwortlich zu arbeiten.<\/p>\n<p><strong>Ihre Aufgaben<\/strong><\/p>\n<ul>\n<li>Technische und kaufm\u00e4nnische Beratung der vorhandenen Kunden<\/li>\n<li>Angebots- und Auftragsbearbeitung<\/li>\n<li>Akquisition neuer Kunden<\/li>\n<li>Entwicklung und Ausbau bestehender Kundenbeziehungen<\/li>\n<\/ul>\n<p><strong>Ihr Profil<\/strong><\/p>\n<ul>\n<li>Kaufm\u00e4nnische und technische Qualifikation<\/li>\n<li>Begeisterung f\u00fcr den Vertrieb<\/li>\n<li>Selbstst\u00e4ndige Arbeitsweise mit Kommunikationsst\u00e4rke und hohes Ma\u00df an Serviceorientierung<\/li>\n<li>Sicheres und freundliches Auftreten<\/li>\n<li>Zuverl\u00e4ssigkeit, Loyalit\u00e4t und Einsatzbereitschaft<\/li>\n<li>Sichere EDV-Anwenderkenntnisse<\/li>\n<li>Englisch in Wort und Schrift, Franz\u00f6sisch ist von Vorteil<\/li>\n<\/ul>\n<p><strong>Was wir sonst noch erwarten<\/strong><\/p>\n<ul>\n<li>Sehr gutes technisches Verst\u00e4ndnis<\/li>\n<li>Zuverl\u00e4ssigkeit, Eigeninitiative und Engagement<\/li>\n<li>Teamf\u00e4higkeit und Flexibilit\u00e4t<\/li>\n<li>Pr\u00e4zision in der Ausf\u00fchrung der jeweiligen Arbeitsaufgabe<\/li>\n<\/ul>\n<p><strong>Bewerbung<\/strong><\/p>\n<p>Ihre vollst\u00e4ndigen Bewerbungsunterlagen senden Sie bitte per E-Mail an: karriere@lukra-pumpen.de<\/p>\n<p>Wir freuen uns auf Ihre Bewerbung.<\/p>\n<\/div><\/section><\/div><\/p>","protected":false},"excerpt":{"rendered":"","protected":false},"author":1,"featured_media":0,"parent":0,"menu_order":0,"comment_status":"closed","ping_status":"closed","template":"","meta":{"footnotes":""},"class_list":["post-1140","page","type-page","status-publish","hentry"],"_links":{"self":[{"href":"https:\/\/lukra-pumpen.de\/en\/wp-json\/wp\/v2\/pages\/1140","targetHints":{"allow":["GET"]}}],"collection":[{"href":"https:\/\/lukra-pumpen.de\/en\/wp-json\/wp\/v2\/pages"}],"about":[{"href":"https:\/\/lukra-pumpen.de\/en\/wp-json\/wp\/v2\/types\/page"}],"author":[{"embeddable":true,"href":"https:\/\/lukra-pumpen.de\/en\/wp-json\/wp\/v2\/users\/1"}],"replies":[{"embeddable":true,"href":"https:\/\/lukra-pumpen.de\/en\/wp-json\/wp\/v2\/comments?post=1140"}],"version-history":[{"count":38,"href":"https:\/\/lukra-pumpen.de\/en\/wp-json\/wp\/v2\/pages\/1140\/revisions"}],"predecessor-version":[{"id":2623,"href":"https:\/\/lukra-pumpen.de\/en\/wp-json\/wp\/v2\/pages\/1140\/revisions\/2623"}],"wp:attachment":[{"href":"https:\/\/lukra-pumpen.de\/en\/wp-json\/wp\/v2\/media?parent=1140"}],"curies":[{"name":"wp","href":"https:\/\/api.w.org\/{rel}","templated":true}]}}