{"id":1627,"date":"2018-03-19T13:58:34","date_gmt":"2018-03-19T13:58:34","guid":{"rendered":"http:\/\/kracht-lutz-lukra-pumpen.de\/?page_id=1627"},"modified":"2018-07-25T12:11:27","modified_gmt":"2018-07-25T11:11:27","slug":"druckbegrenzungsventil","status":"publish","type":"page","link":"https:\/\/lukra-pumpen.de\/en\/druckbegrenzungsventil\/","title":{"rendered":"Druckbegrenzungsventil"},"content":{"rendered":"<p>\n<style type=\"text\/css\" data-created_by=\"avia_inline_auto\" id=\"style-css-av-av_one_full-15d750bd1b332b34c6e70b077ebbccdf\">\n.flex_column.av-av_one_full-15d750bd1b332b34c6e70b077ebbccdf{\nborder-radius:0px 0px 0px 0px;\npadding:0px 0px 0px 0px;\n}\n<\/style>\n<div  class='flex_column av-av_one_full-15d750bd1b332b34c6e70b077ebbccdf av_one_full first flex_column_div av-zero-column-padding  '     ><section  class='av_textblock_section av-av_textblock-2de302bf1aa3cf4c9157dbe6f50ac7eb '   itemscope=\"itemscope\" itemtype=\"https:\/\/schema.org\/CreativeWork\" ><div class='avia_textblock'  itemprop=\"text\" ><h1><strong>DAS DRUCKBEGRENZUNGSVENTIL<\/strong><\/h1>\n<p>Das Druckbegrenzungsventil, auch \u00dcberdruckventil genannt, sorgt in\u00a0einem hydraulischen Kreislauf daf\u00fcr, dass der Druck auf einen Maximalwert beschr\u00e4nkt wird. Mit diesem Druckbegrenzungsventil werden hydraulische Anlagen abgesichert, damit keine Sch\u00e4den durch \u00dcberdruck oder Druckst\u00f6\u00dfe in\u00a0diesen Anlagen und Pumpen entstehen k\u00f6nnen. Ebenso k\u00f6nnen in\u00a0die Rohrleitung eingebaute Druckbegrenzungsventile \u00dcberdruck auch \u00fcber einen l\u00e4ngeren Zeitraum hinweg sicher ableiten. F\u00fcr jedes hydraulische System gibt es\u00a0einen gew\u00fcnschten Wert. Steigt der Druck so\u00a0weit\u00a0an, dass er\u00a0diesen \u00fcbersteigt, \u00f6ffnet sich das Druckbegrenzungsventil und der Druck wird konstant gehalten. Damit werden die Pumpen effektiv vor \u00dcberdruck gesch\u00fctzt.<\/p>\n<\/div><\/section><\/div><\/p>\n\n<style type=\"text\/css\" data-created_by=\"avia_inline_auto\" id=\"style-css-av-av_one_half-15d750bd1b332b34c6e70b077ebbccdf\">\n.flex_column.av-av_one_half-15d750bd1b332b34c6e70b077ebbccdf{\nborder-radius:0px 0px 0px 0px;\npadding:0px 0px 0px 0px;\n}\n<\/style>\n<div  class='flex_column av-av_one_half-15d750bd1b332b34c6e70b077ebbccdf av_one_half first flex_column_div av-zero-column-padding  '     ><p>\n<style type=\"text\/css\" data-created_by=\"avia_inline_auto\" id=\"style-css-av-av_textblock-c09fac0dabe4d96e7430e6715062a98a\">\n#top .av_textblock_section.av-av_textblock-c09fac0dabe4d96e7430e6715062a98a .avia_textblock{\nfont-size:12px;\n}\n<\/style>\n<section  class='av_textblock_section av-av_textblock-c09fac0dabe4d96e7430e6715062a98a '   itemscope=\"itemscope\" itemtype=\"https:\/\/schema.org\/CreativeWork\" ><div class='avia_textblock'  itemprop=\"text\" ><p><strong>Lutz Kracht &#8211; LUKRA Pumpen e.K.<\/strong><\/p>\n<hr \/>\n<p>Tel.: +49 (0) 23 92 \/ 80 60 3-0<br \/>\nFax: +49 (0) 23 92 \/ 80 60 3-70<br \/>\nMail: info@lukra-pumpen.de<\/p>\n<\/div><\/section><br \/>\n<div  class='avia-button-wrap av-av_button-70e629fb29c121777a632b22be1e16c3-wrap avia-button-left '><a href='https:\/\/lukra-pumpen.de\/callback\/'  class='avia-button av-av_button-70e629fb29c121777a632b22be1e16c3 av-link-btn avia-icon_select-no avia-size-small avia-position-left avia-color-theme-color'   aria-label=\"Callback\"><span class='avia_iconbox_title' >Callback<\/span><\/a><\/div><br \/>\n<div  class='avia-button-wrap av-av_button-56f22a133c3f799336e6c63fe8571e91-wrap avia-button-left '><a href='https:\/\/lukra-pumpen.de\/direkt-anfrage\/'  class='avia-button av-av_button-56f22a133c3f799336e6c63fe8571e91 av-link-btn avia-icon_select-no avia-size-small avia-position-left avia-color-theme-color'   aria-label=\"DIREKT-ANFRAGE\"><span class='avia_iconbox_title' >DIREKT-ANFRAGE<\/span><\/a><\/div><\/p><\/div>\n<style type=\"text\/css\" data-created_by=\"avia_inline_auto\" id=\"style-css-av-av_one_half-c8fc129dc35fd1ae2a1e410224d39ea8\">\n.flex_column.av-av_one_half-c8fc129dc35fd1ae2a1e410224d39ea8{\nborder-radius:0px 0px 0px 0px;\npadding:0px 0px 0px 0px;\n}\n<\/style>\n<div  class='flex_column av-av_one_half-c8fc129dc35fd1ae2a1e410224d39ea8 av_one_half flex_column_div av-zero-column-padding  '     ><form action=\"https:\/\/lukra-pumpen.de\/en\/druckbegrenzungsventil\/\" method=\"post\" data-fields-with-error=\"Found errors in the following field(s):\" class=\"avia_ajax_form av-form-labels-visible    \" data-avia-form-id=\"1\" data-avia-redirect='' ><h3 class=''>Anfragen<\/h3><fieldset><p class='  first_form  form_element form_element_half' id='element_avia_1_1'><label for=\"avia_1_1\">Name <abbr class=\"required\" title=\"required\">*<\/abbr><\/label> <input name=\"avia_1_1\" class=\"text_input is_empty\" type=\"text\" id=\"avia_1_1\" value=\"\" \/><\/p><p class='  form_element form_element_half' id='element_avia_2_1'><label for=\"avia_2_1\">E-Mail <abbr class=\"required\" title=\"required\">*<\/abbr><\/label> <input name=\"avia_2_1\" class=\"text_input is_email\" type=\"text\" id=\"avia_2_1\" value=\"\" \/><\/p><p class='  first_form  form_element form_fullwidth' id='element_avia_3_1'><label for=\"avia_3_1\">Betreff <abbr class=\"required\" title=\"required\">*<\/abbr><\/label> <input name=\"avia_3_1\" class=\"text_input is_empty\" type=\"text\" id=\"avia_3_1\" value=\"\" \/><\/p><p class='  first_form  form_element form_fullwidth av-last-visible-form-element' id='element_avia_4_1'><label for=\"avia_4_1\" class=\"textare_label hidden textare_label_avia_4_1\">Nachricht <abbr class=\"required\" title=\"required\">*<\/abbr><\/label><textarea  name=\"avia_4_1\" class=\"text_area is_empty\" cols=\"40\" rows=\"7\" id=\"avia_4_1\" ><\/textarea><\/p><p class=\"hidden\"><input type=\"text\" name=\"avia_5_1\" class=\"hidden \" id=\"avia_5_1\" value=\"\" \/><\/p><p class=\"form_element \"><input type=\"hidden\" value=\"1\" name=\"avia_generated_form1\" \/><input type=\"submit\" value=\"Senden\" class=\"button\"  data-sending-label=\"Sending\"\/><\/p><\/fieldset><\/form><div id=\"ajaxresponse_1\" class=\"ajaxresponse ajaxresponse_1 hidden\"><\/div><\/div><\/p>\n\n<style type=\"text\/css\" data-created_by=\"avia_inline_auto\" id=\"style-css-av-av_one_full-15d750bd1b332b34c6e70b077ebbccdf\">\n.flex_column.av-av_one_full-15d750bd1b332b34c6e70b077ebbccdf{\nborder-radius:0px 0px 0px 0px;\npadding:0px 0px 0px 0px;\n}\n<\/style>\n<div  class='flex_column av-av_one_full-15d750bd1b332b34c6e70b077ebbccdf av_one_full first flex_column_div av-zero-column-padding  '     ><section  class='av_textblock_section av-av_textblock-2de302bf1aa3cf4c9157dbe6f50ac7eb '   itemscope=\"itemscope\" itemtype=\"https:\/\/schema.org\/CreativeWork\" ><div class='avia_textblock'  itemprop=\"text\" ><h2><strong>DIREKT UND INDIREKT GESTEUERTES DRUCKBEGRENZUNGSVENTIL<\/strong><\/h2>\n<p>Es\u00a0gibt zwei Arten von Druckbegrenzungsventilen, das direkt und das indirekt gesteuerte Druckbegrenzungsventil:<\/p>\n<p>Das direkt gesteuerte Druckbegrenzungsventil: Hier dr\u00fcckt die Hydraulikfl\u00fcssigkeit auf ein konisch geformtes Bauteil vor der Feder des Druckbegrenzungsventils. Solange der Druck kleiner ist als die eingestellte Federkraft, bleibt das Druckbegrenzungsventil geschlossen. Steigt der Druck \u00fcber die Federkraft des Ventils, wird diese von dem konischen Bauteil zusammengedr\u00fcckt: Jetzt kann die Hydraulikfl\u00fcssigkeit so\u00a0lange abflie\u00dfen, bis sich der Druck wieder normalisiert hat. Allerdings ist das direkt gesteuerte Druckbegrenzungsventil nur f\u00fcr einen relativ kleinen Leitungsdurchschnitt geeignet.<\/p>\n<p>Das indirekt gesteuerte Druckbegrenzungsventil: Dieses besitzt eine Haupt- und eine Nebensteuerstufe. Die Federst\u00e4rke in\u00a0der Nebensteuerstufe sichert den zul\u00e4ssigen Druck. Steigt der Druck, \u00f6ffnet sich zun\u00e4chst das Nebensteuerventil, anschlie\u00dfend das Hauptsteuerventil. Die Steuerung sorgt daf\u00fcr, dass zwischen dem \u00d6ffnen und Schlie\u00dfen des Ventils die Druckdifferenz sehr gering gehalten werden kann.<\/p>\n<p>Druckbegrenzungsventile werden direkt in\u00a0die Rohrleitungen eingebaut. Damit das Druckbegrenzungsventil in\u00a0die Rohrleitungen eingebaut werden kann, verf\u00fcgt es\u00a0entweder \u00fcber einen Gewinde- oder einen SAE-Anschluss. Die Druckbegrenzungsventile mit SAE-Anschluss besitzen einen Flansch und werden vor allen Dingen in\u00a0den Bereichen verwendet, in\u00a0denen es\u00a0zu\u00a0hohen Druckspitzen oder starken Vibrationen kommen kann. Stehen die hydraulischen Leitungen unter hohen mechanischen Belastungen, kommen ebenfalls Druckbegrenzungsventile mit SAE-Anschluss zum Einsatz. Das betrifft beispielsweise die Petrochemie, die Hydraulik-Industrie, die Papierindustrie, aber auch den Maschinen- und Schiffsbau. Dank der Flansche sind die Rohre mit den eingesetzten Druckbegrenzungsventilen sehr sicher.<\/p>\n<\/div><\/section><\/div>\n<p>\n<style type=\"text\/css\" data-created_by=\"avia_inline_auto\" id=\"style-css-av-av_one_full-15d750bd1b332b34c6e70b077ebbccdf\">\n.flex_column.av-av_one_full-15d750bd1b332b34c6e70b077ebbccdf{\nborder-radius:0px 0px 0px 0px;\npadding:0px 0px 0px 0px;\n}\n<\/style>\n<div  class='flex_column av-av_one_full-15d750bd1b332b34c6e70b077ebbccdf av_one_full first flex_column_div av-zero-column-padding  '     ><section  class='av_textblock_section av-av_textblock-2de302bf1aa3cf4c9157dbe6f50ac7eb '   itemscope=\"itemscope\" itemtype=\"https:\/\/schema.org\/CreativeWork\" ><div class='avia_textblock'  itemprop=\"text\" ><h3><strong>SICHERHEIT DURCH DRUCKBEGRENZUNGSVENTILE<\/strong><\/h3>\n<p>Ist der voreingestellte Maximaldruck erreicht, \u00f6ffnet sich das Druckbegrenzungsventil. Die \u00fcbersch\u00fcssige Hydraulikfl\u00fcssigkeit flie\u00dft dann in\u00a0einen Tank oder anderen Beh\u00e4lter. Druckbegrenzungsventile dienen somit der Sicherheit der hydraulischen Systeme und sorgen daf\u00fcr, dass nicht nur der Druck begrenzt wird, sondern auch die Fl\u00fcssigkeit bei ihrer Abgabe sicher aufgefangen wird. Der maximal zul\u00e4ssige Druck der Druckbegrenzungsventile l\u00e4sst sich in\u00a0unterschiedlichen Stufen einstellen. Damit kann jedes hydraulische System entsprechend seinen Erfordernissen optimal eingestellt werden. Jedes Druckbegrenzungsventil ist mit dem entsprechenden Einstellbereich gekennzeichnet. Erst wenn der maximale Druck erreicht ist, beginnt das Druckbegrenzungsventil mit seiner Arbeit und entlastet Leitungen ebenso wie Pumpen. Ausgew\u00e4hlte Typen von Druckbegrenzungsventilen sind ab\u00a0Lager verf\u00fcgbar.<\/p>\n<\/div><\/section><\/div><\/p>","protected":false},"excerpt":{"rendered":"","protected":false},"author":1,"featured_media":0,"parent":0,"menu_order":0,"comment_status":"closed","ping_status":"closed","template":"","meta":{"footnotes":""},"class_list":["post-1627","page","type-page","status-publish","hentry"],"_links":{"self":[{"href":"https:\/\/lukra-pumpen.de\/en\/wp-json\/wp\/v2\/pages\/1627","targetHints":{"allow":["GET"]}}],"collection":[{"href":"https:\/\/lukra-pumpen.de\/en\/wp-json\/wp\/v2\/pages"}],"about":[{"href":"https:\/\/lukra-pumpen.de\/en\/wp-json\/wp\/v2\/types\/page"}],"author":[{"embeddable":true,"href":"https:\/\/lukra-pumpen.de\/en\/wp-json\/wp\/v2\/users\/1"}],"replies":[{"embeddable":true,"href":"https:\/\/lukra-pumpen.de\/en\/wp-json\/wp\/v2\/comments?post=1627"}],"version-history":[{"count":9,"href":"https:\/\/lukra-pumpen.de\/en\/wp-json\/wp\/v2\/pages\/1627\/revisions"}],"predecessor-version":[{"id":2593,"href":"https:\/\/lukra-pumpen.de\/en\/wp-json\/wp\/v2\/pages\/1627\/revisions\/2593"}],"wp:attachment":[{"href":"https:\/\/lukra-pumpen.de\/en\/wp-json\/wp\/v2\/media?parent=1627"}],"curies":[{"name":"wp","href":"https:\/\/api.w.org\/{rel}","templated":true}]}}