{"id":1635,"date":"2018-03-19T14:07:06","date_gmt":"2018-03-19T13:07:06","guid":{"rendered":"http:\/\/kracht-lutz-lukra-pumpen.de\/?page_id=1635"},"modified":"2020-04-28T09:38:08","modified_gmt":"2020-04-28T08:38:08","slug":"edelstahl-tauchpumpe","status":"publish","type":"page","link":"https:\/\/lukra-pumpen.de\/en\/edelstahl-tauchpumpe\/","title":{"rendered":"Edelstahl Tauchpumpe"},"content":{"rendered":"<p>\n<style type=\"text\/css\" data-created_by=\"avia_inline_auto\" id=\"style-css-av-av_one_full-15d750bd1b332b34c6e70b077ebbccdf\">\n.flex_column.av-av_one_full-15d750bd1b332b34c6e70b077ebbccdf{\nborder-radius:0px 0px 0px 0px;\npadding:0px 0px 0px 0px;\n}\n<\/style>\n<div  class='flex_column av-av_one_full-15d750bd1b332b34c6e70b077ebbccdf av_one_full first flex_column_div av-zero-column-padding  '     ><section  class='av_textblock_section av-av_textblock-2de302bf1aa3cf4c9157dbe6f50ac7eb '   itemscope=\"itemscope\" itemtype=\"https:\/\/schema.org\/CreativeWork\" ><div class='avia_textblock'  itemprop=\"text\" ><h1><strong>EDELSTAHL TAUCHPUMPE: DIE PROFESSIONELLE L\u00d6SUNG F\u00dcR VIELE ANWENDUNGSBEREICHE<\/strong><\/h1>\n<p>Eine Edelstahl Tauchpumpe bietet vom Material bis zur Funktionalit\u00e4t eine Menge Vorteile f\u00fcr den Anwender. LUKRA ist ein Spezialunternehmen f\u00fcr den Vertrieb, die Wartung und Reparatur dieser Pumpen. Das breitgef\u00e4cherte Produktsortiment bietet Modelle f\u00fcr jeden Bedarf. Den individuellen Service f\u00fcr die Edelstahl Tauchpumpe gibt es\u00a0von LUKRA selbstverst\u00e4ndlich dazu.<\/p>\n<h2><strong>EDELSTAHL TAUCHPUMPE: FLEXIBEL EINSETZBAR DURCH VOLL \u00dcBERFLUTBARE MOTOREN<\/strong><\/h2>\n<p>Eine Tauchpumpe, deren Motor vollst\u00e4ndig von Wasser \u00fcberflutet werden kann, bietet Ihnen eine professionelle Mischung aus breitgef\u00e4chertem Anwendungsspektrum und konstanter Funktionalit\u00e4t. Von der Wasserversorgung \u00fcber den Betrieb kleiner Brunnen bis zu\u00a0Beregnungsanlagen und der Funktion der Druckerh\u00f6hung ist die Edelstahl Tauchpumpe eine durchdachte L\u00f6sung f\u00fcr einen vielf\u00e4ltigen Einsatz.<\/p>\n<p>Optional erhalten Sie die Pumpen in\u00a0unserem Sortiment auch mit einem VORTEX-Laufrad. Diese Konstruktion erm\u00f6glicht Ihnen das F\u00f6rdern feststoffhaltiger Medien bis zu\u00a0einem Durchmesser von 50\u00a0mm. Somit ist die Edelstahl Tauchpumpe nicht nur f\u00fcr Klarwasser, sondern auch f\u00fcr Schmutzwasser ein optimales Ger\u00e4t.<\/p>\n<\/div><\/section><\/div><\/p>\n\n<style type=\"text\/css\" data-created_by=\"avia_inline_auto\" id=\"style-css-av-av_one_half-15d750bd1b332b34c6e70b077ebbccdf\">\n.flex_column.av-av_one_half-15d750bd1b332b34c6e70b077ebbccdf{\nborder-radius:0px 0px 0px 0px;\npadding:0px 0px 0px 0px;\n}\n<\/style>\n<div  class='flex_column av-av_one_half-15d750bd1b332b34c6e70b077ebbccdf av_one_half first flex_column_div av-zero-column-padding  '     ><p>\n<style type=\"text\/css\" data-created_by=\"avia_inline_auto\" id=\"style-css-av-av_textblock-c09fac0dabe4d96e7430e6715062a98a\">\n#top .av_textblock_section.av-av_textblock-c09fac0dabe4d96e7430e6715062a98a .avia_textblock{\nfont-size:12px;\n}\n<\/style>\n<section  class='av_textblock_section av-av_textblock-c09fac0dabe4d96e7430e6715062a98a '   itemscope=\"itemscope\" itemtype=\"https:\/\/schema.org\/CreativeWork\" ><div class='avia_textblock'  itemprop=\"text\" ><p><strong>Lutz Kracht &#8211; LUKRA Pumpen e.K.<\/strong><\/p>\n<hr \/>\n<p>Tel.: +49 (0) 23 92 \/ 80 60 3-0<br \/>\nFax: +49 (0) 23 92 \/ 80 60 3-70<br \/>\nMail: info@lukra-pumpen.de<\/p>\n<\/div><\/section><br \/>\n<div  class='avia-button-wrap av-av_button-70e629fb29c121777a632b22be1e16c3-wrap avia-button-left '><a href='https:\/\/lukra-pumpen.de\/callback\/'  class='avia-button av-av_button-70e629fb29c121777a632b22be1e16c3 av-link-btn avia-icon_select-no avia-size-small avia-position-left avia-color-theme-color'   aria-label=\"Callback\"><span class='avia_iconbox_title' >Callback<\/span><\/a><\/div><br \/>\n<div  class='avia-button-wrap av-av_button-56f22a133c3f799336e6c63fe8571e91-wrap avia-button-left '><a href='https:\/\/lukra-pumpen.de\/direkt-anfrage\/'  class='avia-button av-av_button-56f22a133c3f799336e6c63fe8571e91 av-link-btn avia-icon_select-no avia-size-small avia-position-left avia-color-theme-color'   aria-label=\"DIREKT-ANFRAGE\"><span class='avia_iconbox_title' >DIREKT-ANFRAGE<\/span><\/a><\/div><\/p><\/div>\n<style type=\"text\/css\" data-created_by=\"avia_inline_auto\" id=\"style-css-av-av_one_half-c8fc129dc35fd1ae2a1e410224d39ea8\">\n.flex_column.av-av_one_half-c8fc129dc35fd1ae2a1e410224d39ea8{\nborder-radius:0px 0px 0px 0px;\npadding:0px 0px 0px 0px;\n}\n<\/style>\n<div  class='flex_column av-av_one_half-c8fc129dc35fd1ae2a1e410224d39ea8 av_one_half flex_column_div av-zero-column-padding  '     ><form action=\"https:\/\/lukra-pumpen.de\/en\/edelstahl-tauchpumpe\/\" method=\"post\" data-fields-with-error=\"Found errors in the following field(s):\" class=\"avia_ajax_form av-form-labels-visible    \" data-avia-form-id=\"1\" data-avia-redirect='' ><h3 class=''>Anfragen<\/h3><fieldset><p class='  first_form  form_element form_element_half' id='element_avia_1_1'><label for=\"avia_1_1\">Name <abbr class=\"required\" title=\"required\">*<\/abbr><\/label> <input name=\"avia_1_1\" class=\"text_input is_empty\" type=\"text\" id=\"avia_1_1\" value=\"\" \/><\/p><p class='  form_element form_element_half' id='element_avia_2_1'><label for=\"avia_2_1\">E-Mail <abbr class=\"required\" title=\"required\">*<\/abbr><\/label> <input name=\"avia_2_1\" class=\"text_input is_email\" type=\"text\" id=\"avia_2_1\" value=\"\" \/><\/p><p class='  first_form  form_element form_fullwidth' id='element_avia_3_1'><label for=\"avia_3_1\">Betreff <abbr class=\"required\" title=\"required\">*<\/abbr><\/label> <input name=\"avia_3_1\" class=\"text_input is_empty\" type=\"text\" id=\"avia_3_1\" value=\"\" \/><\/p><p class='  first_form  form_element form_fullwidth av-last-visible-form-element' id='element_avia_4_1'><label for=\"avia_4_1\" class=\"textare_label hidden textare_label_avia_4_1\">Nachricht <abbr class=\"required\" title=\"required\">*<\/abbr><\/label><textarea  name=\"avia_4_1\" class=\"text_area is_empty\" cols=\"40\" rows=\"7\" id=\"avia_4_1\" ><\/textarea><\/p><p class=\"hidden\"><input type=\"text\" name=\"avia_5_1\" class=\"hidden \" id=\"avia_5_1\" value=\"\" \/><\/p><p class=\"form_element \"><input type=\"hidden\" value=\"1\" name=\"avia_generated_form1\" \/><input type=\"submit\" value=\"Senden\" class=\"button\"  data-sending-label=\"Sending\"\/><\/p><\/fieldset><\/form><div id=\"ajaxresponse_1\" class=\"ajaxresponse ajaxresponse_1 hidden\"><\/div><\/div><\/p>\n\n<style type=\"text\/css\" data-created_by=\"avia_inline_auto\" id=\"style-css-av-av_one_full-15d750bd1b332b34c6e70b077ebbccdf\">\n.flex_column.av-av_one_full-15d750bd1b332b34c6e70b077ebbccdf{\nborder-radius:0px 0px 0px 0px;\npadding:0px 0px 0px 0px;\n}\n<\/style>\n<div  class='flex_column av-av_one_full-15d750bd1b332b34c6e70b077ebbccdf av_one_full first flex_column_div av-zero-column-padding  '     ><section  class='av_textblock_section av-av_textblock-2de302bf1aa3cf4c9157dbe6f50ac7eb '   itemscope=\"itemscope\" itemtype=\"https:\/\/schema.org\/CreativeWork\" ><div class='avia_textblock'  itemprop=\"text\" ><h3><strong>EDELSTAHL TAUCHPUMPE: VON EINEM \u00dcBERZEUGENDEN MATERIAL PROFITIEREN!<\/strong><\/h3>\n<p>Edelstahl ist das perfekte Material f\u00fcr eine Tauchpumpe. Warum? Zum einen liegt dies an\u00a0der Robustheit des Materials. Dies macht die Edelstahl Tauchpumpe sowohl als Brunnenpumpe (beziehungsweise Tiefbrunnenpumpe) als auch als Schmutzwasserpumpe oder Drainagepumpe ideal. Alle Pumpenvarianten punkten durch ihre robuste Ausf\u00fchrung und sind daher auch im\u00a0Dauerbetrieb ein leistungsstarke Helfer.<\/p>\n<p>Eine weitere herausragende Eigenschaft von Edelstahl ist die Widerstandsf\u00e4higkeit gegen\u00fcber Korrosion und damit Rost. Dies pr\u00e4destiniert die eine solche Pumpe geradezu f\u00fcr den Einsatz im\u00a0wasser\u00fcberfluteten Bereich. Und ein Drittes: Edelstahl weist durch die glatte Oberfl\u00e4che Verschmutzungen ab\u00a0und kann besonders leicht gereinigt werden!<\/p>\n<h3><strong>HILFREICHE EXTRAS RUND UM\u00a0DIE EDELSTAHL TAUCHPUMPE<\/strong><\/h3>\n<p>Jede Edelstahl Tauchpumpe aus unserem Sortiment ist auf den realistischen Bedarf hin konzipiert. So\u00a0geh\u00f6rt der Schwimmerschalter zur Standardausr\u00fcstung vieler Pumpenmodelle. Dazu kommt eine sinnvolle \u00d6lsperrkammer, die Ihnen eine regelm\u00e4\u00dfige Inspektion erm\u00f6glicht. Gerne sind wir in\u00a0Sachen Inspektion und Wartung Ihr professioneller Partner und bieten in\u00a0unserem Service zus\u00e4tzlich eventuell anfallende Reparaturen mit einem fairen Preis-Leistungs-Verh\u00e4ltnis an.<\/p>\n<\/div><\/section><\/div>\n<p>\n<style type=\"text\/css\" data-created_by=\"avia_inline_auto\" id=\"style-css-av-av_one_full-15d750bd1b332b34c6e70b077ebbccdf\">\n.flex_column.av-av_one_full-15d750bd1b332b34c6e70b077ebbccdf{\nborder-radius:0px 0px 0px 0px;\npadding:0px 0px 0px 0px;\n}\n<\/style>\n<div  class='flex_column av-av_one_full-15d750bd1b332b34c6e70b077ebbccdf av_one_full first flex_column_div av-zero-column-padding  '     ><section  class='av_textblock_section av-av_textblock-2de302bf1aa3cf4c9157dbe6f50ac7eb '   itemscope=\"itemscope\" itemtype=\"https:\/\/schema.org\/CreativeWork\" ><div class='avia_textblock'  itemprop=\"text\" ><h3><strong>EDELSTAHL TAUCHPUMPE IN\u00a0VARIANTENREICHER AUSWAHL<\/strong><\/h3>\n<p>In\u00a0unserem Sortiment entdecken Sie eine Edelstahl Tauchpumpe f\u00fcr jeden Bedarf. Die Tauchmotorpumpen eignen sich f\u00fcr sauberes Wasser f\u00fcr Wasser mit Feststoffen und f\u00fcr leicht aggressives Wasser, f\u00fcr das sich Edelstahl ebenso als ideales Material erwiesen hat. In\u00a0Bezug auf den elektrischen Anschluss sind 1~230\u00a0V oder Starkstrom 230\/400\u00a0V\u00a0m\u00f6glich. Wir w\u00e4hlen zur Erreichung von langen Standzeiten aus einer Vielzahl von Modellen immer die optimale Pumpe aus und bieten damit L\u00f6sungen f\u00fcr ein breites Spektrum an\u00a0Betriebspunkten. Von der Kellerpumpe \u00fcber die Baupumpe bis hin zu\u00a0mehrstufigen Unterwasser-Motor-Pumpen ist die Edelstahl Tauchpumpe das perfekte Ger\u00e4t f\u00fcr einen leistungsstarken Einsatz bei \u00fcberzeugender Haltbarkeit.<\/p>\n<p>D\u00fcrfen wir Sie unverbindlich zum Thema Edelstahl Tauchpumpe beraten oder haben Sie noch Fragen? Unser Experten-Team von LUKRA ist gerne f\u00fcr Sie da. Wir freuen uns auf Ihren Anruf oder Ihre Nachricht!<\/p>\n<\/div><\/section><\/div><\/p>","protected":false},"excerpt":{"rendered":"","protected":false},"author":1,"featured_media":0,"parent":0,"menu_order":0,"comment_status":"closed","ping_status":"closed","template":"","meta":{"footnotes":""},"class_list":["post-1635","page","type-page","status-publish","hentry"],"_links":{"self":[{"href":"https:\/\/lukra-pumpen.de\/en\/wp-json\/wp\/v2\/pages\/1635","targetHints":{"allow":["GET"]}}],"collection":[{"href":"https:\/\/lukra-pumpen.de\/en\/wp-json\/wp\/v2\/pages"}],"about":[{"href":"https:\/\/lukra-pumpen.de\/en\/wp-json\/wp\/v2\/types\/page"}],"author":[{"embeddable":true,"href":"https:\/\/lukra-pumpen.de\/en\/wp-json\/wp\/v2\/users\/1"}],"replies":[{"embeddable":true,"href":"https:\/\/lukra-pumpen.de\/en\/wp-json\/wp\/v2\/comments?post=1635"}],"version-history":[{"count":11,"href":"https:\/\/lukra-pumpen.de\/en\/wp-json\/wp\/v2\/pages\/1635\/revisions"}],"predecessor-version":[{"id":2742,"href":"https:\/\/lukra-pumpen.de\/en\/wp-json\/wp\/v2\/pages\/1635\/revisions\/2742"}],"wp:attachment":[{"href":"https:\/\/lukra-pumpen.de\/en\/wp-json\/wp\/v2\/media?parent=1635"}],"curies":[{"name":"wp","href":"https:\/\/api.w.org\/{rel}","templated":true}]}}