{"id":1639,"date":"2018-03-19T14:10:41","date_gmt":"2018-03-19T13:10:41","guid":{"rendered":"http:\/\/kracht-lutz-lukra-pumpen.de\/?page_id=1639"},"modified":"2018-07-25T12:13:27","modified_gmt":"2018-07-25T11:13:27","slug":"eintauchpumpe","status":"publish","type":"page","link":"https:\/\/lukra-pumpen.de\/en\/eintauchpumpe\/","title":{"rendered":"Eintauchpumpe"},"content":{"rendered":"<p>\n<style type=\"text\/css\" data-created_by=\"avia_inline_auto\" id=\"style-css-av-av_one_full-15d750bd1b332b34c6e70b077ebbccdf\">\n.flex_column.av-av_one_full-15d750bd1b332b34c6e70b077ebbccdf{\nborder-radius:0px 0px 0px 0px;\npadding:0px 0px 0px 0px;\n}\n<\/style>\n<div  class='flex_column av-av_one_full-15d750bd1b332b34c6e70b077ebbccdf av_one_full first flex_column_div av-zero-column-padding  '     ><section  class='av_textblock_section av-av_textblock-2de302bf1aa3cf4c9157dbe6f50ac7eb '   itemscope=\"itemscope\" itemtype=\"https:\/\/schema.org\/CreativeWork\" ><div class='avia_textblock'  itemprop=\"text\" ><h1>Eintauchpumpe<\/h1>\n<p>Bei einer Eintauchpumpe handelt es\u00a0sich um\u00a0eine Kreiselpumpe, die direkt auf einen Beh\u00e4lter montiert wird und mit ihrem Pumpwerk in\u00a0das jeweilige Medium eintaucht. Der Motor der Eintauchpumpe befindet sich oberhalb des Mediums \u00fcber dem jeweiligen Beh\u00e4lter und ist entsprechend gut gesch\u00fctzt. Je\u00a0nachdem, f\u00fcr welchen Einsatzbereich die Eintauchpumpe konzipiert ist, ist es\u00a0m\u00f6glich, dass die Eintauchtiefe der Eintauchpumpe durch die Integration von Leerkammern an\u00a0unterschiedliche Tankh\u00f6hen angepasst wird. Die F\u00f6rderleistung einer Eintauchpumpe kann zwischen 0,5 und 300 m\u00b3\/h liegen. Der F\u00f6rderdruck einer Eintauchpumpe kann dabei von wenigen mFH bis zu\u00a0260 mFH betragen. Ein besonderer Vorteil einer einfachen Eintauchpumpe ist das \u00bbdichtungslose\u00ab Pumpwerk, welches sich im\u00a0Medium befindet. Damit kann die Problematik \u00bbWellenabdichtung\u00ab umgangen werden.<\/p>\n<\/div><\/section><\/div><\/p>\n\n<style type=\"text\/css\" data-created_by=\"avia_inline_auto\" id=\"style-css-av-av_one_half-15d750bd1b332b34c6e70b077ebbccdf\">\n.flex_column.av-av_one_half-15d750bd1b332b34c6e70b077ebbccdf{\nborder-radius:0px 0px 0px 0px;\npadding:0px 0px 0px 0px;\n}\n<\/style>\n<div  class='flex_column av-av_one_half-15d750bd1b332b34c6e70b077ebbccdf av_one_half first flex_column_div av-zero-column-padding  '     ><p>\n<style type=\"text\/css\" data-created_by=\"avia_inline_auto\" id=\"style-css-av-av_textblock-c09fac0dabe4d96e7430e6715062a98a\">\n#top .av_textblock_section.av-av_textblock-c09fac0dabe4d96e7430e6715062a98a .avia_textblock{\nfont-size:12px;\n}\n<\/style>\n<section  class='av_textblock_section av-av_textblock-c09fac0dabe4d96e7430e6715062a98a '   itemscope=\"itemscope\" itemtype=\"https:\/\/schema.org\/CreativeWork\" ><div class='avia_textblock'  itemprop=\"text\" ><p><strong>Lutz Kracht &#8211; LUKRA Pumpen e.K.<\/strong><\/p>\n<hr \/>\n<p>Tel.: +49 (0) 23 92 \/ 80 60 3-0<br \/>\nFax: +49 (0) 23 92 \/ 80 60 3-70<br \/>\nMail: info@lukra-pumpen.de<\/p>\n<\/div><\/section><br \/>\n<div  class='avia-button-wrap av-av_button-70e629fb29c121777a632b22be1e16c3-wrap avia-button-left '><a href='https:\/\/lukra-pumpen.de\/callback\/'  class='avia-button av-av_button-70e629fb29c121777a632b22be1e16c3 av-link-btn avia-icon_select-no avia-size-small avia-position-left avia-color-theme-color'   aria-label=\"Callback\"><span class='avia_iconbox_title' >Callback<\/span><\/a><\/div><br \/>\n<div  class='avia-button-wrap av-av_button-56f22a133c3f799336e6c63fe8571e91-wrap avia-button-left '><a href='https:\/\/lukra-pumpen.de\/direkt-anfrage\/'  class='avia-button av-av_button-56f22a133c3f799336e6c63fe8571e91 av-link-btn avia-icon_select-no avia-size-small avia-position-left avia-color-theme-color'   aria-label=\"DIREKT-ANFRAGE\"><span class='avia_iconbox_title' >DIREKT-ANFRAGE<\/span><\/a><\/div><\/p><\/div>\n<style type=\"text\/css\" data-created_by=\"avia_inline_auto\" id=\"style-css-av-av_one_half-c8fc129dc35fd1ae2a1e410224d39ea8\">\n.flex_column.av-av_one_half-c8fc129dc35fd1ae2a1e410224d39ea8{\nborder-radius:0px 0px 0px 0px;\npadding:0px 0px 0px 0px;\n}\n<\/style>\n<div  class='flex_column av-av_one_half-c8fc129dc35fd1ae2a1e410224d39ea8 av_one_half flex_column_div av-zero-column-padding  '     ><form action=\"https:\/\/lukra-pumpen.de\/en\/eintauchpumpe\/\" method=\"post\" data-fields-with-error=\"Found errors in the following field(s):\" class=\"avia_ajax_form av-form-labels-visible    \" data-avia-form-id=\"1\" data-avia-redirect='' ><h3 class=''>Anfragen<\/h3><fieldset><p class='  first_form  form_element form_element_half' id='element_avia_1_1'><label for=\"avia_1_1\">Name <abbr class=\"required\" title=\"required\">*<\/abbr><\/label> <input name=\"avia_1_1\" class=\"text_input is_empty\" type=\"text\" id=\"avia_1_1\" value=\"\" \/><\/p><p class='  form_element form_element_half' id='element_avia_2_1'><label for=\"avia_2_1\">E-Mail <abbr class=\"required\" title=\"required\">*<\/abbr><\/label> <input name=\"avia_2_1\" class=\"text_input is_email\" type=\"text\" id=\"avia_2_1\" value=\"\" \/><\/p><p class='  first_form  form_element form_fullwidth' id='element_avia_3_1'><label for=\"avia_3_1\">Betreff <abbr class=\"required\" title=\"required\">*<\/abbr><\/label> <input name=\"avia_3_1\" class=\"text_input is_empty\" type=\"text\" id=\"avia_3_1\" value=\"\" \/><\/p><p class='  first_form  form_element form_fullwidth av-last-visible-form-element' id='element_avia_4_1'><label for=\"avia_4_1\" class=\"textare_label hidden textare_label_avia_4_1\">Nachricht <abbr class=\"required\" title=\"required\">*<\/abbr><\/label><textarea  name=\"avia_4_1\" class=\"text_area is_empty\" cols=\"40\" rows=\"7\" id=\"avia_4_1\" ><\/textarea><\/p><p class=\"hidden\"><input type=\"text\" name=\"avia_5_1\" class=\"hidden \" id=\"avia_5_1\" value=\"\" \/><\/p><p class=\"form_element \"><input type=\"hidden\" value=\"1\" name=\"avia_generated_form1\" \/><input type=\"submit\" value=\"Senden\" class=\"button\"  data-sending-label=\"Sending\"\/><\/p><\/fieldset><\/form><div id=\"ajaxresponse_1\" class=\"ajaxresponse ajaxresponse_1 hidden\"><\/div><\/div><\/p>\n\n<style type=\"text\/css\" data-created_by=\"avia_inline_auto\" id=\"style-css-av-av_one_full-15d750bd1b332b34c6e70b077ebbccdf\">\n.flex_column.av-av_one_full-15d750bd1b332b34c6e70b077ebbccdf{\nborder-radius:0px 0px 0px 0px;\npadding:0px 0px 0px 0px;\n}\n<\/style>\n<div  class='flex_column av-av_one_full-15d750bd1b332b34c6e70b077ebbccdf av_one_full first flex_column_div av-zero-column-padding  '     ><section  class='av_textblock_section av-av_textblock-2de302bf1aa3cf4c9157dbe6f50ac7eb '   itemscope=\"itemscope\" itemtype=\"https:\/\/schema.org\/CreativeWork\" ><div class='avia_textblock'  itemprop=\"text\" ><h2><strong>DIE EINTAUCHPUMPE UND IHRE ANWENDUNGSBEREICHE<\/strong><\/h2>\n<p>Eintauchpumpen gibt es\u00a0f\u00fcr zahlreiche Anwendungsbereiche. Zu\u00a0diesen z\u00e4hlen unter anderem die Folgenden:<\/p>\n<p><em>Werkzeugmaschinen<\/em><\/p>\n<p>In\u00a0Bezug auf Werkzeugmaschinen dienen Eintauchpumpen zur F\u00f6rderung des jeweiligen Schmierstoffes und zur K\u00fchlung. Dabei verf\u00fcgt die Eintauchpumpe exakt \u00fcber den ben\u00f6tigten Druck und f\u00f6rdert die Menge, die f\u00fcr das Bearbeiten von Komponenten notwendig ist.<\/p>\n<p><em>Waschen und Reinigen<\/em><\/p>\n<p>Eintauchpumpen eignen sich auch f\u00fcr industrielle Reinigungs- und Waschanwendungen, die eine kompakte Bauart erfordern sowie unterschiedliche Arten alkalischer Medien f\u00f6rdern.<\/p>\n<p><em>Filterung<\/em><\/p>\n<p>Daneben werden Eintauchpumpen in\u00a0Hochdruck- und Niederdruck-Filteranlagen verbaut.<\/p>\n<p><em>Wasseraufbereitung<\/em><\/p>\n<p>Eintauchpumpen werden auch als R\u00fccksp\u00fclpumpen eingesetzt und dienen beispielsweise in\u00a0der kommunalen Abwasserbehandlung zur Reinigung von Trommelfiltern. Zudem werden Eintauchpumpen zur Wasseraufbereitung im\u00a0industriellen und landwirtschaftlichen Bereich verwendet.<\/p>\n<\/div><\/section><\/div>\n<p>\n<style type=\"text\/css\" data-created_by=\"avia_inline_auto\" id=\"style-css-av-av_one_full-15d750bd1b332b34c6e70b077ebbccdf\">\n.flex_column.av-av_one_full-15d750bd1b332b34c6e70b077ebbccdf{\nborder-radius:0px 0px 0px 0px;\npadding:0px 0px 0px 0px;\n}\n<\/style>\n<div  class='flex_column av-av_one_full-15d750bd1b332b34c6e70b077ebbccdf av_one_full first flex_column_div av-zero-column-padding  '     ><section  class='av_textblock_section av-av_textblock-2de302bf1aa3cf4c9157dbe6f50ac7eb '   itemscope=\"itemscope\" itemtype=\"https:\/\/schema.org\/CreativeWork\" ><div class='avia_textblock'  itemprop=\"text\" ><h3><strong>WEITERE EINSATZGEBIETE VON EINTAUCHPUMPEN<\/strong><\/h3>\n<p>Wie Sie sehen, sind die Anwendungsbereiche von Eintauchpumpen vielf\u00e4ltig und umfassen\u00a0\u2014 wie bereits beispielhaft erl\u00e4utert\u00a0\u2014 neben Entfettungs- und Waschanlagen auch Klima- und Befeuchtungsger\u00e4te, Aufbereitungs- und K\u00fchlmittelanlagen sowie Verpackungs- und Druckmaschinen. Dabei \u00fcberzeugt jede einzelne Eintauchpumpe durch eine langlebige und robuste Bauweise. Die Pumpen bringen H\u00f6chstleistungen und zwar auch dann, wenn sie in\u00a0extrem hei\u00dfen oder sehr kalten Medien eingesetzt werden. Hinzu kommt, dass es\u00a0mit einigen Eintauchpumpen m\u00f6glich ist, abrasive und aggressive Medien zu\u00a0f\u00f6rdern. Zur Regelung der gew\u00fcnschten F\u00f6rderleistung k\u00f6nnen diese Pumpen auch mit einer energiesparenden Drehzahlregelung ausgestattet werden. F\u00fcr Ihren spezifischen Einsatzzweck finden wir die richtige Eintauchpumpe der richtigen Baugr\u00f6\u00dfe und mit der ben\u00f6tigten Eintauchtiefe.<\/p>\n<p>Sie sind auf der Suche nach einer Eintauchpumpe f\u00fcr den professionellen Einsatz? Ganz gleich, ob\u00a0Sie eine K\u00fchlmittelpumpe, Schneid\u00f6lpumpe, Cutterpumpe, d.\u00a0h. eine Pumpe mit Sp\u00e4nebrecher, Schl\u00fcrfeintauchpumpe, Eintauchpumpe f\u00fcr Funkenerrosionsanlagen oder aber eine W\u00e4rmetr\u00e4gerpumpe erwerben m\u00f6chten\u00a0\u2014 wir sind der richtige Ansprechpartner f\u00fcr Sie. Bei uns erhalten Sie ausgew\u00e4hlte Typen ab\u00a0Lager. Sollten Sie Fragen zu\u00a0einer bestimmten Art von Eintauchpumpen haben oder n\u00e4here Informationen zu\u00a0den von uns angebotenen Produkten w\u00fcnschen, z\u00f6gern Sie bitte nicht, uns zu\u00a0kontaktieren. Unser kompetentes Team steht Ihnen gerne mit Rat und Tat zur Seite.<\/p>\n<\/div><\/section><\/div><\/p>","protected":false},"excerpt":{"rendered":"","protected":false},"author":1,"featured_media":0,"parent":0,"menu_order":0,"comment_status":"closed","ping_status":"closed","template":"","meta":{"footnotes":""},"class_list":["post-1639","page","type-page","status-publish","hentry"],"_links":{"self":[{"href":"https:\/\/lukra-pumpen.de\/en\/wp-json\/wp\/v2\/pages\/1639","targetHints":{"allow":["GET"]}}],"collection":[{"href":"https:\/\/lukra-pumpen.de\/en\/wp-json\/wp\/v2\/pages"}],"about":[{"href":"https:\/\/lukra-pumpen.de\/en\/wp-json\/wp\/v2\/types\/page"}],"author":[{"embeddable":true,"href":"https:\/\/lukra-pumpen.de\/en\/wp-json\/wp\/v2\/users\/1"}],"replies":[{"embeddable":true,"href":"https:\/\/lukra-pumpen.de\/en\/wp-json\/wp\/v2\/comments?post=1639"}],"version-history":[{"count":8,"href":"https:\/\/lukra-pumpen.de\/en\/wp-json\/wp\/v2\/pages\/1639\/revisions"}],"predecessor-version":[{"id":2595,"href":"https:\/\/lukra-pumpen.de\/en\/wp-json\/wp\/v2\/pages\/1639\/revisions\/2595"}],"wp:attachment":[{"href":"https:\/\/lukra-pumpen.de\/en\/wp-json\/wp\/v2\/media?parent=1639"}],"curies":[{"name":"wp","href":"https:\/\/api.w.org\/{rel}","templated":true}]}}