{"id":1647,"date":"2018-03-19T14:16:02","date_gmt":"2018-03-19T13:16:02","guid":{"rendered":"http:\/\/kracht-lutz-lukra-pumpen.de\/?page_id=1647"},"modified":"2023-01-27T10:16:26","modified_gmt":"2023-01-27T09:16:26","slug":"hydraulikpumpe-kaufen","status":"publish","type":"page","link":"https:\/\/lukra-pumpen.de\/en\/hydraulikpumpe-kaufen\/","title":{"rendered":"Hydraulikpumpe kaufen"},"content":{"rendered":"<p>\n<style type=\"text\/css\" data-created_by=\"avia_inline_auto\" id=\"style-css-av-av_one_full-15d750bd1b332b34c6e70b077ebbccdf\">\n.flex_column.av-av_one_full-15d750bd1b332b34c6e70b077ebbccdf{\nborder-radius:0px 0px 0px 0px;\npadding:0px 0px 0px 0px;\n}\n<\/style>\n<div  class='flex_column av-av_one_full-15d750bd1b332b34c6e70b077ebbccdf av_one_full first flex_column_div av-zero-column-padding  '     ><section  class='av_textblock_section av-av_textblock-2de302bf1aa3cf4c9157dbe6f50ac7eb '   itemscope=\"itemscope\" itemtype=\"https:\/\/schema.org\/CreativeWork\" ><div class='avia_textblock'  itemprop=\"text\" ><h1><strong>HYDRAULIKPUMPE KAUFEN: LUKRA IST IHR FACHMANN!<\/strong><\/h1>\n<p>Wenn Sie eine Hydraulikpumpe kaufen m\u00f6chten, sind wir von LUKRA Pumpen mit unserem Experten-Team f\u00fcr Pumpen Ihr leistungsstarker Ansprechpartner. Die Leistungspalette umfasst eine Vielzahl hochwertiger Pumpen in\u00a0Top-Qualit\u00e4t zum fairen Preis-Leistungs-Verh\u00e4ltnis. Sie erhalten eine professionelle und bedarfsgerechte Beratung, bevor Sie eine Hydraulikpumpe kaufen. Auch rund um\u00a0die Themen Wartung und Reparatur profitieren Sie bei LUKRA Pumpen von hoher Kompetenz und langj\u00e4hriger Erfahrung in\u00a0Sachen Pumpen und Aggregatebau.<\/p>\n<h2><strong>HOCHWERTIGE HYDRAULIKPUMPE KAUFEN UND \u00dcBERZEUGENDE FUNKTIONALIT\u00c4T ERLEBEN<\/strong><\/h2>\n<p>In\u00a0unserem Sortiment finden Sie eine breitgef\u00e4cherte Palette von Modellen, wenn Sie eine leistungsf\u00e4hige Hydraulikpumpe kaufen m\u00f6chten. Die ausgereifte Zahnradkonstruktion sorgt daf\u00fcr, dass das Medium zuverl\u00e4ssig angesaugt wird und mit vollem Druck zur Verf\u00fcgung steht. Gro\u00dfe Vorteile dieser Pumpenkonstruktion sind die selbstansaugende Funktionsweise und die konstante F\u00f6rdermenge, die \u00fcberzeugende Ergebnisse mit sich bringen. Alle Hochdruckpumpen in\u00a0unserem Sortiment verf\u00fcgen \u00fcber einen hydrostatischen Ausgleich und bieten druckkompensierte Wellenlager.<\/p>\n<\/div><\/section><\/div><\/p>\n\n<style type=\"text\/css\" data-created_by=\"avia_inline_auto\" id=\"style-css-av-av_one_half-15d750bd1b332b34c6e70b077ebbccdf\">\n.flex_column.av-av_one_half-15d750bd1b332b34c6e70b077ebbccdf{\nborder-radius:0px 0px 0px 0px;\npadding:0px 0px 0px 0px;\n}\n<\/style>\n<div  class='flex_column av-av_one_half-15d750bd1b332b34c6e70b077ebbccdf av_one_half first flex_column_div av-zero-column-padding  '     ><p>\n<style type=\"text\/css\" data-created_by=\"avia_inline_auto\" id=\"style-css-av-av_textblock-c09fac0dabe4d96e7430e6715062a98a\">\n#top .av_textblock_section.av-av_textblock-c09fac0dabe4d96e7430e6715062a98a .avia_textblock{\nfont-size:12px;\n}\n<\/style>\n<section  class='av_textblock_section av-av_textblock-c09fac0dabe4d96e7430e6715062a98a '   itemscope=\"itemscope\" itemtype=\"https:\/\/schema.org\/CreativeWork\" ><div class='avia_textblock'  itemprop=\"text\" ><p><strong>Lutz Kracht &#8211; LUKRA Pumpen e.K.<\/strong><\/p>\n<hr \/>\n<p>Tel.: +49 (0) 23 92 \/ 80 60 3-0<br \/>\nFax: +49 (0) 23 92 \/ 80 60 3-70<br \/>\nMail: info@lukra-pumpen.de<\/p>\n<\/div><\/section><br \/>\n<div  class='avia-button-wrap av-av_button-70e629fb29c121777a632b22be1e16c3-wrap avia-button-left '><a href='https:\/\/lukra-pumpen.de\/callback\/'  class='avia-button av-av_button-70e629fb29c121777a632b22be1e16c3 av-link-btn avia-icon_select-no avia-size-small avia-position-left avia-color-theme-color'   aria-label=\"Callback\"><span class='avia_iconbox_title' >Callback<\/span><\/a><\/div><br \/>\n<div  class='avia-button-wrap av-av_button-56f22a133c3f799336e6c63fe8571e91-wrap avia-button-left '><a href='https:\/\/lukra-pumpen.de\/direkt-anfrage\/'  class='avia-button av-av_button-56f22a133c3f799336e6c63fe8571e91 av-link-btn avia-icon_select-no avia-size-small avia-position-left avia-color-theme-color'   aria-label=\"DIREKT-ANFRAGE\"><span class='avia_iconbox_title' >DIREKT-ANFRAGE<\/span><\/a><\/div><\/p><\/div>\n<style type=\"text\/css\" data-created_by=\"avia_inline_auto\" id=\"style-css-av-av_one_half-c8fc129dc35fd1ae2a1e410224d39ea8\">\n.flex_column.av-av_one_half-c8fc129dc35fd1ae2a1e410224d39ea8{\nborder-radius:0px 0px 0px 0px;\npadding:0px 0px 0px 0px;\n}\n<\/style>\n<div  class='flex_column av-av_one_half-c8fc129dc35fd1ae2a1e410224d39ea8 av_one_half flex_column_div av-zero-column-padding  '     ><form action=\"https:\/\/lukra-pumpen.de\/en\/hydraulikpumpe-kaufen\/\" method=\"post\" data-fields-with-error=\"Found errors in the following field(s):\" class=\"avia_ajax_form av-form-labels-visible    \" data-avia-form-id=\"1\" data-avia-redirect='' ><h3 class=''>Anfragen<\/h3><fieldset><p class='  first_form  form_element form_element_half' id='element_avia_1_1'><label for=\"avia_1_1\">Name <abbr class=\"required\" title=\"required\">*<\/abbr><\/label> <input name=\"avia_1_1\" class=\"text_input is_empty\" type=\"text\" id=\"avia_1_1\" value=\"\" \/><\/p><p class='  form_element form_element_half' id='element_avia_2_1'><label for=\"avia_2_1\">E-Mail <abbr class=\"required\" title=\"required\">*<\/abbr><\/label> <input name=\"avia_2_1\" class=\"text_input is_email\" type=\"text\" id=\"avia_2_1\" value=\"\" \/><\/p><p class='  first_form  form_element form_fullwidth' id='element_avia_3_1'><label for=\"avia_3_1\">Betreff <abbr class=\"required\" title=\"required\">*<\/abbr><\/label> <input name=\"avia_3_1\" class=\"text_input is_empty\" type=\"text\" id=\"avia_3_1\" value=\"\" \/><\/p><p class='  first_form  form_element form_fullwidth av-last-visible-form-element' id='element_avia_4_1'><label for=\"avia_4_1\" class=\"textare_label hidden textare_label_avia_4_1\">Nachricht <abbr class=\"required\" title=\"required\">*<\/abbr><\/label><textarea  name=\"avia_4_1\" class=\"text_area is_empty\" cols=\"40\" rows=\"7\" id=\"avia_4_1\" ><\/textarea><\/p><p class=\"hidden\"><input type=\"text\" name=\"avia_5_1\" class=\"hidden \" id=\"avia_5_1\" value=\"\" \/><\/p><p class=\"form_element \"><input type=\"hidden\" value=\"1\" name=\"avia_generated_form1\" \/><input type=\"submit\" value=\"Senden\" class=\"button\"  data-sending-label=\"Sending\"\/><\/p><\/fieldset><\/form><div id=\"ajaxresponse_1\" class=\"ajaxresponse ajaxresponse_1 hidden\"><\/div><\/div><\/p>\n\n<style type=\"text\/css\" data-created_by=\"avia_inline_auto\" id=\"style-css-av-av_one_full-15d750bd1b332b34c6e70b077ebbccdf\">\n.flex_column.av-av_one_full-15d750bd1b332b34c6e70b077ebbccdf{\nborder-radius:0px 0px 0px 0px;\npadding:0px 0px 0px 0px;\n}\n<\/style>\n<div  class='flex_column av-av_one_full-15d750bd1b332b34c6e70b077ebbccdf av_one_full first flex_column_div av-zero-column-padding  '     ><section  class='av_textblock_section av-av_textblock-2de302bf1aa3cf4c9157dbe6f50ac7eb '   itemscope=\"itemscope\" itemtype=\"https:\/\/schema.org\/CreativeWork\" ><div class='avia_textblock'  itemprop=\"text\" ><h3><strong>HYDRAULIKPUMPE KAUFEN VOM EXPERTEN: GROSSE AUSWAHL F\u00dcR SIE!<\/strong><\/h3>\n<p>Die Angebotspalette ist gro\u00df, wenn Sie bei uns eine Hydraulikpumpe kaufen! Von A\u00a0wie Au\u00dfenzahnradpumpen (einfach und mehrfach) in\u00a0den Baugr\u00f6\u00dfen\u00a00, 1, 2, 3, bis\u00a0Z wie Zahnradf\u00f6rderpumpen oder Zahnradpumpen-Aggregate erhalten Sie von uns zahlreiche Pumpenmodelle in\u00a0Industriequalit\u00e4t und mit zuverl\u00e4ssigem Lieferservice.<\/p>\n<p>Wir bieten Ihnen einen Lieferumfang von der Pumpe \u00fcber das Pumpenaggregat bin hin zur Hydraulikanlage (Mobilhydraulik, Hochdruckhydraulik). Die lieferbaren Ausf\u00fchrungen umfassen Pumpen mit freiem Wellenende, Pumpenaggregate (Hydraulikpumpen-Aggregate, Hochdruckpumpen-Aggregate) sowie Motorpumpeneinheiten. Wenn Sie eine Hydraulikpumpe kaufen m\u00f6chten, treffen Sie die Wahl aus einem gro\u00dfen Sortiment an\u00a0Schmier\u00f6lpumpen (\u00d6lschmierpumpe, \u00d6lschmieranlage\u00a0\/ Getriebeschmieranlage) und Hochdruckpumpen. Wir sind Spezialist auf dem Gebiet der Zahnradpumpen, die als hoch funktionelle F\u00f6rderpumpen konstruiert sind. Sie m\u00f6chten eine Hydraulikpumpe kaufen? Sie erhalten von uns sowohl die Ausf\u00fchrung der Zahnradpumpe als\u00a0<del>&#8211;<\/del>Niederdruck-Schmier\u00f6l-Zahnradpumpe als auch als Hochdruck-Zahnradpumpe. \u00d6lpumpen, Schmier\u00f6lpumpen beziehungsweise \u00d6lf\u00f6rderpumpen erg\u00e4nzen unsere Leistungspalette, wenn Sie eine Hydraulikpumpe kaufen m\u00f6chten, die Ihren individuellen Anforderungen entspricht und an\u00a0die Sie hohe Anspr\u00fcche stellen k\u00f6nnen.<\/p>\n<\/div><\/section><\/div>\n<p>\n<style type=\"text\/css\" data-created_by=\"avia_inline_auto\" id=\"style-css-av-av_one_full-15d750bd1b332b34c6e70b077ebbccdf\">\n.flex_column.av-av_one_full-15d750bd1b332b34c6e70b077ebbccdf{\nborder-radius:0px 0px 0px 0px;\npadding:0px 0px 0px 0px;\n}\n<\/style>\n<div  class='flex_column av-av_one_full-15d750bd1b332b34c6e70b077ebbccdf av_one_full first flex_column_div av-zero-column-padding  '     ><section  class='av_textblock_section av-av_textblock-2de302bf1aa3cf4c9157dbe6f50ac7eb '   itemscope=\"itemscope\" itemtype=\"https:\/\/schema.org\/CreativeWork\" ><div class='avia_textblock'  itemprop=\"text\" ><h3><strong>UNSER SERVICE: EINE HYDRAULIKPUMPE KAUFEN UND VON WERTVOLLEN EXTRAS PROFITIEREN!<\/strong><\/h3>\n<p>Wenn Sie eine Hydraulikpumpe kaufen, die den Standardausf\u00fchrungen entspricht, ist diese ab\u00a0Werk kurzfristig lieferbar und bietet Ihnen unkomplizierte Austauschbarkeit. Bei technischer Machbarkeit schl\u00fcsseln wir Ihre Pumpe von anderen Herstellern schnell in\u00a0eine verf\u00fcgbare Alternative. Auch Hydraulik Zubeh\u00f6r vom Pumpentr\u00e4ger \u00fcber Kupplungen bis zu\u00a0Wegeventil, Druckbegrenzungsventilen und Volumenz\u00e4hler erhalten Sie von uns aus einer Hand. Bei uns eine Hydraulikpumpe zu\u00a0kaufen bedeutet auch, dass Sie unseren leistungsf\u00e4higen Wartungs- und Reparaturservice an\u00a0Ihrer Seite haben.<\/p>\n<p>D\u00fcrfen wir Sie zum Thema \u00bbHydraulikpumpe kaufen\u00ab umfassend und unverbindlich beraten? Rufen Sie uns einfach\u00a0an, wenn Sie eine Hydraulikpumpe kaufen wollen. Unser Experten-Team steht f\u00fcr alle Ihre Fragen zum Thema Pumpen zur Verf\u00fcgung!<\/p>\n<\/div><\/section><\/div><\/p>","protected":false},"excerpt":{"rendered":"","protected":false},"author":1,"featured_media":0,"parent":0,"menu_order":0,"comment_status":"closed","ping_status":"closed","template":"","meta":{"footnotes":""},"class_list":["post-1647","page","type-page","status-publish","hentry"],"yoast_head":"<!-- This site is optimized with the Yoast SEO plugin v27.3 - https:\/\/yoast.com\/product\/yoast-seo-wordpress\/ -->\n<title>Vom Fachmann eine Hydraulikpumpe kaufen. LUKRA ist Ihr Partner.<\/title>\n<meta name=\"description\" content=\"Hochwertige Hydraulikpumpe kaufen: LUKRA ist kompetenter Partner f\u00fcr \u2714 Verkauf \u2714 Reparatur. \u2706 Kontaktieren Sie uns f\u00fcr eine individuelle Beratung zur bedarfsgerechten L\u00f6sung.\" \/>\n<meta name=\"robots\" content=\"index, follow, max-snippet:-1, max-image-preview:large, max-video-preview:-1\" \/>\n<link rel=\"canonical\" href=\"https:\/\/lukra-pumpen.de\/hydraulikpumpe-kaufen\/\" \/>\n<meta property=\"og:locale\" content=\"en_US\" \/>\n<meta property=\"og:type\" content=\"article\" \/>\n<meta property=\"og:title\" content=\"Vom Fachmann eine Hydraulikpumpe kaufen. LUKRA ist Ihr Partner.\" \/>\n<meta property=\"og:description\" content=\"Hochwertige Hydraulikpumpe kaufen: LUKRA ist kompetenter Partner f\u00fcr \u2714 Verkauf \u2714 Reparatur. \u2706 Kontaktieren Sie uns f\u00fcr eine individuelle Beratung zur bedarfsgerechten L\u00f6sung.\" \/>\n<meta property=\"og:url\" content=\"https:\/\/lukra-pumpen.de\/hydraulikpumpe-kaufen\/\" \/>\n<meta property=\"og:site_name\" content=\"LUKRA Pumpen\" \/>\n<meta property=\"article:modified_time\" content=\"2023-01-27T09:16:26+00:00\" \/>\n<meta name=\"twitter:card\" content=\"summary_large_image\" \/>\n<meta name=\"twitter:label1\" content=\"Est. reading time\" \/>\n\t<meta name=\"twitter:data1\" content=\"17 minutes\" \/>\n<script type=\"application\/ld+json\" class=\"yoast-schema-graph\">{\"@context\":\"https:\\\/\\\/schema.org\",\"@graph\":[{\"@type\":\"WebPage\",\"@id\":\"https:\\\/\\\/lukra-pumpen.de\\\/hydraulikpumpe-kaufen\\\/\",\"url\":\"https:\\\/\\\/lukra-pumpen.de\\\/hydraulikpumpe-kaufen\\\/\",\"name\":\"Vom Fachmann eine Hydraulikpumpe kaufen. LUKRA ist Ihr Partner.\",\"isPartOf\":{\"@id\":\"https:\\\/\\\/lukra-pumpen.de\\\/#website\"},\"datePublished\":\"2018-03-19T13:16:02+00:00\",\"dateModified\":\"2023-01-27T09:16:26+00:00\",\"description\":\"Hochwertige Hydraulikpumpe kaufen: LUKRA ist kompetenter Partner f\u00fcr \u2714 Verkauf \u2714 Reparatur. \u2706 Kontaktieren Sie uns f\u00fcr eine individuelle Beratung zur bedarfsgerechten L\u00f6sung.\",\"breadcrumb\":{\"@id\":\"https:\\\/\\\/lukra-pumpen.de\\\/hydraulikpumpe-kaufen\\\/#breadcrumb\"},\"inLanguage\":\"en-US\",\"potentialAction\":[{\"@type\":\"ReadAction\",\"target\":[\"https:\\\/\\\/lukra-pumpen.de\\\/hydraulikpumpe-kaufen\\\/\"]}]},{\"@type\":\"BreadcrumbList\",\"@id\":\"https:\\\/\\\/lukra-pumpen.de\\\/hydraulikpumpe-kaufen\\\/#breadcrumb\",\"itemListElement\":[{\"@type\":\"ListItem\",\"position\":1,\"name\":\"Startseite\",\"item\":\"https:\\\/\\\/lukra-pumpen.de\\\/home\\\/\"},{\"@type\":\"ListItem\",\"position\":2,\"name\":\"Hydraulikpumpe kaufen\"}]},{\"@type\":\"WebSite\",\"@id\":\"https:\\\/\\\/lukra-pumpen.de\\\/#website\",\"url\":\"https:\\\/\\\/lukra-pumpen.de\\\/\",\"name\":\"LUKRA Pumpen\",\"description\":\"Fluid in Motion\",\"potentialAction\":[{\"@type\":\"SearchAction\",\"target\":{\"@type\":\"EntryPoint\",\"urlTemplate\":\"https:\\\/\\\/lukra-pumpen.de\\\/?s={search_term_string}\"},\"query-input\":{\"@type\":\"PropertyValueSpecification\",\"valueRequired\":true,\"valueName\":\"search_term_string\"}}],\"inLanguage\":\"en-US\"}]}<\/script>\n<!-- \/ Yoast SEO plugin. -->","yoast_head_json":{"title":"Vom Fachmann eine Hydraulikpumpe kaufen. LUKRA ist Ihr Partner.","description":"Hochwertige Hydraulikpumpe kaufen: LUKRA ist kompetenter Partner f\u00fcr \u2714 Verkauf \u2714 Reparatur. \u2706 Kontaktieren Sie uns f\u00fcr eine individuelle Beratung zur bedarfsgerechten L\u00f6sung.","robots":{"index":"index","follow":"follow","max-snippet":"max-snippet:-1","max-image-preview":"max-image-preview:large","max-video-preview":"max-video-preview:-1"},"canonical":"https:\/\/lukra-pumpen.de\/hydraulikpumpe-kaufen\/","og_locale":"en_US","og_type":"article","og_title":"Vom Fachmann eine Hydraulikpumpe kaufen. LUKRA ist Ihr Partner.","og_description":"Hochwertige Hydraulikpumpe kaufen: LUKRA ist kompetenter Partner f\u00fcr \u2714 Verkauf \u2714 Reparatur. \u2706 Kontaktieren Sie uns f\u00fcr eine individuelle Beratung zur bedarfsgerechten L\u00f6sung.","og_url":"https:\/\/lukra-pumpen.de\/hydraulikpumpe-kaufen\/","og_site_name":"LUKRA Pumpen","article_modified_time":"2023-01-27T09:16:26+00:00","twitter_card":"summary_large_image","twitter_misc":{"Est. reading time":"17 minutes"},"schema":{"@context":"https:\/\/schema.org","@graph":[{"@type":"WebPage","@id":"https:\/\/lukra-pumpen.de\/hydraulikpumpe-kaufen\/","url":"https:\/\/lukra-pumpen.de\/hydraulikpumpe-kaufen\/","name":"Vom Fachmann eine Hydraulikpumpe kaufen. LUKRA ist Ihr Partner.","isPartOf":{"@id":"https:\/\/lukra-pumpen.de\/#website"},"datePublished":"2018-03-19T13:16:02+00:00","dateModified":"2023-01-27T09:16:26+00:00","description":"Hochwertige Hydraulikpumpe kaufen: LUKRA ist kompetenter Partner f\u00fcr \u2714 Verkauf \u2714 Reparatur. \u2706 Kontaktieren Sie uns f\u00fcr eine individuelle Beratung zur bedarfsgerechten L\u00f6sung.","breadcrumb":{"@id":"https:\/\/lukra-pumpen.de\/hydraulikpumpe-kaufen\/#breadcrumb"},"inLanguage":"en-US","potentialAction":[{"@type":"ReadAction","target":["https:\/\/lukra-pumpen.de\/hydraulikpumpe-kaufen\/"]}]},{"@type":"BreadcrumbList","@id":"https:\/\/lukra-pumpen.de\/hydraulikpumpe-kaufen\/#breadcrumb","itemListElement":[{"@type":"ListItem","position":1,"name":"Startseite","item":"https:\/\/lukra-pumpen.de\/home\/"},{"@type":"ListItem","position":2,"name":"Hydraulikpumpe kaufen"}]},{"@type":"WebSite","@id":"https:\/\/lukra-pumpen.de\/#website","url":"https:\/\/lukra-pumpen.de\/","name":"LUKRA Pumpen","description":"Fluid in Motion","potentialAction":[{"@type":"SearchAction","target":{"@type":"EntryPoint","urlTemplate":"https:\/\/lukra-pumpen.de\/?s={search_term_string}"},"query-input":{"@type":"PropertyValueSpecification","valueRequired":true,"valueName":"search_term_string"}}],"inLanguage":"en-US"}]}},"_links":{"self":[{"href":"https:\/\/lukra-pumpen.de\/en\/wp-json\/wp\/v2\/pages\/1647","targetHints":{"allow":["GET"]}}],"collection":[{"href":"https:\/\/lukra-pumpen.de\/en\/wp-json\/wp\/v2\/pages"}],"about":[{"href":"https:\/\/lukra-pumpen.de\/en\/wp-json\/wp\/v2\/types\/page"}],"author":[{"embeddable":true,"href":"https:\/\/lukra-pumpen.de\/en\/wp-json\/wp\/v2\/users\/1"}],"replies":[{"embeddable":true,"href":"https:\/\/lukra-pumpen.de\/en\/wp-json\/wp\/v2\/comments?post=1647"}],"version-history":[{"count":0,"href":"https:\/\/lukra-pumpen.de\/en\/wp-json\/wp\/v2\/pages\/1647\/revisions"}],"wp:attachment":[{"href":"https:\/\/lukra-pumpen.de\/en\/wp-json\/wp\/v2\/media?parent=1647"}],"curies":[{"name":"wp","href":"https:\/\/api.w.org\/{rel}","templated":true}]}}