{"id":1684,"date":"2018-03-20T11:08:37","date_gmt":"2018-03-20T10:08:37","guid":{"rendered":"http:\/\/kracht-lutz-lukra-pumpen.de\/produkt\/lp-aussen-zahnrad-hydraulikpumpen\/"},"modified":"2022-09-27T07:26:15","modified_gmt":"2022-09-27T06:26:15","slug":"lp-aussen-zahnrad-hydraulikpumpen","status":"publish","type":"product","link":"https:\/\/lukra-pumpen.de\/en\/produkt\/lp-aussen-zahnrad-hydraulikpumpen\/","title":{"rendered":"AP Exterior gear pumps"},"content":{"rendered":"<p><strong>Exterior gear pumps with aluminium housing<\/strong><br \/>\nTypes: LP, AP, KP<\/p>\n<p><strong>Flow rate<\/strong><br \/>\n0,25 cm\u00b3\/rev. up to 93 cm\u00b3\/rev.<\/p>\n<p><strong>Feed pressure<\/strong><br \/>\nup to 220 bar in material aluminium<br \/>\nup to 300 bar in material cast iron<\/p>\n<p><strong>Materials<\/strong><br \/>\naluminium\/steel, grey cast iron\/steel<\/p>\n<p><strong>Media<\/strong><br \/>\noil, hydraulic oil, paraffin, etc.<\/p>","protected":false},"excerpt":{"rendered":"<p>Exterior gear pumps with aluminium housing Types: LP, AP, KP Flow rate 0,25 cm\u00b3\/rev. up to 93 cm\u00b3\/rev. Feed pressure up to 220 bar in material aluminium up to 300 bar in material cast iron Materials aluminium\/steel, grey cast iron\/steel Media oil, hydraulic oil, paraffin, etc.<\/p>\n","protected":false},"featured_media":1170,"comment_status":"closed","ping_status":"closed","template":"","meta":[],"product_brand":[],"product_cat":[74,71,90],"product_tag":[101,99,100],"class_list":{"0":"post-1684","1":"product","2":"type-product","3":"status-publish","4":"has-post-thumbnail","6":"product_cat-hochdruckhydraulik-pumpen","7":"product_cat-hydraulikpumpen","8":"product_cat-zahnradpumpen","9":"product_tag-bosch-rexroth-pumpen","10":"product_tag-hydraulikpumpen","11":"product_tag-rexroth-pumpen","13":"first","14":"instock","15":"product-type-simple"},"yoast_head":"<!-- This site is optimized with the Yoast SEO plugin v27.3 - https:\/\/yoast.com\/product\/yoast-seo-wordpress\/ -->\n<title>AP Exterior gear pumps - LUKRA Pumpen<\/title>\n<meta name=\"description\" content=\"Die richtige Hydraulikpumpe f\u00fcr Ihre Anlage. Egal, ob als Neuprojekt oder schneller Ersatz. Hier stimmt F\u00f6rderleistung und F\u00f6rderdruck!\" \/>\n<meta name=\"robots\" content=\"index, follow, max-snippet:-1, max-image-preview:large, max-video-preview:-1\" \/>\n<link rel=\"canonical\" href=\"https:\/\/lukra-pumpen.de\/produkt\/lp-aussen-zahnrad-hydraulikpumpen\/\" \/>\n<meta property=\"og:locale\" content=\"en_US\" \/>\n<meta property=\"og:type\" content=\"article\" \/>\n<meta property=\"og:title\" content=\"AP Exterior gear pumps - LUKRA Pumpen\" \/>\n<meta property=\"og:description\" content=\"Die richtige Hydraulikpumpe f\u00fcr Ihre Anlage. Egal, ob als Neuprojekt oder schneller Ersatz. Hier stimmt F\u00f6rderleistung und F\u00f6rderdruck!\" \/>\n<meta property=\"og:url\" content=\"https:\/\/lukra-pumpen.de\/produkt\/lp-aussen-zahnrad-hydraulikpumpen\/\" \/>\n<meta property=\"og:site_name\" content=\"LUKRA Pumpen\" \/>\n<meta property=\"article:modified_time\" content=\"2022-09-27T06:26:15+00:00\" \/>\n<meta property=\"og:image\" content=\"https:\/\/lukra-pumpen.de\/wp-content\/uploads\/2018\/03\/Aussenzahnradpumpen.jpg\" \/>\n\t<meta property=\"og:image:width\" content=\"713\" \/>\n\t<meta property=\"og:image:height\" content=\"417\" \/>\n\t<meta property=\"og:image:type\" content=\"image\/jpeg\" \/>\n<meta name=\"twitter:card\" content=\"summary_large_image\" \/>\n<meta name=\"twitter:label1\" content=\"Est. reading time\" \/>\n\t<meta name=\"twitter:data1\" content=\"1 minute\" \/>\n<script type=\"application\/ld+json\" class=\"yoast-schema-graph\">{\"@context\":\"https:\\\/\\\/schema.org\",\"@graph\":[{\"@type\":\"WebPage\",\"@id\":\"https:\\\/\\\/lukra-pumpen.de\\\/produkt\\\/lp-aussen-zahnrad-hydraulikpumpen\\\/\",\"url\":\"https:\\\/\\\/lukra-pumpen.de\\\/produkt\\\/lp-aussen-zahnrad-hydraulikpumpen\\\/\",\"name\":\"AP Exterior gear pumps - LUKRA Pumpen\",\"isPartOf\":{\"@id\":\"https:\\\/\\\/lukra-pumpen.de\\\/#website\"},\"primaryImageOfPage\":{\"@id\":\"https:\\\/\\\/lukra-pumpen.de\\\/produkt\\\/lp-aussen-zahnrad-hydraulikpumpen\\\/#primaryimage\"},\"image\":{\"@id\":\"https:\\\/\\\/lukra-pumpen.de\\\/produkt\\\/lp-aussen-zahnrad-hydraulikpumpen\\\/#primaryimage\"},\"thumbnailUrl\":\"https:\\\/\\\/lukra-pumpen.de\\\/wp-content\\\/uploads\\\/2018\\\/03\\\/Aussenzahnradpumpen.jpg\",\"datePublished\":\"2018-03-20T10:08:37+00:00\",\"dateModified\":\"2022-09-27T06:26:15+00:00\",\"description\":\"Die richtige Hydraulikpumpe f\u00fcr Ihre Anlage. Egal, ob als Neuprojekt oder schneller Ersatz. Hier stimmt F\u00f6rderleistung und F\u00f6rderdruck!\",\"breadcrumb\":{\"@id\":\"https:\\\/\\\/lukra-pumpen.de\\\/produkt\\\/lp-aussen-zahnrad-hydraulikpumpen\\\/#breadcrumb\"},\"inLanguage\":\"en-US\",\"potentialAction\":[{\"@type\":\"ReadAction\",\"target\":[\"https:\\\/\\\/lukra-pumpen.de\\\/produkt\\\/lp-aussen-zahnrad-hydraulikpumpen\\\/\"]}]},{\"@type\":\"ImageObject\",\"inLanguage\":\"en-US\",\"@id\":\"https:\\\/\\\/lukra-pumpen.de\\\/produkt\\\/lp-aussen-zahnrad-hydraulikpumpen\\\/#primaryimage\",\"url\":\"https:\\\/\\\/lukra-pumpen.de\\\/wp-content\\\/uploads\\\/2018\\\/03\\\/Aussenzahnradpumpen.jpg\",\"contentUrl\":\"https:\\\/\\\/lukra-pumpen.de\\\/wp-content\\\/uploads\\\/2018\\\/03\\\/Aussenzahnradpumpen.jpg\",\"width\":713,\"height\":417,\"caption\":\"Hochdruck-Hydraulikpumpen\"},{\"@type\":\"BreadcrumbList\",\"@id\":\"https:\\\/\\\/lukra-pumpen.de\\\/produkt\\\/lp-aussen-zahnrad-hydraulikpumpen\\\/#breadcrumb\",\"itemListElement\":[{\"@type\":\"ListItem\",\"position\":1,\"name\":\"Startseite\",\"item\":\"https:\\\/\\\/lukra-pumpen.de\\\/home\\\/\"},{\"@type\":\"ListItem\",\"position\":2,\"name\":\"Shop\",\"item\":\"https:\\\/\\\/lukra-pumpen.de\\\/shop\\\/\"},{\"@type\":\"ListItem\",\"position\":3,\"name\":\"AP Exterior gear pumps\"}]},{\"@type\":\"WebSite\",\"@id\":\"https:\\\/\\\/lukra-pumpen.de\\\/#website\",\"url\":\"https:\\\/\\\/lukra-pumpen.de\\\/\",\"name\":\"LUKRA Pumpen\",\"description\":\"Fluid in Motion\",\"potentialAction\":[{\"@type\":\"SearchAction\",\"target\":{\"@type\":\"EntryPoint\",\"urlTemplate\":\"https:\\\/\\\/lukra-pumpen.de\\\/?s={search_term_string}\"},\"query-input\":{\"@type\":\"PropertyValueSpecification\",\"valueRequired\":true,\"valueName\":\"search_term_string\"}}],\"inLanguage\":\"en-US\"}]}<\/script>\n<!-- \/ Yoast SEO plugin. -->","yoast_head_json":{"title":"AP Exterior gear pumps - LUKRA Pumpen","description":"Die richtige Hydraulikpumpe f\u00fcr Ihre Anlage. Egal, ob als Neuprojekt oder schneller Ersatz. Hier stimmt F\u00f6rderleistung und F\u00f6rderdruck!","robots":{"index":"index","follow":"follow","max-snippet":"max-snippet:-1","max-image-preview":"max-image-preview:large","max-video-preview":"max-video-preview:-1"},"canonical":"https:\/\/lukra-pumpen.de\/produkt\/lp-aussen-zahnrad-hydraulikpumpen\/","og_locale":"en_US","og_type":"article","og_title":"AP Exterior gear pumps - LUKRA Pumpen","og_description":"Die richtige Hydraulikpumpe f\u00fcr Ihre Anlage. Egal, ob als Neuprojekt oder schneller Ersatz. Hier stimmt F\u00f6rderleistung und F\u00f6rderdruck!","og_url":"https:\/\/lukra-pumpen.de\/produkt\/lp-aussen-zahnrad-hydraulikpumpen\/","og_site_name":"LUKRA Pumpen","article_modified_time":"2022-09-27T06:26:15+00:00","og_image":[{"width":713,"height":417,"url":"https:\/\/lukra-pumpen.de\/wp-content\/uploads\/2018\/03\/Aussenzahnradpumpen.jpg","type":"image\/jpeg"}],"twitter_card":"summary_large_image","twitter_misc":{"Est. reading time":"1 minute"},"schema":{"@context":"https:\/\/schema.org","@graph":[{"@type":"WebPage","@id":"https:\/\/lukra-pumpen.de\/produkt\/lp-aussen-zahnrad-hydraulikpumpen\/","url":"https:\/\/lukra-pumpen.de\/produkt\/lp-aussen-zahnrad-hydraulikpumpen\/","name":"AP Exterior gear pumps - LUKRA Pumpen","isPartOf":{"@id":"https:\/\/lukra-pumpen.de\/#website"},"primaryImageOfPage":{"@id":"https:\/\/lukra-pumpen.de\/produkt\/lp-aussen-zahnrad-hydraulikpumpen\/#primaryimage"},"image":{"@id":"https:\/\/lukra-pumpen.de\/produkt\/lp-aussen-zahnrad-hydraulikpumpen\/#primaryimage"},"thumbnailUrl":"https:\/\/lukra-pumpen.de\/wp-content\/uploads\/2018\/03\/Aussenzahnradpumpen.jpg","datePublished":"2018-03-20T10:08:37+00:00","dateModified":"2022-09-27T06:26:15+00:00","description":"Die richtige Hydraulikpumpe f\u00fcr Ihre Anlage. Egal, ob als Neuprojekt oder schneller Ersatz. Hier stimmt F\u00f6rderleistung und F\u00f6rderdruck!","breadcrumb":{"@id":"https:\/\/lukra-pumpen.de\/produkt\/lp-aussen-zahnrad-hydraulikpumpen\/#breadcrumb"},"inLanguage":"en-US","potentialAction":[{"@type":"ReadAction","target":["https:\/\/lukra-pumpen.de\/produkt\/lp-aussen-zahnrad-hydraulikpumpen\/"]}]},{"@type":"ImageObject","inLanguage":"en-US","@id":"https:\/\/lukra-pumpen.de\/produkt\/lp-aussen-zahnrad-hydraulikpumpen\/#primaryimage","url":"https:\/\/lukra-pumpen.de\/wp-content\/uploads\/2018\/03\/Aussenzahnradpumpen.jpg","contentUrl":"https:\/\/lukra-pumpen.de\/wp-content\/uploads\/2018\/03\/Aussenzahnradpumpen.jpg","width":713,"height":417,"caption":"Hochdruck-Hydraulikpumpen"},{"@type":"BreadcrumbList","@id":"https:\/\/lukra-pumpen.de\/produkt\/lp-aussen-zahnrad-hydraulikpumpen\/#breadcrumb","itemListElement":[{"@type":"ListItem","position":1,"name":"Startseite","item":"https:\/\/lukra-pumpen.de\/home\/"},{"@type":"ListItem","position":2,"name":"Shop","item":"https:\/\/lukra-pumpen.de\/shop\/"},{"@type":"ListItem","position":3,"name":"AP Exterior gear pumps"}]},{"@type":"WebSite","@id":"https:\/\/lukra-pumpen.de\/#website","url":"https:\/\/lukra-pumpen.de\/","name":"LUKRA Pumpen","description":"Fluid in Motion","potentialAction":[{"@type":"SearchAction","target":{"@type":"EntryPoint","urlTemplate":"https:\/\/lukra-pumpen.de\/?s={search_term_string}"},"query-input":{"@type":"PropertyValueSpecification","valueRequired":true,"valueName":"search_term_string"}}],"inLanguage":"en-US"}]}},"_links":{"self":[{"href":"https:\/\/lukra-pumpen.de\/en\/wp-json\/wp\/v2\/product\/1684","targetHints":{"allow":["GET"]}}],"collection":[{"href":"https:\/\/lukra-pumpen.de\/en\/wp-json\/wp\/v2\/product"}],"about":[{"href":"https:\/\/lukra-pumpen.de\/en\/wp-json\/wp\/v2\/types\/product"}],"replies":[{"embeddable":true,"href":"https:\/\/lukra-pumpen.de\/en\/wp-json\/wp\/v2\/comments?post=1684"}],"wp:featuredmedia":[{"embeddable":true,"href":"https:\/\/lukra-pumpen.de\/en\/wp-json\/wp\/v2\/media\/1170"}],"wp:attachment":[{"href":"https:\/\/lukra-pumpen.de\/en\/wp-json\/wp\/v2\/media?parent=1684"}],"wp:term":[{"taxonomy":"product_brand","embeddable":true,"href":"https:\/\/lukra-pumpen.de\/en\/wp-json\/wp\/v2\/product_brand?post=1684"},{"taxonomy":"product_cat","embeddable":true,"href":"https:\/\/lukra-pumpen.de\/en\/wp-json\/wp\/v2\/product_cat?post=1684"},{"taxonomy":"product_tag","embeddable":true,"href":"https:\/\/lukra-pumpen.de\/en\/wp-json\/wp\/v2\/product_tag?post=1684"}],"curies":[{"name":"wp","href":"https:\/\/api.w.org\/{rel}","templated":true}]}}