{"id":2679,"date":"2020-06-10T14:22:12","date_gmt":"2020-06-10T13:22:12","guid":{"rendered":"https:\/\/lukra-pumpen.de\/?post_type=product&#038;p=2679"},"modified":"2020-06-18T16:09:35","modified_gmt":"2020-06-18T15:09:35","slug":"zdp-zahnrad-dosierpumpen","status":"publish","type":"product","link":"https:\/\/lukra-pumpen.de\/en\/product\/zdp-zahnrad-dosierpumpen\/","title":{"rendered":"LT &#8211; Gear Dosing Pumps"},"content":{"rendered":"<p><strong>Gear-Dosing-Pump<\/strong><br \/>\nDie ZDP Dosierpumpe ist eine au\u00dfenverzahnte hochpr\u00e4zise Zahnradpumpe. Sie werden in zwei Baugr\u00f6\u00dfen gefertigt. Dadurch lassen sich die geforderten Dosiermengen einfach realisieren.<br \/>\nF\u00fcr eine breites Anwendungsspektrum sind die medienber\u00fchrten Teile aus Edelstahl gefertigt, die Pumpe weist damit einen erh\u00f6hten Korrosionsschutz auf.<br \/>\nDie Wellenabdichtung \u00fcber Wellendichtring, optional \u00fcber Stopfbuchspackung oder Magnetkupplung, wird verschiedensten Anforderungen gerecht.<br \/>\nIn Abh\u00e4ngigkeit vom ben\u00f6tigten Druck, der Viskosit\u00e4t und der Schmierf\u00e4higkeit des Mediums bestimmen wir die optimale Drehzahl.<\/p>\n<p><strong>Flow rate<br \/>\n<\/strong>0,1 cm\u00b3\/U up to 20 cm\u00b3\/U\u00a0\u00a0and accordingly 1 ml\/min up to 4 l\/min<\/p>\n<p><strong>Feed pressure<\/strong><br \/>\nup to 150 bar<\/p>\n<p><strong>Range of Speeds<\/strong><br \/>\n10 rpm up to 200 rpm<\/p>\n<p><strong>Viskosity<\/strong><br \/>\nfrom 1 mPas up to pumpable liquids<\/p>\n<p><strong>Temperature<\/strong><br \/>\n-20\u00b0C up to +150\u00b0C (Standardausf\u00fchrung)<\/p>\n<p><strong>Materials<\/strong><br \/>\nEdelstahl, FKM, PTFE<\/p>\n<p><strong>Mediums<\/strong><br \/>\nPU (polyurethane-compounds), oils, isocyanate, polyole, additives, glue, silikone, fuels, adhesives, hotmelt, paint, etc.<\/p>","protected":false},"excerpt":{"rendered":"<p>Gear-Dosing-Pump Die ZDP Dosierpumpe ist eine au\u00dfenverzahnte hochpr\u00e4zise Zahnradpumpe. Sie werden in zwei Baugr\u00f6\u00dfen gefertigt. Dadurch lassen sich die geforderten Dosiermengen einfach realisieren. F\u00fcr eine breites Anwendungsspektrum sind die medienber\u00fchrten Teile aus Edelstahl gefertigt, die Pumpe weist damit einen erh\u00f6hten Korrosionsschutz auf. Die Wellenabdichtung \u00fcber Wellendichtring, optional \u00fcber Stopfbuchspackung oder Magnetkupplung, wird verschiedensten Anforderungen gerecht. [&hellip;]<\/p>\n","protected":false},"featured_media":2685,"comment_status":"closed","ping_status":"closed","template":"","meta":[],"product_brand":[],"product_cat":[72,71,73,90],"product_tag":[],"class_list":{"0":"post-2679","1":"product","2":"type-product","3":"status-publish","4":"has-post-thumbnail","6":"product_cat-foerderpumpen","7":"product_cat-hydraulikpumpen","8":"product_cat-niederdruck-pumpen","9":"product_cat-zahnradpumpen","11":"first","12":"instock","13":"product-type-simple"},"_links":{"self":[{"href":"https:\/\/lukra-pumpen.de\/en\/wp-json\/wp\/v2\/product\/2679","targetHints":{"allow":["GET"]}}],"collection":[{"href":"https:\/\/lukra-pumpen.de\/en\/wp-json\/wp\/v2\/product"}],"about":[{"href":"https:\/\/lukra-pumpen.de\/en\/wp-json\/wp\/v2\/types\/product"}],"replies":[{"embeddable":true,"href":"https:\/\/lukra-pumpen.de\/en\/wp-json\/wp\/v2\/comments?post=2679"}],"wp:featuredmedia":[{"embeddable":true,"href":"https:\/\/lukra-pumpen.de\/en\/wp-json\/wp\/v2\/media\/2685"}],"wp:attachment":[{"href":"https:\/\/lukra-pumpen.de\/en\/wp-json\/wp\/v2\/media?parent=2679"}],"wp:term":[{"taxonomy":"product_brand","embeddable":true,"href":"https:\/\/lukra-pumpen.de\/en\/wp-json\/wp\/v2\/product_brand?post=2679"},{"taxonomy":"product_cat","embeddable":true,"href":"https:\/\/lukra-pumpen.de\/en\/wp-json\/wp\/v2\/product_cat?post=2679"},{"taxonomy":"product_tag","embeddable":true,"href":"https:\/\/lukra-pumpen.de\/en\/wp-json\/wp\/v2\/product_tag?post=2679"}],"curies":[{"name":"wp","href":"https:\/\/api.w.org\/{rel}","templated":true}]}}