{"id":1138,"date":"2018-03-15T12:11:05","date_gmt":"2018-03-15T11:11:05","guid":{"rendered":"http:\/\/kracht-lutz-lukra-pumpen.de\/?page_id=1138"},"modified":"2021-04-28T10:23:47","modified_gmt":"2021-04-28T09:23:47","slug":"qualitaet","status":"publish","type":"page","link":"https:\/\/lukra-pumpen.de\/fr\/qualitaet\/","title":{"rendered":"QUALIT\u00c9"},"content":{"rendered":"<p><\/p>\n<h1 style=\"text-align: center;\">UNE CHOSE EST S\u00dbRE:<\/h1>\n<h4 style=\"text-align: center;\">NOUS N\u2019ARR\u00caTERONS JAMAIS DE NOUS AM\u00c9LIORER!<\/h4>\n<p style=\"text-align: center;\">Atteindre des objectifs de qualit\u00e9 mesurables est un \u00e9l\u00e9ment essentiel de notre politique d\u2019entreprise. Notre but est de fournir \u00e0 nos clients des solutions et des prestations de services optimales.<\/p>\n<p style=\"text-align: center;\"><strong>Nous ma\u00eetrisons tout ce que nous faisons!<\/strong><\/p>\n<p style=\"text-align: center;\"><strong>Notre objectif reste de vous enthousiasmer avec nos produits et nos prestations.<\/strong><\/p>\n<p style=\"text-align: center;\">Nos produits se distinguent pas leur grande fiabilit\u00e9 pour des co\u00fbts \u00e9conomiques \u2013 ils sont donc tout simplement parfaits pour \u00e9tablir la s\u00e9curit\u00e9 de votre exploitation sur des bases solides.<\/p>\n<p style=\"text-align: center;\">Nos entrep\u00f4ts toujours bien tri\u00e9s et notre organisation rigoureuse pour des temps de r\u00e9action court \u00e0 vos besoins garantissent votre s\u00e9curit\u00e9 de fonctionnement.<\/p>\n<p style=\"text-align: center;\">Nous conservons pour vous en stocks un grand nombre de pompes, de pi\u00e8ces de montage et d\u2019accessoires.<br \/>\nProfitez de cet avantage pour r\u00e9parer rapidement les pannes.<\/p>\n<p style=\"text-align: center;\"><strong>Notre palette de prestations et notre fiabilit\u00e9 persuadent nos clients au niveau national et international depuis des d\u00e9cennies.<\/strong><\/p>\n<p><\/p>\n<\/div><\/section><\/div><\/p>\n<h1 style=\"text-align: center;\">UNE CHOSE EST S\u00dbRE:<\/h1>\n<h4 style=\"text-align: center;\">NOUS N&#8217;ARR\u00caTERONS JAMAIS DE NOUS AM\u00c9LIORER!<\/h4>\n<p style=\"text-align: center;\">Atteindre des objectifs de qualit\u00e9 mesurables est un \u00e9l\u00e9ment essentiel de notre politique d&#8217;entreprise. Notre but est de fournir \u00e0 nos clients des solutions et des prestations de services optimales.<\/p>\n<p style=\"text-align: center;\"><strong>Nous ma\u00eetrisons tout ce que nous faisons!<\/strong><\/p>\n<p style=\"text-align: center;\"><strong>Notre objectif reste de vous enthousiasmer avec nos produits et nos prestations.<\/strong><\/p>\n<p style=\"text-align: center;\">Nos produits se distinguent pas leur grande fiabilit\u00e9 pour des co\u00fbts \u00e9conomiques &#8211; ils sont donc tout simplement parfaits pour \u00e9tablir la s\u00e9curit\u00e9 de votre exploitation sur des bases solides.<br \/>\nNos entrep\u00f4ts toujours bien tri\u00e9s et notre organisation rigoureuse pour des temps de r\u00e9action court \u00e0 vos besoins garantissent votre s\u00e9curit\u00e9 de fonctionnement.<\/p>\n<p style=\"text-align: center;\">Nous conservons pour vous en stocks un grand nombre de pompes, de pi\u00e8ces de montage et d&#8217;accessoires.<br \/>\nProfitez de cet avantage pour r\u00e9parer rapidement les pannes.<\/p>\n<p style=\"text-align: center;\"><strong>Notre palette de prestations et notre fiabilit\u00e9 persuadent nos clients au niveau national et international depuis des d\u00e9cennies.<\/strong>\n<\/p>\n<p>[\/av_textblock]<\/p>\n<p>[\/av_one_full]\n<style type=\"text\/css\" data-created_by=\"avia_inline_auto\" id=\"style-css-av-av_one_full-15d750bd1b332b34c6e70b077ebbccdf\">\n.flex_column.av-av_one_full-15d750bd1b332b34c6e70b077ebbccdf{\nborder-radius:0px 0px 0px 0px;\npadding:0px 0px 0px 0px;\n}\n<\/style>\n<div  class='flex_column av-av_one_full-15d750bd1b332b34c6e70b077ebbccdf av_one_full first flex_column_div av-zero-column-padding  '     ><style type=\"text\/css\" data-created_by=\"avia_inline_auto\" id=\"style-css-av-av_image-7dd864942e08799210d26b319159dbfc\">\n.avia-image-container.av-av_image-7dd864942e08799210d26b319159dbfc img.avia_image{\nbox-shadow:none;\n}\n.avia-image-container.av-av_image-7dd864942e08799210d26b319159dbfc .av-image-caption-overlay-center{\ncolor:#ffffff;\n}\n<\/style>\n<div  class='avia-image-container av-av_image-7dd864942e08799210d26b319159dbfc av-styling- avia-align-center'   itemprop=\"image\" itemscope=\"itemscope\" itemtype=\"https:\/\/schema.org\/ImageObject\" ><div class=\"avia-image-container-inner\"><div class=\"avia-image-overlay-wrap\"><img decoding=\"async\" fetchpriority=\"high\" class='wp-image-1286 avia-img-lazy-loading-not-1286 avia_image ' src=\"https:\/\/lukra-pumpen.de\/wp-content\/uploads\/2018\/03\/qualitaet-1030x342.jpg\" alt='' title='qualitaet'  height=\"342\" width=\"1030\"  itemprop=\"thumbnailUrl\" srcset=\"https:\/\/lukra-pumpen.de\/wp-content\/uploads\/2018\/03\/qualitaet-1030x342.jpg 1030w, https:\/\/lukra-pumpen.de\/wp-content\/uploads\/2018\/03\/qualitaet-400x133.jpg 400w, https:\/\/lukra-pumpen.de\/wp-content\/uploads\/2018\/03\/qualitaet-300x100.jpg 300w, https:\/\/lukra-pumpen.de\/wp-content\/uploads\/2018\/03\/qualitaet-768x255.jpg 768w, https:\/\/lukra-pumpen.de\/wp-content\/uploads\/2018\/03\/qualitaet-1500x498.jpg 1500w, https:\/\/lukra-pumpen.de\/wp-content\/uploads\/2018\/03\/qualitaet-705x234.jpg 705w, https:\/\/lukra-pumpen.de\/wp-content\/uploads\/2018\/03\/qualitaet.jpg 1920w\" sizes=\"(max-width: 1030px) 100vw, 1030px\" \/><\/div><\/div><\/div><\/div><\/p>\n\n<style type=\"text\/css\" data-created_by=\"avia_inline_auto\" id=\"style-css-av-av_one_full-15d750bd1b332b34c6e70b077ebbccdf\">\n.flex_column.av-av_one_full-15d750bd1b332b34c6e70b077ebbccdf{\nborder-radius:0px 0px 0px 0px;\npadding:0px 0px 0px 0px;\n}\n<\/style>\n<div  class='flex_column av-av_one_full-15d750bd1b332b34c6e70b077ebbccdf av_one_full first flex_column_div av-zero-column-padding  '     ><section  class='av_textblock_section av-av_textblock-d6d4457a071446c54b05855a10e30e07 '   itemscope=\"itemscope\" itemtype=\"https:\/\/schema.org\/CreativeWork\" ><div class='avia_textblock av_inherit_color'  itemprop=\"text\" ><h1 class=\"title\" style=\"text-align: center;\">DENN EINS IST SICHER:<\/h1>\n<h4 class=\"sub-title\" style=\"text-align: center;\">WIR H\u00d6REN NICHT AUF, BESSER ZU WERDEN!<\/h4>\n<div class=\"service-box_txt\">\n<p style=\"text-align: center;\">Die Erreichung messbarer Qualit\u00e4tsziele ist ein wichtiger Bestandteil unserer Firmenpolitik. Ziel ist es, unsere Kunden mit optimalen L\u00f6sungen und Dienstleistungen zu versorgen.<\/p>\n<p style=\"text-align: center;\"><strong>Was wir machen, beherrschen wir!<\/strong><\/p>\n<p style=\"text-align: center;\"><strong>Unser Ziel bleibt: Sie mit unseren Produkten und unserer Leistung zu begeistern.<\/strong><\/p>\n<p style=\"text-align: center;\">Unsere Produkte zeichnen sich durch hohe Zuverl\u00e4ssigkeit bei wirtschaftlichen Kosten aus &#8211; einfach ideal, um Ihre Betriebssicherheit auf ein solides Fundament zu stellen.<br \/>\nF\u00fcr Ihre Betriebssicherheit sorgen unser stets gut sortiertes Lager und die straffen Arbeitsabl\u00e4ufe f\u00fcr kurze Reaktionszeiten auf Ihren Bedarf.<\/p>\n<p style=\"text-align: center;\">Zahlreiche Pumpen, Montageteile und Zubeh\u00f6rartikel halten wir f\u00fcr Sie am Lager.<br \/>\nNutzen Sie diesen Vorteil zur schnellen Behebung von St\u00f6rungen.<\/p>\n<p style=\"text-align: center;\"><strong>Unser Leistungsspektrum und unsere Zuverl\u00e4ssigkeit \u00fcberzeugen seit Jahrzehnten nationale sowie internationale Kunden.<\/strong><\/p>\n<\/div>\n<\/div><\/section><\/div><\/p>","protected":false},"excerpt":{"rendered":"<p>UNE CHOSE EST S\u00dbRE: NOUS N&#8217;ARR\u00caTERONS JAMAIS DE NOUS AM\u00c9LIORER! Atteindre des objectifs de qualit\u00e9 mesurables est un \u00e9l\u00e9ment essentiel de notre politique d&#8217;entreprise. Notre but est de fournir \u00e0 nos clients des solutions et des prestations de services optimales. Nous ma\u00eetrisons tout ce que nous faisons! Notre objectif reste de vous enthousiasmer avec nos [&hellip;]<\/p>\n","protected":false},"author":1,"featured_media":0,"parent":0,"menu_order":0,"comment_status":"closed","ping_status":"closed","template":"","meta":{"footnotes":""},"class_list":["post-1138","page","type-page","status-publish","hentry"],"_links":{"self":[{"href":"https:\/\/lukra-pumpen.de\/fr\/wp-json\/wp\/v2\/pages\/1138","targetHints":{"allow":["GET"]}}],"collection":[{"href":"https:\/\/lukra-pumpen.de\/fr\/wp-json\/wp\/v2\/pages"}],"about":[{"href":"https:\/\/lukra-pumpen.de\/fr\/wp-json\/wp\/v2\/types\/page"}],"author":[{"embeddable":true,"href":"https:\/\/lukra-pumpen.de\/fr\/wp-json\/wp\/v2\/users\/1"}],"replies":[{"embeddable":true,"href":"https:\/\/lukra-pumpen.de\/fr\/wp-json\/wp\/v2\/comments?post=1138"}],"version-history":[{"count":8,"href":"https:\/\/lukra-pumpen.de\/fr\/wp-json\/wp\/v2\/pages\/1138\/revisions"}],"predecessor-version":[{"id":2720,"href":"https:\/\/lukra-pumpen.de\/fr\/wp-json\/wp\/v2\/pages\/1138\/revisions\/2720"}],"wp:attachment":[{"href":"https:\/\/lukra-pumpen.de\/fr\/wp-json\/wp\/v2\/media?parent=1138"}],"curies":[{"name":"wp","href":"https:\/\/api.w.org\/{rel}","templated":true}]}}