{"id":1610,"date":"2018-03-19T13:02:11","date_gmt":"2018-03-19T12:02:11","guid":{"rendered":"http:\/\/kracht-lutz-lukra-pumpen.de\/?page_id=1610"},"modified":"2018-07-25T12:10:50","modified_gmt":"2018-07-25T11:10:50","slug":"doppelmembranpumpe","status":"publish","type":"page","link":"https:\/\/lukra-pumpen.de\/fr\/doppelmembranpumpe\/","title":{"rendered":"Doppelmembranpumpe"},"content":{"rendered":"<p>\n<style type=\"text\/css\" data-created_by=\"avia_inline_auto\" id=\"style-css-av-av_one_full-15d750bd1b332b34c6e70b077ebbccdf\">\n.flex_column.av-av_one_full-15d750bd1b332b34c6e70b077ebbccdf{\nborder-radius:0px 0px 0px 0px;\npadding:0px 0px 0px 0px;\n}\n<\/style>\n<div  class='flex_column av-av_one_full-15d750bd1b332b34c6e70b077ebbccdf av_one_full first flex_column_div av-zero-column-padding  '     ><section  class='av_textblock_section av-av_textblock-2de302bf1aa3cf4c9157dbe6f50ac7eb '   itemscope=\"itemscope\" itemtype=\"https:\/\/schema.org\/CreativeWork\" ><div class='avia_textblock'  itemprop=\"text\" ><h1><strong>DIE DOPPELMEMBRANPUMPE F\u00dcR DEN MOBILEN ODER<br \/>\nSTATION\u00c4REN EINSATZ<\/strong><\/h1>\n<p>Eine hochwertige Doppelmembranpumpe zeichnet sich durch ihre vielf\u00e4ltigen Einsatzm\u00f6glichkeiten aus; so\u00a0l\u00e4sst sich diese generell wahlweise mobil oder fest integriert im\u00a0station\u00e4ren Einsatz verwenden. Druckluftbetrieben k\u00f6nnen diese Pumpen selbst problematische Fl\u00fcssigkeiten noch sehr sicher und schonend transportieren. F\u00fcr besonders anspruchsvolle Fl\u00fcssigkeiten, beispielsweise solche, die leicht brennbar (ATEX) sind oder wenn diese abrasiv beziehungsweise chemisch aggressiv sind, empfehlen sich spezielle Ausf\u00fchrungen und Materialkombinationen. Die Doppelmembranpumpe erlaubt damit eine sehr spezielle und doch dauerhaft flexible T\u00e4tigkeit, wobei die Bauart und weitere Elemente entsprechend der Fl\u00fcssigkeiten gew\u00e4hlt werden.<\/p>\n<\/div><\/section><\/div><\/p>\n\n<style type=\"text\/css\" data-created_by=\"avia_inline_auto\" id=\"style-css-av-av_one_half-15d750bd1b332b34c6e70b077ebbccdf\">\n.flex_column.av-av_one_half-15d750bd1b332b34c6e70b077ebbccdf{\nborder-radius:0px 0px 0px 0px;\npadding:0px 0px 0px 0px;\n}\n<\/style>\n<div  class='flex_column av-av_one_half-15d750bd1b332b34c6e70b077ebbccdf av_one_half first flex_column_div av-zero-column-padding  '     ><p>\n<style type=\"text\/css\" data-created_by=\"avia_inline_auto\" id=\"style-css-av-av_textblock-c09fac0dabe4d96e7430e6715062a98a\">\n#top .av_textblock_section.av-av_textblock-c09fac0dabe4d96e7430e6715062a98a .avia_textblock{\nfont-size:12px;\n}\n<\/style>\n<section  class='av_textblock_section av-av_textblock-c09fac0dabe4d96e7430e6715062a98a '   itemscope=\"itemscope\" itemtype=\"https:\/\/schema.org\/CreativeWork\" ><div class='avia_textblock'  itemprop=\"text\" ><p><strong>Lutz Kracht &#8211; LUKRA Pumpen e.K.<\/strong><\/p>\n<hr \/>\n<p>Tel.: +49 (0) 23 92 \/ 80 60 3-0<br \/>\nFax: +49 (0) 23 92 \/ 80 60 3-70<br \/>\nMail: info@lukra-pumpen.de<\/p>\n<\/div><\/section><br \/>\n<div  class='avia-button-wrap av-av_button-70e629fb29c121777a632b22be1e16c3-wrap avia-button-left '><a href='https:\/\/lukra-pumpen.de\/callback\/'  class='avia-button av-av_button-70e629fb29c121777a632b22be1e16c3 av-link-btn avia-icon_select-no avia-size-small avia-position-left avia-color-theme-color'   aria-label=\"Callback\"><span class='avia_iconbox_title' >Callback<\/span><\/a><\/div><br \/>\n<div  class='avia-button-wrap av-av_button-56f22a133c3f799336e6c63fe8571e91-wrap avia-button-left '><a href='https:\/\/lukra-pumpen.de\/direkt-anfrage\/'  class='avia-button av-av_button-56f22a133c3f799336e6c63fe8571e91 av-link-btn avia-icon_select-no avia-size-small avia-position-left avia-color-theme-color'   aria-label=\"DIREKT-ANFRAGE\"><span class='avia_iconbox_title' >DIREKT-ANFRAGE<\/span><\/a><\/div><\/p><\/div>\n\n<style type=\"text\/css\" data-created_by=\"avia_inline_auto\" id=\"style-css-av-av_one_half-c8fc129dc35fd1ae2a1e410224d39ea8\">\n.flex_column.av-av_one_half-c8fc129dc35fd1ae2a1e410224d39ea8{\nborder-radius:0px 0px 0px 0px;\npadding:0px 0px 0px 0px;\n}\n<\/style>\n<div  class='flex_column av-av_one_half-c8fc129dc35fd1ae2a1e410224d39ea8 av_one_half flex_column_div av-zero-column-padding  '     ><form action=\"https:\/\/lukra-pumpen.de\/fr\/doppelmembranpumpe\/\" method=\"post\" data-fields-with-error=\"Erreurs trouv\u00e9es dans les champs suivants :\" class=\"avia_ajax_form av-form-labels-visible    \" data-avia-form-id=\"2\" data-avia-redirect='' ><h3 class=''>Anfragen<\/h3><fieldset><p class='  first_form  form_element form_element_half' id='element_avia_1_2'><label for=\"avia_1_2\">Name <abbr class=\"required\" title=\"requis(e)\">*<\/abbr><\/label> <input name=\"avia_1_2\" class=\"text_input is_empty\" type=\"text\" id=\"avia_1_2\" value=\"\" \/><\/p><p class='  form_element form_element_half' id='element_avia_2_2'><label for=\"avia_2_2\">E-Mail <abbr class=\"required\" title=\"requis(e)\">*<\/abbr><\/label> <input name=\"avia_2_2\" class=\"text_input is_email\" type=\"text\" id=\"avia_2_2\" value=\"\" \/><\/p><p class='  first_form  form_element form_fullwidth' id='element_avia_3_2'><label for=\"avia_3_2\">Betreff <abbr class=\"required\" title=\"requis(e)\">*<\/abbr><\/label> <input name=\"avia_3_2\" class=\"text_input is_empty\" type=\"text\" id=\"avia_3_2\" value=\"\" \/><\/p><p class='  first_form  form_element form_fullwidth av-last-visible-form-element' id='element_avia_4_2'><label for=\"avia_4_2\" class=\"textare_label hidden textare_label_avia_4_2\">Nachricht <abbr class=\"required\" title=\"requis(e)\">*<\/abbr><\/label><textarea  name=\"avia_4_2\" class=\"text_area is_empty\" cols=\"40\" rows=\"7\" id=\"avia_4_2\" ><\/textarea><\/p><p class=\"hidden\"><input type=\"text\" name=\"avia_5_2\" class=\"hidden \" id=\"avia_5_2\" value=\"\" \/><\/p><p class=\"form_element \"><input type=\"hidden\" value=\"1\" name=\"avia_generated_form2\" \/><input type=\"submit\" value=\"Senden\" class=\"button\"  data-sending-label=\"Envoi\"\/><\/p><\/fieldset><\/form><div id=\"ajaxresponse_2\" class=\"ajaxresponse ajaxresponse_2 hidden\"><\/div><\/div>\n<style type=\"text\/css\" data-created_by=\"avia_inline_auto\" id=\"style-css-av-av_one_full-15d750bd1b332b34c6e70b077ebbccdf\">\n.flex_column.av-av_one_full-15d750bd1b332b34c6e70b077ebbccdf{\nborder-radius:0px 0px 0px 0px;\npadding:0px 0px 0px 0px;\n}\n<\/style>\n<div  class='flex_column av-av_one_full-15d750bd1b332b34c6e70b077ebbccdf av_one_full first flex_column_div av-zero-column-padding  '     ><section  class='av_textblock_section av-av_textblock-2de302bf1aa3cf4c9157dbe6f50ac7eb '   itemscope=\"itemscope\" itemtype=\"https:\/\/schema.org\/CreativeWork\" ><div class='avia_textblock'  itemprop=\"text\" ><h2><strong>MEHR ZU\u00a0DEN MATERIALIEN UND MEDIEN DER DOPPELMEMBRANPUMPE<\/strong><\/h2>\n<p>Der vielf\u00e4ltige Einsatz solch einer hochwertigen Pumpe, die mit \u00f6lfreier Druckluft betrieben wird, zeigt sich mit Hinblick auf die eingesetzten Materialien. Die F\u00f6rdermenge des klassischen Modells erlaubt einen Durchfluss von 5\u00a0l\/min bis zu\u00a0960\u00a0l\/min, wobei ein F\u00f6rderdruck von maximal 80\u00a0mFH erreicht wird. F\u00fcr verschiedene Medien stehen Werkstoffe zur Verf\u00fcgung, f\u00fcr die Doppelmembranpumpe unter anderem aus PP, PVDF, Nylon und nat\u00fcrlich aus Edelstahl und Aluminium. Der hoch verschlei\u00dffeste Antrieb garantiert eine lange Lebensdauer der Doppelmembranpumpe, selbst wenn sich diese im\u00a0t\u00e4glichen Einsatz befindet oder besonders aggressive Medien damit bewegt werden. Als Fachmann f\u00fcr Membranpumpen, Dosierpumpen, Containerpumpen und\u00a0Co. bieten wir Ihnen ausschlie\u00dflich verl\u00e4ssliche und qualitativ hochwertige Modelle an.<\/p>\n<p>Diese k\u00f6nnen mit d\u00fcnn- und dickfl\u00fcssigen Medien ebenso wie mit past\u00f6sen, aggressiven und leicht entz\u00fcndlichen Fl\u00fcssigkeiten verwendet werden. Selbst abrasive Bestandteile, die in\u00a0der Fl\u00fcssigkeit enthalten sind, stellen die Doppelmembranpumpe vor keine zu\u00a0gro\u00dfe Herausforderung. Das ist unter anderem bei Lacken, pigmentierten Farben, diversen Chemikalien sowie bei galvanischen Medien der Fall. Mit einer einzigen Doppelmembranpumpe l\u00e4sst sich der Maschinenpark vor Ort also gezielt erweitern. Die LUKRA Doppelmembranpumpe verf\u00fcgt des Weiteren stets \u00fcber h\u00f6chste qualitative Standards hinsichtlich der Verarbeitung sowie Materialwahl. Unser Ziel ist\u00a0es, Ihnen das bestm\u00f6gliche Modell f\u00fcr Ihren jeweiligen Anwendungsfall zu\u00a0bieten.<\/p>\n<\/div><\/section><\/div><\/p>\n<p>\n<style type=\"text\/css\" data-created_by=\"avia_inline_auto\" id=\"style-css-av-av_one_full-15d750bd1b332b34c6e70b077ebbccdf\">\n.flex_column.av-av_one_full-15d750bd1b332b34c6e70b077ebbccdf{\nborder-radius:0px 0px 0px 0px;\npadding:0px 0px 0px 0px;\n}\n<\/style>\n<div  class='flex_column av-av_one_full-15d750bd1b332b34c6e70b077ebbccdf av_one_full first flex_column_div av-zero-column-padding  '     ><section  class='av_textblock_section av-av_textblock-2de302bf1aa3cf4c9157dbe6f50ac7eb '   itemscope=\"itemscope\" itemtype=\"https:\/\/schema.org\/CreativeWork\" ><div class='avia_textblock'  itemprop=\"text\" ><h3><strong>BESTELLEN SIE IHRE NEUE DOPPELMEMBRANPUMPE NOCH HEUTE!<\/strong><\/h3>\n<p>Stellen Sie Ihren Betrieb auf ein sicheres Fundament mit einer hochwertigen LUKRA Doppelmembranpumpe als einer Verdr\u00e4ngerpumpen und unsere Modelle aus dem Bereich der Druckluftmembranpumpen, welche wahlweise in\u00a0der Mono-Variante oder wie hier beschrieben als Doppelmembranpumpe verf\u00fcgbar sind. Dank der blockadefreien Ventiltechnik und dem produktschonenden F\u00f6rderprinzip ist sie gleicherma\u00dfen trockenlaufsicher und ist somit selbst trocken noch selbstansaugend. Die zahlreichen positiven Eigenschaften und Vorz\u00fcge solch einer Doppelmembranpumpe sind der Grund, warum sich bereits viele industrielle K\u00e4ufer f\u00fcr ein Modell aus dem Hause LUKRA entschieden haben. Sollten Sie noch weitere Fragen haben oder eine spezifische Beratung gem\u00e4\u00df Ihres Unternehmens und Bedarfs ben\u00f6tigen, erreichen Sie unser freundliches und geschultes Team nat\u00fcrlich telefonisch. Die Direktanfrage f\u00fcr eine Doppelmembranpumpe k\u00f6nnen Sie online mit einem Klick auf den Button \u00bbDirektanfrage senden\u00ab \u00fcbermitteln. Wir freuen uns auf Ihre Anfrage!<\/p>\n<\/div><\/section><\/div><\/p>","protected":false},"excerpt":{"rendered":"","protected":false},"author":1,"featured_media":0,"parent":0,"menu_order":0,"comment_status":"closed","ping_status":"closed","template":"","meta":{"footnotes":""},"class_list":["post-1610","page","type-page","status-publish","hentry"],"_links":{"self":[{"href":"https:\/\/lukra-pumpen.de\/fr\/wp-json\/wp\/v2\/pages\/1610","targetHints":{"allow":["GET"]}}],"collection":[{"href":"https:\/\/lukra-pumpen.de\/fr\/wp-json\/wp\/v2\/pages"}],"about":[{"href":"https:\/\/lukra-pumpen.de\/fr\/wp-json\/wp\/v2\/types\/page"}],"author":[{"embeddable":true,"href":"https:\/\/lukra-pumpen.de\/fr\/wp-json\/wp\/v2\/users\/1"}],"replies":[{"embeddable":true,"href":"https:\/\/lukra-pumpen.de\/fr\/wp-json\/wp\/v2\/comments?post=1610"}],"version-history":[{"count":31,"href":"https:\/\/lukra-pumpen.de\/fr\/wp-json\/wp\/v2\/pages\/1610\/revisions"}],"predecessor-version":[{"id":2592,"href":"https:\/\/lukra-pumpen.de\/fr\/wp-json\/wp\/v2\/pages\/1610\/revisions\/2592"}],"wp:attachment":[{"href":"https:\/\/lukra-pumpen.de\/fr\/wp-json\/wp\/v2\/media?parent=1610"}],"curies":[{"name":"wp","href":"https:\/\/api.w.org\/{rel}","templated":true}]}}