{"id":1631,"date":"2018-03-19T14:03:48","date_gmt":"2018-03-19T14:03:48","guid":{"rendered":"http:\/\/kracht-lutz-lukra-pumpen.de\/?page_id=1631"},"modified":"2018-11-05T16:58:11","modified_gmt":"2018-11-05T15:58:11","slug":"druckerhoehungsanlage-2","status":"publish","type":"page","link":"https:\/\/lukra-pumpen.de\/fr\/druckerhoehungsanlage-2\/","title":{"rendered":"Druckerhoehungsanlage"},"content":{"rendered":"<p>\n<style type=\"text\/css\" data-created_by=\"avia_inline_auto\" id=\"style-css-av-av_one_full-15d750bd1b332b34c6e70b077ebbccdf\">\n.flex_column.av-av_one_full-15d750bd1b332b34c6e70b077ebbccdf{\nborder-radius:0px 0px 0px 0px;\npadding:0px 0px 0px 0px;\n}\n<\/style>\n<div  class='flex_column av-av_one_full-15d750bd1b332b34c6e70b077ebbccdf av_one_full first flex_column_div av-zero-column-padding  '     ><section  class='av_textblock_section av-av_textblock-2de302bf1aa3cf4c9157dbe6f50ac7eb '   itemscope=\"itemscope\" itemtype=\"https:\/\/schema.org\/CreativeWork\" ><div class='avia_textblock'  itemprop=\"text\" ><h1><strong>DIE DRUCKERH\u00d6HUNGSANLAGE<\/strong><\/h1>\n<p>Je\u00a0nachdem, wie viel Wasser an\u00a0den angeschlossenen Zapfstellen des Wassernetzes abgenommen wird, kommt es\u00a0zu\u00a0Schwankungen des Wasserdrucks. Allerdings muss im\u00a0Versorgungsnetz ein gleichm\u00e4\u00dfiger Druck aufrechterhalten werden. Wenn Sie eine Druckerh\u00f6hungsanlage im\u00a0Wassernetz einbauen, die aus einer oder mehreren Pumpen und anderen technischen Einrichtungen besteht, k\u00f6nnen Sie den Wasserdruck erh\u00f6hen und auch konstant halten. In\u00a0unserer Druckerh\u00f6hungsanlage k\u00f6nnen Sie bis zu\u00a0acht Pumpen via integrierter Schnittstelle zusammenfassen und steuern. Die Master Pumpe passt dabei die Leistung der einzelnen Slave-Pumpen an\u00a0die betrieblichen Erfordernisse an\u00a0und sorgt daf\u00fcr, dass weitere Pumpen dazu geschaltet oder abgeschaltet werden\u00a0\u2014 entsprechend der ben\u00f6tigten F\u00f6rderleistung.<\/p>\n<\/div><\/section><\/div><\/p>\n\n<style type=\"text\/css\" data-created_by=\"avia_inline_auto\" id=\"style-css-av-av_one_half-15d750bd1b332b34c6e70b077ebbccdf\">\n.flex_column.av-av_one_half-15d750bd1b332b34c6e70b077ebbccdf{\nborder-radius:0px 0px 0px 0px;\npadding:0px 0px 0px 0px;\n}\n<\/style>\n<div  class='flex_column av-av_one_half-15d750bd1b332b34c6e70b077ebbccdf av_one_half first flex_column_div av-zero-column-padding  '     ><p>\n<style type=\"text\/css\" data-created_by=\"avia_inline_auto\" id=\"style-css-av-av_textblock-c09fac0dabe4d96e7430e6715062a98a\">\n#top .av_textblock_section.av-av_textblock-c09fac0dabe4d96e7430e6715062a98a .avia_textblock{\nfont-size:12px;\n}\n<\/style>\n<section  class='av_textblock_section av-av_textblock-c09fac0dabe4d96e7430e6715062a98a '   itemscope=\"itemscope\" itemtype=\"https:\/\/schema.org\/CreativeWork\" ><div class='avia_textblock'  itemprop=\"text\" ><p><strong>Lutz Kracht &#8211; LUKRA Pumpen e.K.<\/strong><\/p>\n<hr \/>\n<p>Tel.: +49 (0) 23 92 \/ 80 60 3-0<br \/>\nFax: +49 (0) 23 92 \/ 80 60 3-70<br \/>\nMail: info@lukra-pumpen.de<\/p>\n<\/div><\/section><br \/>\n<div  class='avia-button-wrap av-av_button-70e629fb29c121777a632b22be1e16c3-wrap avia-button-left '><a href='https:\/\/lukra-pumpen.de\/callback\/'  class='avia-button av-av_button-70e629fb29c121777a632b22be1e16c3 av-link-btn avia-icon_select-no avia-size-small avia-position-left avia-color-theme-color'   aria-label=\"Callback\"><span class='avia_iconbox_title' >Callback<\/span><\/a><\/div><br \/>\n<div  class='avia-button-wrap av-av_button-56f22a133c3f799336e6c63fe8571e91-wrap avia-button-left '><a href='https:\/\/lukra-pumpen.de\/direkt-anfrage\/'  class='avia-button av-av_button-56f22a133c3f799336e6c63fe8571e91 av-link-btn avia-icon_select-no avia-size-small avia-position-left avia-color-theme-color'   aria-label=\"DIREKT-ANFRAGE\"><span class='avia_iconbox_title' >DIREKT-ANFRAGE<\/span><\/a><\/div><\/p><\/div>\n<style type=\"text\/css\" data-created_by=\"avia_inline_auto\" id=\"style-css-av-av_one_half-c8fc129dc35fd1ae2a1e410224d39ea8\">\n.flex_column.av-av_one_half-c8fc129dc35fd1ae2a1e410224d39ea8{\nborder-radius:0px 0px 0px 0px;\npadding:0px 0px 0px 0px;\n}\n<\/style>\n<div  class='flex_column av-av_one_half-c8fc129dc35fd1ae2a1e410224d39ea8 av_one_half flex_column_div av-zero-column-padding  '     ><form action=\"https:\/\/lukra-pumpen.de\/fr\/druckerhoehungsanlage-2\/\" method=\"post\" data-fields-with-error=\"Erreurs trouv\u00e9es dans les champs suivants :\" class=\"avia_ajax_form av-form-labels-visible    \" data-avia-form-id=\"2\" data-avia-redirect='' ><h3 class=''>Anfragen<\/h3><fieldset><p class='  first_form  form_element form_element_half' id='element_avia_1_2'><label for=\"avia_1_2\">Name <abbr class=\"required\" title=\"requis(e)\">*<\/abbr><\/label> <input name=\"avia_1_2\" class=\"text_input is_empty\" type=\"text\" id=\"avia_1_2\" value=\"\" \/><\/p><p class='  form_element form_element_half' id='element_avia_2_2'><label for=\"avia_2_2\">E-Mail <abbr class=\"required\" title=\"requis(e)\">*<\/abbr><\/label> <input name=\"avia_2_2\" class=\"text_input is_email\" type=\"text\" id=\"avia_2_2\" value=\"\" \/><\/p><p class='  first_form  form_element form_fullwidth' id='element_avia_3_2'><label for=\"avia_3_2\">Betreff <abbr class=\"required\" title=\"requis(e)\">*<\/abbr><\/label> <input name=\"avia_3_2\" class=\"text_input is_empty\" type=\"text\" id=\"avia_3_2\" value=\"\" \/><\/p><p class='  first_form  form_element form_fullwidth av-last-visible-form-element' id='element_avia_4_2'><label for=\"avia_4_2\" class=\"textare_label hidden textare_label_avia_4_2\">Nachricht <abbr class=\"required\" title=\"requis(e)\">*<\/abbr><\/label><textarea  name=\"avia_4_2\" class=\"text_area is_empty\" cols=\"40\" rows=\"7\" id=\"avia_4_2\" ><\/textarea><\/p><p class=\"hidden\"><input type=\"text\" name=\"avia_5_2\" class=\"hidden \" id=\"avia_5_2\" value=\"\" \/><\/p><p class=\"form_element \"><input type=\"hidden\" value=\"1\" name=\"avia_generated_form2\" \/><input type=\"submit\" value=\"Senden\" class=\"button\"  data-sending-label=\"Envoi\"\/><\/p><\/fieldset><\/form><div id=\"ajaxresponse_2\" class=\"ajaxresponse ajaxresponse_2 hidden\"><\/div><\/div><\/p>\n\n<style type=\"text\/css\" data-created_by=\"avia_inline_auto\" id=\"style-css-av-av_one_full-15d750bd1b332b34c6e70b077ebbccdf\">\n.flex_column.av-av_one_full-15d750bd1b332b34c6e70b077ebbccdf{\nborder-radius:0px 0px 0px 0px;\npadding:0px 0px 0px 0px;\n}\n<\/style>\n<div  class='flex_column av-av_one_full-15d750bd1b332b34c6e70b077ebbccdf av_one_full first flex_column_div av-zero-column-padding  '     ><section  class='av_textblock_section av-av_textblock-2de302bf1aa3cf4c9157dbe6f50ac7eb '   itemscope=\"itemscope\" itemtype=\"https:\/\/schema.org\/CreativeWork\" ><div class='avia_textblock'  itemprop=\"text\" ><h2><strong>DIE UNTERSCHIEDLICHEN TYPEN DER DRUCKERH\u00d6HUNGSANLAGE<\/strong><\/h2>\n<p>In\u00a0einem Geb\u00e4ude: Es\u00a0gibt Geb\u00e4ude, in\u00a0denen der Druck der kommunalen Wasserversorgung nicht ausreicht, auch die h\u00f6heren Etagen mit einem konstanten Wasserdruck zu\u00a0versorgen. Dann hilft eine Druckerh\u00f6hungsanlage. Damit bei allen Hausbewohnern das Wasser mit ausreichendem Druck aus der Leitung flie\u00dft, wird die Anlage vor dem ersten Verbraucher eingebaut. Die Druckerh\u00f6hungsanlage schaltet die bis zu\u00a0acht Pumpen vollautomatisch nach Bedarf ein und aus und regelt somit den Wasserdruck konstant auf den gew\u00fcnschten Wert in\u00a0den Versorgungsleitungen.<\/p>\n<p>Im\u00a0Wasserleitungsnetz: Reicht der Druck in\u00a0der kommunalen Wasserversorgung nicht aus oder m\u00fcssen gro\u00dfe H\u00f6henunterschiede innerhalb des Netzes \u00fcberwunden werden, kann eine Druckerh\u00f6hungsanlage die F\u00f6rderh\u00f6he im\u00a0Netz erh\u00f6hen.<\/p>\n<p>F\u00fcr L\u00f6schwassereinrichtungen: Brennt es\u00a0in\u00a0einem \u00f6ffentlichen Geb\u00e4ude, m\u00fcssen die Wandhydranten auch dann einen Druck von mindestens drei Bar aufweisen, wenn gleichzeitig an\u00a0drei Hydranten Wasser entnommen wird. Der Ruhedruck darf 12\u00a0bar nicht \u00fcberschreiten, schreibt die DIN 14462 \u00bbL\u00f6schwassereinrichtungen\u00ab vor. Diese Anforderungen werden mit unseren vollautomatischen Druckerh\u00f6hungsanlagen sicher erreicht.<\/p>\n<\/div><\/section><\/div>\n<p>\n<style type=\"text\/css\" data-created_by=\"avia_inline_auto\" id=\"style-css-av-av_one_full-15d750bd1b332b34c6e70b077ebbccdf\">\n.flex_column.av-av_one_full-15d750bd1b332b34c6e70b077ebbccdf{\nborder-radius:0px 0px 0px 0px;\npadding:0px 0px 0px 0px;\n}\n<\/style>\n<div  class='flex_column av-av_one_full-15d750bd1b332b34c6e70b077ebbccdf av_one_full first flex_column_div av-zero-column-padding  '     ><section  class='av_textblock_section av-av_textblock-2de302bf1aa3cf4c9157dbe6f50ac7eb '   itemscope=\"itemscope\" itemtype=\"https:\/\/schema.org\/CreativeWork\" ><div class='avia_textblock'  itemprop=\"text\" ><h3><strong>DIE ARBEITSWEISE DER DRUCKERH\u00d6HUNGSANLAGE<\/strong><\/h3>\n<p>In\u00a0einer Druckerh\u00f6hungsanlage sorgen bis maximal acht Pumpen f\u00fcr einen konstanten F\u00f6rderdruck bei schwankenden F\u00f6rdermengen. Bei einer modernen Druckerh\u00f6hungsanlage erfolgt die Steuerung und Drehzahlregelung durch einen Micro Controller mit angebautem Frequenzumrichter, unsere Drehzahlreglung ist zudem MODBUS-f\u00e4hig. In\u00a0dieser Regelung ist ein mehrfacher Schutz f\u00fcr die Pumpen und die Motoren enthalten. Damit die Pumpen gleichm\u00e4\u00dfig abgenutzt werden, arbeiten sie im\u00a0Wechsel, in\u00a0den selbst die Master Pumpe eingebunden ist. Wird ein h\u00f6herer Druck ben\u00f6tigt, werden alle Pumpen zusammengeschaltet und arbeiten gleichzeitig.<\/p>\n<h3><strong>DAS WARTUNGSINTERVALL DER DRUCKERH\u00d6HUNGSANLAGE<\/strong><\/h3>\n<p>Soll eine Druckerh\u00f6hungsanlage in\u00a0einem Geb\u00e4ude eingebaut werden, ist daf\u00fcr die Genehmigung des \u00f6rtlichen Wasserversorgers einzuholen. Da\u00a0s\u00e4mtliche Bauteile mechanisch stark beansprucht werden, sollten sie jedes halbe Jahr, mindestens aber jedes Jahr einer Wartung unterzogen werden. Sorgt eine Druckerh\u00f6hungsanlage in\u00a0einem \u00f6ffentlichen Geb\u00e4ude f\u00fcr den n\u00f6tigen Druck der Wandhydranten, ist die halbj\u00e4hrliche Wartung vorgeschrieben.<\/p>\n<h3><strong>WAS MODERNE DRUCKERH\u00d6HUNGSANLAGEN LEISTEN<\/strong><\/h3>\n<p>Jede Druckerh\u00f6hungsanlage l\u00e4sst sich nicht nur auf Volumen-Durchfluss, sondern auch nach anderen Stellgr\u00f6\u00dfen wie Temperatur oder Wasserstand regeln. Die Regelung l\u00e4sst eine Kommunikation mit einem \u00fcbergeordneten Leitstand zu. Wird die Druckerh\u00f6hungsanlage gerade nicht gebraucht, werden die Pumpen gestoppt. Bei Wassermangel, \u00dcberschreitung der zul\u00e4ssigen F\u00f6rdermenge, \u00dcber- oder Unterspannung, \u00dcberlast und Erdungsfehlern wird eine Alarmmeldung angezeigt und an\u00a0einem potenzialfreien Meldekontakt ausgegeben. Da\u00a0die Regelung die Pumpen nach tats\u00e4chlichem Bedarf steuert, sparen sie signifikant Energie.<\/p>\n<\/div><\/section><\/div><\/p>","protected":false},"excerpt":{"rendered":"","protected":false},"author":1,"featured_media":0,"parent":0,"menu_order":0,"comment_status":"closed","ping_status":"closed","template":"","meta":{"footnotes":""},"class_list":["post-1631","page","type-page","status-publish","hentry"],"yoast_head":"<!-- This site is optimized with the Yoast SEO plugin v27.3 - https:\/\/yoast.com\/product\/yoast-seo-wordpress\/ -->\n<title>Die Druckerh\u00f6hungsanlage h\u00e4lt den Druck konstant<\/title>\n<meta name=\"description\" content=\"Die Druckerh\u00f6hungsanlage sorgt f\u00fcr ausreichend Druck und Wasser, auch in hohen und weit verzweigten Leitungsnetzen \u21d2 LURKA Pumpen - sicher versorgt \u2714\" \/>\n<meta name=\"robots\" content=\"index, follow, max-snippet:-1, max-image-preview:large, max-video-preview:-1\" \/>\n<link rel=\"canonical\" href=\"https:\/\/lukra-pumpen.de\/fr\/druckerhoehungsanlage-2\/\" \/>\n<meta property=\"og:locale\" content=\"fr_FR\" \/>\n<meta property=\"og:type\" content=\"article\" \/>\n<meta property=\"og:title\" content=\"Die Druckerh\u00f6hungsanlage h\u00e4lt den Druck konstant\" \/>\n<meta property=\"og:description\" content=\"Die Druckerh\u00f6hungsanlage sorgt f\u00fcr ausreichend Druck und Wasser, auch in hohen und weit verzweigten Leitungsnetzen \u21d2 LURKA Pumpen - sicher versorgt \u2714\" \/>\n<meta property=\"og:url\" content=\"https:\/\/lukra-pumpen.de\/fr\/druckerhoehungsanlage-2\/\" \/>\n<meta property=\"og:site_name\" content=\"LUKRA Pumpen\" \/>\n<meta property=\"article:modified_time\" content=\"2018-11-05T15:58:11+00:00\" \/>\n<meta name=\"twitter:card\" content=\"summary_large_image\" \/>\n<meta name=\"twitter:label1\" content=\"Dur\u00e9e de lecture estim\u00e9e\" \/>\n\t<meta name=\"twitter:data1\" content=\"16 minutes\" \/>\n<script type=\"application\/ld+json\" class=\"yoast-schema-graph\">{\"@context\":\"https:\\\/\\\/schema.org\",\"@graph\":[{\"@type\":\"WebPage\",\"@id\":\"https:\\\/\\\/lukra-pumpen.de\\\/fr\\\/druckerhoehungsanlage-2\\\/\",\"url\":\"https:\\\/\\\/lukra-pumpen.de\\\/fr\\\/druckerhoehungsanlage-2\\\/\",\"name\":\"Die Druckerh\u00f6hungsanlage h\u00e4lt den Druck konstant\",\"isPartOf\":{\"@id\":\"https:\\\/\\\/lukra-pumpen.de\\\/fr\\\/#website\"},\"datePublished\":\"2018-03-19T14:03:48+00:00\",\"dateModified\":\"2018-11-05T15:58:11+00:00\",\"description\":\"Die Druckerh\u00f6hungsanlage sorgt f\u00fcr ausreichend Druck und Wasser, auch in hohen und weit verzweigten Leitungsnetzen \u21d2 LURKA Pumpen - sicher versorgt \u2714\",\"breadcrumb\":{\"@id\":\"https:\\\/\\\/lukra-pumpen.de\\\/fr\\\/druckerhoehungsanlage-2\\\/#breadcrumb\"},\"inLanguage\":\"fr-FR\",\"potentialAction\":[{\"@type\":\"ReadAction\",\"target\":[[\"https:\\\/\\\/lukra-pumpen.de\\\/fr\\\/druckerhoehungsanlage-2\\\/\"]]}]},{\"@type\":\"BreadcrumbList\",\"@id\":\"https:\\\/\\\/lukra-pumpen.de\\\/fr\\\/druckerhoehungsanlage-2\\\/#breadcrumb\",\"itemListElement\":[{\"@type\":\"ListItem\",\"position\":1,\"name\":\"Startseite\",\"item\":\"https:\\\/\\\/lukra-pumpen.de\\\/fr\\\/home\\\/\"},{\"@type\":\"ListItem\",\"position\":2,\"name\":\"Druckerhoehungsanlage\"}]},{\"@type\":\"WebSite\",\"@id\":\"https:\\\/\\\/lukra-pumpen.de\\\/fr\\\/#website\",\"url\":\"https:\\\/\\\/lukra-pumpen.de\\\/fr\\\/\",\"name\":\"LUKRA Pumpen\",\"description\":\"Fluid in Motion\",\"potentialAction\":[{\"@type\":\"SearchAction\",\"target\":{\"@type\":\"EntryPoint\",\"urlTemplate\":\"https:\\\/\\\/lukra-pumpen.de\\\/fr\\\/?s={search_term_string}\"},\"query-input\":{\"@type\":\"PropertyValueSpecification\",\"valueRequired\":true,\"valueName\":\"search_term_string\"}}],\"inLanguage\":\"fr-FR\"}]}<\/script>\n<!-- \/ Yoast SEO plugin. -->","yoast_head_json":{"title":"Die Druckerh\u00f6hungsanlage h\u00e4lt den Druck konstant","description":"Die Druckerh\u00f6hungsanlage sorgt f\u00fcr ausreichend Druck und Wasser, auch in hohen und weit verzweigten Leitungsnetzen \u21d2 LURKA Pumpen - sicher versorgt \u2714","robots":{"index":"index","follow":"follow","max-snippet":"max-snippet:-1","max-image-preview":"max-image-preview:large","max-video-preview":"max-video-preview:-1"},"canonical":"https:\/\/lukra-pumpen.de\/fr\/druckerhoehungsanlage-2\/","og_locale":"fr_FR","og_type":"article","og_title":"Die Druckerh\u00f6hungsanlage h\u00e4lt den Druck konstant","og_description":"Die Druckerh\u00f6hungsanlage sorgt f\u00fcr ausreichend Druck und Wasser, auch in hohen und weit verzweigten Leitungsnetzen \u21d2 LURKA Pumpen - sicher versorgt \u2714","og_url":"https:\/\/lukra-pumpen.de\/fr\/druckerhoehungsanlage-2\/","og_site_name":"LUKRA Pumpen","article_modified_time":"2018-11-05T15:58:11+00:00","twitter_card":"summary_large_image","twitter_misc":{"Dur\u00e9e de lecture estim\u00e9e":"16 minutes"},"schema":{"@context":"https:\/\/schema.org","@graph":[{"@type":"WebPage","@id":"https:\/\/lukra-pumpen.de\/fr\/druckerhoehungsanlage-2\/","url":"https:\/\/lukra-pumpen.de\/fr\/druckerhoehungsanlage-2\/","name":"Die Druckerh\u00f6hungsanlage h\u00e4lt den Druck konstant","isPartOf":{"@id":"https:\/\/lukra-pumpen.de\/fr\/#website"},"datePublished":"2018-03-19T14:03:48+00:00","dateModified":"2018-11-05T15:58:11+00:00","description":"Die Druckerh\u00f6hungsanlage sorgt f\u00fcr ausreichend Druck und Wasser, auch in hohen und weit verzweigten Leitungsnetzen \u21d2 LURKA Pumpen - sicher versorgt \u2714","breadcrumb":{"@id":"https:\/\/lukra-pumpen.de\/fr\/druckerhoehungsanlage-2\/#breadcrumb"},"inLanguage":"fr-FR","potentialAction":[{"@type":"ReadAction","target":[["https:\/\/lukra-pumpen.de\/fr\/druckerhoehungsanlage-2\/"]]}]},{"@type":"BreadcrumbList","@id":"https:\/\/lukra-pumpen.de\/fr\/druckerhoehungsanlage-2\/#breadcrumb","itemListElement":[{"@type":"ListItem","position":1,"name":"Startseite","item":"https:\/\/lukra-pumpen.de\/fr\/home\/"},{"@type":"ListItem","position":2,"name":"Druckerhoehungsanlage"}]},{"@type":"WebSite","@id":"https:\/\/lukra-pumpen.de\/fr\/#website","url":"https:\/\/lukra-pumpen.de\/fr\/","name":"LUKRA Pumpen","description":"Fluid in Motion","potentialAction":[{"@type":"SearchAction","target":{"@type":"EntryPoint","urlTemplate":"https:\/\/lukra-pumpen.de\/fr\/?s={search_term_string}"},"query-input":{"@type":"PropertyValueSpecification","valueRequired":true,"valueName":"search_term_string"}}],"inLanguage":"fr-FR"}]}},"_links":{"self":[{"href":"https:\/\/lukra-pumpen.de\/fr\/wp-json\/wp\/v2\/pages\/1631","targetHints":{"allow":["GET"]}}],"collection":[{"href":"https:\/\/lukra-pumpen.de\/fr\/wp-json\/wp\/v2\/pages"}],"about":[{"href":"https:\/\/lukra-pumpen.de\/fr\/wp-json\/wp\/v2\/types\/page"}],"author":[{"embeddable":true,"href":"https:\/\/lukra-pumpen.de\/fr\/wp-json\/wp\/v2\/users\/1"}],"replies":[{"embeddable":true,"href":"https:\/\/lukra-pumpen.de\/fr\/wp-json\/wp\/v2\/comments?post=1631"}],"version-history":[{"count":7,"href":"https:\/\/lukra-pumpen.de\/fr\/wp-json\/wp\/v2\/pages\/1631\/revisions"}],"predecessor-version":[{"id":2714,"href":"https:\/\/lukra-pumpen.de\/fr\/wp-json\/wp\/v2\/pages\/1631\/revisions\/2714"}],"wp:attachment":[{"href":"https:\/\/lukra-pumpen.de\/fr\/wp-json\/wp\/v2\/media?parent=1631"}],"curies":[{"name":"wp","href":"https:\/\/api.w.org\/{rel}","templated":true}]}}