{"id":1643,"date":"2018-03-19T14:13:25","date_gmt":"2018-03-19T14:13:25","guid":{"rendered":"http:\/\/kracht-lutz-lukra-pumpen.de\/?page_id=1643"},"modified":"2018-07-25T12:14:19","modified_gmt":"2018-07-25T11:14:19","slug":"fasspumpe","status":"publish","type":"page","link":"https:\/\/lukra-pumpen.de\/fr\/fasspumpe\/","title":{"rendered":"Fasspumpe"},"content":{"rendered":"<p>\n<style type=\"text\/css\" data-created_by=\"avia_inline_auto\" id=\"style-css-av-av_one_full-15d750bd1b332b34c6e70b077ebbccdf\">\n.flex_column.av-av_one_full-15d750bd1b332b34c6e70b077ebbccdf{\nborder-radius:0px 0px 0px 0px;\npadding:0px 0px 0px 0px;\n}\n<\/style>\n<div  class='flex_column av-av_one_full-15d750bd1b332b34c6e70b077ebbccdf av_one_full first flex_column_div av-zero-column-padding  '     ><section  class='av_textblock_section av-av_textblock-2de302bf1aa3cf4c9157dbe6f50ac7eb '   itemscope=\"itemscope\" itemtype=\"https:\/\/schema.org\/CreativeWork\" ><div class='avia_textblock'  itemprop=\"text\" ><h1>Fasspumpe<\/h1>\n<p>Bei einer Fasspumpe handelt es\u00a0sich um\u00a0eine spezielle Pumpe, die zum sicheren Ab- und Umf\u00fcllen sowie zum Mischen von Fl\u00fcssigkeiten aus F\u00e4ssern oder IBC-Containern dient. Dabei k\u00f6nnen die Eigenschaften der jeweiligen Fl\u00fcssigkeit weit variieren: Sie k\u00f6nnen neutral oder aggressiv, nicht-brennbar oder leicht entz\u00fcndlich, sauber oder verunreinigt sowie d\u00fcnnfl\u00fcssig oder leicht viskos sein. Eine Fasspumpe wird eingesetzt, um\u00a0Fl\u00fcssigkeiten, die sich sowohl in\u00a0station\u00e4ren als auch in\u00a0ortsbeweglichen Gebinden unterschiedlicher Gr\u00f6\u00dfe befinden, ab- oder umzuf\u00fcllen. Daneben kann eine Fasspumpe auch verwendet werden, um\u00a0Medien aus F\u00e4ssern zu\u00a0mischen. Sollten aggressive oder leicht entz\u00fcndliche Fl\u00fcssigkeiten ab- oder umgef\u00fcllt werden, eignet sich eine Fasspumpe mit einem Edelstahl-Pumpwerk in\u00a0der Regel am\u00a0besten.<\/p>\n<\/div><\/section><\/div><\/p>\n\n<style type=\"text\/css\" data-created_by=\"avia_inline_auto\" id=\"style-css-av-av_one_half-15d750bd1b332b34c6e70b077ebbccdf\">\n.flex_column.av-av_one_half-15d750bd1b332b34c6e70b077ebbccdf{\nborder-radius:0px 0px 0px 0px;\npadding:0px 0px 0px 0px;\n}\n<\/style>\n<div  class='flex_column av-av_one_half-15d750bd1b332b34c6e70b077ebbccdf av_one_half first flex_column_div av-zero-column-padding  '     ><p>\n<style type=\"text\/css\" data-created_by=\"avia_inline_auto\" id=\"style-css-av-av_textblock-c09fac0dabe4d96e7430e6715062a98a\">\n#top .av_textblock_section.av-av_textblock-c09fac0dabe4d96e7430e6715062a98a .avia_textblock{\nfont-size:12px;\n}\n<\/style>\n<section  class='av_textblock_section av-av_textblock-c09fac0dabe4d96e7430e6715062a98a '   itemscope=\"itemscope\" itemtype=\"https:\/\/schema.org\/CreativeWork\" ><div class='avia_textblock'  itemprop=\"text\" ><p><strong>Lutz Kracht &#8211; LUKRA Pumpen e.K.<\/strong><\/p>\n<hr \/>\n<p>Tel.: +49 (0) 23 92 \/ 80 60 3-0<br \/>\nFax: +49 (0) 23 92 \/ 80 60 3-70<br \/>\nMail: info@lukra-pumpen.de<\/p>\n<\/div><\/section><br \/>\n<div  class='avia-button-wrap av-av_button-70e629fb29c121777a632b22be1e16c3-wrap avia-button-left '><a href='https:\/\/lukra-pumpen.de\/callback\/'  class='avia-button av-av_button-70e629fb29c121777a632b22be1e16c3 av-link-btn avia-icon_select-no avia-size-small avia-position-left avia-color-theme-color'   aria-label=\"Callback\"><span class='avia_iconbox_title' >Callback<\/span><\/a><\/div><br \/>\n<div  class='avia-button-wrap av-av_button-56f22a133c3f799336e6c63fe8571e91-wrap avia-button-left '><a href='https:\/\/lukra-pumpen.de\/direkt-anfrage\/'  class='avia-button av-av_button-56f22a133c3f799336e6c63fe8571e91 av-link-btn avia-icon_select-no avia-size-small avia-position-left avia-color-theme-color'   aria-label=\"DIREKT-ANFRAGE\"><span class='avia_iconbox_title' >DIREKT-ANFRAGE<\/span><\/a><\/div><\/p><\/div>\n<style type=\"text\/css\" data-created_by=\"avia_inline_auto\" id=\"style-css-av-av_one_half-c8fc129dc35fd1ae2a1e410224d39ea8\">\n.flex_column.av-av_one_half-c8fc129dc35fd1ae2a1e410224d39ea8{\nborder-radius:0px 0px 0px 0px;\npadding:0px 0px 0px 0px;\n}\n<\/style>\n<div  class='flex_column av-av_one_half-c8fc129dc35fd1ae2a1e410224d39ea8 av_one_half flex_column_div av-zero-column-padding  '     ><form action=\"https:\/\/lukra-pumpen.de\/fr\/fasspumpe\/\" method=\"post\" data-fields-with-error=\"Erreurs trouv\u00e9es dans les champs suivants :\" class=\"avia_ajax_form av-form-labels-visible    \" data-avia-form-id=\"2\" data-avia-redirect='' ><h3 class=''>Anfragen<\/h3><fieldset><p class='  first_form  form_element form_element_half' id='element_avia_1_2'><label for=\"avia_1_2\">Name <abbr class=\"required\" title=\"requis(e)\">*<\/abbr><\/label> <input name=\"avia_1_2\" class=\"text_input is_empty\" type=\"text\" id=\"avia_1_2\" value=\"\" \/><\/p><p class='  form_element form_element_half' id='element_avia_2_2'><label for=\"avia_2_2\">E-Mail <abbr class=\"required\" title=\"requis(e)\">*<\/abbr><\/label> <input name=\"avia_2_2\" class=\"text_input is_email\" type=\"text\" id=\"avia_2_2\" value=\"\" \/><\/p><p class='  first_form  form_element form_fullwidth' id='element_avia_3_2'><label for=\"avia_3_2\">Betreff <abbr class=\"required\" title=\"requis(e)\">*<\/abbr><\/label> <input name=\"avia_3_2\" class=\"text_input is_empty\" type=\"text\" id=\"avia_3_2\" value=\"\" \/><\/p><p class='  first_form  form_element form_fullwidth av-last-visible-form-element' id='element_avia_4_2'><label for=\"avia_4_2\" class=\"textare_label hidden textare_label_avia_4_2\">Nachricht <abbr class=\"required\" title=\"requis(e)\">*<\/abbr><\/label><textarea  name=\"avia_4_2\" class=\"text_area is_empty\" cols=\"40\" rows=\"7\" id=\"avia_4_2\" ><\/textarea><\/p><p class=\"hidden\"><input type=\"text\" name=\"avia_5_2\" class=\"hidden \" id=\"avia_5_2\" value=\"\" \/><\/p><p class=\"form_element \"><input type=\"hidden\" value=\"1\" name=\"avia_generated_form2\" \/><input type=\"submit\" value=\"Senden\" class=\"button\"  data-sending-label=\"Envoi\"\/><\/p><\/fieldset><\/form><div id=\"ajaxresponse_2\" class=\"ajaxresponse ajaxresponse_2 hidden\"><\/div><\/div><\/p>\n\n<style type=\"text\/css\" data-created_by=\"avia_inline_auto\" id=\"style-css-av-av_one_full-15d750bd1b332b34c6e70b077ebbccdf\">\n.flex_column.av-av_one_full-15d750bd1b332b34c6e70b077ebbccdf{\nborder-radius:0px 0px 0px 0px;\npadding:0px 0px 0px 0px;\n}\n<\/style>\n<div  class='flex_column av-av_one_full-15d750bd1b332b34c6e70b077ebbccdf av_one_full first flex_column_div av-zero-column-padding  '     ><section  class='av_textblock_section av-av_textblock-2de302bf1aa3cf4c9157dbe6f50ac7eb '   itemscope=\"itemscope\" itemtype=\"https:\/\/schema.org\/CreativeWork\" ><div class='avia_textblock'  itemprop=\"text\" ><h2><strong>DER AUFBAU VON DER FASSPUMPE<\/strong><\/h2>\n<p>Eine Fasspumpe hat einen modularen Aufbau und wird entweder mithilfe eines Elektro- oder aber eines Druckluftmotors angetrieben. Fasspumpen dienen zum Umpumpen von kleinen bis mittleren Mengen von Fl\u00fcssigkeiten aus Tanks, F\u00e4ssern oder Beh\u00e4ltern.<\/p>\n<p>Im\u00a0Allgemeinen besteht eine Fasspumpe aus einem Motor mit Anschlusskabel mit einem Stecker und einem Pumpwerk. \u00dcber eine elastische Kupplung wird die Drehbewegung der Motorwelle auf die Pumpenwelle \u00fcbertragen.<\/p>\n<p>Das rohrf\u00f6rmige Pumpwerk, welches unten vor der Ansaug\u00f6ffnung ein Pumpenlaufrad hat, wird an\u00a0den Motorkopf angekuppelt. Dar\u00fcber hinaus werden Pumpwerk und Motorkopf an\u00a0den Kupplungsteilen zusammengesteckt und mithilfe eines Handrades fest miteinander verbunden, sodass die Fasspumpe in\u00a0Betrieb genommen werden kann.<\/p>\n<p>Grunds\u00e4tzlich f\u00f6rdern Fasspumpen mit einem geringen Ausgangsdruck. Eine Fasspumpe eignet sich nicht, um\u00a0lange F\u00f6rderstrecken zu\u00a0\u00fcberwinden oder gro\u00dfe H\u00f6henunterschiede zu\u00a0\u00fcberbr\u00fccken. Zudem gilt es\u00a0zu\u00a0beachten, dass eine Fasspumpe zum F\u00f6rdern von verschmutzten Fl\u00fcssigkeiten sinnvollerweise an\u00a0der Eingangsseite des Pumpwerks mit einem geeigneten Sieb ausgestattet wird.<\/p>\n<p>In\u00a0unserem Sortiment finden Sie Fasspumpen f\u00fcr 200 Liter F\u00e4sser mit einer Eintauchtiefe von 1000\u00a0mm ebenso wie Fasspumpen f\u00fcr IBC-Container mit einer Eintauchtiefe von 1200\u00a0mm. F\u00fcr zahlreiche Fasspumpentypen sind auch andere Tauchtiefen m\u00f6glich.<\/p>\n<\/div><\/section><\/div>\n<p>\n<style type=\"text\/css\" data-created_by=\"avia_inline_auto\" id=\"style-css-av-av_one_full-15d750bd1b332b34c6e70b077ebbccdf\">\n.flex_column.av-av_one_full-15d750bd1b332b34c6e70b077ebbccdf{\nborder-radius:0px 0px 0px 0px;\npadding:0px 0px 0px 0px;\n}\n<\/style>\n<div  class='flex_column av-av_one_full-15d750bd1b332b34c6e70b077ebbccdf av_one_full first flex_column_div av-zero-column-padding  '     ><section  class='av_textblock_section av-av_textblock-2de302bf1aa3cf4c9157dbe6f50ac7eb '   itemscope=\"itemscope\" itemtype=\"https:\/\/schema.org\/CreativeWork\" ><div class='avia_textblock'  itemprop=\"text\" ><h3><strong>DIE FASSPUMPE\u00a0\u2014 WIR SIND IHR KOMPETENTER PARTNER<\/strong><\/h3>\n<p>Sie sind auf der Suche nach eine Fasspumpe f\u00fcr den professionellen Einsatz? Oder ben\u00f6tigen Sie hochwertige Zubeh\u00f6rteile f\u00fcr die Pumpe? Alle von uns angebotenen Fasspumpen sowie das entsprechende Zubeh\u00f6r \u00fcberzeugen durch eine einfache Handhabung, Langlebigkeit und sind sicher im\u00a0Betrieb. Dabei ist es\u00a0irrelevant, ob\u00a0Sie die Pumpe im\u00a0rauen Industriealltag oder im\u00a0privaten Bereich einsetzen m\u00f6chten. Auf unserer Webseite finden Sie neben professionellen Fasspumpen auch qualitativ hochwertiges Zubeh\u00f6r, das perfekt auf die jeweilige Fasspumpe abgestimmt ist.<\/p>\n<p>Sollten Sie Fragen zu\u00a0einer bestimmten Fasspumpe sowie Zubeh\u00f6rteilen aus unserem Angebot haben oder n\u00e4here Informationen zu\u00a0den von uns angebotenen Produkten w\u00fcnschen, z\u00f6gern Sie bitte nicht, uns zu\u00a0kontaktieren. Unser kompetentes Team steht Ihnen gerne mit Rat und Tat zur Seite.<\/p>\n<\/div><\/section><\/div><\/p>","protected":false},"excerpt":{"rendered":"","protected":false},"author":1,"featured_media":0,"parent":0,"menu_order":0,"comment_status":"closed","ping_status":"closed","template":"","meta":{"footnotes":""},"class_list":["post-1643","page","type-page","status-publish","hentry"],"_links":{"self":[{"href":"https:\/\/lukra-pumpen.de\/fr\/wp-json\/wp\/v2\/pages\/1643","targetHints":{"allow":["GET"]}}],"collection":[{"href":"https:\/\/lukra-pumpen.de\/fr\/wp-json\/wp\/v2\/pages"}],"about":[{"href":"https:\/\/lukra-pumpen.de\/fr\/wp-json\/wp\/v2\/types\/page"}],"author":[{"embeddable":true,"href":"https:\/\/lukra-pumpen.de\/fr\/wp-json\/wp\/v2\/users\/1"}],"replies":[{"embeddable":true,"href":"https:\/\/lukra-pumpen.de\/fr\/wp-json\/wp\/v2\/comments?post=1643"}],"version-history":[{"count":14,"href":"https:\/\/lukra-pumpen.de\/fr\/wp-json\/wp\/v2\/pages\/1643\/revisions"}],"predecessor-version":[{"id":2596,"href":"https:\/\/lukra-pumpen.de\/fr\/wp-json\/wp\/v2\/pages\/1643\/revisions\/2596"}],"wp:attachment":[{"href":"https:\/\/lukra-pumpen.de\/fr\/wp-json\/wp\/v2\/media?parent=1643"}],"curies":[{"name":"wp","href":"https:\/\/api.w.org\/{rel}","templated":true}]}}