{"id":1651,"date":"2018-03-19T14:18:45","date_gmt":"2018-03-19T13:18:45","guid":{"rendered":"http:\/\/kracht-lutz-lukra-pumpen.de\/?page_id=1651"},"modified":"2018-07-25T12:15:03","modified_gmt":"2018-07-25T11:15:03","slug":"mehrstufige-pumpe","status":"publish","type":"page","link":"https:\/\/lukra-pumpen.de\/fr\/mehrstufige-pumpe\/","title":{"rendered":"Mehrstufige Pumpe"},"content":{"rendered":"<p>\n<style type=\"text\/css\" data-created_by=\"avia_inline_auto\" id=\"style-css-av-av_one_full-15d750bd1b332b34c6e70b077ebbccdf\">\n.flex_column.av-av_one_full-15d750bd1b332b34c6e70b077ebbccdf{\nborder-radius:0px 0px 0px 0px;\npadding:0px 0px 0px 0px;\n}\n<\/style>\n<div  class='flex_column av-av_one_full-15d750bd1b332b34c6e70b077ebbccdf av_one_full first flex_column_div av-zero-column-padding  '     ><section  class='av_textblock_section av-av_textblock-2de302bf1aa3cf4c9157dbe6f50ac7eb '   itemscope=\"itemscope\" itemtype=\"https:\/\/schema.org\/CreativeWork\" ><div class='avia_textblock'  itemprop=\"text\" ><h1><strong>UNSERE MEHRSTUFIGE PUMPE LIEFERT ERSTKLASSIGE INDUSTRIE QUALIT\u00c4T ZUM FAIREN PREIS<\/strong><\/h1>\n<p>Mehrstufige Pumpen, als K\u00fchlmittelpumpen, dichtungslose Eintauchpumpen, Seitenkanalpumpen und Co.: Erfahrung und fachliches Know-how treffen bei uns aufeinander, um\u00a0Ihnen eine mehrstufige Pumpe liefern zu\u00a0k\u00f6nnen, die wirklich exakt auf Ihre Bed\u00fcrfnisse hin zugeschnitten wurde. Diese k\u00f6nnen wahlweise normalansaugend oder selbstansaugend ausgelegt sein, zudem handelt es\u00a0sich immer um\u00a0bew\u00e4hrte Industriequalit\u00e4t, welche durch Zuverl\u00e4ssigkeit und Langlebigkeit gleicherma\u00dfen zu\u00a0\u00fcberzeugen wei\u00df. Eine erste Auswahl der verf\u00fcgbaren Pumpen sehen Sie bereits hier auf unserer Webseite, \u00fcber diese Sie auch sofort eine Direktanfrage mit Ihren individuellen Anforderungen an\u00a0uns \u00fcbermitteln k\u00f6nnen.<\/p>\n<\/div><\/section><\/div><\/p>\n\n<style type=\"text\/css\" data-created_by=\"avia_inline_auto\" id=\"style-css-av-av_one_half-15d750bd1b332b34c6e70b077ebbccdf\">\n.flex_column.av-av_one_half-15d750bd1b332b34c6e70b077ebbccdf{\nborder-radius:0px 0px 0px 0px;\npadding:0px 0px 0px 0px;\n}\n<\/style>\n<div  class='flex_column av-av_one_half-15d750bd1b332b34c6e70b077ebbccdf av_one_half first flex_column_div av-zero-column-padding  '     ><p>\n<style type=\"text\/css\" data-created_by=\"avia_inline_auto\" id=\"style-css-av-av_textblock-c09fac0dabe4d96e7430e6715062a98a\">\n#top .av_textblock_section.av-av_textblock-c09fac0dabe4d96e7430e6715062a98a .avia_textblock{\nfont-size:12px;\n}\n<\/style>\n<section  class='av_textblock_section av-av_textblock-c09fac0dabe4d96e7430e6715062a98a '   itemscope=\"itemscope\" itemtype=\"https:\/\/schema.org\/CreativeWork\" ><div class='avia_textblock'  itemprop=\"text\" ><p><strong>Lutz Kracht &#8211; LUKRA Pumpen e.K.<\/strong><\/p>\n<hr \/>\n<p>Tel.: +49 (0) 23 92 \/ 80 60 3-0<br \/>\nFax: +49 (0) 23 92 \/ 80 60 3-70<br \/>\nMail: info@lukra-pumpen.de<\/p>\n<\/div><\/section><br \/>\n<div  class='avia-button-wrap av-av_button-70e629fb29c121777a632b22be1e16c3-wrap avia-button-left '><a href='https:\/\/lukra-pumpen.de\/callback\/'  class='avia-button av-av_button-70e629fb29c121777a632b22be1e16c3 av-link-btn avia-icon_select-no avia-size-small avia-position-left avia-color-theme-color'   aria-label=\"Callback\"><span class='avia_iconbox_title' >Callback<\/span><\/a><\/div><br \/>\n<div  class='avia-button-wrap av-av_button-56f22a133c3f799336e6c63fe8571e91-wrap avia-button-left '><a href='https:\/\/lukra-pumpen.de\/direkt-anfrage\/'  class='avia-button av-av_button-56f22a133c3f799336e6c63fe8571e91 av-link-btn avia-icon_select-no avia-size-small avia-position-left avia-color-theme-color'   aria-label=\"DIREKT-ANFRAGE\"><span class='avia_iconbox_title' >DIREKT-ANFRAGE<\/span><\/a><\/div><\/p><\/div>\n<style type=\"text\/css\" data-created_by=\"avia_inline_auto\" id=\"style-css-av-av_one_half-c8fc129dc35fd1ae2a1e410224d39ea8\">\n.flex_column.av-av_one_half-c8fc129dc35fd1ae2a1e410224d39ea8{\nborder-radius:0px 0px 0px 0px;\npadding:0px 0px 0px 0px;\n}\n<\/style>\n<div  class='flex_column av-av_one_half-c8fc129dc35fd1ae2a1e410224d39ea8 av_one_half flex_column_div av-zero-column-padding  '     ><form action=\"https:\/\/lukra-pumpen.de\/fr\/mehrstufige-pumpe\/\" method=\"post\" data-fields-with-error=\"Erreurs trouv\u00e9es dans les champs suivants :\" class=\"avia_ajax_form av-form-labels-visible    \" data-avia-form-id=\"2\" data-avia-redirect='' ><h3 class=''>Anfragen<\/h3><fieldset><p class='  first_form  form_element form_element_half' id='element_avia_1_2'><label for=\"avia_1_2\">Name <abbr class=\"required\" title=\"requis(e)\">*<\/abbr><\/label> <input name=\"avia_1_2\" class=\"text_input is_empty\" type=\"text\" id=\"avia_1_2\" value=\"\" \/><\/p><p class='  form_element form_element_half' id='element_avia_2_2'><label for=\"avia_2_2\">E-Mail <abbr class=\"required\" title=\"requis(e)\">*<\/abbr><\/label> <input name=\"avia_2_2\" class=\"text_input is_email\" type=\"text\" id=\"avia_2_2\" value=\"\" \/><\/p><p class='  first_form  form_element form_fullwidth' id='element_avia_3_2'><label for=\"avia_3_2\">Betreff <abbr class=\"required\" title=\"requis(e)\">*<\/abbr><\/label> <input name=\"avia_3_2\" class=\"text_input is_empty\" type=\"text\" id=\"avia_3_2\" value=\"\" \/><\/p><p class='  first_form  form_element form_fullwidth av-last-visible-form-element' id='element_avia_4_2'><label for=\"avia_4_2\" class=\"textare_label hidden textare_label_avia_4_2\">Nachricht <abbr class=\"required\" title=\"requis(e)\">*<\/abbr><\/label><textarea  name=\"avia_4_2\" class=\"text_area is_empty\" cols=\"40\" rows=\"7\" id=\"avia_4_2\" ><\/textarea><\/p><p class=\"hidden\"><input type=\"text\" name=\"avia_5_2\" class=\"hidden \" id=\"avia_5_2\" value=\"\" \/><\/p><p class=\"form_element \"><input type=\"hidden\" value=\"1\" name=\"avia_generated_form2\" \/><input type=\"submit\" value=\"Senden\" class=\"button\"  data-sending-label=\"Envoi\"\/><\/p><\/fieldset><\/form><div id=\"ajaxresponse_2\" class=\"ajaxresponse ajaxresponse_2 hidden\"><\/div><\/div><\/p>\n\n<style type=\"text\/css\" data-created_by=\"avia_inline_auto\" id=\"style-css-av-av_one_full-15d750bd1b332b34c6e70b077ebbccdf\">\n.flex_column.av-av_one_full-15d750bd1b332b34c6e70b077ebbccdf{\nborder-radius:0px 0px 0px 0px;\npadding:0px 0px 0px 0px;\n}\n<\/style>\n<div  class='flex_column av-av_one_full-15d750bd1b332b34c6e70b077ebbccdf av_one_full first flex_column_div av-zero-column-padding  '     ><section  class='av_textblock_section av-av_textblock-2de302bf1aa3cf4c9157dbe6f50ac7eb '   itemscope=\"itemscope\" itemtype=\"https:\/\/schema.org\/CreativeWork\" ><div class='avia_textblock'  itemprop=\"text\" ><h2><strong>F\u00dcR DIE MEHRSTUFIGE PUMPE ARBEITEN WIR ENG MIT IHNEN ZUSAMMEN<\/strong><\/h2>\n<p>Die mehrstufige Pumpe legen wir immer auf die spezifische Anwendung aus. Hierbei machen wir uns mehr als drei Jahrzehnte Erfahrung zu\u00a0Nutze, welche mit reichlich fachlicher Expertise kombiniert wird. Das Ergebnis ist einerseits eine innovative und fachgerechte, aber auch eine weiterhin erschwingliche Technologie. Eine mehrstufige Pumpe von LUKRA bleibt damit selbst f\u00fcr kleine und mittelst\u00e4ndische Unternehmen weiterhin g\u00fcnstig, w\u00e4hrend sie zugleich mit ihrer Langlebigkeit zu\u00a0\u00fcberzeugen wei\u00df. Damit die mehrstufige Pumpe konkret auf Ihre Bed\u00fcrfnisse ausgerichtet wird, arbeiten wir eng mit Ihnen zusammen und legen die Pumpe auf den exakt ben\u00f6tigten Betriebspunkt aus. Da\u00a0jede mehrstufige Pumpe einen ganz bestimmten Einsatzbereich besitzt, muss dieser schon bei der Auslegung der Pumpe ber\u00fccksichtigt werden, um\u00a0im\u00a0Einsatz tats\u00e4chlich optimale Ergebnisse beim Betrieb erzielen zu\u00a0k\u00f6nnen.<\/p>\n<\/div><\/section><\/div>\n<p>\n<style type=\"text\/css\" data-created_by=\"avia_inline_auto\" id=\"style-css-av-av_one_full-15d750bd1b332b34c6e70b077ebbccdf\">\n.flex_column.av-av_one_full-15d750bd1b332b34c6e70b077ebbccdf{\nborder-radius:0px 0px 0px 0px;\npadding:0px 0px 0px 0px;\n}\n<\/style>\n<div  class='flex_column av-av_one_full-15d750bd1b332b34c6e70b077ebbccdf av_one_full first flex_column_div av-zero-column-padding  '     ><section  class='av_textblock_section av-av_textblock-2de302bf1aa3cf4c9157dbe6f50ac7eb '   itemscope=\"itemscope\" itemtype=\"https:\/\/schema.org\/CreativeWork\" ><div class='avia_textblock'  itemprop=\"text\" ><h3><strong>EINE MEHRSTUFIGE PUMPE VON LUKRA \u00dcBERZEUGT DURCH LANGLEBIGKEIT<\/strong><\/h3>\n<p>Durch die Auslegung auf den Betriebspunkt gem\u00e4\u00df der Anlagen- und Pumpen-Kennlinie, lassen sich schon vorab Sch\u00e4den verhindern, wodurch die mehrstufige Pumpe an\u00a0Langlebigkeit gewinnt und erheblich dazu beitr\u00e4gt, die Betriebssicherheit in\u00a0Ihrem Hause zu\u00a0erh\u00f6hen. F\u00fcr Sie ergibt sich dadurch ein weiter nennenswerter Vorteil, der Betrieb gerade der mehrstufigen Pumpen im\u00a0sogenannten Optimumpunkt ist der Effizienteste in\u00a0Bezug auf den Stromverbrauch zu\u00a0F\u00f6rderleistung. Die selbstansaugende mehrstufige Kreiselpumpe ist der Klassiker, dar\u00fcber hinaus bieten wir normalansaugende mehrstufige Kreiselpumpen in\u00a0horizontaler und auch vertikaler Bauweise. Ungeplante Ausf\u00e4lle lassen sich durch diesen Optimierungsprozess, schon vorab verhindern, wenn die mehrstufige Pumpe ben\u00f6tigt wird. Sind Sie sich nicht hundertprozentig sicher, ob\u00a0Ihre mehrstufige Pumpe tats\u00e4chlich im\u00a0zul\u00e4ssigen und sicheren Einsatzbereich l\u00e4uft, k\u00f6nnen Sie uns ebenfalls gern kontaktieren. Wir stehen Ihnen mit Rat und Tat zur Seite!<\/p>\n<p>M\u00f6chten Sie eine mehrstufige Pumpe bestellen, erreichen Sie das LUKRA Team wahlweise telefonisch oder aber Sie \u00fcbermitteln die Direktanfrage unverbindlich \u00fcber unsere Webseite. Wir setzen uns dann schnellstm\u00f6glich mit Ihnen in\u00a0Verbindung, um\u00a0den weiteren Ablauf abzusprechen und bereits die Weichen f\u00fcr eine mehrstufige Pumpe und deren Auslegung zu\u00a0stellen.<\/p>\n<\/div><\/section><\/div><\/p>","protected":false},"excerpt":{"rendered":"","protected":false},"author":1,"featured_media":0,"parent":0,"menu_order":0,"comment_status":"closed","ping_status":"closed","template":"","meta":{"footnotes":""},"class_list":["post-1651","page","type-page","status-publish","hentry"],"_links":{"self":[{"href":"https:\/\/lukra-pumpen.de\/fr\/wp-json\/wp\/v2\/pages\/1651","targetHints":{"allow":["GET"]}}],"collection":[{"href":"https:\/\/lukra-pumpen.de\/fr\/wp-json\/wp\/v2\/pages"}],"about":[{"href":"https:\/\/lukra-pumpen.de\/fr\/wp-json\/wp\/v2\/types\/page"}],"author":[{"embeddable":true,"href":"https:\/\/lukra-pumpen.de\/fr\/wp-json\/wp\/v2\/users\/1"}],"replies":[{"embeddable":true,"href":"https:\/\/lukra-pumpen.de\/fr\/wp-json\/wp\/v2\/comments?post=1651"}],"version-history":[{"count":9,"href":"https:\/\/lukra-pumpen.de\/fr\/wp-json\/wp\/v2\/pages\/1651\/revisions"}],"predecessor-version":[{"id":2598,"href":"https:\/\/lukra-pumpen.de\/fr\/wp-json\/wp\/v2\/pages\/1651\/revisions\/2598"}],"wp:attachment":[{"href":"https:\/\/lukra-pumpen.de\/fr\/wp-json\/wp\/v2\/media?parent=1651"}],"curies":[{"name":"wp","href":"https:\/\/api.w.org\/{rel}","templated":true}]}}