{"id":1655,"date":"2018-03-19T14:21:45","date_gmt":"2018-03-19T13:21:45","guid":{"rendered":"http:\/\/kracht-lutz-lukra-pumpen.de\/?page_id=1655"},"modified":"2018-07-25T12:15:35","modified_gmt":"2018-07-25T11:15:35","slug":"selbstansaugende-pumpe","status":"publish","type":"page","link":"https:\/\/lukra-pumpen.de\/fr\/selbstansaugende-pumpe\/","title":{"rendered":"Selbstansaugende Pumpe"},"content":{"rendered":"<p>\n<style type=\"text\/css\" data-created_by=\"avia_inline_auto\" id=\"style-css-av-av_one_full-15d750bd1b332b34c6e70b077ebbccdf\">\n.flex_column.av-av_one_full-15d750bd1b332b34c6e70b077ebbccdf{\nborder-radius:0px 0px 0px 0px;\npadding:0px 0px 0px 0px;\n}\n<\/style>\n<div  class='flex_column av-av_one_full-15d750bd1b332b34c6e70b077ebbccdf av_one_full first flex_column_div av-zero-column-padding  '     ><section  class='av_textblock_section av-av_textblock-2de302bf1aa3cf4c9157dbe6f50ac7eb '   itemscope=\"itemscope\" itemtype=\"https:\/\/schema.org\/CreativeWork\" ><div class='avia_textblock'  itemprop=\"text\" ><h1>Selbstansaugende Pumpe<\/h1>\n<p>F\u00fcr jede Aufgabe bedarf es\u00a0der richtigen Pumpe, die wir Ihnen gerne auf Ihren Verwendungszweck abgestimmt anbieten. Die selbstansaugende Pumpe eignet sich ideal zum Ansaugen von gas- und luftvermischten Fl\u00fcssigkeiten. Kreiselpumpen, Zahnradpumpen und Membranpumpen z\u00e4hlen ebenfalls zur Kategorie \u00bbSelbstansaugende Pumpe.\u00ab N\u00e4heres \u00fcber die Eigenschaften der selbstsaugenden Pumpen erfahren Sie hier.<\/p>\n<\/div><\/section><\/div><\/p>\n\n<style type=\"text\/css\" data-created_by=\"avia_inline_auto\" id=\"style-css-av-av_one_half-15d750bd1b332b34c6e70b077ebbccdf\">\n.flex_column.av-av_one_half-15d750bd1b332b34c6e70b077ebbccdf{\nborder-radius:0px 0px 0px 0px;\npadding:0px 0px 0px 0px;\n}\n<\/style>\n<div  class='flex_column av-av_one_half-15d750bd1b332b34c6e70b077ebbccdf av_one_half first flex_column_div av-zero-column-padding  '     ><p>\n<style type=\"text\/css\" data-created_by=\"avia_inline_auto\" id=\"style-css-av-av_textblock-c09fac0dabe4d96e7430e6715062a98a\">\n#top .av_textblock_section.av-av_textblock-c09fac0dabe4d96e7430e6715062a98a .avia_textblock{\nfont-size:12px;\n}\n<\/style>\n<section  class='av_textblock_section av-av_textblock-c09fac0dabe4d96e7430e6715062a98a '   itemscope=\"itemscope\" itemtype=\"https:\/\/schema.org\/CreativeWork\" ><div class='avia_textblock'  itemprop=\"text\" ><p><strong>Lutz Kracht &#8211; LUKRA Pumpen e.K.<\/strong><\/p>\n<hr \/>\n<p>Tel.: +49 (0) 23 92 \/ 80 60 3-0<br \/>\nFax: +49 (0) 23 92 \/ 80 60 3-70<br \/>\nMail: info@lukra-pumpen.de<\/p>\n<\/div><\/section><br \/>\n<div  class='avia-button-wrap av-av_button-70e629fb29c121777a632b22be1e16c3-wrap avia-button-left '><a href='https:\/\/lukra-pumpen.de\/callback\/'  class='avia-button av-av_button-70e629fb29c121777a632b22be1e16c3 av-link-btn avia-icon_select-no avia-size-small avia-position-left avia-color-theme-color'   aria-label=\"Callback\"><span class='avia_iconbox_title' >Callback<\/span><\/a><\/div><br \/>\n<div  class='avia-button-wrap av-av_button-56f22a133c3f799336e6c63fe8571e91-wrap avia-button-left '><a href='https:\/\/lukra-pumpen.de\/direkt-anfrage\/'  class='avia-button av-av_button-56f22a133c3f799336e6c63fe8571e91 av-link-btn avia-icon_select-no avia-size-small avia-position-left avia-color-theme-color'   aria-label=\"DIREKT-ANFRAGE\"><span class='avia_iconbox_title' >DIREKT-ANFRAGE<\/span><\/a><\/div><\/p><\/div>\n<style type=\"text\/css\" data-created_by=\"avia_inline_auto\" id=\"style-css-av-av_one_half-c8fc129dc35fd1ae2a1e410224d39ea8\">\n.flex_column.av-av_one_half-c8fc129dc35fd1ae2a1e410224d39ea8{\nborder-radius:0px 0px 0px 0px;\npadding:0px 0px 0px 0px;\n}\n<\/style>\n<div  class='flex_column av-av_one_half-c8fc129dc35fd1ae2a1e410224d39ea8 av_one_half flex_column_div av-zero-column-padding  '     ><form action=\"https:\/\/lukra-pumpen.de\/fr\/selbstansaugende-pumpe\/\" method=\"post\" data-fields-with-error=\"Erreurs trouv\u00e9es dans les champs suivants :\" class=\"avia_ajax_form av-form-labels-visible    \" data-avia-form-id=\"2\" data-avia-redirect='' ><h3 class=''>Anfragen<\/h3><fieldset><p class='  first_form  form_element form_element_half' id='element_avia_1_2'><label for=\"avia_1_2\">Name <abbr class=\"required\" title=\"requis(e)\">*<\/abbr><\/label> <input name=\"avia_1_2\" class=\"text_input is_empty\" type=\"text\" id=\"avia_1_2\" value=\"\" \/><\/p><p class='  form_element form_element_half' id='element_avia_2_2'><label for=\"avia_2_2\">E-Mail <abbr class=\"required\" title=\"requis(e)\">*<\/abbr><\/label> <input name=\"avia_2_2\" class=\"text_input is_email\" type=\"text\" id=\"avia_2_2\" value=\"\" \/><\/p><p class='  first_form  form_element form_fullwidth' id='element_avia_3_2'><label for=\"avia_3_2\">Betreff <abbr class=\"required\" title=\"requis(e)\">*<\/abbr><\/label> <input name=\"avia_3_2\" class=\"text_input is_empty\" type=\"text\" id=\"avia_3_2\" value=\"\" \/><\/p><p class='  first_form  form_element form_fullwidth av-last-visible-form-element' id='element_avia_4_2'><label for=\"avia_4_2\" class=\"textare_label hidden textare_label_avia_4_2\">Nachricht <abbr class=\"required\" title=\"requis(e)\">*<\/abbr><\/label><textarea  name=\"avia_4_2\" class=\"text_area is_empty\" cols=\"40\" rows=\"7\" id=\"avia_4_2\" ><\/textarea><\/p><p class=\"hidden\"><input type=\"text\" name=\"avia_5_2\" class=\"hidden \" id=\"avia_5_2\" value=\"\" \/><\/p><p class=\"form_element \"><input type=\"hidden\" value=\"1\" name=\"avia_generated_form2\" \/><input type=\"submit\" value=\"Senden\" class=\"button\"  data-sending-label=\"Envoi\"\/><\/p><\/fieldset><\/form><div id=\"ajaxresponse_2\" class=\"ajaxresponse ajaxresponse_2 hidden\"><\/div><\/div><\/p>\n\n<style type=\"text\/css\" data-created_by=\"avia_inline_auto\" id=\"style-css-av-av_one_full-15d750bd1b332b34c6e70b077ebbccdf\">\n.flex_column.av-av_one_full-15d750bd1b332b34c6e70b077ebbccdf{\nborder-radius:0px 0px 0px 0px;\npadding:0px 0px 0px 0px;\n}\n<\/style>\n<div  class='flex_column av-av_one_full-15d750bd1b332b34c6e70b077ebbccdf av_one_full first flex_column_div av-zero-column-padding  '     ><section  class='av_textblock_section av-av_textblock-2de302bf1aa3cf4c9157dbe6f50ac7eb '   itemscope=\"itemscope\" itemtype=\"https:\/\/schema.org\/CreativeWork\" ><div class='avia_textblock'  itemprop=\"text\" ><h2><strong>DIE SELBSTANSAUGENDE PUMPE F\u00dcR LUFTHALTIGE MEDIEN<\/strong><\/h2>\n<p>Zur F\u00f6rderung von \u00d6len und anderen Fl\u00fcssigkeiten in\u00a0unterschiedlichen Temperaturen ist diese Pumpe kompromisslos, stark und zuverl\u00e4ssig, insbesondere, wenn es\u00a0sich dabei um\u00a0Medien mit Lufteinschl\u00fcssen handelt. Die selbstansaugende Pumpe bietet den Vorteil, dass sie beim Ansaugen Gase oder Luft selbstst\u00e4ndig evakuiert und mitf\u00f6rdert. Durch diesen Prozess wird die F\u00f6rderfl\u00fcssigkeit von der Pumpe hin angesaugt. Ein Fu\u00dfventil beschleunigt diesen Vorgang, wenn die\u00a0<strong>s<\/strong>elbstsaugende Pumpe erneut eingeschaltet wird, nimmt diese die F\u00f6rderung ohne Verz\u00f6gerung wieder auf. Falls stark erhitzte Fl\u00fcssigkeiten nahe des Siedepunktes bef\u00f6rdert werden sollen, sind Seitenkanalpumpen hervorragend daf\u00fcr geeignet. \u00dcberzeugen Sie sich von unseren Angeboten im\u00a0Sektor \u00bbSelbstansaugende Pumpe\u00ab, die stets h\u00f6chste Qualit\u00e4t im\u00a0Bereich Materialauswahl und Konstruktion verspricht. Bei Fragen zu\u00a0unseren Produkten informieren und beraten wir Sie gerne pers\u00f6nlich!<\/p>\n<\/div><\/section><\/div>\n<p>\n<style type=\"text\/css\" data-created_by=\"avia_inline_auto\" id=\"style-css-av-av_one_full-15d750bd1b332b34c6e70b077ebbccdf\">\n.flex_column.av-av_one_full-15d750bd1b332b34c6e70b077ebbccdf{\nborder-radius:0px 0px 0px 0px;\npadding:0px 0px 0px 0px;\n}\n<\/style>\n<div  class='flex_column av-av_one_full-15d750bd1b332b34c6e70b077ebbccdf av_one_full first flex_column_div av-zero-column-padding  '     ><section  class='av_textblock_section av-av_textblock-2de302bf1aa3cf4c9157dbe6f50ac7eb '   itemscope=\"itemscope\" itemtype=\"https:\/\/schema.org\/CreativeWork\" ><div class='avia_textblock'  itemprop=\"text\" ><h3><strong>DIE RICHTIGE SELBSTANSAUGENDE PUMPE F\u00dcR KOMPLEXE HERAUSFORDERUNGEN<\/strong><\/h3>\n<p>In\u00a0der Kategorie \u00bbSelbstansaugende Pumpe\u00ab finden Sie ein umfassendes Produktsortiment, das die Leistung auf den Punkt bringt. Denn f\u00fcr jede Herausforderung in\u00a0der Prozesskette Ihres Vorhabens gilt die perfekt angepasste selbstansaugende Pumpe als zentrale Basis. Achten Sie bei der Auswahl der Pumpe unbedingt auf den Betriebspunkt, der auf der Pumpen-Kennlinie sein muss. Selbstansaugende Pumpen gibt es\u00a0auch f\u00fcr stark sch\u00e4umende Fluide und auf Wunsch auch mit Sperrkammer, um\u00a0die Gleitringdichtung zu\u00a0sch\u00fctzen. Falls Sie ausgasende Fl\u00fcssigkeiten f\u00f6rdern, sind Multifunktionspumpen bzw. Seitenkanalpumpen genau das richtige f\u00fcr Sie. Dazu gibt es\u00a0au\u00dferdem weitere Modelle der Kreiselpumpen wie horizontale Kreiselpumpen mit freiem Kugeldurchgang, vertikale Kreiselpumpen und Jetpumpen. Gerne beraten wir Sie diesbez\u00fcglich umfassend. Denn uns ist es\u00a0ein gro\u00dfes Anliegen, das die selbstansaugende Pumpe exakt zu\u00a0Ihrem Vorhaben passt, um\u00a0eine lange Lebensdauer zu\u00a0erzielen.<\/p>\n<h3><strong>TIPPS F\u00dcR DIE SELBSTANSAUGENDE PUMPE<\/strong><\/h3>\n<p>Die selbstansaugende Pumpe eignet sich f\u00fcr unterschiedlichste Einsatzgebiete. Wichtig beim Einsatz ist jedoch, dass Sie das Manometer nach der Pumpe und vor dem Schieber vorsehen. Vergessen Sie auch nicht das Ermitteln und Einstellen des Betriebspunktes. Ein ATEX-Schutz ist \u00fcbrigens m\u00f6glich. Falls Sie Genaueres \u00fcber unsere Produkte in\u00a0der Kategorie \u00bbSelbstansaugende Pumpe\u00ab erfahren m\u00f6chten oder eine Pumpe kaufen wollen, dann kontaktieren Sie uns doch einfach telefonisch oder per E-Mail. Wir stehen Ihnen f\u00fcr Anfragen jederzeit gerne zur Verf\u00fcgung!<\/p>\n<\/div><\/section><\/div><\/p>","protected":false},"excerpt":{"rendered":"","protected":false},"author":1,"featured_media":0,"parent":0,"menu_order":0,"comment_status":"closed","ping_status":"closed","template":"","meta":{"footnotes":""},"class_list":["post-1655","page","type-page","status-publish","hentry"],"_links":{"self":[{"href":"https:\/\/lukra-pumpen.de\/fr\/wp-json\/wp\/v2\/pages\/1655","targetHints":{"allow":["GET"]}}],"collection":[{"href":"https:\/\/lukra-pumpen.de\/fr\/wp-json\/wp\/v2\/pages"}],"about":[{"href":"https:\/\/lukra-pumpen.de\/fr\/wp-json\/wp\/v2\/types\/page"}],"author":[{"embeddable":true,"href":"https:\/\/lukra-pumpen.de\/fr\/wp-json\/wp\/v2\/users\/1"}],"replies":[{"embeddable":true,"href":"https:\/\/lukra-pumpen.de\/fr\/wp-json\/wp\/v2\/comments?post=1655"}],"version-history":[{"count":9,"href":"https:\/\/lukra-pumpen.de\/fr\/wp-json\/wp\/v2\/pages\/1655\/revisions"}],"predecessor-version":[{"id":2811,"href":"https:\/\/lukra-pumpen.de\/fr\/wp-json\/wp\/v2\/pages\/1655\/revisions\/2811"}],"wp:attachment":[{"href":"https:\/\/lukra-pumpen.de\/fr\/wp-json\/wp\/v2\/media?parent=1655"}],"curies":[{"name":"wp","href":"https:\/\/api.w.org\/{rel}","templated":true}]}}