{"id":1943,"date":"2018-03-26T16:04:09","date_gmt":"2018-03-26T15:04:09","guid":{"rendered":"http:\/\/kracht-lutz-lukra-pumpen.de\/?page_id=1943"},"modified":"2018-05-14T10:50:00","modified_gmt":"2018-05-14T09:50:00","slug":"leistung-auf-den-punkt","status":"publish","type":"page","link":"https:\/\/lukra-pumpen.de\/fr\/leistung-auf-den-punkt\/","title":{"rendered":"Performance de precision"},"content":{"rendered":"<p><img loading=\"lazy\" decoding=\"async\" class=\"alignnone size-full wp-image-3094\" src=\"\/wp-content\/uploads\/2015\/11\/beitrag1.jpg\" alt=\"beitrag1\" width=\"1920\" height=\"534\" \/><\/p>\n<p><img loading=\"lazy\" decoding=\"async\" class=\"alignnone size-large wp-image-3084\" src=\"\/wp-content\/uploads\/2015\/11\/Leistung-auf-den-Punkt-Diagramm-2014b-1024x808.png\" alt=\"leistung-auf-den-punkt-diagramm-2014b\" width=\"604\" height=\"477\" \/><\/p>\n<h1 class=\"txtleft\">Performance de pr\u00e9cision<\/h1>\n<p>Notre devise: &#8220;Toujours la bonne pompe&#8221; pour votre application sp\u00e9cifique.<br \/>\nNos 30 ans d&#8217;exp\u00e9rience nous permettent de proposer la technologie la moins ch\u00e8re et la mieux adapt\u00e9e \u00e0 vos exigences.<br \/>\nDonnez-nous les d\u00e9tails de votre projet, nous concevrons votre pompe exactement en fonction de vos besoins.<\/p>\n<p>Votre pompe a \u00e9t\u00e9 con\u00e7ue pour un secteur ou un point d&#8217;exploitation sp\u00e9cifique pr\u00e9cis de votre installation. Ce secteur ou ce point doit se trouver dans les limites du domaine d&#8217;utilisation de la pompe utilis\u00e9e. Chaque type de pompe a son propre domaine d&#8217;utilisation qui est donc logiquement diff\u00e9rent d&#8217;un type de pompe \u00e0 l&#8217;autre.<br \/>\nOn peut donc ainsi exclure d\u00e8s le d\u00e9but des d\u00e9g\u00e2ts sur la pompe. Pour vous, cela signifie davantage de s\u00e9curit\u00e9 pour vos processus et pas d&#8217;arr\u00eats impr\u00e9vus.<\/p>\n<p><u>Remarque pour d\u00e9terminer le domaine d&#8217;utilisation autoris\u00e9 d&#8217;une pompe au moyen des courbes caract\u00e9ristiques:<\/u><\/p>\n<p>Le d\u00e9but de la courbe caract\u00e9ristique de la pompe enti\u00e8rement trac\u00e9e marque la pression de refoulement maximale autoris\u00e9e et le d\u00e9bit minimum requis.<br \/>\nLa fin de la courbe caract\u00e9ristique de la pompe indique la pression de refoulement minimale requise et le d\u00e9bit maximum possible.<br \/>\nLes zones ray\u00e9es sont des indications purement th\u00e9oriques de la pression finale maximale possible d&#8217;une pompe avec un transport 0.<br \/>\nLa pompe de doit pas \u00eatre exploit\u00e9e dans une zone ray\u00e9e ou non marqu\u00e9e de sa courbe caract\u00e9ristique.<\/p>\n<p><strong>Vous n&#8217;\u00eates pas s\u00fbr que votre pompe tourne bien dans les limites autoris\u00e9es?<\/strong><br \/>\n<strong>Contactez-nous, nous vous aiderons avec plaisir.<\/strong><br \/>\n<\/p>","protected":false},"excerpt":{"rendered":"<p>Performance de pr\u00e9cision Notre devise: &#8220;Toujours la bonne pompe&#8221; pour votre application sp\u00e9cifique. Nos 30 ans d&#8217;exp\u00e9rience nous permettent de proposer la technologie la moins ch\u00e8re et la mieux adapt\u00e9e \u00e0 vos exigences. Donnez-nous les d\u00e9tails de votre projet, nous concevrons votre pompe exactement en fonction de vos besoins. Votre pompe a \u00e9t\u00e9 con\u00e7ue pour [&hellip;]<\/p>\n","protected":false},"author":1,"featured_media":0,"parent":0,"menu_order":0,"comment_status":"closed","ping_status":"closed","template":"","meta":{"footnotes":""},"class_list":["post-1943","page","type-page","status-publish","hentry"],"_links":{"self":[{"href":"https:\/\/lukra-pumpen.de\/fr\/wp-json\/wp\/v2\/pages\/1943","targetHints":{"allow":["GET"]}}],"collection":[{"href":"https:\/\/lukra-pumpen.de\/fr\/wp-json\/wp\/v2\/pages"}],"about":[{"href":"https:\/\/lukra-pumpen.de\/fr\/wp-json\/wp\/v2\/types\/page"}],"author":[{"embeddable":true,"href":"https:\/\/lukra-pumpen.de\/fr\/wp-json\/wp\/v2\/users\/1"}],"replies":[{"embeddable":true,"href":"https:\/\/lukra-pumpen.de\/fr\/wp-json\/wp\/v2\/comments?post=1943"}],"version-history":[{"count":8,"href":"https:\/\/lukra-pumpen.de\/fr\/wp-json\/wp\/v2\/pages\/1943\/revisions"}],"predecessor-version":[{"id":2039,"href":"https:\/\/lukra-pumpen.de\/fr\/wp-json\/wp\/v2\/pages\/1943\/revisions\/2039"}],"wp:attachment":[{"href":"https:\/\/lukra-pumpen.de\/fr\/wp-json\/wp\/v2\/media?parent=1943"}],"curies":[{"name":"wp","href":"https:\/\/api.w.org\/{rel}","templated":true}]}}