{"id":1945,"date":"2018-03-26T16:05:03","date_gmt":"2018-03-26T15:05:03","guid":{"rendered":"http:\/\/kracht-lutz-lukra-pumpen.de\/?page_id=1945"},"modified":"2018-05-15T12:15:28","modified_gmt":"2018-05-15T11:15:28","slug":"lieferbare-ausfuehrungen","status":"publish","type":"page","link":"https:\/\/lukra-pumpen.de\/fr\/lieferbare-ausfuehrungen\/","title":{"rendered":"Suppliable embodiments"},"content":{"rendered":"<p><br \/>\n<img loading=\"lazy\" decoding=\"async\" class=\"alignnone size-medium wp-image-3333\" src=\"\/wp-content\/uploads\/2014\/05\/ausf_a-300x206.png\" alt=\"ausf_a\" width=\"300\" height=\"206\" \/><\/p>\n<h1 class=\"txtleft\">Mod\u00e8le \u00ab A \u00bb<\/h1>\n<p><strong>Pompe avec extr\u00e9mit\u00e9s des arbres libres<\/strong><\/p>\n<p><img loading=\"lazy\" decoding=\"async\" class=\"alignnone size-medium wp-image-3338\" src=\"\/wp-content\/uploads\/2014\/05\/ausf_k-300x206.png\" alt=\"ausf_k\" width=\"300\" height=\"206\" \/><\/p>\n<h1 class=\"txtleft\">Mod\u00e8le \u00ab K \u00bb<\/h1>\n<p><strong>Pompe avec couplage complet<\/strong><br \/>\nMerci d&#8217;indiquer le \u00d8 des arbres et\/ou la taille de la construction ou la puissance et la vitesse de rotation du moteur<\/p>\n<p><img loading=\"lazy\" decoding=\"async\" class=\"alignnone size-medium wp-image-3339\" src=\"\/wp-content\/uploads\/2014\/05\/ausf_z-300x206.png\" alt=\"ausf_z\" width=\"300\" height=\"206\" \/><\/p>\n<h1 class=\"txtleft\">Mod\u00e8le \u00ab Z \u00bb<\/h1>\n<p><strong>Pompe avec couplage complet sur l&#8217;arbre et le support de la pompe<\/strong>Merci d&#8217;indiquer la taille de la construction et\/ou la puissance et la vitesse de rotation du moteur<\/p>\n<p><img loading=\"lazy\" decoding=\"async\" class=\"alignnone size-medium wp-image-3341\" src=\"\/wp-content\/uploads\/2014\/05\/ausf_zn-300x206.png\" alt=\"ausf_zn\" width=\"300\" height=\"206\" \/><\/p>\n<h1 class=\"txtleft\">Mod\u00e8le \u00ab ZN \u00bb<br \/>\n(pompes \u00e0 brides)<\/h1>\n<p><strong>Agr\u00e9gat de pompes<\/strong><br \/>\ncomplet avec moteur \u00e0 pattes, support de pompe et couplage d\u00e9j\u00e0 mont\u00e9<\/p>\n<p><img loading=\"lazy\" decoding=\"async\" class=\"alignnone size-medium wp-image-3340\" src=\"\/wp-content\/uploads\/2014\/05\/ausf_zm-300x206.png\" alt=\"ausf_zm\" width=\"300\" height=\"206\" \/><\/p>\n<h1 class=\"txtleft\">Mod\u00e8le \u00ab ZM \u00bb<br \/>\n(pompes \u00e0 brides)<\/h1>\n<p><strong>Agr\u00e9gat de pompes<\/strong><br \/>\ncomme le mod\u00e8le \u00ab ZN \u00bb mais cependant destin\u00e9 au montage vertical sur le r\u00e9cipient ou le support de pompe<\/p>\n<p><img loading=\"lazy\" decoding=\"async\" class=\"alignnone size-medium wp-image-3336\" src=\"\/wp-content\/uploads\/2014\/05\/ausf_dm-300x206.png\" alt=\"ausf_dm\" width=\"300\" height=\"206\" \/><\/p>\n<h1 class=\"txtleft\">Mod\u00e8le \u00ab DM \u00bb<br \/>\n(pompes \u00e0 pied)<\/h1>\n<p><strong>Agr\u00e9gat de pompes<br \/>\n<\/strong>complet avec moteur, couplage et protection du couplage sur une plaque de fondation commune<\/p>\n<p><img loading=\"lazy\" decoding=\"async\" class=\"alignnone size-medium wp-image-3337\" src=\"\/wp-content\/uploads\/2014\/05\/ausf_gm-300x206.png\" alt=\"ausf_gm\" width=\"300\" height=\"206\" \/><\/p>\n<h1 class=\"txtleft\">Mod\u00e8le \u00ab GM \u00bb<br \/>\n(pompes \u00e0 pied)<\/h1>\n<p><strong>Agr\u00e9gat de pompes<\/strong><br \/>\ncomplet avec motor\u00e9ducteur, couplage et protection du couplage sur une plaque de fondation commune<\/p>\n<p><img loading=\"lazy\" decoding=\"async\" class=\"alignnone size-medium wp-image-3335\" src=\"\/wp-content\/uploads\/2014\/05\/ausf_block-300x206.png\" alt=\"ausf_block\" width=\"300\" height=\"206\" \/><\/p>\n<h1 class=\"txtleft\">Mod\u00e8le en construction par blocs<\/h1>\n<p><strong>Pompes en bloc<\/strong><br \/>\nPompe avec moteur \u00e0 raccord \u00e0 bride direct<\/p>\n<p><img loading=\"lazy\" decoding=\"async\" class=\"alignnone size-medium wp-image-3334\" src=\"\/wp-content\/uploads\/2014\/05\/ausf_anlagen-300x206.png\" alt=\"ausf_anlagen\" width=\"300\" height=\"206\" \/><\/p>\n<h1 class=\"txtleft\">Mod\u00e8les d&#8217;installations<\/h1>\n<p><strong>installations hydrauliques, installations d&#8217;huile de lubrification, installations d&#8217;augmentation de la pression (alimentation en eau)<br \/>\n<\/strong>conform\u00e9ment aux sp\u00e9cifications du client avec r\u00e9cipient, pompe, accumulateur de pression, soupape de surpression, bloc de valves dans un bac de r\u00e9cup\u00e9ration de l&#8217;huile<br \/>\n<\/p>","protected":false},"excerpt":{"rendered":"<p>Mod\u00e8le \u00ab A \u00bb Pompe avec extr\u00e9mit\u00e9s des arbres libres Mod\u00e8le \u00ab K \u00bb Pompe avec couplage complet Merci d&#8217;indiquer le \u00d8 des arbres et\/ou la taille de la construction ou la puissance et la vitesse de rotation du moteur Mod\u00e8le \u00ab Z \u00bb Pompe avec couplage complet sur l&#8217;arbre et le support de la [&hellip;]<\/p>\n","protected":false},"author":1,"featured_media":0,"parent":0,"menu_order":0,"comment_status":"closed","ping_status":"closed","template":"","meta":{"footnotes":""},"class_list":["post-1945","page","type-page","status-publish","hentry"],"_links":{"self":[{"href":"https:\/\/lukra-pumpen.de\/fr\/wp-json\/wp\/v2\/pages\/1945","targetHints":{"allow":["GET"]}}],"collection":[{"href":"https:\/\/lukra-pumpen.de\/fr\/wp-json\/wp\/v2\/pages"}],"about":[{"href":"https:\/\/lukra-pumpen.de\/fr\/wp-json\/wp\/v2\/types\/page"}],"author":[{"embeddable":true,"href":"https:\/\/lukra-pumpen.de\/fr\/wp-json\/wp\/v2\/users\/1"}],"replies":[{"embeddable":true,"href":"https:\/\/lukra-pumpen.de\/fr\/wp-json\/wp\/v2\/comments?post=1945"}],"version-history":[{"count":11,"href":"https:\/\/lukra-pumpen.de\/fr\/wp-json\/wp\/v2\/pages\/1945\/revisions"}],"predecessor-version":[{"id":2042,"href":"https:\/\/lukra-pumpen.de\/fr\/wp-json\/wp\/v2\/pages\/1945\/revisions\/2042"}],"wp:attachment":[{"href":"https:\/\/lukra-pumpen.de\/fr\/wp-json\/wp\/v2\/media?parent=1945"}],"curies":[{"name":"wp","href":"https:\/\/api.w.org\/{rel}","templated":true}]}}