{"id":1947,"date":"2018-03-26T16:07:22","date_gmt":"2018-03-26T15:07:22","guid":{"rendered":"http:\/\/kracht-lutz-lukra-pumpen.de\/?page_id=1947"},"modified":"2018-07-17T14:27:52","modified_gmt":"2018-07-17T13:27:52","slug":"energiesparen","status":"publish","type":"page","link":"https:\/\/lukra-pumpen.de\/fr\/energiesparen\/","title":{"rendered":"Economies D\u00b4\u00e9nergie"},"content":{"rendered":"<p><\/p>\n<style><span style=\"display: inline-block; width: 0px; overflow: hidden; line-height: 0;\" data-mce-type=\"bookmark\" class=\"mce_SELRES_start\">\ufeff<\/span><br \/>\/\/ Extra small devices (portrait phones, less than 576px)<br \/>@media (max-width: 575.98px) {<br \/>h1<br \/>  {<br \/>width: 20% !important;<br \/>}<br \/>}<br \/><\/style>\n<link rel=\"stylesheet\" href=\"https:\/\/stackpath.bootstrapcdn.com\/bootstrap\/4.1.1\/css\/bootstrap.min.css\" integrity=\"sha384-WskhaSGFgHYWDcbwN70\/dfYBj47jz9qbsMId\/iRN3ewGhXQFZCSftd1LZCfmhktB\" crossorigin=\"anonymous\">\n<script src=\"https:\/\/code.jquery.com\/jquery-3.3.1.slim.min.js\" integrity=\"sha384-q8i\/X+965DzO0rT7abK41JStQIAqVgRVzpbzo5smXKp4YfRvH+8abtTE1Pi6jizo\" crossorigin=\"anonymous\"><\/script><br \/>\n<script src=\"https:\/\/cdnjs.cloudflare.com\/ajax\/libs\/popper.js\/1.14.3\/umd\/popper.min.js\" integrity=\"sha384-ZMP7rVo3mIykV+2+9J3UJ46jBk0WLaUAdn689aCwoqbBJiSnjAK\/l8WvCWPIPm49\" crossorigin=\"anonymous\"><\/script><br \/>\n<script src=\"https:\/\/stackpath.bootstrapcdn.com\/bootstrap\/4.1.1\/js\/bootstrap.min.js\" integrity=\"sha384-smHYKdLADwkXOn1EmN1qk\/HfnUcbVRZyYmZ4qpPea6sjB\/pTJ0euyQp0Mk8ck+5T\" crossorigin=\"anonymous\"><\/script><\/p>\n<div class=\"container\">\n<div class=\"row\">\n<div class=\"col-12 col-sm-8 col-md-8\">\n<h1 class=\"txtleft\" style=\"font-size: 26px;\"><strong>Installations d&#8217;augmentation de la pression enti\u00e8rement automatiques<\/strong><\/h1>\n<p>Nous concevons et construisons des installations pour des applications industrielles et municipales. Par des conseils syst\u00e9matiques, toujours en mettant l&#8217;accent sur l&#8217;optimisation technique et surtout sur la fonction \u00e9conomique, vous recevez de nous des unit\u00e9s de pompage et des usines pour la promotion des eaux us\u00e9es, de l&#8217;eau potable et de l&#8217;eau industrielle. Nous concevons toujours une solution bas\u00e9e sur vos sp\u00e9cifications, dans laquelle le prix et la performance sont coordonn\u00e9s. Nous r\u00e9pondons \u00e0 votre demande de solutions sophistiqu\u00e9es et fiables gr\u00e2ce \u00e0 nos d\u00e9cennies d&#8217;exp\u00e9rience et de comp\u00e9tence.<\/p>\n<p>&nbsp;<\/p>\n<\/div>\n<div class=\"col-12 col-sm-2 col-md-2\" style=\"margin-bottom: 15px;\"><img decoding=\"async\" src=\"\/wp-content\/uploads\/2013\/03\/anlagenbau_11.jpg\" alt=\"anlagenbau_1\" \/><\/div>\n<div class=\"col-12 col-sm-12 col-md-12\">\n<div class=\"row\">\n<div class=\"col-12 col-sm-3 col-md-3\">\n<h4 class=\"txtleft\"><strong>Applications<\/strong><\/h4>\n<ul>\n<li>Proc\u00e9d\u00e9s industriels<\/li>\n<li>Approvisionnement municipal en eau<\/li>\n<li>Equipement de lutte contre l&#8217;incendie<\/li>\n<li>Grands b\u00e2timents<\/li>\n<li>R\u00e9seaux de pipelines largement ramifi\u00e9es<\/li>\n<\/ul>\n<\/div>\n<div class=\"col-12 col-sm-4 col-md-4\"><img decoding=\"async\" class=\"alignnone size-full wp-image-3436\" src=\"\/wp-content\/uploads\/2013\/03\/qualitaet.jpg\" alt=\"qualitaet\" \/><\/div>\n<\/div>\n<div class=\"col-12 col-sm-10 col-md-10\">\n<hr \/>\n<\/div>\n<\/div>\n<\/div>\n<\/div>\n<p>&nbsp;<\/p>\n<div class=\"container\">\n<div class=\"row\">\n<div class=\"col-12 col-sm-4 col-md-2\"><img decoding=\"async\" class=\"alignnone wp-image-3118\" src=\"\/wp-content\/uploads\/2013\/03\/block_4.jpg\" alt=\"block_4\" \/><\/div>\n<div class=\"col-12 col-sm-8 col-md-8\">\n<h4 class=\"txtleft\"><strong>Vos avantages<\/strong><\/h4>\n<ul>\n<li>Concevoir selon vos sp\u00e9cifications<\/li>\n<li>Service client\u00e8le individuel<\/li>\n<li>Hygi\u00e9niquement s\u00fbr<\/li>\n<li>R\u00e9duction des co\u00fbts d&#8217;exploitation gr\u00e2ce \u00e0 une technologie de contr\u00f4le \u00e0 la pointe de la technologie<\/li>\n<li>Moins d&#8217;usure<\/li>\n<li>Fiable et durable<\/li>\n<li>La plus haute qualit\u00e9<\/li>\n<\/ul>\n<\/div>\n<div class=\"col-12 col-sm-10 col-md-10\">\n<hr \/>\n<\/div>\n<\/div>\n<div class=\"row\">\n<div class=\"col-12 col-sm-8 col-md-8\">\n<h4 class=\"txtleft\"><strong>Efficace &#8211; Fiable &#8211; Flexible<\/strong><\/h4>\n<p>Le contr\u00f4le de vitesse enti\u00e8rement automatique optimise la fr\u00e9quence d&#8217;entra\u00eenement du moteur \u00e0 la demande en constante \u00e9volution.<br \/>\nLe d\u00e9bit de refoulement et la pression de refoulement sont ajust\u00e9s avec pr\u00e9cision aux diff\u00e9rentes exigences afin que vous ne ressentiez plus de fluctuations de pression dans le syst\u00e8me. En outre, une pression d&#8217;alimentation fluctuante est \u00e9quilibr\u00e9e pour assurer des conditions constantes pour vos processus efficaces.<br \/>\nLes syst\u00e8mes sont con\u00e7us avec redondance pour votre s\u00e9curit\u00e9 op\u00e9rationnelle et sont \u00e9galement capables de fonctionner en cas d&#8217;urgence. Vous pouvez ainsi r\u00e9aliser une \u00e9conomie d&#8217;\u00e9nergie allant jusqu&#8217;\u00e0 70%.<\/p>\n<p>M\u00eame les syst\u00e8mes existants peuvent \u00eatre facilement r\u00e9\u00e9quip\u00e9s. Parlez-nous, nous serons heureux de vous aider \u00e0 utiliser vos ressources de fa\u00e7on optimale et \u00e9conomique.\n<\/p><\/div>\n<div class=\"col-12 col-sm-2 col-md-2\"><img decoding=\"async\" class=\"alignnone wp-image-3429\" src=\"\/wp-content\/uploads\/2013\/03\/anlagenbau_3.jpg\" alt=\"anlagenbau_3\" \/><\/div>\n<div class=\"col-12 col-sm-10 col-md-10\">\n<hr \/>\n<\/div>\n<\/div>\n<div class=\"row\">\n<div class=\"col-12 col-sm-10 col-md-10\">\n<h2 class=\"txtleft\" style=\"font-size: 24px;\"><strong>Pompes centrifuges \u00e0 \u00e9conomie d&#8217;\u00e9nergie<\/strong><\/h2>\n<h3 class=\"txtleft\" style=\"font-size: 20px;\"><strong>R\u00e9gulation intelligente de la vitesse de rotation pour l&#8217;alimentation en eau et l&#8217;augmentation de la pression<\/strong><\/h3>\n<div class=\"col-12 col-sm-4 col-md-4\"><img decoding=\"async\" style=\"float: left;\" src=\"\/wp-content\/uploads\/2013\/03\/diagramm_1.jpg\" alt=\"diagramm_1\" \/> <img decoding=\"async\" style=\"float: left;\" src=\"\/wp-content\/uploads\/2013\/03\/diagramm_2.jpg\" alt=\"diagramm_2\" \/><\/div>\n<h2 class=\"txtleft\" style=\"font-size: 24px;\"><strong>R\u00e9duction de vos co\u00fbts d&#8217;\u00e9nergie<\/strong><\/h2>\n<p>L&#8217;\u00e9norme augmentation des co\u00fbts de l&#8217;\u00e9nergie \u00e9lectrique de ces derni\u00e8res ann\u00e9es a une r\u00e9percussion particuli\u00e8rement forte sur les alimentations en eau. Les anciennes commandes de pompes des installations d&#8217;alimentation en eau et d&#8217;augmentation de la pression fonctionnent de mani\u00e8re tr\u00e8s peu rentable au r\u00e9gime partiel en raison de leur syst\u00e8me et ne sont plus actuelles depuis longtemps &#8211; elles peuvent cependant \u00eatre modernis\u00e9es sans grands travaux.<\/p>\n<div>\n<p>L&#8217;ajout ult\u00e9rieur d&#8217;un syst\u00e8me de r\u00e9gulation de la vitesse de rotation r\u00e9duit nettement la consommation d&#8217;\u00e9nergie et m\u00e9nage ainsi l&#8217;environnement en \u00e9mettant moins de CO\u00b2. Le montage de ce r\u00e9gulateur sur n&#8217;importe quel moteur standard est facile et peu on\u00e9reux et n&#8217;exige aucune intervention sur les composants hydrauliques de l&#8217;installation en place. Le diagramme des co\u00fbts du cycle de vie montre la part \u00e9norme de l&#8217;\u00e9nergie sur laquelle il est possible d&#8217;\u00e9conomiser souvent un montant \u00e0 cinq chifffres. Cet \u00e9quipement ult\u00e9rieur est en g\u00e9n\u00e9ral d\u00e9j\u00e0 amorti apr\u00e8s un \u00e0 trois ans, selon l&#8217;utilisation de l&#8217;exploitation et la taille du syst\u00e8me.<\/p>\n<div><\/div>\n<\/div>\n<hr \/>\n<div style=\"clear: both;\"><\/div>\n<\/div>\n<\/div>\n<\/div>\n<div class=\"col-12 col-sm-8 col-md-10\">\n<div class=\"container\"><\/div>\n<div class=\"row\">\n<div class=\"col-12 col-sm-4 col-md-4\"><img decoding=\"async\" class=\"alignnone size-full wp-image-3445\" style=\"margin-right: 10%;\" src=\"\/wp-content\/uploads\/2013\/03\/anlagenbau_4.jpg\" alt=\"anlagenbau_4\" \/><\/div>\n<div class=\"col-12 col-sm-8 col-md-8\">\n<h2 class=\"txtleft\" style=\"font-size: 24px;\"><strong>Pression d&#8217;une puissance constante<\/strong><\/h2>\n<p>La r\u00e9gulation de la vitesse de rotation r\u00e9gule la vitesse de rotation des pompes en continu et adapte ainsi avec pr\u00e9cision la vitesse de transport aux besoins actuels. Une r\u00e9duction de la vitesse de rotation entra\u00eene une diminution de la puissance absorb\u00e9e au 3\u00e8me potentiel. Les formules physiques correspondantes sont indiqu\u00e9es dans l&#8217;illustration de gauche.<br \/>\nLes pertes de pression dans le r\u00e9seau de conduites sont \u00e9galement compens\u00e9es automatiquement. Cela entra\u00eene une \u00e9conomie d&#8217;\u00e9nergie suppl\u00e9mentaire sur les petits et moyens d\u00e9bits.<\/p>\n<\/div>\n<\/div>\n<div>\n<hr \/>\n<div><\/div>\n<\/div>\n<p>Exemple de calcul au moyen d&#8217;une installation d\u2019alimentation en eau avec une consommation quotidienne de 1 250 m\u00b3.<\/p>\n<p><img loading=\"lazy\" decoding=\"async\" class=\"alignnone size-full wp-image-3447\" src=\"\/wp-content\/uploads\/2013\/03\/anlagenbau_5.jpg\" alt=\"anlagenbau_5\" width=\"1894\" height=\"500\" \/><\/p>\n<p>La r\u00e9duction de la vitesse de rotation de la pompe et l&#8217;extinction automatique des pompes en cas de transport nul entra\u00eenent de plus des co\u00fbts d&#8217;exploitation plus faibles \u00e9tant donn\u00e9 que l&#8217;usure est ainsi nettement diminu\u00e9e.<\/p>\n<\/div>\n<p><\/p>","protected":false},"excerpt":{"rendered":"<p>Installations d&#8217;augmentation de la pression enti\u00e8rement automatiques Nous concevons et construisons des installations pour des applications industrielles et municipales. Par des conseils syst\u00e9matiques, toujours en mettant l&#8217;accent sur l&#8217;optimisation technique et surtout sur la fonction \u00e9conomique, vous recevez de nous des unit\u00e9s de pompage et des usines pour la promotion des eaux us\u00e9es, de l&#8217;eau [&hellip;]<\/p>\n","protected":false},"author":1,"featured_media":0,"parent":0,"menu_order":0,"comment_status":"closed","ping_status":"closed","template":"","meta":{"footnotes":""},"class_list":["post-1947","page","type-page","status-publish","hentry"],"_links":{"self":[{"href":"https:\/\/lukra-pumpen.de\/fr\/wp-json\/wp\/v2\/pages\/1947","targetHints":{"allow":["GET"]}}],"collection":[{"href":"https:\/\/lukra-pumpen.de\/fr\/wp-json\/wp\/v2\/pages"}],"about":[{"href":"https:\/\/lukra-pumpen.de\/fr\/wp-json\/wp\/v2\/types\/page"}],"author":[{"embeddable":true,"href":"https:\/\/lukra-pumpen.de\/fr\/wp-json\/wp\/v2\/users\/1"}],"replies":[{"embeddable":true,"href":"https:\/\/lukra-pumpen.de\/fr\/wp-json\/wp\/v2\/comments?post=1947"}],"version-history":[{"count":251,"href":"https:\/\/lukra-pumpen.de\/fr\/wp-json\/wp\/v2\/pages\/1947\/revisions"}],"predecessor-version":[{"id":2548,"href":"https:\/\/lukra-pumpen.de\/fr\/wp-json\/wp\/v2\/pages\/1947\/revisions\/2548"}],"wp:attachment":[{"href":"https:\/\/lukra-pumpen.de\/fr\/wp-json\/wp\/v2\/media?parent=1947"}],"curies":[{"name":"wp","href":"https:\/\/api.w.org\/{rel}","templated":true}]}}