{"id":1949,"date":"2018-03-26T16:08:16","date_gmt":"2018-03-26T15:08:16","guid":{"rendered":"http:\/\/kracht-lutz-lukra-pumpen.de\/?page_id=1949"},"modified":"2018-05-14T10:19:38","modified_gmt":"2018-05-14T09:19:38","slug":"ausfallzeiten-minimieren","status":"publish","type":"page","link":"https:\/\/lukra-pumpen.de\/fr\/ausfallzeiten-minimieren\/","title":{"rendered":"Minimiser les temps D\u00b4arret"},"content":{"rendered":"<p><\/p>\n<h1 class=\"txtleft\"><strong>Manom\u00e8tre &#8211; le tachym\u00e8tre de votre pompe<\/strong><\/h1>\n<p>Un manom\u00e8tre est le moyen le plus simple et le moins cher pour contr\u00f4ler que la pompe tourne bien conform\u00e9ment \u00e0 la courbe caract\u00e9ristique. Cette information permet d&rsquo;\u00e9viter les dommages sur la pompe dus au syst\u00e8me. On peut ainsi anticiper \u00e0 temps une d\u00e9faillance de la pompe.<br \/>\nLa pression relev\u00e9e permet de d\u00e9terminer le d\u00e9bit correspondant au moyen de la courbe caract\u00e9ristique de la pompe. Vous avez un aper\u00e7u des informations n\u00e9cessaires \u00e0 votre processus \u00e0 tout moment.<br \/>\nProfitez de nos d\u00e9cennies d&rsquo;exp\u00e9rience et de comp\u00e9tence pour contr\u00f4ler vos applications de pompes, nous vous y aiderons volontiers.<\/p>\n<p>Le point d&rsquo;exploitation de votre pompe toujours \u00e0 l&rsquo;\u0153il<br \/>\n\u2022 La pression de refoulement actuelle est directement lisible &rarr; donne le d\u00e9bit actuel.<br \/>\n\u2022 Respecter la pression de refoulement minimale &rarr; pr\u00e9venir les d\u00e9g\u00e2ts dus \u00e0 la cavitation.<br \/>\n\u2022 Ne pas d\u00e9passer la pression de refoulement maximale &rarr; \u00e9viter les d\u00e9g\u00e2ts dus \u00e0 la surchauffe.<br \/>\n\u2022 Fonctionnement parfait de votre pompe &rarr; la s\u00e9curit\u00e9 de vos processus est garantie.<\/p>\n<p><strong>Efficace \u2013 Fiable \u2013 Flexible<\/strong><\/p>\n<p>Une pompe sans manom\u00e8tre, c&rsquo;est comme une voiture sans tachym\u00e8tre!<\/p>\n<p><img loading=\"lazy\" decoding=\"async\" class=\"alignnone wp-image-3118\" src=\"\/wp-content\/uploads\/2013\/03\/block_4.jpg\" alt=\"block_4\" width=\"450\" height=\"460\" \/><br \/>\n<\/p>","protected":false},"excerpt":{"rendered":"<p>Manom\u00e8tre &#8211; le tachym\u00e8tre de votre pompe Un manom\u00e8tre est le moyen le plus simple et le moins cher pour contr\u00f4ler que la pompe tourne bien conform\u00e9ment \u00e0 la courbe caract\u00e9ristique. Cette information permet d&rsquo;\u00e9viter les dommages sur la pompe dus au syst\u00e8me. On peut ainsi anticiper \u00e0 temps une d\u00e9faillance de la pompe. La [&hellip;]<\/p>\n","protected":false},"author":1,"featured_media":0,"parent":0,"menu_order":0,"comment_status":"closed","ping_status":"closed","template":"","meta":{"footnotes":""},"class_list":["post-1949","page","type-page","status-publish","hentry"],"yoast_head":"<!-- This site is optimized with the Yoast SEO plugin v27.3 - https:\/\/yoast.com\/product\/yoast-seo-wordpress\/ -->\n<title>Minimiser les temps D\u00b4arret - LUKRA Pumpen<\/title>\n<meta name=\"robots\" content=\"index, follow, max-snippet:-1, max-image-preview:large, max-video-preview:-1\" \/>\n<link rel=\"canonical\" href=\"https:\/\/lukra-pumpen.de\/ausfallzeiten-minimieren\/\" \/>\n<meta property=\"og:locale\" content=\"fr_FR\" \/>\n<meta property=\"og:type\" content=\"article\" \/>\n<meta property=\"og:title\" content=\"Minimiser les temps D\u00b4arret - LUKRA Pumpen\" \/>\n<meta property=\"og:description\" content=\"Manom\u00e8tre &#8211; le tachym\u00e8tre de votre pompe Un manom\u00e8tre est le moyen le plus simple et le moins cher pour contr\u00f4ler que la pompe tourne bien conform\u00e9ment \u00e0 la courbe caract\u00e9ristique. Cette information permet d&rsquo;\u00e9viter les dommages sur la pompe dus au syst\u00e8me. On peut ainsi anticiper \u00e0 temps une d\u00e9faillance de la pompe. La [&hellip;]\" \/>\n<meta property=\"og:url\" content=\"https:\/\/lukra-pumpen.de\/ausfallzeiten-minimieren\/\" \/>\n<meta property=\"og:site_name\" content=\"LUKRA Pumpen\" \/>\n<meta property=\"article:modified_time\" content=\"2018-05-14T09:19:38+00:00\" \/>\n<meta name=\"twitter:card\" content=\"summary_large_image\" \/>\n<meta name=\"twitter:label1\" content=\"Dur\u00e9e de lecture estim\u00e9e\" \/>\n\t<meta name=\"twitter:data1\" content=\"3 minutes\" \/>\n<script type=\"application\/ld+json\" class=\"yoast-schema-graph\">{\"@context\":\"https:\\\/\\\/schema.org\",\"@graph\":[{\"@type\":\"WebPage\",\"@id\":\"https:\\\/\\\/lukra-pumpen.de\\\/ausfallzeiten-minimieren\\\/\",\"url\":\"https:\\\/\\\/lukra-pumpen.de\\\/ausfallzeiten-minimieren\\\/\",\"name\":\"Minimiser les temps D\u00b4arret - LUKRA Pumpen\",\"isPartOf\":{\"@id\":\"https:\\\/\\\/lukra-pumpen.de\\\/#website\"},\"datePublished\":\"2018-03-26T15:08:16+00:00\",\"dateModified\":\"2018-05-14T09:19:38+00:00\",\"breadcrumb\":{\"@id\":\"https:\\\/\\\/lukra-pumpen.de\\\/ausfallzeiten-minimieren\\\/#breadcrumb\"},\"inLanguage\":\"fr-FR\",\"potentialAction\":[{\"@type\":\"ReadAction\",\"target\":[\"https:\\\/\\\/lukra-pumpen.de\\\/ausfallzeiten-minimieren\\\/\"]}]},{\"@type\":\"BreadcrumbList\",\"@id\":\"https:\\\/\\\/lukra-pumpen.de\\\/ausfallzeiten-minimieren\\\/#breadcrumb\",\"itemListElement\":[{\"@type\":\"ListItem\",\"position\":1,\"name\":\"Startseite\",\"item\":\"https:\\\/\\\/lukra-pumpen.de\\\/home\\\/\"},{\"@type\":\"ListItem\",\"position\":2,\"name\":\"Ausfallzeiten MinimierenMinimising downtimes\"}]},{\"@type\":\"WebSite\",\"@id\":\"https:\\\/\\\/lukra-pumpen.de\\\/#website\",\"url\":\"https:\\\/\\\/lukra-pumpen.de\\\/\",\"name\":\"LUKRA Pumpen\",\"description\":\"Fluid in Motion\",\"potentialAction\":[{\"@type\":\"SearchAction\",\"target\":{\"@type\":\"EntryPoint\",\"urlTemplate\":\"https:\\\/\\\/lukra-pumpen.de\\\/?s={search_term_string}\"},\"query-input\":{\"@type\":\"PropertyValueSpecification\",\"valueRequired\":true,\"valueName\":\"search_term_string\"}}],\"inLanguage\":\"fr-FR\"}]}<\/script>\n<!-- \/ Yoast SEO plugin. -->","yoast_head_json":{"title":"Minimiser les temps D\u00b4arret - LUKRA Pumpen","robots":{"index":"index","follow":"follow","max-snippet":"max-snippet:-1","max-image-preview":"max-image-preview:large","max-video-preview":"max-video-preview:-1"},"canonical":"https:\/\/lukra-pumpen.de\/ausfallzeiten-minimieren\/","og_locale":"fr_FR","og_type":"article","og_title":"Minimiser les temps D\u00b4arret - LUKRA Pumpen","og_description":"Manom\u00e8tre &#8211; le tachym\u00e8tre de votre pompe Un manom\u00e8tre est le moyen le plus simple et le moins cher pour contr\u00f4ler que la pompe tourne bien conform\u00e9ment \u00e0 la courbe caract\u00e9ristique. Cette information permet d&rsquo;\u00e9viter les dommages sur la pompe dus au syst\u00e8me. On peut ainsi anticiper \u00e0 temps une d\u00e9faillance de la pompe. La [&hellip;]","og_url":"https:\/\/lukra-pumpen.de\/ausfallzeiten-minimieren\/","og_site_name":"LUKRA Pumpen","article_modified_time":"2018-05-14T09:19:38+00:00","twitter_card":"summary_large_image","twitter_misc":{"Dur\u00e9e de lecture estim\u00e9e":"3 minutes"},"schema":{"@context":"https:\/\/schema.org","@graph":[{"@type":"WebPage","@id":"https:\/\/lukra-pumpen.de\/ausfallzeiten-minimieren\/","url":"https:\/\/lukra-pumpen.de\/ausfallzeiten-minimieren\/","name":"Minimiser les temps D\u00b4arret - LUKRA Pumpen","isPartOf":{"@id":"https:\/\/lukra-pumpen.de\/#website"},"datePublished":"2018-03-26T15:08:16+00:00","dateModified":"2018-05-14T09:19:38+00:00","breadcrumb":{"@id":"https:\/\/lukra-pumpen.de\/ausfallzeiten-minimieren\/#breadcrumb"},"inLanguage":"fr-FR","potentialAction":[{"@type":"ReadAction","target":["https:\/\/lukra-pumpen.de\/ausfallzeiten-minimieren\/"]}]},{"@type":"BreadcrumbList","@id":"https:\/\/lukra-pumpen.de\/ausfallzeiten-minimieren\/#breadcrumb","itemListElement":[{"@type":"ListItem","position":1,"name":"Startseite","item":"https:\/\/lukra-pumpen.de\/home\/"},{"@type":"ListItem","position":2,"name":"Ausfallzeiten MinimierenMinimising downtimes"}]},{"@type":"WebSite","@id":"https:\/\/lukra-pumpen.de\/#website","url":"https:\/\/lukra-pumpen.de\/","name":"LUKRA Pumpen","description":"Fluid in Motion","potentialAction":[{"@type":"SearchAction","target":{"@type":"EntryPoint","urlTemplate":"https:\/\/lukra-pumpen.de\/?s={search_term_string}"},"query-input":{"@type":"PropertyValueSpecification","valueRequired":true,"valueName":"search_term_string"}}],"inLanguage":"fr-FR"}]}},"_links":{"self":[{"href":"https:\/\/lukra-pumpen.de\/fr\/wp-json\/wp\/v2\/pages\/1949","targetHints":{"allow":["GET"]}}],"collection":[{"href":"https:\/\/lukra-pumpen.de\/fr\/wp-json\/wp\/v2\/pages"}],"about":[{"href":"https:\/\/lukra-pumpen.de\/fr\/wp-json\/wp\/v2\/types\/page"}],"author":[{"embeddable":true,"href":"https:\/\/lukra-pumpen.de\/fr\/wp-json\/wp\/v2\/users\/1"}],"replies":[{"embeddable":true,"href":"https:\/\/lukra-pumpen.de\/fr\/wp-json\/wp\/v2\/comments?post=1949"}],"version-history":[{"count":0,"href":"https:\/\/lukra-pumpen.de\/fr\/wp-json\/wp\/v2\/pages\/1949\/revisions"}],"wp:attachment":[{"href":"https:\/\/lukra-pumpen.de\/fr\/wp-json\/wp\/v2\/media?parent=1949"}],"curies":[{"name":"wp","href":"https:\/\/api.w.org\/{rel}","templated":true}]}}