{"id":2141,"date":"2018-06-07T10:47:58","date_gmt":"2018-06-07T09:47:58","guid":{"rendered":"http:\/\/kracht-lutz-lukra-pumpen.de\/?page_id=2141"},"modified":"2018-06-18T10:37:45","modified_gmt":"2018-06-18T09:37:45","slug":"beispiel","status":"publish","type":"page","link":"https:\/\/lukra-pumpen.de\/fr\/beispiel\/","title":{"rendered":"beisp"},"content":{"rendered":"\n<div class=\"wpcf7 no-js\" id=\"wpcf7-f2140-o1\" lang=\"de-DE\" dir=\"ltr\" data-wpcf7-id=\"2140\">\n<div class=\"screen-reader-response\"><p role=\"status\" aria-live=\"polite\" aria-atomic=\"true\"><\/p> <ul><\/ul><\/div>\n<form action=\"\/fr\/wp-json\/wp\/v2\/pages\/2141#wpcf7-f2140-o1\" method=\"post\" class=\"wpcf7-form init\" aria-label=\"Kontaktformular\" enctype=\"multipart\/form-data\" novalidate=\"novalidate\" data-status=\"init\">\n<fieldset class=\"hidden-fields-container\"><input type=\"hidden\" name=\"_wpcf7\" value=\"2140\" \/><input type=\"hidden\" name=\"_wpcf7_version\" value=\"6.1.5\" \/><input type=\"hidden\" name=\"_wpcf7_locale\" value=\"de_DE\" \/><input type=\"hidden\" name=\"_wpcf7_unit_tag\" value=\"wpcf7-f2140-o1\" \/><input type=\"hidden\" name=\"_wpcf7_container_post\" value=\"0\" \/><input type=\"hidden\" name=\"_wpcf7_posted_data_hash\" value=\"\" \/><input type=\"hidden\" name=\"_wpcf7_recaptcha_response\" value=\"\" \/>\n<\/fieldset>\n<style>\n#top .main_color textarea {\nresize: none !important;\ncolor: #888;\n background: #fcfcfc;\n padding: 15px;\n box-sizing: border-box;\n border: #e1e1e1 1px solid;\n font-family: 'Ubuntu', sans-serif;\n font-size: 13px;\n}\n#top .main_color input[type='text'] {\n color: #888;\n background: #fcfcfc;\n border-color: #e1e1e1;\n box-sizing: border-box;\n border: #e1e1e1 1px solid;\n font-family: 'Ubuntu', sans-serif;\n font-size: 13px;\n height: 45px;\n}\n#top .main_color input[type='email'] {\n color: #888;\n background: #fcfcfc;\n box-sizing: border-box;\n border: #e1e1e1 1px solid;\n font-family: 'Ubuntu', sans-serif;\n font-size: 13px;\n}\n#top .main_color .wpcf7-submit{\ncolor: #ffffff !important;\npadding-top: 15px;\npadding-bottom: 15px;\nbackground-color: #888;\nwidth: 100%;\n}\n#top .main_color .wpcf7-submit:hover {\nbackground-color: #89ba13;\ntransition: 0.4s;\n}\n\n.wpcf7-form-control-wrap.your-name {\nwidth: 50px !important;\n}\n<\/style>\n<div id=forumlar\">\n\t<p><span class=\"required\">*<\/span> Requis\n\t<\/p>\n\t<p>Soci\u00e9t\u00e9 <span class=\"required\">*<\/span>\n\t<\/p>\n\t<p><span class=\"wpcf7-form-control-wrap\" data-name=\"your-company\"><input size=\"40\" maxlength=\"400\" class=\"wpcf7-form-control wpcf7-text wpcf7-validates-as-required\" aria-required=\"true\" aria-invalid=\"false\" value=\"\" type=\"text\" name=\"your-company\" \/><\/span>\n\t<\/p>\n\t<p>Nom de famille, Pr\u00e9nom <span class=\"required\">*<\/span>\n\t<\/p>\n\t<p><span class=\"wpcf7-form-control-wrap\" data-name=\"your-name\"><input size=\"40\" maxlength=\"400\" class=\"wpcf7-form-control wpcf7-text wpcf7-validates-as-required\" aria-required=\"true\" aria-invalid=\"false\" value=\"\" type=\"text\" name=\"your-name\" \/><\/span>\n\t<\/p>\n\t<p>Rue et num\u00e9ro de maison <span class=\"required\">*<\/span>\n\t<\/p>\n\t<p><span class=\"wpcf7-form-control-wrap\" data-name=\"your-adress\"><input size=\"40\" maxlength=\"400\" class=\"wpcf7-form-control wpcf7-text wpcf7-validates-as-required\" aria-required=\"true\" aria-invalid=\"false\" value=\"\" type=\"text\" name=\"your-adress\" \/><\/span>\n\t<\/p>\n\t<p>Code postal et lieu <span class=\"required\">*<\/span>\n\t<\/p>\n\t<p><span class=\"wpcf7-form-control-wrap\" data-name=\"your-region\"><input size=\"40\" maxlength=\"400\" class=\"wpcf7-form-control wpcf7-text wpcf7-validates-as-required\" aria-required=\"true\" aria-invalid=\"false\" value=\"\" type=\"text\" name=\"your-region\" \/><\/span>\n\t<\/p>\n\t<p>Num\u00e9ro de t\u00e9l\u00e9phone <span class=\"required\">*<\/span>\n\t<\/p>\n\t<p><span class=\"wpcf7-form-control-wrap\" data-name=\"your-number\"><input size=\"40\" maxlength=\"400\" class=\"wpcf7-form-control wpcf7-text wpcf7-validates-as-required\" aria-required=\"true\" aria-invalid=\"false\" value=\"\" type=\"text\" name=\"your-number\" \/><\/span>\n\t<\/p>\n\t<p>Fax\n\t<\/p>\n\t<p><span class=\"wpcf7-form-control-wrap\" data-name=\"your-fax\"><input size=\"40\" maxlength=\"400\" class=\"wpcf7-form-control wpcf7-text\" aria-invalid=\"false\" value=\"\" type=\"text\" name=\"your-fax\" \/><\/span>\n\t<\/p>\n\t<p>E-Mail <span class=\"required\">*<\/span>\n\t<\/p>\n\t<p><span class=\"wpcf7-form-control-wrap\" data-name=\"your-email\"><input size=\"40\" maxlength=\"400\" class=\"wpcf7-form-control wpcf7-email wpcf7-validates-as-required wpcf7-text wpcf7-validates-as-email\" aria-required=\"true\" aria-invalid=\"false\" value=\"\" type=\"email\" name=\"your-email\" \/><\/span>\n\t<\/p>\n\t<p>R\u00e9f\u00e9rence (num\u00e9ro de demande, projet...) <span class=\"required\">*<\/span>\n\t<\/p>\n\t<p><span class=\"wpcf7-form-control-wrap\" data-name=\"referenz\"><input size=\"40\" maxlength=\"400\" class=\"wpcf7-form-control wpcf7-text wpcf7-validates-as-required\" aria-required=\"true\" aria-invalid=\"false\" value=\"\" type=\"text\" name=\"referenz\" \/><\/span>\n\t<\/p>\n\t<p>Nombre de pompes requises\n\t<\/p>\n\t<p><span class=\"wpcf7-form-control-wrap\" data-name=\"your-quantity\"><input size=\"40\" maxlength=\"400\" class=\"wpcf7-form-control wpcf7-text\" aria-invalid=\"false\" value=\"\" type=\"text\" name=\"your-quantity\" \/><\/span>\n\t<\/p>\n\t<p>Description de l'installation et des conditions de fonctionnement\n\t<\/p>\n\t<p><span class=\"wpcf7-form-control-wrap\" data-name=\"your-description\"><textarea cols=\"40\" rows=\"10\" maxlength=\"2000\" class=\"wpcf7-form-control wpcf7-textarea\" aria-invalid=\"false\" name=\"your-description\"><\/textarea><\/span>\n\t<\/p>\n\t<p>Moyen\n\t<\/p>\n\t<p><span class=\"wpcf7-form-control-wrap\" data-name=\"your-medium\"><input size=\"40\" maxlength=\"400\" class=\"wpcf7-form-control wpcf7-text\" aria-invalid=\"false\" value=\"\" type=\"text\" name=\"your-medium\" \/><\/span>\n\t<\/p>\n\t<p>Informations sur le support\n\t<\/p>\n\t<p><span class=\"wpcf7-form-control-wrap\" data-name=\"angaben-medium\"><select class=\"wpcf7-form-control wpcf7-select\" aria-invalid=\"false\" name=\"angaben-medium\"><option value=\"inoffensif\">inoffensif<\/option><option value=\"inflammable\">inflammable<\/option><option value=\"Fiche de donn\u00e9es de s\u00e9curit\u00e9 jointe\">Fiche de donn\u00e9es de s\u00e9curit\u00e9 jointe<\/option><\/select><\/span>\n\t<\/p>\n\t<p>Solides dans le milieu\n\t<\/p>\n\t<p><span class=\"wpcf7-form-control-wrap\" data-name=\"feststoffe-medium\"><select class=\"wpcf7-form-control wpcf7-select\" aria-invalid=\"false\" name=\"feststoffe-medium\"><option value=\"aucun\">aucun<\/option><option value=\"oui\">oui<\/option><\/select><\/span>\n\t<\/p>\n\t<p>Taille des solides (mm)\n\t<\/p>\n\t<p><span class=\"wpcf7-form-control-wrap\" data-name=\"your-size\"><input size=\"40\" maxlength=\"400\" class=\"wpcf7-form-control wpcf7-text\" aria-invalid=\"false\" value=\"\" type=\"text\" name=\"your-size\" \/><\/span>\n\t<\/p>\n\t<p>Proportion de solides (%)\n\t<\/p>\n\t<p><span class=\"wpcf7-form-control-wrap\" data-name=\"your-propotion\"><input size=\"40\" maxlength=\"400\" class=\"wpcf7-form-control wpcf7-text\" aria-invalid=\"false\" value=\"\" type=\"text\" name=\"your-propotion\" \/><\/span>\n\t<\/p>\n\t<p>Temp\u00e9rature (\u00b0C)\n\t<\/p>\n\t<p><span class=\"wpcf7-form-control-wrap\" data-name=\"your-temperature\"><input size=\"40\" maxlength=\"400\" class=\"wpcf7-form-control wpcf7-text\" aria-invalid=\"false\" placeholder=\"\" value=\"\" type=\"text\" name=\"your-temperature\" \/><\/span>\n\t<\/p>\n\t<p>Densit\u00e9 du milieu\n\t<\/p>\n\t<p><span class=\"wpcf7-form-control-wrap\" data-name=\"your-density\"><input size=\"40\" maxlength=\"400\" class=\"wpcf7-form-control wpcf7-text\" aria-invalid=\"false\" value=\"\" type=\"text\" name=\"your-density\" \/><\/span>\n\t<\/p>\n\t<p>Unit\u00e9 de densit\u00e9\n\t<\/p>\n\t<p><span class=\"wpcf7-form-control-wrap\" data-name=\"einheit-dichte\"><select class=\"wpcf7-form-control wpcf7-select\" aria-invalid=\"false\" name=\"einheit-dichte\"><option value=\"g\/cm\u00b3\">g\/cm\u00b3<\/option><option value=\"kg\/dm\u00b3\">kg\/dm\u00b3<\/option><\/select><\/span>\n\t<\/p>\n\t<p>Viscosit\u00e9 du milieu\n\t<\/p>\n\t<p><span class=\"wpcf7-form-control-wrap\" data-name=\"your-viscosity\"><input size=\"40\" maxlength=\"400\" class=\"wpcf7-form-control wpcf7-text\" aria-invalid=\"false\" value=\"\" type=\"text\" name=\"your-viscosity\" \/><\/span>\n\t<\/p>\n\t<p>Unit\u00e9 de viscosit\u00e9\n\t<\/p>\n\t<p><span class=\"wpcf7-form-control-wrap\" data-name=\"einheit-viskositaet\"><select class=\"wpcf7-form-control wpcf7-select\" aria-invalid=\"false\" name=\"einheit-viskositaet\"><option value=\"mm\u00b2\/s (=cSt)\">mm\u00b2\/s (=cSt)<\/option><option value=\"mPa s(=cP)\">mPa s(=cP)<\/option><option value=\"ft\u00b2\/s\">ft\u00b2\/s<\/option><\/select><\/span>\n\t<\/p>\n\t<p>Valeur du ph\n\t<\/p>\n\t<p><span class=\"wpcf7-form-control-wrap\" data-name=\"your-ph\"><input size=\"40\" maxlength=\"400\" class=\"wpcf7-form-control wpcf7-text\" aria-invalid=\"false\" value=\"\" type=\"text\" name=\"your-ph\" \/><\/span>\n\t<\/p>\n\t<p>Pression de livraison au point de fonctionnement\n\t<\/p>\n\t<p><span class=\"wpcf7-form-control-wrap\" data-name=\"your-delivery-pressure\"><input size=\"40\" maxlength=\"400\" class=\"wpcf7-form-control wpcf7-text\" aria-invalid=\"false\" value=\"\" type=\"text\" name=\"your-delivery-pressure\" \/><\/span>\n\t<\/p>\n\t<p>Pression de refoulement Max. \/ Min.\n\t<\/p>\n\t<p><span class=\"wpcf7-form-control-wrap\" data-name=\"your-max-delivery-pressure\"><input size=\"40\" maxlength=\"400\" class=\"wpcf7-form-control wpcf7-text\" aria-invalid=\"false\" value=\"\" type=\"text\" name=\"your-max-delivery-pressure\" \/><\/span>\n\t<\/p>\n\t<p>Pression de l'unit\u00e9 de livraison\n\t<\/p>\n\t<p><span class=\"wpcf7-form-control-wrap\" data-name=\"einheit-druck\"><select class=\"wpcf7-form-control wpcf7-select\" aria-invalid=\"false\" name=\"einheit-druck\"><option value=\"mFH\">mFH<\/option><option value=\"bar\">bar<\/option><\/select><\/span>\n\t<\/p>\n\t<p>Volume de pression de livraison au point de fonctionnement\n\t<\/p>\n\t<p><span class=\"wpcf7-form-control-wrap\" data-name=\"your-dilvery-pressure-operation-point\"><input size=\"40\" maxlength=\"400\" class=\"wpcf7-form-control wpcf7-text\" aria-invalid=\"false\" value=\"\" type=\"text\" name=\"your-dilvery-pressure-operation-point\" \/><\/span>\n\t<\/p>\n\t<p>Volume de pression de livraison Max \/ Min.\n\t<\/p>\n\t<p><span class=\"wpcf7-form-control-wrap\" data-name=\"your-max-dilvery-pressure-volume\"><input size=\"40\" maxlength=\"400\" class=\"wpcf7-form-control wpcf7-text\" aria-invalid=\"false\" placeholder=\"\" value=\"\" type=\"text\" name=\"your-max-dilvery-pressure-volume\" \/><\/span>\n\t<\/p>\n\t<p>Unit\u00e9 du volume de pression\n\t<\/p>\n\t<p><span class=\"wpcf7-form-control-wrap\" data-name=\"einheit-foedervolumen\"><select class=\"wpcf7-form-control wpcf7-select\" aria-invalid=\"false\" name=\"einheit-foedervolumen\"><option value=\"l\/min\">l\/min<\/option><option value=\"m\u00b3\/h\">m\u00b3\/h<\/option><option value=\"l\/s\">l\/s<\/option><\/select><\/span>\n\t<\/p>\n\t<p>Formulaire (unit\u00e9 voir ci-dessus)\n\t<\/p>\n\t<p><span class=\"wpcf7-form-control-wrap\" data-name=\"your-form\"><input size=\"40\" maxlength=\"400\" class=\"wpcf7-form-control wpcf7-text\" aria-invalid=\"false\" value=\"\" type=\"text\" name=\"your-form\" \/><\/span>\n\t<\/p>\n\t<p>Succion (mFH):\n\t<\/p>\n\t<p><span class=\"wpcf7-form-control-wrap\" data-name=\"your-suction\"><input size=\"40\" maxlength=\"400\" class=\"wpcf7-form-control wpcf7-text\" aria-invalid=\"false\" value=\"\" type=\"text\" name=\"your-suction\" \/><\/span>\n\t<\/p>\n\t<p>Limite de pression sur (unit\u00e9 voir ci-dessus):\n\t<\/p>\n\t<p><span class=\"wpcf7-form-control-wrap\" data-name=\"your-pressure-relief\"><input size=\"40\" maxlength=\"400\" class=\"wpcf7-form-control wpcf7-text\" aria-invalid=\"false\" value=\"\" type=\"text\" name=\"your-pressure-relief\" \/><\/span>\n\t<\/p>\n\t<p>Connexion \u00e9lectrique (V, Hz)\n\t<\/p>\n\t<p><span class=\"wpcf7-form-control-wrap\" data-name=\"your-connection\"><input size=\"40\" maxlength=\"400\" class=\"wpcf7-form-control wpcf7-text\" aria-invalid=\"false\" value=\"\" type=\"text\" name=\"your-connection\" \/><\/span>\n\t<\/p>\n\t<p>Contr\u00f4le de la vitesse, contr\u00f4le de la pompe\n\t<\/p>\n\t<p><span class=\"wpcf7-form-control-wrap\" data-name=\"drehzahl-regelung\"><select class=\"wpcf7-form-control wpcf7-select\" aria-invalid=\"false\" name=\"drehzahl-regelung\"><option value=\"un point de fonctionnement\">un point de fonctionnement<\/option><option value=\"sans contr\u00f4le\">sans contr\u00f4le<\/option><option value=\"Pression constante de contr\u00f4le de vitesse\">Pression constante de contr\u00f4le de vitesse<\/option><option value=\"Quantit\u00e9 constante de contr\u00f4le de vitesse\">Quantit\u00e9 constante de contr\u00f4le de vitesse<\/option><option value=\"Contr\u00f4le de vitesse sur (Sp\u00e9cification dans la description)\">Contr\u00f4le de vitesse sur (Sp\u00e9cification dans la description)<\/option><\/select><\/span>\n\t<\/p>\n\t<p>Protection contre l'explosion requise\n\t<\/p>\n\t<p><span class=\"wpcf7-form-control-wrap\" data-name=\"ex-schutz\"><select class=\"wpcf7-form-control wpcf7-select\" aria-invalid=\"false\" name=\"ex-schutz\"><option value=\"non\">non<\/option><option value=\"oui\">oui<\/option><\/select><\/span>\n\t<\/p>\n\t<p>ATEX-cat\u00e9gorie\n\t<\/p>\n\t<p><span class=\"wpcf7-form-control-wrap\" data-name=\"ATEX-Kategorie\"><span class=\"wpcf7-form-control wpcf7-checkbox\"><span class=\"wpcf7-list-item first\"><input type=\"checkbox\" name=\"ATEX-Kategorie[]\" value=\"1G (Zone 0)\" \/><span class=\"wpcf7-list-item-label\">1G (Zone 0)<\/span><\/span><span class=\"wpcf7-list-item\"><input type=\"checkbox\" name=\"ATEX-Kategorie[]\" value=\"2G (Zone 1)\" \/><span class=\"wpcf7-list-item-label\">2G (Zone 1)<\/span><\/span><span class=\"wpcf7-list-item\"><input type=\"checkbox\" name=\"ATEX-Kategorie[]\" value=\"3G (Zone 2)\" \/><span class=\"wpcf7-list-item-label\">3G (Zone 2)<\/span><\/span><span class=\"wpcf7-list-item\"><input type=\"checkbox\" name=\"ATEX-Kategorie[]\" value=\"1D (Zone 0)\" \/><span class=\"wpcf7-list-item-label\">1D (Zone 0)<\/span><\/span><span class=\"wpcf7-list-item\"><input type=\"checkbox\" name=\"ATEX-Kategorie[]\" value=\"2D (Zone 21)\" \/><span class=\"wpcf7-list-item-label\">2D (Zone 21)<\/span><\/span><span class=\"wpcf7-list-item last\"><input type=\"checkbox\" name=\"ATEX-Kategorie[]\" value=\"3D (Zone 22)\" \/><span class=\"wpcf7-list-item-label\">3D (Zone 22)<\/span><\/span><\/span><\/span>\n\t<\/p>\n\t<p>ATEX-classe de temp\u00e9rature\n\t<\/p>\n\t<p><span class=\"wpcf7-form-control-wrap\" data-name=\"ATEX-Temperaturklasse\"><span class=\"wpcf7-form-control wpcf7-checkbox\"><span class=\"wpcf7-list-item first\"><input type=\"checkbox\" name=\"ATEX-Temperaturklasse[]\" value=\"T1\" \/><span class=\"wpcf7-list-item-label\">T1<\/span><\/span><span class=\"wpcf7-list-item\"><input type=\"checkbox\" name=\"ATEX-Temperaturklasse[]\" value=\"T2\" \/><span class=\"wpcf7-list-item-label\">T2<\/span><\/span><span class=\"wpcf7-list-item\"><input type=\"checkbox\" name=\"ATEX-Temperaturklasse[]\" value=\"T3\" \/><span class=\"wpcf7-list-item-label\">T3<\/span><\/span><span class=\"wpcf7-list-item\"><input type=\"checkbox\" name=\"ATEX-Temperaturklasse[]\" value=\"T4\" \/><span class=\"wpcf7-list-item-label\">T4<\/span><\/span><span class=\"wpcf7-list-item\"><input type=\"checkbox\" name=\"ATEX-Temperaturklasse[]\" value=\"T5\" \/><span class=\"wpcf7-list-item-label\">T5<\/span><\/span><span class=\"wpcf7-list-item\"><input type=\"checkbox\" name=\"ATEX-Temperaturklasse[]\" value=\"T6\" \/><span class=\"wpcf7-list-item-label\">T6<\/span><\/span><span class=\"wpcf7-list-item last\"><input type=\"checkbox\" name=\"ATEX-Temperaturklasse[]\" value=\"Poussi\u00e8re\" \/><span class=\"wpcf7-list-item-label\">Poussi\u00e8re<\/span><\/span><\/span><\/span>\n\t<\/p>\n\t<p>Poussi\u00e8re (\u00b0C)\n\t<\/p>\n\t<p><span class=\"wpcf7-form-control-wrap\" data-name=\"your-dust\"><input size=\"40\" maxlength=\"400\" class=\"wpcf7-form-control wpcf7-text\" aria-invalid=\"false\" value=\"\" type=\"text\" name=\"your-dust\" \/><\/span>\n\t<\/p>\n\t<p>ATEX-groupe liquide\n\t<\/p>\n\t<p><span class=\"wpcf7-form-control-wrap\" data-name=\"ATEX-Fluessigkeitsgruppe\"><span class=\"wpcf7-form-control wpcf7-checkbox\"><span class=\"wpcf7-list-item first\"><input type=\"checkbox\" name=\"ATEX-Fluessigkeitsgruppe[]\" value=\"IIA\" \/><span class=\"wpcf7-list-item-label\">IIA<\/span><\/span><span class=\"wpcf7-list-item\"><input type=\"checkbox\" name=\"ATEX-Fluessigkeitsgruppe[]\" value=\"IIB\" \/><span class=\"wpcf7-list-item-label\">IIB<\/span><\/span><span class=\"wpcf7-list-item last\"><input type=\"checkbox\" name=\"ATEX-Fluessigkeitsgruppe[]\" value=\"IIC\" \/><span class=\"wpcf7-list-item-label\">IIC<\/span><\/span><\/span><\/span>\n\t<\/p>\n\t<p>ATEX-type de moteur\n\t<\/p>\n\t<p><span class=\"wpcf7-form-control-wrap\" data-name=\"ATEX-Motortyp\"><span class=\"wpcf7-form-control wpcf7-checkbox\"><span class=\"wpcf7-list-item first\"><input type=\"checkbox\" name=\"ATEX-Motortyp[]\" value=\"EEx e\" \/><span class=\"wpcf7-list-item-label\">EEx e<\/span><\/span><span class=\"wpcf7-list-item\"><input type=\"checkbox\" name=\"ATEX-Motortyp[]\" value=\"EEx d\" \/><span class=\"wpcf7-list-item-label\">EEx d<\/span><\/span><span class=\"wpcf7-list-item last\"><input type=\"checkbox\" name=\"ATEX-Motortyp[]\" value=\"EEx de\" \/><span class=\"wpcf7-list-item-label\">EEx de<\/span><\/span><\/span><\/span>\n\t<\/p>\n\t<p>Temp\u00e9rature ambiante lorsque >40 \u00b0C (\u00b0C)\n\t<\/p>\n\t<p><span class=\"wpcf7-form-control-wrap\" data-name=\"ambient-temperature\"><input size=\"40\" maxlength=\"400\" class=\"wpcf7-form-control wpcf7-text\" aria-invalid=\"false\" value=\"\" type=\"text\" name=\"ambient-temperature\" \/><\/span>\n\t<\/p>\n\t<p>\u00c9tanch\u00e9it\u00e9 de l'arbre<\n\t<\/p>\n\t<p><span class=\"wpcf7-form-control-wrap\" data-name=\"Wellenabdichtung\"><span class=\"wpcf7-form-control wpcf7-checkbox\"><span class=\"wpcf7-list-item first\"><input type=\"checkbox\" name=\"Wellenabdichtung[]\" value=\"Pack\" \/><span class=\"wpcf7-list-item-label\">Pack<\/span><\/span><span class=\"wpcf7-list-item\"><input type=\"checkbox\" name=\"Wellenabdichtung[]\" value=\"Joint d&#039;arbre\" \/><span class=\"wpcf7-list-item-label\">Joint d&#039;arbre<\/span><\/span><span class=\"wpcf7-list-item\"><input type=\"checkbox\" name=\"Wellenabdichtung[]\" value=\"Garniture m\u00e9canique\" \/><span class=\"wpcf7-list-item-label\">Garniture m\u00e9canique<\/span><\/span><span class=\"wpcf7-list-item last\"><input type=\"checkbox\" name=\"Wellenabdichtung[]\" value=\"Joint magn\u00e9tique\" \/><span class=\"wpcf7-list-item-label\">Joint magn\u00e9tique<\/span><\/span><\/span><\/span>\n\t<\/p>\n\t<p>Mat\u00e9riaux stables-m\u00e9tale\n\t<\/p>\n\t<p><span class=\"wpcf7-form-control-wrap\" data-name=\"BestaendigeWerkstoffeMetalle\"><span class=\"wpcf7-form-control wpcf7-checkbox\"><span class=\"wpcf7-list-item first\"><input type=\"checkbox\" name=\"BestaendigeWerkstoffeMetalle[]\" value=\"Fonte\" \/><span class=\"wpcf7-list-item-label\">Fonte<\/span><\/span><span class=\"wpcf7-list-item\"><input type=\"checkbox\" name=\"BestaendigeWerkstoffeMetalle[]\" value=\"Acier inoxydable\" \/><span class=\"wpcf7-list-item-label\">Acier inoxydable<\/span><\/span><span class=\"wpcf7-list-item\"><input type=\"checkbox\" name=\"BestaendigeWerkstoffeMetalle[]\" value=\"Bronze\" \/><span class=\"wpcf7-list-item-label\">Bronze<\/span><\/span><span class=\"wpcf7-list-item\"><input type=\"checkbox\" name=\"BestaendigeWerkstoffeMetalle[]\" value=\"PPPVDF\" \/><span class=\"wpcf7-list-item-label\">PPPVDF<\/span><\/span><span class=\"wpcf7-list-item\"><input type=\"checkbox\" name=\"BestaendigeWerkstoffeMetalle[]\" value=\"Nylon\" \/><span class=\"wpcf7-list-item-label\">Nylon<\/span><\/span><span class=\"wpcf7-list-item last\"><input type=\"checkbox\" name=\"BestaendigeWerkstoffeMetalle[]\" value=\"Hastelloy\" \/><span class=\"wpcf7-list-item-label\">Hastelloy<\/span><\/span><\/span><\/span>\n\t<\/p>\n\t<p>Joints de mat\u00e9riaux r\u00e9sistants\n\t<\/p>\n\t<p><span class=\"wpcf7-form-control-wrap\" data-name=\"BestaendigeWerkstoffeDichtungen\"><span class=\"wpcf7-form-control wpcf7-checkbox\"><span class=\"wpcf7-list-item first\"><input type=\"checkbox\" name=\"BestaendigeWerkstoffeDichtungen[]\" value=\"Perbunan (NBR)\" \/><span class=\"wpcf7-list-item-label\">Perbunan (NBR)<\/span><\/span><span class=\"wpcf7-list-item\"><input type=\"checkbox\" name=\"BestaendigeWerkstoffeDichtungen[]\" value=\"Viton FPM\" \/><span class=\"wpcf7-list-item-label\">Viton FPM<\/span><\/span><span class=\"wpcf7-list-item\"><input type=\"checkbox\" name=\"BestaendigeWerkstoffeDichtungen[]\" value=\"Teflon (PTFE)\" \/><span class=\"wpcf7-list-item-label\">Teflon (PTFE)<\/span><\/span><span class=\"wpcf7-list-item\"><input type=\"checkbox\" name=\"BestaendigeWerkstoffeDichtungen[]\" value=\"Kalrez (FFKM)\" \/><span class=\"wpcf7-list-item-label\">Kalrez (FFKM)<\/span><\/span><span class=\"wpcf7-list-item last\"><input type=\"checkbox\" name=\"BestaendigeWerkstoffeDichtungen[]\" value=\"EPDM\" \/><span class=\"wpcf7-list-item-label\">EPDM<\/span><\/span><\/span><\/span>\n\t<\/p>\n\t<p>Message\n\t<\/p>\n\t<p><span class=\"wpcf7-form-control-wrap\" data-name=\"your-message\"><textarea cols=\"40\" rows=\"10\" maxlength=\"2000\" class=\"wpcf7-form-control wpcf7-textarea\" aria-invalid=\"false\" placeholder=\"votre message\" name=\"your-message\"><\/textarea><\/span>\n\t<\/p>\n\t<p><span class=\"wpcf7-form-control-wrap\" data-name=\"anhang\"><input size=\"40\" class=\"wpcf7-form-control wpcf7-file\" accept=\"audio\/*,video\/*,image\/*\" aria-invalid=\"false\" type=\"file\" name=\"anhang\" \/><\/span>\n\t<\/p>\n\t<p>Comment nous avez-vous trouv\u00e9?\n\t<\/p>\n\t<p><span class=\"wpcf7-form-control-wrap\" data-name=\"WiehabenSieunsgefunden\"><span class=\"wpcf7-form-control wpcf7-checkbox\"><span class=\"wpcf7-list-item first\"><input type=\"checkbox\" name=\"WiehabenSieunsgefunden[]\" value=\"Google RECHERCHE\" \/><span class=\"wpcf7-list-item-label\">Google RECHERCHE<\/span><\/span><span class=\"wpcf7-list-item\"><input type=\"checkbox\" name=\"WiehabenSieunsgefunden[]\" value=\"Google ANNONCE\" \/><span class=\"wpcf7-list-item-label\">Google ANNONCE<\/span><\/span><span class=\"wpcf7-list-item\"><input type=\"checkbox\" name=\"WiehabenSieunsgefunden[]\" value=\"Wer liefert Was?\" \/><span class=\"wpcf7-list-item-label\">Wer liefert Was?<\/span><\/span><span class=\"wpcf7-list-item\"><input type=\"checkbox\" name=\"WiehabenSieunsgefunden[]\" value=\"ABC-Online\" \/><span class=\"wpcf7-list-item-label\">ABC-Online<\/span><\/span><span class=\"wpcf7-list-item\"><input type=\"checkbox\" name=\"WiehabenSieunsgefunden[]\" value=\"Telefonbuch.de\" \/><span class=\"wpcf7-list-item-label\">Telefonbuch.de<\/span><\/span><span class=\"wpcf7-list-item\"><input type=\"checkbox\" name=\"WiehabenSieunsgefunden[]\" value=\"Recommandation\" \/><span class=\"wpcf7-list-item-label\">Recommandation<\/span><\/span><span class=\"wpcf7-list-item last\"><input type=\"checkbox\" name=\"WiehabenSieunsgefunden[]\" value=\"chiens \u00e9cras\u00e9s\" \/><span class=\"wpcf7-list-item-label\">chiens \u00e9cras\u00e9s<\/span><\/span><\/span><\/span>\n\t<\/p>\n\t<p>Veuillez entrer ci-dessous\n\t<\/p>\n\t<p><input type=\"hidden\" name=\"_wpcf7_captcha_challenge_captcha-1\" value=\"2898720856\" \/><img loading=\"lazy\" decoding=\"async\" class=\"wpcf7-form-control wpcf7-captchac wpcf7-captcha-captcha-1\" width=\"72\" height=\"24\" alt=\"captcha\" src=\"https:\/\/lukra-pumpen.de\/wp-content\/uploads\/wpcf7_captcha\/2898720856.png\" \/><span class=\"wpcf7-form-control-wrap\" data-name=\"captcha-1\"><input size=\"40\" class=\"wpcf7-form-control wpcf7-captchar\" autocomplete=\"off\" aria-invalid=\"false\" value=\"\" type=\"text\" name=\"captcha-1\" \/><\/span><br \/>\n<input class=\"wpcf7-form-control wpcf7-submit has-spinner\" type=\"submit\" value=\"Envoyer la demande de produit\" \/>\n\t<\/p>\n<\/div><div class=\"wpcf7-response-output\" aria-hidden=\"true\"><\/div>\n<\/form>\n<\/div>\n\n","protected":false},"excerpt":{"rendered":"","protected":false},"author":3,"featured_media":0,"parent":0,"menu_order":0,"comment_status":"closed","ping_status":"closed","template":"","meta":{"footnotes":""},"class_list":["post-2141","page","type-page","status-publish","hentry"],"_links":{"self":[{"href":"https:\/\/lukra-pumpen.de\/fr\/wp-json\/wp\/v2\/pages\/2141","targetHints":{"allow":["GET"]}}],"collection":[{"href":"https:\/\/lukra-pumpen.de\/fr\/wp-json\/wp\/v2\/pages"}],"about":[{"href":"https:\/\/lukra-pumpen.de\/fr\/wp-json\/wp\/v2\/types\/page"}],"author":[{"embeddable":true,"href":"https:\/\/lukra-pumpen.de\/fr\/wp-json\/wp\/v2\/users\/3"}],"replies":[{"embeddable":true,"href":"https:\/\/lukra-pumpen.de\/fr\/wp-json\/wp\/v2\/comments?post=2141"}],"version-history":[{"count":4,"href":"https:\/\/lukra-pumpen.de\/fr\/wp-json\/wp\/v2\/pages\/2141\/revisions"}],"predecessor-version":[{"id":2193,"href":"https:\/\/lukra-pumpen.de\/fr\/wp-json\/wp\/v2\/pages\/2141\/revisions\/2193"}],"wp:attachment":[{"href":"https:\/\/lukra-pumpen.de\/fr\/wp-json\/wp\/v2\/media?parent=2141"}],"curies":[{"name":"wp","href":"https:\/\/api.w.org\/{rel}","templated":true}]}}