{"id":2198,"date":"2018-06-18T12:16:35","date_gmt":"2018-06-18T11:16:35","guid":{"rendered":"http:\/\/kracht-lutz-lukra-pumpen.de\/?page_id=2198"},"modified":"2018-11-05T16:57:08","modified_gmt":"2018-11-05T15:57:08","slug":"tiefbrunnenpumpe","status":"publish","type":"page","link":"https:\/\/lukra-pumpen.de\/fr\/tiefbrunnenpumpe\/","title":{"rendered":"Tiefbrunnenpumpe"},"content":{"rendered":"<p>\n<style type=\"text\/css\" data-created_by=\"avia_inline_auto\" id=\"style-css-av-av_one_full-15d750bd1b332b34c6e70b077ebbccdf\">\n.flex_column.av-av_one_full-15d750bd1b332b34c6e70b077ebbccdf{\nborder-radius:0px 0px 0px 0px;\npadding:0px 0px 0px 0px;\n}\n<\/style>\n<div  class='flex_column av-av_one_full-15d750bd1b332b34c6e70b077ebbccdf av_one_full first flex_column_div av-zero-column-padding  '     ><section  class='av_textblock_section av-av_textblock-2de302bf1aa3cf4c9157dbe6f50ac7eb '   itemscope=\"itemscope\" itemtype=\"https:\/\/schema.org\/CreativeWork\" ><div class='avia_textblock'  itemprop=\"text\" ><h1><strong>Tiefbrunnenpumpe<\/strong><\/h1>\n<p>Eine Tiefbrunnenpumpe kann zur Wassergewinnung in der Landwirtschaft, im Gartenbau und der Industrie oder Kommune eingesetzt werden. Sie ist dann unverzichtbar, wenn die F\u00f6rderh\u00f6he hoch oder die Bohrl\u00f6cher eng sind. Planen Sie Bew\u00e4sserungsanlagen oder wollen Sie die Hauswasserversorgung verbessern und die Pumpe zur Rohwassergewinnung einsetzen? Dann ist eine Tiefbrunnenpumpe optimal geeignet. Es gibt Tiefbrunnenpumpen aus Grauguss, Edelstahl und mit Kunststofflaufr\u00e4dern. Ist das Wasser mit Sand versetzt, gibt es Tiefbrunnenpumpen, die einen Durchsatz an Feststoffen bis zu 150 Gramm pro Kubikmeter verkraften.<\/p>\n<\/div><\/section><\/div>\n<style type=\"text\/css\" data-created_by=\"avia_inline_auto\" id=\"style-css-av-av_one_half-15d750bd1b332b34c6e70b077ebbccdf\">\n.flex_column.av-av_one_half-15d750bd1b332b34c6e70b077ebbccdf{\nborder-radius:0px 0px 0px 0px;\npadding:0px 0px 0px 0px;\n}\n<\/style>\n<div  class='flex_column av-av_one_half-15d750bd1b332b34c6e70b077ebbccdf av_one_half first flex_column_div av-zero-column-padding  '     ><p>\n<style type=\"text\/css\" data-created_by=\"avia_inline_auto\" id=\"style-css-av-av_textblock-c09fac0dabe4d96e7430e6715062a98a\">\n#top .av_textblock_section.av-av_textblock-c09fac0dabe4d96e7430e6715062a98a .avia_textblock{\nfont-size:12px;\n}\n<\/style>\n<section  class='av_textblock_section av-av_textblock-c09fac0dabe4d96e7430e6715062a98a '   itemscope=\"itemscope\" itemtype=\"https:\/\/schema.org\/CreativeWork\" ><div class='avia_textblock'  itemprop=\"text\" ><p><strong>Lutz Kracht &#8211; LUKRA Pumpen e.K.<\/strong><\/p>\n<hr \/>\n<p>Tel.: +49 (0) 23 92 \/ 80 60 3-0<br \/>\nFax: +49 (0) 23 92 \/ 80 60 3-70<br \/>\nMail: info@lukra-pumpen.de<\/p>\n<\/div><\/section><br \/>\n<div  class='avia-button-wrap av-av_button-70e629fb29c121777a632b22be1e16c3-wrap avia-button-left '><a href='https:\/\/lukra-pumpen.de\/callback\/'  class='avia-button av-av_button-70e629fb29c121777a632b22be1e16c3 av-link-btn avia-icon_select-no avia-size-small avia-position-left avia-color-theme-color'   aria-label=\"Callback\"><span class='avia_iconbox_title' >Callback<\/span><\/a><\/div><\/p><\/div><\/p>\n\n<style type=\"text\/css\" data-created_by=\"avia_inline_auto\" id=\"style-css-av-av_one_half-c8fc129dc35fd1ae2a1e410224d39ea8\">\n.flex_column.av-av_one_half-c8fc129dc35fd1ae2a1e410224d39ea8{\nborder-radius:0px 0px 0px 0px;\npadding:0px 0px 0px 0px;\n}\n<\/style>\n<div  class='flex_column av-av_one_half-c8fc129dc35fd1ae2a1e410224d39ea8 av_one_half flex_column_div av-zero-column-padding  '     ><form action=\"https:\/\/lukra-pumpen.de\/fr\/tiefbrunnenpumpe\/\" method=\"post\" data-fields-with-error=\"Erreurs trouv\u00e9es dans les champs suivants :\" class=\"avia_ajax_form av-form-labels-visible    \" data-avia-form-id=\"1\" data-avia-redirect='' ><h3 class=''>Anfragen<\/h3><fieldset><p class='  first_form  form_element form_element_half' id='element_avia_1_1'><label for=\"avia_1_1\">Name <abbr class=\"required\" title=\"requis(e)\">*<\/abbr><\/label> <input name=\"avia_1_1\" class=\"text_input is_empty\" type=\"text\" id=\"avia_1_1\" value=\"\" \/><\/p><p class='  form_element form_element_half' id='element_avia_2_1'><label for=\"avia_2_1\">E-Mail <abbr class=\"required\" title=\"requis(e)\">*<\/abbr><\/label> <input name=\"avia_2_1\" class=\"text_input is_email\" type=\"text\" id=\"avia_2_1\" value=\"\" \/><\/p><p class='  first_form  form_element form_fullwidth' id='element_avia_3_1'><label for=\"avia_3_1\">Betreff <abbr class=\"required\" title=\"requis(e)\">*<\/abbr><\/label> <input name=\"avia_3_1\" class=\"text_input is_empty\" type=\"text\" id=\"avia_3_1\" value=\"\" \/><\/p><p class='  first_form  form_element form_fullwidth av-last-visible-form-element' id='element_avia_4_1'><label for=\"avia_4_1\" class=\"textare_label hidden textare_label_avia_4_1\">Nachricht <abbr class=\"required\" title=\"requis(e)\">*<\/abbr><\/label><textarea  name=\"avia_4_1\" class=\"text_area is_empty\" cols=\"40\" rows=\"7\" id=\"avia_4_1\" ><\/textarea><\/p><p class=\"hidden\"><input type=\"text\" name=\"avia_5_1\" class=\"hidden \" id=\"avia_5_1\" value=\"\" \/><\/p><p class=\"form_element \"><input type=\"hidden\" value=\"1\" name=\"avia_generated_form1\" \/><input type=\"submit\" value=\"Senden\" class=\"button\"  data-sending-label=\"Envoi\"\/><\/p><\/fieldset><\/form><div id=\"ajaxresponse_1\" class=\"ajaxresponse ajaxresponse_1 hidden\"><\/div><\/div>\n\n<style type=\"text\/css\" data-created_by=\"avia_inline_auto\" id=\"style-css-av-av_one_full-15d750bd1b332b34c6e70b077ebbccdf\">\n.flex_column.av-av_one_full-15d750bd1b332b34c6e70b077ebbccdf{\nborder-radius:0px 0px 0px 0px;\npadding:0px 0px 0px 0px;\n}\n<\/style>\n<div  class='flex_column av-av_one_full-15d750bd1b332b34c6e70b077ebbccdf av_one_full first flex_column_div av-zero-column-padding  '     ><section  class='av_textblock_section av-av_textblock-2de302bf1aa3cf4c9157dbe6f50ac7eb '   itemscope=\"itemscope\" itemtype=\"https:\/\/schema.org\/CreativeWork\" ><div class='avia_textblock'  itemprop=\"text\" ><h2><strong>Wie eine mehrstufige Tiefbrunnenpumpe funktioniert<\/strong><\/h2>\n<p>Vom Durchmesser des Brunnenrohres, der erforderlichen Wassermenge und dem ben\u00f6tigten Wasserdruck h\u00e4ngt es ab, welche Tiefbrunnenpumpe konkret f\u00fcr den jeweiligen Einsatz geeignet ist. Da tiefe Brunnensch\u00e4chte in der Regel schmal sind, eignen sich besonders die mehrstufigen Pumpen: Diese wird komplett mit Pumpe und Motor in das Brunnenwasser getaucht. Sie funktionieren nach dem Kreiselpumpenprinzip, bei dem der Motor die Pumpenwelle antreibt. Mit Hilfe der Zentrifugalkraft dr\u00fccken die mehrstufigen Diffusoren das zu f\u00f6rdernde Wasser in die jeweils n\u00e4chste Stufe. Die langlebigen Tiefbrunnenpumpen verkraften dabei bis zu 150 Gramm Sand pro Kubikmeter Wasser.<\/p>\n<h2><strong>Die Tiefbrunnenpumpe ist langlebig und robust<\/strong><\/h2>\n<p>Da hochwertiger und beschichteter Edelstahl-Feinguss in all den Teilen, Lagern, Achsen und der NEMA-Kupplung aus Edelstahl eingesetzt wird, ist die Tiefbrunnenpumpe gegen Sandabrieb und vor Korrosion gesch\u00fctzt und verf\u00fcgt \u00fcber eine hohe Verschlei\u00dffestigkeit. Schwimmende Laufr\u00e4der und eine Frontalausgleichsscheibe sorgen daf\u00fcr, dass die Tiefbrunnenpumpe au\u00dferordentlich best\u00e4ndig gegen\u00fcber Abrasion und Verschlei\u00df ist. Immerhin wird jede Tiefbrunnenpumpe in der Regel in einem schmalen Brunnenschacht eingebaut. Dort ist sie f\u00fcr eine Inspektion, Wartung und eine eventuelle Reparatur relativ schwer erreichbar. Vor Wasserschl\u00e4gen und R\u00fccklaufen des Wassers sch\u00fctzt das in der Tiefbrunnenpumpe integrierte R\u00fcckschlagventil.<\/p>\n<\/div><\/section><\/div>\n<style type=\"text\/css\" data-created_by=\"avia_inline_auto\" id=\"style-css-av-av_one_full-15d750bd1b332b34c6e70b077ebbccdf\">\n.flex_column.av-av_one_full-15d750bd1b332b34c6e70b077ebbccdf{\nborder-radius:0px 0px 0px 0px;\npadding:0px 0px 0px 0px;\n}\n<\/style>\n<div  class='flex_column av-av_one_full-15d750bd1b332b34c6e70b077ebbccdf av_one_full first flex_column_div av-zero-column-padding  '     ><section  class='av_textblock_section av-av_textblock-2de302bf1aa3cf4c9157dbe6f50ac7eb '   itemscope=\"itemscope\" itemtype=\"https:\/\/schema.org\/CreativeWork\" ><div class='avia_textblock'  itemprop=\"text\" ><h3><strong>Der Leistungsbereich der Tiefbrunnenpumpe<\/strong><\/h3>\n<p>Tiefbrunnenpumpen liefern zwischen 1.000 bis 340.000 Liter Wasser st\u00fcndlich mit einem maximalen Wasserdruck zwischen 30 mFH und 450 mFH. Die Leistung der Motoren betr\u00e4gt in der Regel zwischen 0,55 kW und 300 kW. Soll Wasser aus einer Tiefe bis zu 1.200 Metern gef\u00f6rdert werden, gibt es spezielle Tiefbrunnenpumpen f\u00fcr extreme Tiefen, die einen Druck von \u00fcber 120 bar erreichen.<\/p>\n<h3><strong>Wo l\u00e4sst sich eine Tiefbrunnenpumpe einsetzen? <\/strong><\/h3>\n<p>Soll Wasser aus einer Tiefe von mehr als acht Metern gef\u00f6rdert werden, kommt eine Tiefbrunnenpumpe zum Einsatz. Diese gibt es in unterschiedlichen Durchmessern, f\u00fcr unterschiedliche F\u00f6rderh\u00f6hen und -volumen. W\u00e4hrend f\u00fcr eine private Hauswasserversorgung oder f\u00fcr Beregnungsanlagen zur Gartenbew\u00e4sserung kleinere Tiefbrunnenpumpen ausreichen, kommt es in Gartenbau, Landwirtschaft und Industrie, sowie der kommunalen Wassergewinnung auf den ben\u00f6tigten F\u00f6rderdruck und das F\u00f6rdervolumen an. Kommunale oder st\u00e4dtische Wasserwerke nutzen Tiefbrunnenpumpen f\u00fcr ihre Wasserversorgungsanlagen oder zur Druckerh\u00f6hung im Leitungsnetz, f\u00fcr Feuerl\u00f6schanlagen, Springbrunnen oder zur Rohwassergewinnung. Im Tagebau dienen Tiefbrunnenpumpen zur Grundwasserabsenkung, ebenso in Baugruben, die unter dem Grundwasserspiegel liegen. Auch im Bergbau wird die Tiefbrunnenpumpe zur Entw\u00e4sserung genutzt.<\/p>\n<\/div><\/section><\/div><\/p>","protected":false},"excerpt":{"rendered":"","protected":false},"author":3,"featured_media":0,"parent":0,"menu_order":0,"comment_status":"closed","ping_status":"closed","template":"","meta":{"footnotes":""},"class_list":["post-2198","page","type-page","status-publish","hentry"],"_links":{"self":[{"href":"https:\/\/lukra-pumpen.de\/fr\/wp-json\/wp\/v2\/pages\/2198","targetHints":{"allow":["GET"]}}],"collection":[{"href":"https:\/\/lukra-pumpen.de\/fr\/wp-json\/wp\/v2\/pages"}],"about":[{"href":"https:\/\/lukra-pumpen.de\/fr\/wp-json\/wp\/v2\/types\/page"}],"author":[{"embeddable":true,"href":"https:\/\/lukra-pumpen.de\/fr\/wp-json\/wp\/v2\/users\/3"}],"replies":[{"embeddable":true,"href":"https:\/\/lukra-pumpen.de\/fr\/wp-json\/wp\/v2\/comments?post=2198"}],"version-history":[{"count":5,"href":"https:\/\/lukra-pumpen.de\/fr\/wp-json\/wp\/v2\/pages\/2198\/revisions"}],"predecessor-version":[{"id":2652,"href":"https:\/\/lukra-pumpen.de\/fr\/wp-json\/wp\/v2\/pages\/2198\/revisions\/2652"}],"wp:attachment":[{"href":"https:\/\/lukra-pumpen.de\/fr\/wp-json\/wp\/v2\/media?parent=2198"}],"curies":[{"name":"wp","href":"https:\/\/api.w.org\/{rel}","templated":true}]}}