{"id":954,"date":"2016-07-15T14:19:56","date_gmt":"2016-07-15T13:19:56","guid":{"rendered":"http:\/\/test.kriesi.at\/enfold-medical\/?page_id=954"},"modified":"2026-04-22T07:54:46","modified_gmt":"2026-04-22T06:54:46","slug":"kontakt","status":"publish","type":"page","link":"https:\/\/lukra-pumpen.de\/fr\/kontakt\/","title":{"rendered":"CONTACT"},"content":{"rendered":"<p>\n<style type=\"text\/css\" data-created_by=\"avia_inline_auto\" id=\"style-css-av-1rr0c2-10-10-d81b33847dcf8d0731cf0f65429eff05\">\n.flex_column.av-1rr0c2-10-10-d81b33847dcf8d0731cf0f65429eff05{\nborder-radius:0px 0px 0px 0px;\npadding:0px 0px 0px 0px;\n}\n<\/style>\n<div  class='flex_column av-1rr0c2-10-10-d81b33847dcf8d0731cf0f65429eff05 av_one_third  avia-builder-el-20  el_after_av_codeblock  el_before_av_one_third  first flex_column_div av-zero-column-padding  '     ><section  class='av_textblock_section av-1l4daa-9-9-7f97ce76587a2ba65bafcfa949a47a64 '   itemscope=\"itemscope\" itemtype=\"https:\/\/schema.org\/CreativeWork\" ><div class='avia_textblock'  itemprop=\"text\" ><p><strong style=\"color: 000;\">Contact Outlook<\/strong><\/p>\n<p><a href=\"\/wp-content\/outlook\/default.vcf\" download=\"\">T\u00e9l\u00e9charger<\/a><\/p>\n<\/div><\/section><\/div><\/p>\n\n<style type=\"text\/css\" data-created_by=\"avia_inline_auto\" id=\"style-css-av-1gxk9u-8-8-24af1a80d60142e7fa2ee8ed08005fcb\">\n.flex_column.av-1gxk9u-8-8-24af1a80d60142e7fa2ee8ed08005fcb{\nborder-radius:0px 0px 0px 0px;\npadding:0px 0px 0px 0px;\n}\n<\/style>\n<div  class='flex_column av-1gxk9u-8-8-24af1a80d60142e7fa2ee8ed08005fcb av_one_third  avia-builder-el-22  el_after_av_one_third  el_before_av_one_third  flex_column_div av-zero-column-padding  '     ><section  class='av_textblock_section av-19c1tm-7-7-0cb8968ae4f229da9c87d15ac61073e1 '   itemscope=\"itemscope\" itemtype=\"https:\/\/schema.org\/CreativeWork\" ><div class='avia_textblock'  itemprop=\"text\" ><p><strong style=\"color: 000;\">Planifiez votre itin\u00e9raire en ligne<\/strong><\/p>\n<p><a href=\"https:\/\/www.google.de\/maps\/dir\/\/Lutz+Kracht+-+LUKRA+Pumpen,+Zum+Erlhof,+Neuenrade\/@51.2890669,7.7757826,13z\/data=!4m8!4m7!1m0!1m5!1m1!1s0x47b94518822641cf:0xb4175da995657665!2m2!1d7.8108019!2d51.2890721?hl=de\" target=\"_blank\" rel=\"noopener\">Google Maps<\/a><\/p>\n<\/div><\/section><\/div>\n\n<style type=\"text\/css\" data-created_by=\"avia_inline_auto\" id=\"style-css-av-12g5fu-6-6-9fd358aa2158002d15651b69e2ea3292\">\n.flex_column.av-12g5fu-6-6-9fd358aa2158002d15651b69e2ea3292{\nborder-radius:0px 0px 0px 0px;\npadding:0px 0px 0px 0px;\n}\n<\/style>\n<div  class='flex_column av-12g5fu-6-6-9fd358aa2158002d15651b69e2ea3292 av_one_third  avia-builder-el-24  el_after_av_one_third  el_before_av_one_full  flex_column_div av-zero-column-padding  '     ><section  class='av_textblock_section av-vzx3m-5-5-749818a6ec395933bed2e6648bc4719d '   itemscope=\"itemscope\" itemtype=\"https:\/\/schema.org\/CreativeWork\" ><div class='avia_textblock'  itemprop=\"text\" ><p><strong style=\"color: 000;\">Itin\u00e9raire<\/strong><\/p>\n<p><a href=\"https:\/\/lukra-pumpen.de\/wp-content\/uploads\/2019\/08\/Wegbeschreibung-1.pdf\" target=\"_blank\" rel=\"noopener\">T\u00e9l\u00e9charger le PDF de l\u2019itin\u00e9raire<\/a><\/p>\n<\/div><\/section><\/div>\n\n<style type=\"text\/css\" data-created_by=\"avia_inline_auto\" id=\"style-css-av-qdqju-4-4-57aab3a4297b43da7106fbd6db9cd4a6\">\n.flex_column.av-qdqju-4-4-57aab3a4297b43da7106fbd6db9cd4a6{\nborder-radius:0px 0px 0px 0px;\npadding:0px 0px 0px 0px;\n}\n<\/style>\n<div  class='flex_column av-qdqju-4-4-57aab3a4297b43da7106fbd6db9cd4a6 av_one_full  avia-builder-el-26  el_after_av_one_third  el_before_av_codeblock  first flex_column_div av-zero-column-padding  column-top-margin'     ><p><section  class='av_textblock_section av-lvt2q-3-3-2b94f9f0af0083739b4cfb118ba57bda '   itemscope=\"itemscope\" itemtype=\"https:\/\/schema.org\/CreativeWork\" ><div class='avia_textblock'  itemprop=\"text\" ><p><strong>Formulaire de demande directe<\/strong><br \/>\nPour les demandes concernant votre application de pompe : les param\u00e8tres essentiels de votre application sont d\u00e9j\u00e0 demand\u00e9s sous forme de checklist afin d\u2019obtenir rapidement une offre.<\/p>\n<\/div><\/section><br \/>\n<div  class='avia-button-wrap av-eqqg2-2-2-f7f041cad512a77d0fc0574a411e58de-wrap avia-button-center  avia-builder-el-28  el_after_av_textblock  avia-builder-el-last '>\n<style type=\"text\/css\" data-created_by=\"avia_inline_auto\" id=\"style-css-av-eqqg2-2-2-f7f041cad512a77d0fc0574a411e58de\">\n#top #wrap_all .avia-button.av-eqqg2-2-2-f7f041cad512a77d0fc0574a411e58de{\nbackground-color:#88ba13;\nborder-color:#88ba13;\ncolor:#ffffff;\ntransition:all 0.4s ease-in-out;\n}\n#top #wrap_all .avia-button.av-eqqg2-2-2-f7f041cad512a77d0fc0574a411e58de .avia-svg-icon svg:first-child{\nfill:#ffffff;\nstroke:#ffffff;\n}\n<\/style>\n<a href='\/direkt-anfrage\/'  class='avia-button av-eqqg2-2-2-f7f041cad512a77d0fc0574a411e58de av-link-btn avia-icon_select-no avia-size-large avia-position-center'   aria-label=\"Demande directe\"><span class='avia_iconbox_title' >Demande directe<\/span><\/a><\/div><\/p><\/div>\n<br \/>\n\n<div class=\"wpcf7 no-js\" id=\"wpcf7-f2185-o3\" lang=\"de-DE\" dir=\"ltr\" data-wpcf7-id=\"2185\">\n<div class=\"screen-reader-response\"><p role=\"status\" aria-live=\"polite\" aria-atomic=\"true\"><\/p> <ul><\/ul><\/div>\n<form action=\"\/fr\/wp-json\/wp\/v2\/pages\/954#wpcf7-f2185-o3\" method=\"post\" class=\"wpcf7-form init\" aria-label=\"Kontaktformular\" novalidate=\"novalidate\" data-status=\"init\">\n<fieldset class=\"hidden-fields-container\"><input type=\"hidden\" name=\"_wpcf7\" value=\"2185\" \/><input type=\"hidden\" name=\"_wpcf7_version\" value=\"6.1.5\" \/><input type=\"hidden\" name=\"_wpcf7_locale\" value=\"de_DE\" \/><input type=\"hidden\" name=\"_wpcf7_unit_tag\" value=\"wpcf7-f2185-o3\" \/><input type=\"hidden\" name=\"_wpcf7_container_post\" value=\"0\" \/><input type=\"hidden\" name=\"_wpcf7_posted_data_hash\" value=\"\" \/><input type=\"hidden\" name=\"_wpcf7_recaptcha_response\" value=\"\" \/>\n<\/fieldset>\n<p>* Champs indispensables pour traiter votre demande.\n<\/p>\n<p>Nom, Pr\u00e9nome*\n<\/p>\n<p><span class=\"wpcf7-form-control-wrap\" data-name=\"your-name\"><input size=\"40\" maxlength=\"400\" class=\"wpcf7-form-control wpcf7-text wpcf7-validates-as-required\" aria-required=\"true\" aria-invalid=\"false\" value=\"\" type=\"text\" name=\"your-name\" \/><\/span>\n<\/p>\n<p>Soci\u00e9t\u00e9*\n<\/p>\n<p><span class=\"wpcf7-form-control-wrap\" data-name=\"your-company\"><input size=\"40\" maxlength=\"400\" class=\"wpcf7-form-control wpcf7-text wpcf7-validates-as-required\" aria-required=\"true\" aria-invalid=\"false\" value=\"\" type=\"text\" name=\"your-company\" \/><\/span>\n<\/p>\n<p>Num\u00e9ro de t\u00e9l\u00e9phone*\n<\/p>\n<p><span class=\"wpcf7-form-control-wrap\" data-name=\"your-number\"><input size=\"40\" maxlength=\"400\" class=\"wpcf7-form-control wpcf7-text wpcf7-validates-as-required\" aria-required=\"true\" aria-invalid=\"false\" value=\"\" type=\"text\" name=\"your-number\" \/><\/span>\n<\/p>\n<p>Rue\n<\/p>\n<p><span class=\"wpcf7-form-control-wrap\" data-name=\"your-street\"><input size=\"40\" maxlength=\"400\" class=\"wpcf7-form-control wpcf7-text\" aria-invalid=\"false\" value=\"\" type=\"text\" name=\"your-street\" \/><\/span>\n<\/p>\n<p>Code postal, Ville\n<\/p>\n<p><span class=\"wpcf7-form-control-wrap\" data-name=\"your-city\"><input size=\"40\" maxlength=\"400\" class=\"wpcf7-form-control wpcf7-text\" aria-invalid=\"false\" value=\"\" type=\"text\" name=\"your-city\" \/><\/span>\n<\/p>\n<p>Adresse \u00e9lectronique*\n<\/p>\n<p><span class=\"wpcf7-form-control-wrap\" data-name=\"your-email\"><input size=\"40\" maxlength=\"400\" class=\"wpcf7-form-control wpcf7-email wpcf7-validates-as-required wpcf7-text wpcf7-validates-as-email\" aria-required=\"true\" aria-invalid=\"false\" value=\"\" type=\"email\" name=\"your-email\" \/><\/span>\n<\/p>\n<p>Sujet\n<\/p>\n<p><span class=\"wpcf7-form-control-wrap\" data-name=\"your-subject\"><input size=\"40\" maxlength=\"400\" class=\"wpcf7-form-control wpcf7-text\" aria-invalid=\"false\" value=\"\" type=\"text\" name=\"your-subject\" \/><\/span>\n<\/p>\n<p>Votre message*\n<\/p>\n<p><span class=\"wpcf7-form-control-wrap\" data-name=\"your-message\"><textarea cols=\"40\" rows=\"10\" maxlength=\"2000\" class=\"wpcf7-form-control wpcf7-textarea\" aria-invalid=\"false\" name=\"your-message\"><\/textarea><\/span>\n<\/p>\n<p><input type=\"hidden\" name=\"_wpcf7_captcha_challenge_captcha-1\" value=\"2165646225\" \/><img loading=\"lazy\" decoding=\"async\" class=\"wpcf7-form-control wpcf7-captchac wpcf7-captcha-captcha-1\" width=\"72\" height=\"24\" alt=\"captcha\" src=\"https:\/\/lukra-pumpen.de\/wp-content\/uploads\/wpcf7_captcha\/2165646225.png\" \/><span class=\"wpcf7-form-control-wrap\" data-name=\"captcha-1\"><input size=\"40\" class=\"wpcf7-form-control wpcf7-captchar\" autocomplete=\"off\" aria-invalid=\"false\" value=\"\" type=\"text\" name=\"captcha-1\" \/><\/span>\n<\/p>\n<p><input class=\"wpcf7-form-control wpcf7-submit has-spinner\" type=\"submit\" value=\"Envoyer\" \/>\n<\/p><div class=\"wpcf7-response-output\" aria-hidden=\"true\"><\/div>\n<\/form>\n<\/div>\n<\/p>","protected":false},"excerpt":{"rendered":"","protected":false},"author":1,"featured_media":0,"parent":0,"menu_order":0,"comment_status":"closed","ping_status":"closed","template":"","meta":{"footnotes":""},"class_list":["post-954","page","type-page","status-publish","hentry"],"_links":{"self":[{"href":"https:\/\/lukra-pumpen.de\/fr\/wp-json\/wp\/v2\/pages\/954","targetHints":{"allow":["GET"]}}],"collection":[{"href":"https:\/\/lukra-pumpen.de\/fr\/wp-json\/wp\/v2\/pages"}],"about":[{"href":"https:\/\/lukra-pumpen.de\/fr\/wp-json\/wp\/v2\/types\/page"}],"author":[{"embeddable":true,"href":"https:\/\/lukra-pumpen.de\/fr\/wp-json\/wp\/v2\/users\/1"}],"replies":[{"embeddable":true,"href":"https:\/\/lukra-pumpen.de\/fr\/wp-json\/wp\/v2\/comments?post=954"}],"version-history":[{"count":84,"href":"https:\/\/lukra-pumpen.de\/fr\/wp-json\/wp\/v2\/pages\/954\/revisions"}],"predecessor-version":[{"id":2925,"href":"https:\/\/lukra-pumpen.de\/fr\/wp-json\/wp\/v2\/pages\/954\/revisions\/2925"}],"wp:attachment":[{"href":"https:\/\/lukra-pumpen.de\/fr\/wp-json\/wp\/v2\/media?parent=954"}],"curies":[{"name":"wp","href":"https:\/\/api.w.org\/{rel}","templated":true}]}}