{"id":1684,"date":"2018-03-20T11:08:37","date_gmt":"2018-03-20T10:08:37","guid":{"rendered":"http:\/\/kracht-lutz-lukra-pumpen.de\/produkt\/lp-aussen-zahnrad-hydraulikpumpen\/"},"modified":"2026-04-16T10:55:16","modified_gmt":"2026-04-16T09:55:16","slug":"lp-aussen-zahnrad-hydraulikpumpen","status":"publish","type":"product","link":"https:\/\/lukra-pumpen.de\/fr\/product\/lp-aussen-zahnrad-hydraulikpumpen\/","title":{"rendered":"Pompes \u00e0 engrenages ext\u00e9rieurs LP"},"content":{"rendered":"<p><strong>Pompes \u00e0 engrenages ext\u00e9rieurs avec bo\u00eetier en aluminium<\/strong><br \/>\nTypes: LP, AP, KP<\/p>\n<p><strong>D\u00e9bit de<\/strong><br \/>\n0,25 cm\u00b3\/tr \u00e0 93 cm\u00b3\/tr<\/p>\n<p><strong>Pression de refoulement de<\/strong><br \/>\njusqu&#8217;\u00e0 220 bars en mat\u00e9riaux aluminium<br \/>\njusqu&#8217;\u00e0 300 bars en mat\u00e9riaux grise<\/p>\n<p><strong>Mat\u00e9riaux<\/strong><br \/>\naluminium\/acier, fonte grise\/acier<\/p>\n<p><strong>M\u00e9diums<\/strong><br \/>\nhuile, huile hydraulique, paraffine etc.<br \/>\n<iframe loading=\"lazy\" width=\"560\" height=\"315\" src=\"https:\/\/www.youtube.com\/embed\/N-x-O1Ms9FM?si=dqAgtEw_R0XZrlJq\" title=\"YouTube video player\" frameborder=\"0\" allow=\"accelerometer; autoplay; clipboard-write; encrypted-media; gyroscope; picture-in-picture; web-share\" referrerpolicy=\"strict-origin-when-cross-origin\" allowfullscreen><\/iframe><\/p>","protected":false},"excerpt":{"rendered":"<p>Pompes \u00e0 engrenages ext\u00e9rieurs avec bo\u00eetier en aluminium Types: LP, AP, KP D\u00e9bit de 0,25 cm\u00b3\/tr \u00e0 93 cm\u00b3\/tr Pression de refoulement de jusqu&#8217;\u00e0 220 bars en mat\u00e9riaux aluminium jusqu&#8217;\u00e0 300 bars en mat\u00e9riaux grise Mat\u00e9riaux aluminium\/acier, fonte grise\/acier M\u00e9diums huile, huile hydraulique, paraffine etc.<\/p>\n","protected":false},"featured_media":1170,"comment_status":"closed","ping_status":"closed","template":"","meta":[],"product_brand":[],"product_cat":[74,71,90],"product_tag":[101,99,100],"class_list":{"0":"post-1684","1":"product","2":"type-product","3":"status-publish","4":"has-post-thumbnail","6":"product_cat-hochdruckhydraulik-pumpen","7":"product_cat-hydraulikpumpen","8":"product_cat-zahnradpumpen","9":"product_tag-bosch-rexroth-pumpen","10":"product_tag-hydraulikpumpen","11":"product_tag-rexroth-pumpen","13":"first","14":"instock","15":"product-type-simple"},"_links":{"self":[{"href":"https:\/\/lukra-pumpen.de\/fr\/wp-json\/wp\/v2\/product\/1684","targetHints":{"allow":["GET"]}}],"collection":[{"href":"https:\/\/lukra-pumpen.de\/fr\/wp-json\/wp\/v2\/product"}],"about":[{"href":"https:\/\/lukra-pumpen.de\/fr\/wp-json\/wp\/v2\/types\/product"}],"replies":[{"embeddable":true,"href":"https:\/\/lukra-pumpen.de\/fr\/wp-json\/wp\/v2\/comments?post=1684"}],"wp:featuredmedia":[{"embeddable":true,"href":"https:\/\/lukra-pumpen.de\/fr\/wp-json\/wp\/v2\/media\/1170"}],"wp:attachment":[{"href":"https:\/\/lukra-pumpen.de\/fr\/wp-json\/wp\/v2\/media?parent=1684"}],"wp:term":[{"taxonomy":"product_brand","embeddable":true,"href":"https:\/\/lukra-pumpen.de\/fr\/wp-json\/wp\/v2\/product_brand?post=1684"},{"taxonomy":"product_cat","embeddable":true,"href":"https:\/\/lukra-pumpen.de\/fr\/wp-json\/wp\/v2\/product_cat?post=1684"},{"taxonomy":"product_tag","embeddable":true,"href":"https:\/\/lukra-pumpen.de\/fr\/wp-json\/wp\/v2\/product_tag?post=1684"}],"curies":[{"name":"wp","href":"https:\/\/api.w.org\/{rel}","templated":true}]}}