{"id":1687,"date":"2018-03-01T11:15:37","date_gmt":"2018-03-01T10:15:37","guid":{"rendered":"http:\/\/kracht-lutz-lukra-pumpen.de\/produkt\/auslaufboegen-fuer-fasspumpen\/"},"modified":"2018-07-02T13:44:53","modified_gmt":"2018-07-02T12:44:53","slug":"auslaufboegen-fuer-fasspumpen","status":"publish","type":"product","link":"https:\/\/lukra-pumpen.de\/fr\/product\/auslaufboegen-fuer-fasspumpen\/","title":{"rendered":"Coude d&#8217;\u00e9coulement pour pompes vide-f\u00fbts"},"content":{"rendered":"<p><strong>Coude d&#8217;\u00e9coulement pour pompes vide-f\u00fbts pour verser et transvaser dans d&#8217;autres r\u00e9cipients<\/strong><\/p>\n<p><strong>Mat\u00e9riaux<\/strong><br \/>\nPP, aluminium, acier inoxydable<\/p>","protected":false},"excerpt":{"rendered":"<p>Coude d&#8217;\u00e9coulement pour pompes vide-f\u00fbts pour verser et transvaser dans d&#8217;autres r\u00e9cipients Mat\u00e9riaux PP, aluminium, acier inoxydable<\/p>\n","protected":false},"featured_media":1169,"comment_status":"closed","ping_status":"closed","template":"","meta":[],"product_brand":[],"product_cat":[70],"product_tag":[],"class_list":{"0":"post-1687","1":"product","2":"type-product","3":"status-publish","4":"has-post-thumbnail","6":"product_cat-fasspumpen-zubehoer","8":"first","9":"instock","10":"product-type-simple"},"_links":{"self":[{"href":"https:\/\/lukra-pumpen.de\/fr\/wp-json\/wp\/v2\/product\/1687","targetHints":{"allow":["GET"]}}],"collection":[{"href":"https:\/\/lukra-pumpen.de\/fr\/wp-json\/wp\/v2\/product"}],"about":[{"href":"https:\/\/lukra-pumpen.de\/fr\/wp-json\/wp\/v2\/types\/product"}],"replies":[{"embeddable":true,"href":"https:\/\/lukra-pumpen.de\/fr\/wp-json\/wp\/v2\/comments?post=1687"}],"wp:featuredmedia":[{"embeddable":true,"href":"https:\/\/lukra-pumpen.de\/fr\/wp-json\/wp\/v2\/media\/1169"}],"wp:attachment":[{"href":"https:\/\/lukra-pumpen.de\/fr\/wp-json\/wp\/v2\/media?parent=1687"}],"wp:term":[{"taxonomy":"product_brand","embeddable":true,"href":"https:\/\/lukra-pumpen.de\/fr\/wp-json\/wp\/v2\/product_brand?post=1687"},{"taxonomy":"product_cat","embeddable":true,"href":"https:\/\/lukra-pumpen.de\/fr\/wp-json\/wp\/v2\/product_cat?post=1687"},{"taxonomy":"product_tag","embeddable":true,"href":"https:\/\/lukra-pumpen.de\/fr\/wp-json\/wp\/v2\/product_tag?post=1687"}],"curies":[{"name":"wp","href":"https:\/\/api.w.org\/{rel}","templated":true}]}}