{"id":1689,"date":"2018-03-20T11:08:37","date_gmt":"2018-03-20T10:08:37","guid":{"rendered":"http:\/\/kracht-lutz-lukra-pumpen.de\/produkt\/druckbehaelter\/"},"modified":"2018-03-20T16:05:36","modified_gmt":"2018-03-20T15:05:36","slug":"druckbehaelter","status":"publish","type":"product","link":"https:\/\/lukra-pumpen.de\/fr\/product\/druckbehaelter\/","title":{"rendered":"R\u00e9servoir \u00e0 pression"},"content":{"rendered":"<p><strong>R\u00e9servoir \u00e0 pression conforme \u00e0 la norme DIN 4810<\/strong><br \/>\nEn option: affichage du niveau d\u2019eau ou <a href=\"https:\/\/www.lukra-pumpen.de\/lukra-pumpen.de\/produkt\/adb90\/\">ADB90<\/a><\/p>\n<p><strong>L&#8217;orientation<\/strong><br \/>\ndebout ou couch\u00e9<\/p>\n<p><strong>Mat\u00e9riaux<\/strong><br \/>\ngalvanis\u00e9 \u00e0 chaud ou en acier inoxydable<br \/>\n<\/p>","protected":false},"excerpt":{"rendered":"","protected":false},"featured_media":1198,"comment_status":"closed","ping_status":"closed","template":"","meta":[],"product_brand":[],"product_cat":[84],"product_tag":[],"class_list":{"0":"post-1689","1":"product","2":"type-product","3":"status-publish","4":"has-post-thumbnail","6":"product_cat-kreiselpumpen-zubehoer","8":"first","9":"instock","10":"product-type-simple"},"_links":{"self":[{"href":"https:\/\/lukra-pumpen.de\/fr\/wp-json\/wp\/v2\/product\/1689","targetHints":{"allow":["GET"]}}],"collection":[{"href":"https:\/\/lukra-pumpen.de\/fr\/wp-json\/wp\/v2\/product"}],"about":[{"href":"https:\/\/lukra-pumpen.de\/fr\/wp-json\/wp\/v2\/types\/product"}],"replies":[{"embeddable":true,"href":"https:\/\/lukra-pumpen.de\/fr\/wp-json\/wp\/v2\/comments?post=1689"}],"wp:featuredmedia":[{"embeddable":true,"href":"https:\/\/lukra-pumpen.de\/fr\/wp-json\/wp\/v2\/media\/1198"}],"wp:attachment":[{"href":"https:\/\/lukra-pumpen.de\/fr\/wp-json\/wp\/v2\/media?parent=1689"}],"wp:term":[{"taxonomy":"product_brand","embeddable":true,"href":"https:\/\/lukra-pumpen.de\/fr\/wp-json\/wp\/v2\/product_brand?post=1689"},{"taxonomy":"product_cat","embeddable":true,"href":"https:\/\/lukra-pumpen.de\/fr\/wp-json\/wp\/v2\/product_cat?post=1689"},{"taxonomy":"product_tag","embeddable":true,"href":"https:\/\/lukra-pumpen.de\/fr\/wp-json\/wp\/v2\/product_tag?post=1689"}],"curies":[{"name":"wp","href":"https:\/\/api.w.org\/{rel}","templated":true}]}}