{"id":1690,"date":"2018-03-20T11:08:37","date_gmt":"2018-03-20T10:08:37","guid":{"rendered":"http:\/\/kracht-lutz-lukra-pumpen.de\/produkt\/brunnenpumpen\/"},"modified":"2018-07-02T08:51:31","modified_gmt":"2018-07-02T07:51:31","slug":"brunnenpumpen","status":"publish","type":"product","link":"https:\/\/lukra-pumpen.de\/fr\/product\/brunnenpumpen\/","title":{"rendered":"Pompes immerg\u00e9es pour forages"},"content":{"rendered":"<p><strong>Pompes sous-marines \u00e0 moteur \u00e0 plusieurs \u00e9tages pour les forages de 4&#8243; \u00e0 12&#8243;<\/strong><\/p>\n<p><strong>D\u00e9bit de<\/strong><br \/>\njusqu&#8217;\u00e0 580 m3\/h<\/p>\n<p><strong>Pression de refoulement de<\/strong><br \/>\njusqu&#8217;\u00e0 550 mFH<\/p>\n<p><strong>Mat\u00e9riaux<\/strong><br \/>\nacier inoxydable, plastique (roues de roulement en partie)<\/p>\n<p><strong>M\u00e9diums<\/strong><br \/>\neau propre ou contenant du sable<\/p>","protected":false},"excerpt":{"rendered":"<p>Pompes sous-marines \u00e0 moteur \u00e0 plusieurs \u00e9tages pour les forages de 4&#8243; \u00e0 12&#8243; D\u00e9bit de jusqu&#8217;\u00e0 580 m3\/h Pression de refoulement de jusqu&#8217;\u00e0 550 mFH Mat\u00e9riaux acier inoxydable, plastique (roues de roulement en partie) M\u00e9diums eau propre ou contenant du sable<\/p>\n","protected":false},"featured_media":1185,"comment_status":"closed","ping_status":"closed","template":"","meta":[],"product_brand":[],"product_cat":[79,83,92],"product_tag":[],"class_list":{"0":"post-1690","1":"product","2":"type-product","3":"status-publish","4":"has-post-thumbnail","6":"product_cat-kreiselpumpen","7":"product_cat-tauchpumpen","8":"product_cat-tiefbrunnenpumpen","10":"first","11":"instock","12":"product-type-simple"},"_links":{"self":[{"href":"https:\/\/lukra-pumpen.de\/fr\/wp-json\/wp\/v2\/product\/1690","targetHints":{"allow":["GET"]}}],"collection":[{"href":"https:\/\/lukra-pumpen.de\/fr\/wp-json\/wp\/v2\/product"}],"about":[{"href":"https:\/\/lukra-pumpen.de\/fr\/wp-json\/wp\/v2\/types\/product"}],"replies":[{"embeddable":true,"href":"https:\/\/lukra-pumpen.de\/fr\/wp-json\/wp\/v2\/comments?post=1690"}],"wp:featuredmedia":[{"embeddable":true,"href":"https:\/\/lukra-pumpen.de\/fr\/wp-json\/wp\/v2\/media\/1185"}],"wp:attachment":[{"href":"https:\/\/lukra-pumpen.de\/fr\/wp-json\/wp\/v2\/media?parent=1690"}],"wp:term":[{"taxonomy":"product_brand","embeddable":true,"href":"https:\/\/lukra-pumpen.de\/fr\/wp-json\/wp\/v2\/product_brand?post=1690"},{"taxonomy":"product_cat","embeddable":true,"href":"https:\/\/lukra-pumpen.de\/fr\/wp-json\/wp\/v2\/product_cat?post=1690"},{"taxonomy":"product_tag","embeddable":true,"href":"https:\/\/lukra-pumpen.de\/fr\/wp-json\/wp\/v2\/product_tag?post=1690"}],"curies":[{"name":"wp","href":"https:\/\/api.w.org\/{rel}","templated":true}]}}