{"id":1691,"date":"2018-03-20T11:08:37","date_gmt":"2018-03-20T10:08:37","guid":{"rendered":"http:\/\/kracht-lutz-lukra-pumpen.de\/produkt\/dichtungslose-freistrom-tauchpumpen\/"},"modified":"2018-03-26T17:48:43","modified_gmt":"2018-03-26T16:48:43","slug":"dichtungslose-freistrom-tauchpumpen","status":"publish","type":"product","link":"https:\/\/lukra-pumpen.de\/fr\/product\/dichtungslose-freistrom-tauchpumpen\/","title":{"rendered":"Pompes submersibles \u00e0 vortex sans joint"},"content":{"rendered":"<p><strong>Pompes submersibles \u00e0 vortex sans joint avec roues de roulement semi-ouvertes<\/strong><br \/>\npompes submersibles \u00e0 un ou plusieurs \u00e9tages sans joints pour les hauteurs de pompage moyennes<\/p>\n<p><strong>D\u00e9bit de<\/strong><br \/>\njusqu&#8217;\u00e0 2500 l\/min<\/p>\n<p><strong>Pression de refoulement de<\/strong><br \/>\njusqu&#8217;\u00e0 120 mFH<\/p>\n<p><strong>Mat\u00e9riaux<\/strong><br \/>\nfonte grise, laiton, acier moul\u00e9, POM\/PPS<\/p>\n<p><strong>M\u00e9diums<\/strong><br \/>\neau, \u00e9mulsions de refroidissement, huile de refroidissement et de coupe, autres m\u00e9diums sur demande<\/p>","protected":false},"excerpt":{"rendered":"<p>Pompes submersibles \u00e0 vortex sans joint avec roues de roulement semi-ouvertes pompes submersibles \u00e0 un ou plusieurs \u00e9tages sans joints pour les hauteurs de pompage moyennes D\u00e9bit de jusqu&#8217;\u00e0 2500 l\/min Pression de refoulement de jusqu&#8217;\u00e0 120 mFH Mat\u00e9riaux fonte grise, laiton, acier moul\u00e9, POM\/PPS M\u00e9diums eau, \u00e9mulsions de refroidissement, huile de refroidissement et de [&hellip;]<\/p>\n","protected":false},"featured_media":1303,"comment_status":"closed","ping_status":"closed","template":"","meta":[],"product_brand":[],"product_cat":[97,80,79,98,91],"product_tag":[],"class_list":{"0":"post-1691","1":"product","2":"type-product","3":"status-publish","4":"has-post-thumbnail","6":"product_cat-behaelterpumpen","7":"product_cat-eintauch-pumpen","8":"product_cat-kreiselpumpen","9":"product_cat-kuehlmittelpumpen","10":"product_cat-schmutzwasserpumpen","12":"first","13":"instock","14":"product-type-simple"},"_links":{"self":[{"href":"https:\/\/lukra-pumpen.de\/fr\/wp-json\/wp\/v2\/product\/1691","targetHints":{"allow":["GET"]}}],"collection":[{"href":"https:\/\/lukra-pumpen.de\/fr\/wp-json\/wp\/v2\/product"}],"about":[{"href":"https:\/\/lukra-pumpen.de\/fr\/wp-json\/wp\/v2\/types\/product"}],"replies":[{"embeddable":true,"href":"https:\/\/lukra-pumpen.de\/fr\/wp-json\/wp\/v2\/comments?post=1691"}],"wp:featuredmedia":[{"embeddable":true,"href":"https:\/\/lukra-pumpen.de\/fr\/wp-json\/wp\/v2\/media\/1303"}],"wp:attachment":[{"href":"https:\/\/lukra-pumpen.de\/fr\/wp-json\/wp\/v2\/media?parent=1691"}],"wp:term":[{"taxonomy":"product_brand","embeddable":true,"href":"https:\/\/lukra-pumpen.de\/fr\/wp-json\/wp\/v2\/product_brand?post=1691"},{"taxonomy":"product_cat","embeddable":true,"href":"https:\/\/lukra-pumpen.de\/fr\/wp-json\/wp\/v2\/product_cat?post=1691"},{"taxonomy":"product_tag","embeddable":true,"href":"https:\/\/lukra-pumpen.de\/fr\/wp-json\/wp\/v2\/product_tag?post=1691"}],"curies":[{"name":"wp","href":"https:\/\/api.w.org\/{rel}","templated":true}]}}