{"id":1693,"date":"2018-03-01T11:15:37","date_gmt":"2018-03-01T10:15:37","guid":{"rendered":"http:\/\/kracht-lutz-lukra-pumpen.de\/produkt\/durchflussmesser-mit-schwebekoerper\/"},"modified":"2018-07-02T13:46:18","modified_gmt":"2018-07-02T12:46:18","slug":"durchflussmesser-mit-schwebekoerper","status":"publish","type":"product","link":"https:\/\/lukra-pumpen.de\/fr\/product\/durchflussmesser-mit-schwebekoerper\/","title":{"rendered":"D\u00e9bitm\u00e8tre avec flotteur"},"content":{"rendered":"<p><strong>D\u00e9bitm\u00e8tre avec flotteur &#8211; la performance de l&#8217;exploitation \u00e0 l&#8217;\u0153il<\/strong><br \/>\nLe flotteur monte sur la graduation imprim\u00e9e en fonction du d\u00e9bit et indique ainsi le d\u00e9bit actuel.<br \/>\nEn option : contacts de signalisation \u00e9lectriques pour les valeurs mini.\/maxi. valeurs<\/p>","protected":false},"excerpt":{"rendered":"<p>D\u00e9bitm\u00e8tre avec flotteur &#8211; la performance de l&#8217;exploitation \u00e0 l&#8217;\u0153il Le flotteur monte sur la graduation imprim\u00e9e en fonction du d\u00e9bit et indique ainsi le d\u00e9bit actuel. En option : contacts de signalisation \u00e9lectriques pour les valeurs mini.\/maxi. valeurs<\/p>\n","protected":false},"featured_media":1292,"comment_status":"closed","ping_status":"closed","template":"","meta":[],"product_brand":[],"product_cat":[70,84],"product_tag":[],"class_list":{"0":"post-1693","1":"product","2":"type-product","3":"status-publish","4":"has-post-thumbnail","6":"product_cat-fasspumpen-zubehoer","7":"product_cat-kreiselpumpen-zubehoer","9":"first","10":"instock","11":"product-type-simple"},"_links":{"self":[{"href":"https:\/\/lukra-pumpen.de\/fr\/wp-json\/wp\/v2\/product\/1693","targetHints":{"allow":["GET"]}}],"collection":[{"href":"https:\/\/lukra-pumpen.de\/fr\/wp-json\/wp\/v2\/product"}],"about":[{"href":"https:\/\/lukra-pumpen.de\/fr\/wp-json\/wp\/v2\/types\/product"}],"replies":[{"embeddable":true,"href":"https:\/\/lukra-pumpen.de\/fr\/wp-json\/wp\/v2\/comments?post=1693"}],"wp:featuredmedia":[{"embeddable":true,"href":"https:\/\/lukra-pumpen.de\/fr\/wp-json\/wp\/v2\/media\/1292"}],"wp:attachment":[{"href":"https:\/\/lukra-pumpen.de\/fr\/wp-json\/wp\/v2\/media?parent=1693"}],"wp:term":[{"taxonomy":"product_brand","embeddable":true,"href":"https:\/\/lukra-pumpen.de\/fr\/wp-json\/wp\/v2\/product_brand?post=1693"},{"taxonomy":"product_cat","embeddable":true,"href":"https:\/\/lukra-pumpen.de\/fr\/wp-json\/wp\/v2\/product_cat?post=1693"},{"taxonomy":"product_tag","embeddable":true,"href":"https:\/\/lukra-pumpen.de\/fr\/wp-json\/wp\/v2\/product_tag?post=1693"}],"curies":[{"name":"wp","href":"https:\/\/api.w.org\/{rel}","templated":true}]}}