{"id":1696,"date":"2018-03-10T11:15:37","date_gmt":"2018-03-10T10:15:37","guid":{"rendered":"http:\/\/kracht-lutz-lukra-pumpen.de\/produkt\/drehstrom-getriebe-motor-fuer-fasspumpen\/"},"modified":"2018-07-02T14:59:04","modified_gmt":"2018-07-02T13:59:04","slug":"drehstrom-getriebe-motor-fuer-fasspumpen","status":"publish","type":"product","link":"https:\/\/lukra-pumpen.de\/fr\/product\/drehstrom-getriebe-motor-fuer-fasspumpen\/","title":{"rendered":"Moteur-transmission \u00e0 courant triphas\u00e9 pour Pompes vide-f\u00fbts"},"content":{"rendered":"<p><strong>Moteur-transmission \u00e0 courant triphas\u00e9 pour Pompes vide-f\u00fbts et vide-conteneurs<\/strong><br \/>\npour une longue dur\u00e9e de vie, de pr\u00e9f\u00e9rence pour l&#8217;utilisation stationnaire<\/p>\n<p><strong>D\u00e9bit de<\/strong><br \/>\njusqu&#8217;\u00e0 130 l\/min<\/p>\n<p><strong>Pression de refoulement de<\/strong><br \/>\njusqu&#8217;\u00e0 10 mFH<\/p>\n<p><strong>Puissance<\/strong><br \/>\njusqu&#8217;\u00e0 750 W<\/p>\n<p><strong>Tension\/Pression<\/strong><br \/>\n230 V, 400 V<\/p>","protected":false},"excerpt":{"rendered":"<p>Moteur-transmission \u00e0 courant triphas\u00e9 pour Pompes vide-f\u00fbts et vide-conteneurs pour une longue dur\u00e9e de vie, de pr\u00e9f\u00e9rence pour l&#8217;utilisation stationnaire D\u00e9bit de jusqu&#8217;\u00e0 130 l\/min Pression de refoulement de jusqu&#8217;\u00e0 10 mFH Puissance jusqu&#8217;\u00e0 750 W Tension\/Pression 230 V, 400 V<\/p>\n","protected":false},"featured_media":1196,"comment_status":"closed","ping_status":"closed","template":"","meta":[],"product_brand":[],"product_cat":[69,66],"product_tag":[],"class_list":{"0":"post-1696","1":"product","2":"type-product","3":"status-publish","4":"has-post-thumbnail","6":"product_cat-fass-pumpen-motoren","7":"product_cat-fasspumpen-containerpumpen","9":"first","10":"instock","11":"product-type-simple"},"_links":{"self":[{"href":"https:\/\/lukra-pumpen.de\/fr\/wp-json\/wp\/v2\/product\/1696","targetHints":{"allow":["GET"]}}],"collection":[{"href":"https:\/\/lukra-pumpen.de\/fr\/wp-json\/wp\/v2\/product"}],"about":[{"href":"https:\/\/lukra-pumpen.de\/fr\/wp-json\/wp\/v2\/types\/product"}],"replies":[{"embeddable":true,"href":"https:\/\/lukra-pumpen.de\/fr\/wp-json\/wp\/v2\/comments?post=1696"}],"wp:featuredmedia":[{"embeddable":true,"href":"https:\/\/lukra-pumpen.de\/fr\/wp-json\/wp\/v2\/media\/1196"}],"wp:attachment":[{"href":"https:\/\/lukra-pumpen.de\/fr\/wp-json\/wp\/v2\/media?parent=1696"}],"wp:term":[{"taxonomy":"product_brand","embeddable":true,"href":"https:\/\/lukra-pumpen.de\/fr\/wp-json\/wp\/v2\/product_brand?post=1696"},{"taxonomy":"product_cat","embeddable":true,"href":"https:\/\/lukra-pumpen.de\/fr\/wp-json\/wp\/v2\/product_cat?post=1696"},{"taxonomy":"product_tag","embeddable":true,"href":"https:\/\/lukra-pumpen.de\/fr\/wp-json\/wp\/v2\/product_tag?post=1696"}],"curies":[{"name":"wp","href":"https:\/\/api.w.org\/{rel}","templated":true}]}}