{"id":1697,"date":"2018-03-20T11:08:37","date_gmt":"2018-03-20T10:08:37","guid":{"rendered":"http:\/\/kracht-lutz-lukra-pumpen.de\/produkt\/druckerhoehungsanlagen\/"},"modified":"2018-03-26T17:21:41","modified_gmt":"2018-03-26T16:21:41","slug":"druckerhoehungsanlagen","status":"publish","type":"product","link":"https:\/\/lukra-pumpen.de\/fr\/product\/druckerhoehungsanlagen\/","title":{"rendered":"Installation d&#8217;augmentation de pression"},"content":{"rendered":"<p><strong>Installation d&#8217;augmentation de pression automatiques<\/strong><br \/>\navec pompes auto-amor\u00e7antes en bloc, r\u00e9servoir sous pression, pressostat et manom\u00e8tre<br \/>\n<\/span><br \/>\n<strong>D\u00e9bit de<\/strong><br \/>\njusqu&#8217;\u00e0 100 l\/min<\/p>\n<p><strong>Pression de service<\/strong><br \/>\njusqu&#8217;\u00e0 50 mFH<\/p>\n<p><strong>Mat\u00e9riaux<\/strong><br \/>\nacier inoxydable<\/p>\n<p><strong>M\u00e9diums<\/strong><br \/>\neau potable, eau de pluie, eau industrielle<\/p>","protected":false},"excerpt":{"rendered":"<p>Installation d&#8217;augmentation de pression automatiques avec pompes auto-amor\u00e7antes en bloc, r\u00e9servoir sous pression, pressostat et manom\u00e8tre D\u00e9bit de jusqu&#8217;\u00e0 100 l\/min Pression de service jusqu&#8217;\u00e0 50 mFH Mat\u00e9riaux acier inoxydable M\u00e9diums eau potable, eau de pluie, eau industrielle<\/p>\n","protected":false},"featured_media":1318,"comment_status":"closed","ping_status":"closed","template":"","meta":[],"product_brand":[],"product_cat":[94,79,81,82],"product_tag":[],"class_list":{"0":"post-1697","1":"product","2":"type-product","3":"status-publish","4":"has-post-thumbnail","6":"product_cat-druckerhoehungsanlagen","7":"product_cat-kreiselpumpen","8":"product_cat-normalansaugende-kreiselpumpen","9":"product_cat-selbstansaugende-kreiselpumpen","11":"first","12":"instock","13":"product-type-simple"},"_links":{"self":[{"href":"https:\/\/lukra-pumpen.de\/fr\/wp-json\/wp\/v2\/product\/1697","targetHints":{"allow":["GET"]}}],"collection":[{"href":"https:\/\/lukra-pumpen.de\/fr\/wp-json\/wp\/v2\/product"}],"about":[{"href":"https:\/\/lukra-pumpen.de\/fr\/wp-json\/wp\/v2\/types\/product"}],"replies":[{"embeddable":true,"href":"https:\/\/lukra-pumpen.de\/fr\/wp-json\/wp\/v2\/comments?post=1697"}],"wp:featuredmedia":[{"embeddable":true,"href":"https:\/\/lukra-pumpen.de\/fr\/wp-json\/wp\/v2\/media\/1318"}],"wp:attachment":[{"href":"https:\/\/lukra-pumpen.de\/fr\/wp-json\/wp\/v2\/media?parent=1697"}],"wp:term":[{"taxonomy":"product_brand","embeddable":true,"href":"https:\/\/lukra-pumpen.de\/fr\/wp-json\/wp\/v2\/product_brand?post=1697"},{"taxonomy":"product_cat","embeddable":true,"href":"https:\/\/lukra-pumpen.de\/fr\/wp-json\/wp\/v2\/product_cat?post=1697"},{"taxonomy":"product_tag","embeddable":true,"href":"https:\/\/lukra-pumpen.de\/fr\/wp-json\/wp\/v2\/product_tag?post=1697"}],"curies":[{"name":"wp","href":"https:\/\/api.w.org\/{rel}","templated":true}]}}