{"id":1698,"date":"2018-03-10T11:15:37","date_gmt":"2018-03-10T10:15:37","guid":{"rendered":"http:\/\/kracht-lutz-lukra-pumpen.de\/produkt\/druckluftmotor-fuer-fasspumpen\/"},"modified":"2018-07-02T14:59:31","modified_gmt":"2018-07-02T13:59:31","slug":"druckluftmotor-fuer-fasspumpen","status":"publish","type":"product","link":"https:\/\/lukra-pumpen.de\/fr\/product\/druckluftmotor-fuer-fasspumpen\/","title":{"rendered":"Moteur \u00e0 air comprim\u00e9 pour Pompes vide-f\u00fbts"},"content":{"rendered":"<p><strong>Moteur \u00e0 air comprim\u00e9 pour pompes vide-f\u00fbts et vide-conteneurs<\/strong><br \/>\ndans diff\u00e9rents mod\u00e8les, particuli\u00e8rement peu bruyant gr\u00e2ce \u00e0 son silencieux<\/p>\n<p><strong>D\u00e9bit de<\/strong><br \/>\njusqu&#8217;\u00e0 180 l\/min<\/p>\n<p><strong>Pression de refoulement de<\/strong><br \/>\njusqu&#8217;\u00e0 20 mFH<\/p>\n<p><strong>Puissance<\/strong><br \/>\njusqu&#8217;\u00e0 400 W<\/p>\n<p><strong>Pression<\/strong><br \/>\n3 \u00e0 6 bars<\/p>","protected":false},"excerpt":{"rendered":"<p>Moteur \u00e0 air comprim\u00e9 pour pompes vide-f\u00fbts et vide-conteneurs dans diff\u00e9rents mod\u00e8les, particuli\u00e8rement peu bruyant gr\u00e2ce \u00e0 son silencieux D\u00e9bit de jusqu&#8217;\u00e0 180 l\/min Pression de refoulement de jusqu&#8217;\u00e0 20 mFH Puissance jusqu&#8217;\u00e0 400 W Pression 3 \u00e0 6 bars<\/p>\n","protected":false},"featured_media":1200,"comment_status":"closed","ping_status":"closed","template":"","meta":[],"product_brand":[],"product_cat":[69],"product_tag":[],"class_list":{"0":"post-1698","1":"product","2":"type-product","3":"status-publish","4":"has-post-thumbnail","6":"product_cat-fass-pumpen-motoren","8":"first","9":"instock","10":"product-type-simple"},"_links":{"self":[{"href":"https:\/\/lukra-pumpen.de\/fr\/wp-json\/wp\/v2\/product\/1698","targetHints":{"allow":["GET"]}}],"collection":[{"href":"https:\/\/lukra-pumpen.de\/fr\/wp-json\/wp\/v2\/product"}],"about":[{"href":"https:\/\/lukra-pumpen.de\/fr\/wp-json\/wp\/v2\/types\/product"}],"replies":[{"embeddable":true,"href":"https:\/\/lukra-pumpen.de\/fr\/wp-json\/wp\/v2\/comments?post=1698"}],"wp:featuredmedia":[{"embeddable":true,"href":"https:\/\/lukra-pumpen.de\/fr\/wp-json\/wp\/v2\/media\/1200"}],"wp:attachment":[{"href":"https:\/\/lukra-pumpen.de\/fr\/wp-json\/wp\/v2\/media?parent=1698"}],"wp:term":[{"taxonomy":"product_brand","embeddable":true,"href":"https:\/\/lukra-pumpen.de\/fr\/wp-json\/wp\/v2\/product_brand?post=1698"},{"taxonomy":"product_cat","embeddable":true,"href":"https:\/\/lukra-pumpen.de\/fr\/wp-json\/wp\/v2\/product_cat?post=1698"},{"taxonomy":"product_tag","embeddable":true,"href":"https:\/\/lukra-pumpen.de\/fr\/wp-json\/wp\/v2\/product_tag?post=1698"}],"curies":[{"name":"wp","href":"https:\/\/api.w.org\/{rel}","templated":true}]}}