{"id":1700,"date":"2018-03-20T11:08:37","date_gmt":"2018-03-20T10:08:37","guid":{"rendered":"http:\/\/kracht-lutz-lukra-pumpen.de\/produkt\/edelstahl-kreiselpumpe\/"},"modified":"2018-03-20T16:16:26","modified_gmt":"2018-03-20T15:16:26","slug":"edelstahl-kreiselpumpe","status":"publish","type":"product","link":"https:\/\/lukra-pumpen.de\/fr\/product\/edelstahl-kreiselpumpe\/","title":{"rendered":"Pompe centrifuge en acier inoxydable"},"content":{"rendered":"<p><strong>Pompe centrifuge en acier inoxydable \u00e0 un ou deux \u00e9tages \u00e0 forme de construction en blocs<\/strong><br \/>\navec moteur triphas\u00e9 ou \u00e0 courant alternatif<\/p>\n<p><strong>D\u00e9bit de<\/strong><br \/>\n2 l\/min \u00e0 500 l\/min<\/p>\n<p><strong>Pression de refoulement de<\/strong><br \/>\njusqu&#8217;\u00e0 80 mFH<\/p>\n<p><strong>Mat\u00e9riaux<\/strong><br \/>\nfonte grise, laiton, acier inoxydablel<\/p>\n<p><strong>M\u00e9diums<\/strong><br \/>\nliquides de l&#8217;industrie, de la technique du b\u00e2timent, de l&#8217;agriculture auxquels l&#8217;acier inoxydable est r\u00e9sistant.<\/p>","protected":false},"excerpt":{"rendered":"","protected":false},"featured_media":1186,"comment_status":"closed","ping_status":"closed","template":"","meta":[],"product_brand":[],"product_cat":[79,81,82],"product_tag":[],"class_list":{"0":"post-1700","1":"product","2":"type-product","3":"status-publish","4":"has-post-thumbnail","6":"product_cat-kreiselpumpen","7":"product_cat-normalansaugende-kreiselpumpen","8":"product_cat-selbstansaugende-kreiselpumpen","10":"first","11":"instock","12":"product-type-simple"},"_links":{"self":[{"href":"https:\/\/lukra-pumpen.de\/fr\/wp-json\/wp\/v2\/product\/1700","targetHints":{"allow":["GET"]}}],"collection":[{"href":"https:\/\/lukra-pumpen.de\/fr\/wp-json\/wp\/v2\/product"}],"about":[{"href":"https:\/\/lukra-pumpen.de\/fr\/wp-json\/wp\/v2\/types\/product"}],"replies":[{"embeddable":true,"href":"https:\/\/lukra-pumpen.de\/fr\/wp-json\/wp\/v2\/comments?post=1700"}],"wp:featuredmedia":[{"embeddable":true,"href":"https:\/\/lukra-pumpen.de\/fr\/wp-json\/wp\/v2\/media\/1186"}],"wp:attachment":[{"href":"https:\/\/lukra-pumpen.de\/fr\/wp-json\/wp\/v2\/media?parent=1700"}],"wp:term":[{"taxonomy":"product_brand","embeddable":true,"href":"https:\/\/lukra-pumpen.de\/fr\/wp-json\/wp\/v2\/product_brand?post=1700"},{"taxonomy":"product_cat","embeddable":true,"href":"https:\/\/lukra-pumpen.de\/fr\/wp-json\/wp\/v2\/product_cat?post=1700"},{"taxonomy":"product_tag","embeddable":true,"href":"https:\/\/lukra-pumpen.de\/fr\/wp-json\/wp\/v2\/product_tag?post=1700"}],"curies":[{"name":"wp","href":"https:\/\/api.w.org\/{rel}","templated":true}]}}