{"id":1701,"date":"2018-03-20T11:08:37","date_gmt":"2018-03-20T10:08:37","guid":{"rendered":"http:\/\/kracht-lutz-lukra-pumpen.de\/produkt\/ein-und-mehrstufige-ein-tauchpumpen\/"},"modified":"2018-03-26T17:50:19","modified_gmt":"2018-03-26T16:50:19","slug":"ein-und-mehrstufige-ein-tauchpumpen","status":"publish","type":"product","link":"https:\/\/lukra-pumpen.de\/fr\/product\/ein-und-mehrstufige-ein-tauchpumpen\/","title":{"rendered":"Pompes submersibles \u00e0 un et plusieurs \u00e9tages"},"content":{"rendered":"<p><strong>Pompes submersibles \u00e0 un et plusieurs \u00e9tages sans joints avec roues de roulement semi-ouvertes pour les hauteurs de pompage moyennes<\/strong><\/p>\n<p><strong>D\u00e9bit de<\/strong><br \/>\njusqu&#8217;\u00e0 460 l\/min<\/p>\n<p><strong>Pression de refoulement de<\/strong><br \/>\njusqu&#8217;\u00e0 400 mFH<\/p>\n<p><strong>Mat\u00e9riaux<\/strong><br \/>\nPOM, PPS, 1.4104, acier CrMo<\/p>\n<p><strong>M\u00e9diums<\/strong><br \/>\neau, eau avec additifs chimiques, distill\u00e9e ou d\u00e9min\u00e9ralis\u00e9e d&#8217;une viscosit\u00e9 de 12 cSt maximum, temp\u00e9rature jusqu&#8217;\u00e0 60 \u00b0C<\/p>","protected":false},"excerpt":{"rendered":"<p>Pompes submersibles \u00e0 un et plusieurs \u00e9tages sans joints avec roues de roulement semi-ouvertes pour les hauteurs de pompage moyennes D\u00e9bit de jusqu&#8217;\u00e0 460 l\/min Pression de refoulement de jusqu&#8217;\u00e0 400 mFH Mat\u00e9riaux POM, PPS, 1.4104, acier CrMo M\u00e9diums eau, eau avec additifs chimiques, distill\u00e9e ou d\u00e9min\u00e9ralis\u00e9e d&#8217;une viscosit\u00e9 de 12 cSt maximum, temp\u00e9rature jusqu&#8217;\u00e0 [&hellip;]<\/p>\n","protected":false},"featured_media":1207,"comment_status":"closed","ping_status":"closed","template":"","meta":[],"product_brand":[],"product_cat":[97,80,79,98],"product_tag":[],"class_list":{"0":"post-1701","1":"product","2":"type-product","3":"status-publish","4":"has-post-thumbnail","6":"product_cat-behaelterpumpen","7":"product_cat-eintauch-pumpen","8":"product_cat-kreiselpumpen","9":"product_cat-kuehlmittelpumpen","11":"first","12":"instock","13":"product-type-simple"},"_links":{"self":[{"href":"https:\/\/lukra-pumpen.de\/fr\/wp-json\/wp\/v2\/product\/1701","targetHints":{"allow":["GET"]}}],"collection":[{"href":"https:\/\/lukra-pumpen.de\/fr\/wp-json\/wp\/v2\/product"}],"about":[{"href":"https:\/\/lukra-pumpen.de\/fr\/wp-json\/wp\/v2\/types\/product"}],"replies":[{"embeddable":true,"href":"https:\/\/lukra-pumpen.de\/fr\/wp-json\/wp\/v2\/comments?post=1701"}],"wp:featuredmedia":[{"embeddable":true,"href":"https:\/\/lukra-pumpen.de\/fr\/wp-json\/wp\/v2\/media\/1207"}],"wp:attachment":[{"href":"https:\/\/lukra-pumpen.de\/fr\/wp-json\/wp\/v2\/media?parent=1701"}],"wp:term":[{"taxonomy":"product_brand","embeddable":true,"href":"https:\/\/lukra-pumpen.de\/fr\/wp-json\/wp\/v2\/product_brand?post=1701"},{"taxonomy":"product_cat","embeddable":true,"href":"https:\/\/lukra-pumpen.de\/fr\/wp-json\/wp\/v2\/product_cat?post=1701"},{"taxonomy":"product_tag","embeddable":true,"href":"https:\/\/lukra-pumpen.de\/fr\/wp-json\/wp\/v2\/product_tag?post=1701"}],"curies":[{"name":"wp","href":"https:\/\/api.w.org\/{rel}","templated":true}]}}