{"id":1702,"date":"2018-03-20T11:08:46","date_gmt":"2018-03-20T10:08:46","guid":{"rendered":"http:\/\/kracht-lutz-lukra-pumpen.de\/produkt\/elektrische-membran-pumpe\/"},"modified":"2018-03-20T16:24:41","modified_gmt":"2018-03-20T15:24:41","slug":"elektrische-membran-pumpe","status":"publish","type":"product","link":"https:\/\/lukra-pumpen.de\/fr\/product\/elektrische-membran-pumpe\/","title":{"rendered":"Pompe \u00e0 membrane \u00e9lectrique"},"content":{"rendered":"<p><strong>Pompe \u00e0 membrane \u00e9lectrique pour les petits volumes de d\u00e9bit<\/strong><\/p>\n<p><strong>D\u00e9bit de<\/strong><br \/>\njusqu&#8217;\u00e0 6 l\/min<\/p>\n<p><strong>Pression de refoulement de<\/strong><br \/>\njusqu&#8217;\u00e0 60 mFH<\/p>\n<p><strong>Mat\u00e9riaux<\/strong><br \/>\nPP, PTFE, EPDM, PVDF, FFPM<\/p>\n<p><strong>M\u00e9diums<\/strong><br \/>\nm\u00e9diums tr\u00e8s liquides, p\u00e2teux, \u00e9pais ainsi qu&#8217;agressifs et facilement inflammables m\u00eame contenant des composants abrasifs comme par exemple les peintures ou les vernis \u00e0 pigments, les m\u00e9diums galvaniques, les produits chimiques<\/p>","protected":false},"excerpt":{"rendered":"","protected":false},"featured_media":1264,"comment_status":"closed","ping_status":"closed","template":"","meta":[],"product_brand":[],"product_cat":[86,85],"product_tag":[],"class_list":{"0":"post-1702","1":"product","2":"type-product","3":"status-publish","4":"has-post-thumbnail","6":"product_cat-doppelmembran-pumpen","7":"product_cat-membran-pumpen","9":"first","10":"instock","11":"product-type-simple"},"_links":{"self":[{"href":"https:\/\/lukra-pumpen.de\/fr\/wp-json\/wp\/v2\/product\/1702","targetHints":{"allow":["GET"]}}],"collection":[{"href":"https:\/\/lukra-pumpen.de\/fr\/wp-json\/wp\/v2\/product"}],"about":[{"href":"https:\/\/lukra-pumpen.de\/fr\/wp-json\/wp\/v2\/types\/product"}],"replies":[{"embeddable":true,"href":"https:\/\/lukra-pumpen.de\/fr\/wp-json\/wp\/v2\/comments?post=1702"}],"wp:featuredmedia":[{"embeddable":true,"href":"https:\/\/lukra-pumpen.de\/fr\/wp-json\/wp\/v2\/media\/1264"}],"wp:attachment":[{"href":"https:\/\/lukra-pumpen.de\/fr\/wp-json\/wp\/v2\/media?parent=1702"}],"wp:term":[{"taxonomy":"product_brand","embeddable":true,"href":"https:\/\/lukra-pumpen.de\/fr\/wp-json\/wp\/v2\/product_brand?post=1702"},{"taxonomy":"product_cat","embeddable":true,"href":"https:\/\/lukra-pumpen.de\/fr\/wp-json\/wp\/v2\/product_cat?post=1702"},{"taxonomy":"product_tag","embeddable":true,"href":"https:\/\/lukra-pumpen.de\/fr\/wp-json\/wp\/v2\/product_tag?post=1702"}],"curies":[{"name":"wp","href":"https:\/\/api.w.org\/{rel}","templated":true}]}}