{"id":1703,"date":"2018-03-10T11:15:46","date_gmt":"2018-03-10T10:15:46","guid":{"rendered":"http:\/\/kracht-lutz-lukra-pumpen.de\/produkt\/elektro-motor-fuer-fasspumpen\/"},"modified":"2018-07-02T15:00:09","modified_gmt":"2018-07-02T14:00:09","slug":"elektro-motor-fuer-fasspumpen","status":"publish","type":"product","link":"https:\/\/lukra-pumpen.de\/fr\/product\/elektro-motor-fuer-fasspumpen\/","title":{"rendered":"Moteur \u00e9lectrique pour pompes vide-f\u00fbts"},"content":{"rendered":"<p><strong>Moteur \u00e9lectrique pour pompes vide-f\u00fbts et vide-conteneurs<\/strong><br \/>\nEn option: r\u00e9gulateur de r\u00e9gime et d\u00e9clenchement\u00a0\u00e0 manque de tension pour emp\u00eacher le d\u00e9marrage inattendu de la pompe apr\u00e8s une panne de courant<\/p>\n<p><strong>D\u00e9bit de<\/strong><br \/>\njusqu&#8217;\u00e0 170 l\/min<\/p>\n<p><strong>Pression de refoulement de<\/strong><br \/>\njusqu&#8217;\u00e0 22 mFH<\/p>\n<p><strong>Puissance<\/strong><br \/>\njusqu&#8217;\u00e0 795 W<\/p>\n<p><strong>Tension<\/strong><br \/>\n230 V, 110 V, 24 V<\/p>","protected":false},"excerpt":{"rendered":"<p>Moteur \u00e9lectrique pour pompes vide-f\u00fbts et vide-conteneurs En option: r\u00e9gulateur de r\u00e9gime et d\u00e9clenchement\u00a0\u00e0 manque de tension pour emp\u00eacher le d\u00e9marrage inattendu de la pompe apr\u00e8s une panne de courant D\u00e9bit de jusqu&#8217;\u00e0 170 l\/min Pression de refoulement de jusqu&#8217;\u00e0 22 mFH Puissance jusqu&#8217;\u00e0 795 W Tension 230 V, 110 V, 24 V<\/p>\n","protected":false},"featured_media":1265,"comment_status":"closed","ping_status":"closed","template":"","meta":[],"product_brand":[],"product_cat":[69,66],"product_tag":[],"class_list":{"0":"post-1703","1":"product","2":"type-product","3":"status-publish","4":"has-post-thumbnail","6":"product_cat-fass-pumpen-motoren","7":"product_cat-fasspumpen-containerpumpen","9":"first","10":"instock","11":"product-type-simple"},"_links":{"self":[{"href":"https:\/\/lukra-pumpen.de\/fr\/wp-json\/wp\/v2\/product\/1703","targetHints":{"allow":["GET"]}}],"collection":[{"href":"https:\/\/lukra-pumpen.de\/fr\/wp-json\/wp\/v2\/product"}],"about":[{"href":"https:\/\/lukra-pumpen.de\/fr\/wp-json\/wp\/v2\/types\/product"}],"replies":[{"embeddable":true,"href":"https:\/\/lukra-pumpen.de\/fr\/wp-json\/wp\/v2\/comments?post=1703"}],"wp:featuredmedia":[{"embeddable":true,"href":"https:\/\/lukra-pumpen.de\/fr\/wp-json\/wp\/v2\/media\/1265"}],"wp:attachment":[{"href":"https:\/\/lukra-pumpen.de\/fr\/wp-json\/wp\/v2\/media?parent=1703"}],"wp:term":[{"taxonomy":"product_brand","embeddable":true,"href":"https:\/\/lukra-pumpen.de\/fr\/wp-json\/wp\/v2\/product_brand?post=1703"},{"taxonomy":"product_cat","embeddable":true,"href":"https:\/\/lukra-pumpen.de\/fr\/wp-json\/wp\/v2\/product_cat?post=1703"},{"taxonomy":"product_tag","embeddable":true,"href":"https:\/\/lukra-pumpen.de\/fr\/wp-json\/wp\/v2\/product_tag?post=1703"}],"curies":[{"name":"wp","href":"https:\/\/api.w.org\/{rel}","templated":true}]}}