{"id":1704,"date":"2018-03-20T11:08:46","date_gmt":"2018-03-20T10:08:46","guid":{"rendered":"http:\/\/kracht-lutz-lukra-pumpen.de\/produkt\/elektronische-auswertegeraete\/"},"modified":"2018-03-20T16:30:42","modified_gmt":"2018-03-20T15:30:42","slug":"elektronische-auswertegeraete","status":"publish","type":"product","link":"https:\/\/lukra-pumpen.de\/fr\/product\/elektronische-auswertegeraete\/","title":{"rendered":"\u00c9valuateur \u00e9lectronique"},"content":{"rendered":"<p><strong>\u00c9valuateur \u00e9lectronique<\/strong><br \/>\nMesure du d\u00e9bit, du volume et de rapport ainsi que mesure et commande du volume d&#8217;injection<br \/>\n&#8211; affichage du sens du d\u00e9bit, remplissage par lots<\/p>\n<p><strong>Taux d&#8217;\u00e9coulement<\/strong><br \/>\n0,05 \u00e0 150 l\/min<\/p>\n<p><strong>Pression de refoulement de <\/strong><br \/>\npas indiqu\u00e9e<\/p>\n<p><strong>Mat\u00e9riaux<\/strong><br \/>\npas indiqu\u00e9e<\/p>\n<p><strong>M\u00e9diums<\/strong><br \/>\npas indiqu\u00e9e<\/p>","protected":false},"excerpt":{"rendered":"","protected":false},"featured_media":1173,"comment_status":"closed","ping_status":"closed","template":"","meta":[],"product_brand":[],"product_cat":[78,77],"product_tag":[],"class_list":{"0":"post-1704","1":"product","2":"type-product","3":"status-publish","4":"has-post-thumbnail","6":"product_cat-hydraulik-zubehoer","7":"product_cat-volumenzaehler","9":"first","10":"instock","11":"product-type-simple"},"_links":{"self":[{"href":"https:\/\/lukra-pumpen.de\/fr\/wp-json\/wp\/v2\/product\/1704","targetHints":{"allow":["GET"]}}],"collection":[{"href":"https:\/\/lukra-pumpen.de\/fr\/wp-json\/wp\/v2\/product"}],"about":[{"href":"https:\/\/lukra-pumpen.de\/fr\/wp-json\/wp\/v2\/types\/product"}],"replies":[{"embeddable":true,"href":"https:\/\/lukra-pumpen.de\/fr\/wp-json\/wp\/v2\/comments?post=1704"}],"wp:featuredmedia":[{"embeddable":true,"href":"https:\/\/lukra-pumpen.de\/fr\/wp-json\/wp\/v2\/media\/1173"}],"wp:attachment":[{"href":"https:\/\/lukra-pumpen.de\/fr\/wp-json\/wp\/v2\/media?parent=1704"}],"wp:term":[{"taxonomy":"product_brand","embeddable":true,"href":"https:\/\/lukra-pumpen.de\/fr\/wp-json\/wp\/v2\/product_brand?post=1704"},{"taxonomy":"product_cat","embeddable":true,"href":"https:\/\/lukra-pumpen.de\/fr\/wp-json\/wp\/v2\/product_cat?post=1704"},{"taxonomy":"product_tag","embeddable":true,"href":"https:\/\/lukra-pumpen.de\/fr\/wp-json\/wp\/v2\/product_tag?post=1704"}],"curies":[{"name":"wp","href":"https:\/\/api.w.org\/{rel}","templated":true}]}}