{"id":1705,"date":"2018-03-20T11:08:46","date_gmt":"2018-03-20T10:08:46","guid":{"rendered":"http:\/\/kracht-lutz-lukra-pumpen.de\/produkt\/pumpenregelung-hydrovar\/"},"modified":"2018-07-12T10:23:12","modified_gmt":"2018-07-12T09:23:12","slug":"pumpenregelung-hydrovar","status":"publish","type":"product","link":"https:\/\/lukra-pumpen.de\/fr\/product\/pumpenregelung-hydrovar\/","title":{"rendered":"R\u00e9gulation de la pompe"},"content":{"rendered":"<p><strong>\u00c9conomiser l&#8217;\u00e9nergie et m\u00e9nager l&#8217;installation.<br \/>\nOptimisation des processus et r\u00e9duction des co\u00fbts.<\/strong><br \/>\nCette r\u00e9gulation a \u00e9t\u00e9 d\u00e9velopp\u00e9e sp\u00e9cialement pour l&#8217;utilisation de pompes. Le bo\u00eetier compact comprend la r\u00e9gulation, le convertisseur de fr\u00e9quence, la protection du moteur et la protection contre le fonctionnement \u00e0 vide.<br \/>\nLe montage se fait directement sur le capot du ventilateur du moteur ou au mur, m\u00eame pour les pompes de fontaines.<\/p>\n<p><a href=\"https:\/\/www.lukra-pumpen.de\/lukra-pumpen.de\/energiesparen\/\">Voir \u00e9conomies d\u2019\u00e9nergie<\/a><\/p>","protected":false},"excerpt":{"rendered":"<p>\u00c9conomiser l&#8217;\u00e9nergie et m\u00e9nager l&#8217;installation. Optimisation des processus et r\u00e9duction des co\u00fbts. Cette r\u00e9gulation a \u00e9t\u00e9 d\u00e9velopp\u00e9e sp\u00e9cialement pour l&#8217;utilisation de pompes. Le bo\u00eetier compact comprend la r\u00e9gulation, le convertisseur de fr\u00e9quence, la protection du moteur et la protection contre le fonctionnement \u00e0 vide. Le montage se fait directement sur le capot du ventilateur du [&hellip;]<\/p>\n","protected":false},"featured_media":2516,"comment_status":"closed","ping_status":"closed","template":"","meta":[],"product_brand":[],"product_cat":[94,79,84],"product_tag":[],"class_list":{"0":"post-1705","1":"product","2":"type-product","3":"status-publish","4":"has-post-thumbnail","6":"product_cat-druckerhoehungsanlagen","7":"product_cat-kreiselpumpen","8":"product_cat-kreiselpumpen-zubehoer","10":"first","11":"instock","12":"product-type-simple"},"_links":{"self":[{"href":"https:\/\/lukra-pumpen.de\/fr\/wp-json\/wp\/v2\/product\/1705","targetHints":{"allow":["GET"]}}],"collection":[{"href":"https:\/\/lukra-pumpen.de\/fr\/wp-json\/wp\/v2\/product"}],"about":[{"href":"https:\/\/lukra-pumpen.de\/fr\/wp-json\/wp\/v2\/types\/product"}],"replies":[{"embeddable":true,"href":"https:\/\/lukra-pumpen.de\/fr\/wp-json\/wp\/v2\/comments?post=1705"}],"wp:featuredmedia":[{"embeddable":true,"href":"https:\/\/lukra-pumpen.de\/fr\/wp-json\/wp\/v2\/media\/2516"}],"wp:attachment":[{"href":"https:\/\/lukra-pumpen.de\/fr\/wp-json\/wp\/v2\/media?parent=1705"}],"wp:term":[{"taxonomy":"product_brand","embeddable":true,"href":"https:\/\/lukra-pumpen.de\/fr\/wp-json\/wp\/v2\/product_brand?post=1705"},{"taxonomy":"product_cat","embeddable":true,"href":"https:\/\/lukra-pumpen.de\/fr\/wp-json\/wp\/v2\/product_cat?post=1705"},{"taxonomy":"product_tag","embeddable":true,"href":"https:\/\/lukra-pumpen.de\/fr\/wp-json\/wp\/v2\/product_tag?post=1705"}],"curies":[{"name":"wp","href":"https:\/\/api.w.org\/{rel}","templated":true}]}}