{"id":1706,"date":"2018-03-01T11:20:46","date_gmt":"2018-03-01T10:20:46","guid":{"rendered":"http:\/\/kracht-lutz-lukra-pumpen.de\/produkt\/fassadapter-fuer-fasspumpen-und-containerpumpen\/"},"modified":"2018-07-02T13:47:16","modified_gmt":"2018-07-02T12:47:16","slug":"fassadapter-fuer-fasspumpen-und-containerpumpen","status":"publish","type":"product","link":"https:\/\/lukra-pumpen.de\/fr\/product\/fassadapter-fuer-fasspumpen-und-containerpumpen\/","title":{"rendered":"Adaptateur pour tonneau"},"content":{"rendered":"<p><strong>Adaptateur pour tonneau pour stabiliser la pompe dans l&#8217;ouverture du tonneau ou du conteneur<\/strong><br \/>\nEmp\u00eache la pompe de basculer dans le tambour vide.<\/p>\n<p><strong>Mat\u00e9riaux<\/strong><br \/>\nPP or Steel<\/p>\n<p><strong>Suite \u00e0 qc.<\/strong><br \/>\nFiletage ext\u00e9rieur G2&#8243; or M64x4<\/p>","protected":false},"excerpt":{"rendered":"<p>Adaptateur pour tonneau pour stabiliser la pompe dans l&#8217;ouverture du tonneau ou du conteneur Emp\u00eache la pompe de basculer dans le tambour vide. Mat\u00e9riaux PP or Steel Suite \u00e0 qc. Filetage ext\u00e9rieur G2&#8243; or M64x4<\/p>\n","protected":false},"featured_media":2259,"comment_status":"closed","ping_status":"closed","template":"","meta":[],"product_brand":[],"product_cat":[66,70],"product_tag":[],"class_list":{"0":"post-1706","1":"product","2":"type-product","3":"status-publish","4":"has-post-thumbnail","6":"product_cat-fasspumpen-containerpumpen","7":"product_cat-fasspumpen-zubehoer","9":"first","10":"instock","11":"product-type-simple"},"_links":{"self":[{"href":"https:\/\/lukra-pumpen.de\/fr\/wp-json\/wp\/v2\/product\/1706","targetHints":{"allow":["GET"]}}],"collection":[{"href":"https:\/\/lukra-pumpen.de\/fr\/wp-json\/wp\/v2\/product"}],"about":[{"href":"https:\/\/lukra-pumpen.de\/fr\/wp-json\/wp\/v2\/types\/product"}],"replies":[{"embeddable":true,"href":"https:\/\/lukra-pumpen.de\/fr\/wp-json\/wp\/v2\/comments?post=1706"}],"wp:featuredmedia":[{"embeddable":true,"href":"https:\/\/lukra-pumpen.de\/fr\/wp-json\/wp\/v2\/media\/2259"}],"wp:attachment":[{"href":"https:\/\/lukra-pumpen.de\/fr\/wp-json\/wp\/v2\/media?parent=1706"}],"wp:term":[{"taxonomy":"product_brand","embeddable":true,"href":"https:\/\/lukra-pumpen.de\/fr\/wp-json\/wp\/v2\/product_brand?post=1706"},{"taxonomy":"product_cat","embeddable":true,"href":"https:\/\/lukra-pumpen.de\/fr\/wp-json\/wp\/v2\/product_cat?post=1706"},{"taxonomy":"product_tag","embeddable":true,"href":"https:\/\/lukra-pumpen.de\/fr\/wp-json\/wp\/v2\/product_tag?post=1706"}],"curies":[{"name":"wp","href":"https:\/\/api.w.org\/{rel}","templated":true}]}}