{"id":1707,"date":"2018-03-15T11:15:46","date_gmt":"2018-03-15T10:15:46","guid":{"rendered":"http:\/\/kracht-lutz-lukra-pumpen.de\/produkt\/fasspumpenset-explosionsgefaehrliche-medien\/"},"modified":"2018-07-02T14:56:45","modified_gmt":"2018-07-02T13:56:45","slug":"fasspumpenset-explosionsgefaehrliche-medien","status":"publish","type":"product","link":"https:\/\/lukra-pumpen.de\/fr\/product\/fasspumpenset-explosionsgefaehrliche-medien\/","title":{"rendered":"Set pour pompe \u00e0 tonneau \u00abM\u00e9diums \u00e0 risques d&#8217;explosion\u00bb"},"content":{"rendered":"<p><strong>Set pour pompe \u00e0 tonneau \u00abM\u00e9diums \u00e0 risques d&#8217;explosion\u00bb<\/strong><br \/>\npour la vidange des tonneaux et des conteneurs lors de m\u00e9diums \u00e0 risques d&#8217;explosion.<br \/>\nDans un mod\u00e8le conforme \u00e0 la norme ATEX.<\/p>\n<p><strong>D\u00e9bit de<\/strong><br \/>\njusqu&#8217;\u00e0 110 l \/min<\/p>\n<p><strong>Pression de refoulement de<\/strong><br \/>\njusqu&#8217;\u00e0 20 mFH<\/p>\n<p><strong>Profondeur d&#8217;immersion<\/strong><br \/>\n1000 mm jusqu&#8217;\u00e0 1200 mm<\/p>\n<p><strong>M\u00e9diums<\/strong><br \/>\nac\u00e9tone, acide formique concentr\u00e9, ac\u00e9tate d&#8217;\u00e9thyle, ac\u00e9tate de butyle, acide ac\u00e9tique concentr\u00e9, nicotine, tolu\u00e8ne, styr\u00e8ne<\/p>","protected":false},"excerpt":{"rendered":"<p>Set pour pompe \u00e0 tonneau \u00abM\u00e9diums \u00e0 risques d&#8217;explosion\u00bb pour la vidange des tonneaux et des conteneurs lors de m\u00e9diums \u00e0 risques d&#8217;explosion. Dans un mod\u00e8le conforme \u00e0 la norme ATEX. D\u00e9bit de jusqu&#8217;\u00e0 110 l \/min Pression de refoulement de jusqu&#8217;\u00e0 20 mFH Profondeur d&#8217;immersion 1000 mm jusqu&#8217;\u00e0 1200 mm M\u00e9diums ac\u00e9tone, acide formique [&hellip;]<\/p>\n","protected":false},"featured_media":1213,"comment_status":"closed","ping_status":"closed","template":"","meta":[],"product_brand":[],"product_cat":[67,66],"product_tag":[],"class_list":{"0":"post-1707","1":"product","2":"type-product","3":"status-publish","4":"has-post-thumbnail","6":"product_cat-fass-pumpen-sets","7":"product_cat-fasspumpen-containerpumpen","9":"first","10":"instock","11":"product-type-simple"},"_links":{"self":[{"href":"https:\/\/lukra-pumpen.de\/fr\/wp-json\/wp\/v2\/product\/1707","targetHints":{"allow":["GET"]}}],"collection":[{"href":"https:\/\/lukra-pumpen.de\/fr\/wp-json\/wp\/v2\/product"}],"about":[{"href":"https:\/\/lukra-pumpen.de\/fr\/wp-json\/wp\/v2\/types\/product"}],"replies":[{"embeddable":true,"href":"https:\/\/lukra-pumpen.de\/fr\/wp-json\/wp\/v2\/comments?post=1707"}],"wp:featuredmedia":[{"embeddable":true,"href":"https:\/\/lukra-pumpen.de\/fr\/wp-json\/wp\/v2\/media\/1213"}],"wp:attachment":[{"href":"https:\/\/lukra-pumpen.de\/fr\/wp-json\/wp\/v2\/media?parent=1707"}],"wp:term":[{"taxonomy":"product_brand","embeddable":true,"href":"https:\/\/lukra-pumpen.de\/fr\/wp-json\/wp\/v2\/product_brand?post=1707"},{"taxonomy":"product_cat","embeddable":true,"href":"https:\/\/lukra-pumpen.de\/fr\/wp-json\/wp\/v2\/product_cat?post=1707"},{"taxonomy":"product_tag","embeddable":true,"href":"https:\/\/lukra-pumpen.de\/fr\/wp-json\/wp\/v2\/product_tag?post=1707"}],"curies":[{"name":"wp","href":"https:\/\/api.w.org\/{rel}","templated":true}]}}