{"id":1708,"date":"2018-03-15T11:15:46","date_gmt":"2018-03-15T10:15:46","guid":{"rendered":"http:\/\/kracht-lutz-lukra-pumpen.de\/produkt\/fasspumpenset-konzentrierte-saeuren-und-laugen\/"},"modified":"2018-07-02T14:56:28","modified_gmt":"2018-07-02T13:56:28","slug":"fasspumpenset-konzentrierte-saeuren-und-laugen","status":"publish","type":"product","link":"https:\/\/lukra-pumpen.de\/fr\/produkt\/fasspumpenset-konzentrierte-saeuren-und-laugen\/","title":{"rendered":"Set pour pompe \u00e0 tonneau \u00abAcides et bases concentr\u00e9s\u00bb"},"content":{"rendered":"<p><strong>Set pour pompe \u00e0 tonneau \u00abAcides et bases concentr\u00e9s\u00bb<\/strong><br \/>\npour la vidange des tonneaux et des conteneurs en pr\u00e9sence d&rsquo;acides et de bases concentr\u00e9s<\/p>\n<p><strong>D\u00e9bit de<\/strong><br \/>\njusqu&rsquo;\u00e0 80 l \/min<\/p>\n<p><strong>Pression de refoulement de<\/strong><br \/>\njusqu&rsquo;\u00e0 17 mFH<\/p>\n<p><strong>Profondeur d&rsquo;immersion<\/strong><br \/>\njusqu&rsquo;\u00e0 1200 mm<\/p>\n<p><strong>M\u00e9diums<\/strong><br \/>\nacide chlorique, acide chromique, acide sulfurique, acide nitrique, acide fluorhydrique, hypochlorite de sodium<\/p>","protected":false},"excerpt":{"rendered":"<p>Set pour pompe \u00e0 tonneau \u00abAcides et bases concentr\u00e9s\u00bb pour la vidange des tonneaux et des conteneurs en pr\u00e9sence d&rsquo;acides et de bases concentr\u00e9s D\u00e9bit de jusqu&rsquo;\u00e0 80 l \/min Pression de refoulement de jusqu&rsquo;\u00e0 17 mFH Profondeur d&rsquo;immersion jusqu&rsquo;\u00e0 1200 mm M\u00e9diums acide chlorique, acide chromique, acide sulfurique, acide nitrique, acide fluorhydrique, hypochlorite de [&hellip;]<\/p>\n","protected":false},"featured_media":1239,"comment_status":"closed","ping_status":"closed","template":"","meta":[],"product_brand":[],"product_cat":[67,66],"product_tag":[],"class_list":{"0":"post-1708","1":"product","2":"type-product","3":"status-publish","4":"has-post-thumbnail","6":"product_cat-fass-pumpen-sets","7":"product_cat-fasspumpen-containerpumpen","9":"first","10":"instock","11":"product-type-simple"},"yoast_head":"<!-- This site is optimized with the Yoast SEO plugin v27.3 - https:\/\/yoast.com\/product\/yoast-seo-wordpress\/ -->\n<title>Set pour pompe \u00e0 tonneau \u00abAcides et bases concentr\u00e9s\u00bb - LUKRA Pumpen<\/title>\n<meta name=\"robots\" content=\"index, follow, max-snippet:-1, max-image-preview:large, max-video-preview:-1\" \/>\n<link rel=\"canonical\" href=\"https:\/\/lukra-pumpen.de\/produkt\/fasspumpenset-konzentrierte-saeuren-und-laugen\/\" \/>\n<meta property=\"og:locale\" content=\"fr_FR\" \/>\n<meta property=\"og:type\" content=\"article\" \/>\n<meta property=\"og:title\" content=\"Set pour pompe \u00e0 tonneau \u00abAcides et bases concentr\u00e9s\u00bb - LUKRA Pumpen\" \/>\n<meta property=\"og:description\" content=\"Set pour pompe \u00e0 tonneau \u00abAcides et bases concentr\u00e9s\u00bb pour la vidange des tonneaux et des conteneurs en pr\u00e9sence d&rsquo;acides et de bases concentr\u00e9s D\u00e9bit de jusqu&rsquo;\u00e0 80 l \/min Pression de refoulement de jusqu&rsquo;\u00e0 17 mFH Profondeur d&rsquo;immersion jusqu&rsquo;\u00e0 1200 mm M\u00e9diums acide chlorique, acide chromique, acide sulfurique, acide nitrique, acide fluorhydrique, hypochlorite de [&hellip;]\" \/>\n<meta property=\"og:url\" content=\"https:\/\/lukra-pumpen.de\/produkt\/fasspumpenset-konzentrierte-saeuren-und-laugen\/\" \/>\n<meta property=\"og:site_name\" content=\"LUKRA Pumpen\" \/>\n<meta property=\"article:modified_time\" content=\"2018-07-02T13:56:28+00:00\" \/>\n<meta property=\"og:image\" content=\"https:\/\/lukra-pumpen.de\/wp-content\/uploads\/2018\/03\/konzentriertesaurenundlaugen.jpg\" \/>\n\t<meta property=\"og:image:width\" content=\"869\" \/>\n\t<meta property=\"og:image:height\" content=\"508\" \/>\n\t<meta property=\"og:image:type\" content=\"image\/jpeg\" \/>\n<meta name=\"twitter:card\" content=\"summary_large_image\" \/>\n<meta name=\"twitter:label1\" content=\"Dur\u00e9e de lecture estim\u00e9e\" \/>\n\t<meta name=\"twitter:data1\" content=\"1 minute\" \/>\n<script type=\"application\/ld+json\" class=\"yoast-schema-graph\">{\"@context\":\"https:\\\/\\\/schema.org\",\"@graph\":[{\"@type\":\"WebPage\",\"@id\":\"https:\\\/\\\/lukra-pumpen.de\\\/produkt\\\/fasspumpenset-konzentrierte-saeuren-und-laugen\\\/\",\"url\":\"https:\\\/\\\/lukra-pumpen.de\\\/produkt\\\/fasspumpenset-konzentrierte-saeuren-und-laugen\\\/\",\"name\":\"Set pour pompe \u00e0 tonneau \u00abAcides et bases concentr\u00e9s\u00bb - LUKRA Pumpen\",\"isPartOf\":{\"@id\":\"https:\\\/\\\/lukra-pumpen.de\\\/#website\"},\"primaryImageOfPage\":{\"@id\":\"https:\\\/\\\/lukra-pumpen.de\\\/produkt\\\/fasspumpenset-konzentrierte-saeuren-und-laugen\\\/#primaryimage\"},\"image\":{\"@id\":\"https:\\\/\\\/lukra-pumpen.de\\\/produkt\\\/fasspumpenset-konzentrierte-saeuren-und-laugen\\\/#primaryimage\"},\"thumbnailUrl\":\"https:\\\/\\\/lukra-pumpen.de\\\/wp-content\\\/uploads\\\/2018\\\/03\\\/konzentriertesaurenundlaugen.jpg\",\"datePublished\":\"2018-03-15T10:15:46+00:00\",\"dateModified\":\"2018-07-02T13:56:28+00:00\",\"breadcrumb\":{\"@id\":\"https:\\\/\\\/lukra-pumpen.de\\\/produkt\\\/fasspumpenset-konzentrierte-saeuren-und-laugen\\\/#breadcrumb\"},\"inLanguage\":\"fr-FR\",\"potentialAction\":[{\"@type\":\"ReadAction\",\"target\":[\"https:\\\/\\\/lukra-pumpen.de\\\/produkt\\\/fasspumpenset-konzentrierte-saeuren-und-laugen\\\/\"]}]},{\"@type\":\"ImageObject\",\"inLanguage\":\"fr-FR\",\"@id\":\"https:\\\/\\\/lukra-pumpen.de\\\/produkt\\\/fasspumpenset-konzentrierte-saeuren-und-laugen\\\/#primaryimage\",\"url\":\"https:\\\/\\\/lukra-pumpen.de\\\/wp-content\\\/uploads\\\/2018\\\/03\\\/konzentriertesaurenundlaugen.jpg\",\"contentUrl\":\"https:\\\/\\\/lukra-pumpen.de\\\/wp-content\\\/uploads\\\/2018\\\/03\\\/konzentriertesaurenundlaugen.jpg\",\"width\":869,\"height\":508},{\"@type\":\"BreadcrumbList\",\"@id\":\"https:\\\/\\\/lukra-pumpen.de\\\/produkt\\\/fasspumpenset-konzentrierte-saeuren-und-laugen\\\/#breadcrumb\",\"itemListElement\":[{\"@type\":\"ListItem\",\"position\":1,\"name\":\"Startseite\",\"item\":\"https:\\\/\\\/lukra-pumpen.de\\\/home\\\/\"},{\"@type\":\"ListItem\",\"position\":2,\"name\":\"Shop\",\"item\":\"https:\\\/\\\/lukra-pumpen.de\\\/shop\\\/\"},{\"@type\":\"ListItem\",\"position\":3,\"name\":\"Fasspumpenset &#8222;konzentrierte S\u00e4uren und Laugen&#8220;\"}]},{\"@type\":\"WebSite\",\"@id\":\"https:\\\/\\\/lukra-pumpen.de\\\/#website\",\"url\":\"https:\\\/\\\/lukra-pumpen.de\\\/\",\"name\":\"LUKRA Pumpen\",\"description\":\"Fluid in Motion\",\"potentialAction\":[{\"@type\":\"SearchAction\",\"target\":{\"@type\":\"EntryPoint\",\"urlTemplate\":\"https:\\\/\\\/lukra-pumpen.de\\\/?s={search_term_string}\"},\"query-input\":{\"@type\":\"PropertyValueSpecification\",\"valueRequired\":true,\"valueName\":\"search_term_string\"}}],\"inLanguage\":\"fr-FR\"}]}<\/script>\n<!-- \/ Yoast SEO plugin. -->","yoast_head_json":{"title":"Set pour pompe \u00e0 tonneau \u00abAcides et bases concentr\u00e9s\u00bb - LUKRA Pumpen","robots":{"index":"index","follow":"follow","max-snippet":"max-snippet:-1","max-image-preview":"max-image-preview:large","max-video-preview":"max-video-preview:-1"},"canonical":"https:\/\/lukra-pumpen.de\/produkt\/fasspumpenset-konzentrierte-saeuren-und-laugen\/","og_locale":"fr_FR","og_type":"article","og_title":"Set pour pompe \u00e0 tonneau \u00abAcides et bases concentr\u00e9s\u00bb - LUKRA Pumpen","og_description":"Set pour pompe \u00e0 tonneau \u00abAcides et bases concentr\u00e9s\u00bb pour la vidange des tonneaux et des conteneurs en pr\u00e9sence d&rsquo;acides et de bases concentr\u00e9s D\u00e9bit de jusqu&rsquo;\u00e0 80 l \/min Pression de refoulement de jusqu&rsquo;\u00e0 17 mFH Profondeur d&rsquo;immersion jusqu&rsquo;\u00e0 1200 mm M\u00e9diums acide chlorique, acide chromique, acide sulfurique, acide nitrique, acide fluorhydrique, hypochlorite de [&hellip;]","og_url":"https:\/\/lukra-pumpen.de\/produkt\/fasspumpenset-konzentrierte-saeuren-und-laugen\/","og_site_name":"LUKRA Pumpen","article_modified_time":"2018-07-02T13:56:28+00:00","og_image":[{"width":869,"height":508,"url":"https:\/\/lukra-pumpen.de\/wp-content\/uploads\/2018\/03\/konzentriertesaurenundlaugen.jpg","type":"image\/jpeg"}],"twitter_card":"summary_large_image","twitter_misc":{"Dur\u00e9e de lecture estim\u00e9e":"1 minute"},"schema":{"@context":"https:\/\/schema.org","@graph":[{"@type":"WebPage","@id":"https:\/\/lukra-pumpen.de\/produkt\/fasspumpenset-konzentrierte-saeuren-und-laugen\/","url":"https:\/\/lukra-pumpen.de\/produkt\/fasspumpenset-konzentrierte-saeuren-und-laugen\/","name":"Set pour pompe \u00e0 tonneau \u00abAcides et bases concentr\u00e9s\u00bb - LUKRA Pumpen","isPartOf":{"@id":"https:\/\/lukra-pumpen.de\/#website"},"primaryImageOfPage":{"@id":"https:\/\/lukra-pumpen.de\/produkt\/fasspumpenset-konzentrierte-saeuren-und-laugen\/#primaryimage"},"image":{"@id":"https:\/\/lukra-pumpen.de\/produkt\/fasspumpenset-konzentrierte-saeuren-und-laugen\/#primaryimage"},"thumbnailUrl":"https:\/\/lukra-pumpen.de\/wp-content\/uploads\/2018\/03\/konzentriertesaurenundlaugen.jpg","datePublished":"2018-03-15T10:15:46+00:00","dateModified":"2018-07-02T13:56:28+00:00","breadcrumb":{"@id":"https:\/\/lukra-pumpen.de\/produkt\/fasspumpenset-konzentrierte-saeuren-und-laugen\/#breadcrumb"},"inLanguage":"fr-FR","potentialAction":[{"@type":"ReadAction","target":["https:\/\/lukra-pumpen.de\/produkt\/fasspumpenset-konzentrierte-saeuren-und-laugen\/"]}]},{"@type":"ImageObject","inLanguage":"fr-FR","@id":"https:\/\/lukra-pumpen.de\/produkt\/fasspumpenset-konzentrierte-saeuren-und-laugen\/#primaryimage","url":"https:\/\/lukra-pumpen.de\/wp-content\/uploads\/2018\/03\/konzentriertesaurenundlaugen.jpg","contentUrl":"https:\/\/lukra-pumpen.de\/wp-content\/uploads\/2018\/03\/konzentriertesaurenundlaugen.jpg","width":869,"height":508},{"@type":"BreadcrumbList","@id":"https:\/\/lukra-pumpen.de\/produkt\/fasspumpenset-konzentrierte-saeuren-und-laugen\/#breadcrumb","itemListElement":[{"@type":"ListItem","position":1,"name":"Startseite","item":"https:\/\/lukra-pumpen.de\/home\/"},{"@type":"ListItem","position":2,"name":"Shop","item":"https:\/\/lukra-pumpen.de\/shop\/"},{"@type":"ListItem","position":3,"name":"Fasspumpenset &#8222;konzentrierte S\u00e4uren und Laugen&#8220;"}]},{"@type":"WebSite","@id":"https:\/\/lukra-pumpen.de\/#website","url":"https:\/\/lukra-pumpen.de\/","name":"LUKRA Pumpen","description":"Fluid in Motion","potentialAction":[{"@type":"SearchAction","target":{"@type":"EntryPoint","urlTemplate":"https:\/\/lukra-pumpen.de\/?s={search_term_string}"},"query-input":{"@type":"PropertyValueSpecification","valueRequired":true,"valueName":"search_term_string"}}],"inLanguage":"fr-FR"}]}},"_links":{"self":[{"href":"https:\/\/lukra-pumpen.de\/fr\/wp-json\/wp\/v2\/product\/1708","targetHints":{"allow":["GET"]}}],"collection":[{"href":"https:\/\/lukra-pumpen.de\/fr\/wp-json\/wp\/v2\/product"}],"about":[{"href":"https:\/\/lukra-pumpen.de\/fr\/wp-json\/wp\/v2\/types\/product"}],"replies":[{"embeddable":true,"href":"https:\/\/lukra-pumpen.de\/fr\/wp-json\/wp\/v2\/comments?post=1708"}],"wp:featuredmedia":[{"embeddable":true,"href":"https:\/\/lukra-pumpen.de\/fr\/wp-json\/wp\/v2\/media\/1239"}],"wp:attachment":[{"href":"https:\/\/lukra-pumpen.de\/fr\/wp-json\/wp\/v2\/media?parent=1708"}],"wp:term":[{"taxonomy":"product_brand","embeddable":true,"href":"https:\/\/lukra-pumpen.de\/fr\/wp-json\/wp\/v2\/product_brand?post=1708"},{"taxonomy":"product_cat","embeddable":true,"href":"https:\/\/lukra-pumpen.de\/fr\/wp-json\/wp\/v2\/product_cat?post=1708"},{"taxonomy":"product_tag","embeddable":true,"href":"https:\/\/lukra-pumpen.de\/fr\/wp-json\/wp\/v2\/product_tag?post=1708"}],"curies":[{"name":"wp","href":"https:\/\/api.w.org\/{rel}","templated":true}]}}