{"id":1711,"date":"2018-03-15T11:15:46","date_gmt":"2018-03-15T10:15:46","guid":{"rendered":"http:\/\/kracht-lutz-lukra-pumpen.de\/produkt\/fasspumpenset-loesemittel\/"},"modified":"2018-07-09T08:59:41","modified_gmt":"2018-07-09T07:59:41","slug":"fasspumpenset-loesemittel","status":"publish","type":"product","link":"https:\/\/lukra-pumpen.de\/fr\/product\/fasspumpenset-loesemittel\/","title":{"rendered":"Set pour pompe \u00e0 tonneau \u00abSolvant\u00bb"},"content":{"rendered":"<p><strong>Set pour pompe \u00e0 tonneau \u00ab Solvant \u00bb<\/strong><br \/>\npour la vidange des tonneaux et des conteneurs en pr\u00e9sence de solvants et d&#8217;hydrocarbures facilement inflammables.<br \/>\nDans un mod\u00e8le conforme \u00e0 la norme ATEX.<\/p>\n<p><strong>D\u00e9bit de<\/strong><br \/>\njusqu&#8217;\u00e0 110 l \/min<\/p>\n<p><strong>Pression de refoulement de<\/strong><br \/>\njusqu&#8217;\u00e0 20 mFH<\/p>\n<p><strong>Profondeur d&#8217;immersion<\/strong><br \/>\njusqu&#8217;\u00e0 1200 mm<\/p>\n<p><strong>M\u00e9diums<\/strong><br \/>\n\u00e9thanol, essence, alcool n-butylique, isopropanol, k\u00e9ros\u00e8ne, m\u00e9thanol, p\u00e9trole<\/p>","protected":false},"excerpt":{"rendered":"<p>Set pour pompe \u00e0 tonneau \u00ab Solvant \u00bb pour la vidange des tonneaux et des conteneurs en pr\u00e9sence de solvants et d&#8217;hydrocarbures facilement inflammables. Dans un mod\u00e8le conforme \u00e0 la norme ATEX. D\u00e9bit de jusqu&#8217;\u00e0 110 l \/min Pression de refoulement de jusqu&#8217;\u00e0 20 mFH Profondeur d&#8217;immersion jusqu&#8217;\u00e0 1200 mm M\u00e9diums \u00e9thanol, essence, alcool n-butylique, [&hellip;]<\/p>\n","protected":false},"featured_media":1248,"comment_status":"closed","ping_status":"closed","template":"","meta":[],"product_brand":[],"product_cat":[67,66],"product_tag":[],"class_list":{"0":"post-1711","1":"product","2":"type-product","3":"status-publish","4":"has-post-thumbnail","6":"product_cat-fass-pumpen-sets","7":"product_cat-fasspumpen-containerpumpen","9":"first","10":"instock","11":"product-type-simple"},"_links":{"self":[{"href":"https:\/\/lukra-pumpen.de\/fr\/wp-json\/wp\/v2\/product\/1711","targetHints":{"allow":["GET"]}}],"collection":[{"href":"https:\/\/lukra-pumpen.de\/fr\/wp-json\/wp\/v2\/product"}],"about":[{"href":"https:\/\/lukra-pumpen.de\/fr\/wp-json\/wp\/v2\/types\/product"}],"replies":[{"embeddable":true,"href":"https:\/\/lukra-pumpen.de\/fr\/wp-json\/wp\/v2\/comments?post=1711"}],"wp:featuredmedia":[{"embeddable":true,"href":"https:\/\/lukra-pumpen.de\/fr\/wp-json\/wp\/v2\/media\/1248"}],"wp:attachment":[{"href":"https:\/\/lukra-pumpen.de\/fr\/wp-json\/wp\/v2\/media?parent=1711"}],"wp:term":[{"taxonomy":"product_brand","embeddable":true,"href":"https:\/\/lukra-pumpen.de\/fr\/wp-json\/wp\/v2\/product_brand?post=1711"},{"taxonomy":"product_cat","embeddable":true,"href":"https:\/\/lukra-pumpen.de\/fr\/wp-json\/wp\/v2\/product_cat?post=1711"},{"taxonomy":"product_tag","embeddable":true,"href":"https:\/\/lukra-pumpen.de\/fr\/wp-json\/wp\/v2\/product_tag?post=1711"}],"curies":[{"name":"wp","href":"https:\/\/api.w.org\/{rel}","templated":true}]}}