{"id":1712,"date":"2018-03-15T11:15:46","date_gmt":"2018-03-15T10:15:46","guid":{"rendered":"http:\/\/kracht-lutz-lukra-pumpen.de\/produkt\/fasspumpenset-mineraloele\/"},"modified":"2018-07-02T14:57:51","modified_gmt":"2018-07-02T13:57:51","slug":"fasspumpenset-mineraloele","status":"publish","type":"product","link":"https:\/\/lukra-pumpen.de\/fr\/product\/fasspumpenset-mineraloele\/","title":{"rendered":"Set pour pompe \u00e0 tonneau \u00abHuiles min\u00e9rales\u00bb"},"content":{"rendered":"<p><strong>Set pour pompe \u00e0 tonneau \u00abHuiles min\u00e9rales\u00bb<\/strong><br \/>\npour la vidange des tonneaux et des conteneurs en pr\u00e9sence d&#8217;huiles min\u00e9rales l\u00e9g\u00e8rement visqueuses<\/p>\n<p><strong>D\u00e9bit de<\/strong><br \/>\njusqu&#8217;\u00e0 90 l \/min<\/p>\n<p><strong>Pression de refoulement de<\/strong><br \/>\njusqu&#8217;\u00e0 20 mFH<\/p>\n<p><strong>Profondeur d&#8217;immersion<\/strong><br \/>\njusqu&#8217;\u00e0 1200 mm<\/p>\n<p><strong>M\u00e9diums<\/strong><br \/>\ndiesel, fioul, huile hydraulique, huile pour machines, huile de moteur<\/p>","protected":false},"excerpt":{"rendered":"<p>Set pour pompe \u00e0 tonneau \u00abHuiles min\u00e9rales\u00bb pour la vidange des tonneaux et des conteneurs en pr\u00e9sence d&#8217;huiles min\u00e9rales l\u00e9g\u00e8rement visqueuses D\u00e9bit de jusqu&#8217;\u00e0 90 l \/min Pression de refoulement de jusqu&#8217;\u00e0 20 mFH Profondeur d&#8217;immersion jusqu&#8217;\u00e0 1200 mm M\u00e9diums diesel, fioul, huile hydraulique, huile pour machines, huile de moteur<\/p>\n","protected":false},"featured_media":1263,"comment_status":"closed","ping_status":"closed","template":"","meta":[],"product_brand":[],"product_cat":[67,66],"product_tag":[],"class_list":{"0":"post-1712","1":"product","2":"type-product","3":"status-publish","4":"has-post-thumbnail","6":"product_cat-fass-pumpen-sets","7":"product_cat-fasspumpen-containerpumpen","9":"first","10":"instock","11":"product-type-simple"},"_links":{"self":[{"href":"https:\/\/lukra-pumpen.de\/fr\/wp-json\/wp\/v2\/product\/1712","targetHints":{"allow":["GET"]}}],"collection":[{"href":"https:\/\/lukra-pumpen.de\/fr\/wp-json\/wp\/v2\/product"}],"about":[{"href":"https:\/\/lukra-pumpen.de\/fr\/wp-json\/wp\/v2\/types\/product"}],"replies":[{"embeddable":true,"href":"https:\/\/lukra-pumpen.de\/fr\/wp-json\/wp\/v2\/comments?post=1712"}],"wp:featuredmedia":[{"embeddable":true,"href":"https:\/\/lukra-pumpen.de\/fr\/wp-json\/wp\/v2\/media\/1263"}],"wp:attachment":[{"href":"https:\/\/lukra-pumpen.de\/fr\/wp-json\/wp\/v2\/media?parent=1712"}],"wp:term":[{"taxonomy":"product_brand","embeddable":true,"href":"https:\/\/lukra-pumpen.de\/fr\/wp-json\/wp\/v2\/product_brand?post=1712"},{"taxonomy":"product_cat","embeddable":true,"href":"https:\/\/lukra-pumpen.de\/fr\/wp-json\/wp\/v2\/product_cat?post=1712"},{"taxonomy":"product_tag","embeddable":true,"href":"https:\/\/lukra-pumpen.de\/fr\/wp-json\/wp\/v2\/product_tag?post=1712"}],"curies":[{"name":"wp","href":"https:\/\/api.w.org\/{rel}","templated":true}]}}