{"id":1713,"date":"2018-03-15T11:10:46","date_gmt":"2018-03-15T10:10:46","guid":{"rendered":"http:\/\/kracht-lutz-lukra-pumpen.de\/produkt\/fasspumpenset-zur-entnahme-kleiner-mengen\/"},"modified":"2018-07-02T14:58:28","modified_gmt":"2018-07-02T13:58:28","slug":"fasspumpenset-zur-entnahme-kleiner-mengen","status":"publish","type":"product","link":"https:\/\/lukra-pumpen.de\/fr\/product\/fasspumpenset-zur-entnahme-kleiner-mengen\/","title":{"rendered":"Set pour pompe \u00e0 tonneau pour pr\u00e9lever de petites quantit\u00e9s"},"content":{"rendered":"<p><strong>Set pour pompe \u00e0 tonneau pour pr\u00e9lever de petites quantit\u00e9s<\/strong><br \/>\npar exemple des tonnelets, des bidons et des tonneaux<br \/>\nPompe de petit baril pour le transfert s\u00fbr et facile des m\u00e9dias probl\u00e9matiques.<\/p>\n<p><strong>D\u00e9bit de<\/strong><br \/>\njusqu&#8217;\u00e0 75 l \/min<\/p>\n<p><strong>Pression de refoulement de<\/strong><br \/>\njusqu&#8217;\u00e0 7 mFH<\/p>\n<p><strong>Profondeur d&#8217;immersion<\/strong><br \/>\njusqu&#8217;\u00e0 1000 mm<\/p>\n<p><strong>M\u00e9diums<\/strong><br \/>\nm\u00e9diums tr\u00e8s liquides comme l&#8217;acide de batterie, l&#8217;eau ammoniaqu\u00e9e, r\u00e9v\u00e9lateur, acide chlorhydrique, acide phosphorique, peroxyde d&#8217;hydrog\u00e8ne<\/p>","protected":false},"excerpt":{"rendered":"<p>Set pour pompe \u00e0 tonneau pour pr\u00e9lever de petites quantit\u00e9s par exemple des tonnelets, des bidons et des tonneaux Pompe de petit baril pour le transfert s\u00fbr et facile des m\u00e9dias probl\u00e9matiques. D\u00e9bit de jusqu&#8217;\u00e0 75 l \/min Pression de refoulement de jusqu&#8217;\u00e0 7 mFH Profondeur d&#8217;immersion jusqu&#8217;\u00e0 1000 mm M\u00e9diums m\u00e9diums tr\u00e8s liquides comme [&hellip;]<\/p>\n","protected":false},"featured_media":1210,"comment_status":"closed","ping_status":"closed","template":"","meta":[],"product_brand":[],"product_cat":[67,66],"product_tag":[],"class_list":{"0":"post-1713","1":"product","2":"type-product","3":"status-publish","4":"has-post-thumbnail","6":"product_cat-fass-pumpen-sets","7":"product_cat-fasspumpen-containerpumpen","9":"first","10":"instock","11":"product-type-simple"},"_links":{"self":[{"href":"https:\/\/lukra-pumpen.de\/fr\/wp-json\/wp\/v2\/product\/1713","targetHints":{"allow":["GET"]}}],"collection":[{"href":"https:\/\/lukra-pumpen.de\/fr\/wp-json\/wp\/v2\/product"}],"about":[{"href":"https:\/\/lukra-pumpen.de\/fr\/wp-json\/wp\/v2\/types\/product"}],"replies":[{"embeddable":true,"href":"https:\/\/lukra-pumpen.de\/fr\/wp-json\/wp\/v2\/comments?post=1713"}],"wp:featuredmedia":[{"embeddable":true,"href":"https:\/\/lukra-pumpen.de\/fr\/wp-json\/wp\/v2\/media\/1210"}],"wp:attachment":[{"href":"https:\/\/lukra-pumpen.de\/fr\/wp-json\/wp\/v2\/media?parent=1713"}],"wp:term":[{"taxonomy":"product_brand","embeddable":true,"href":"https:\/\/lukra-pumpen.de\/fr\/wp-json\/wp\/v2\/product_brand?post=1713"},{"taxonomy":"product_cat","embeddable":true,"href":"https:\/\/lukra-pumpen.de\/fr\/wp-json\/wp\/v2\/product_cat?post=1713"},{"taxonomy":"product_tag","embeddable":true,"href":"https:\/\/lukra-pumpen.de\/fr\/wp-json\/wp\/v2\/product_tag?post=1713"}],"curies":[{"name":"wp","href":"https:\/\/api.w.org\/{rel}","templated":true}]}}