{"id":1715,"date":"2018-03-01T11:15:46","date_gmt":"2018-03-01T10:15:46","guid":{"rendered":"http:\/\/kracht-lutz-lukra-pumpen.de\/produkt\/fusssiebe-fuer-fasspumpen\/"},"modified":"2018-07-02T13:48:31","modified_gmt":"2018-07-02T12:48:31","slug":"fusssiebe-fuer-fasspumpen","status":"publish","type":"product","link":"https:\/\/lukra-pumpen.de\/fr\/product\/fusssiebe-fuer-fasspumpen\/","title":{"rendered":"Filtres pieds pour pompes vide-f\u00fbts"},"content":{"rendered":"<p>Filtres pieds pour pompes vide-f\u00fbts et vide-conteneurs<br \/>\n\u00e0 ins\u00e9rer sur le tube plongeur, les impuret\u00e9s grossi\u00e8res sont ainsi maintenues \u00e0 distances d&#8217;\u00e9l\u00e9ments rotatifs pour garantir un fonctionnement s\u00fbr de la pompe \u00e0 tonneau<\/p>","protected":false},"excerpt":{"rendered":"<p>Filtres pieds pour pompes vide-f\u00fbts et vide-conteneurs \u00e0 ins\u00e9rer sur le tube plongeur, les impuret\u00e9s grossi\u00e8res sont ainsi maintenues \u00e0 distances d&#8217;\u00e9l\u00e9ments rotatifs pour garantir un fonctionnement s\u00fbr de la pompe \u00e0 tonneau<\/p>\n","protected":false},"featured_media":1220,"comment_status":"closed","ping_status":"closed","template":"","meta":[],"product_brand":[],"product_cat":[70],"product_tag":[],"class_list":{"0":"post-1715","1":"product","2":"type-product","3":"status-publish","4":"has-post-thumbnail","6":"product_cat-fasspumpen-zubehoer","8":"first","9":"instock","10":"product-type-simple"},"_links":{"self":[{"href":"https:\/\/lukra-pumpen.de\/fr\/wp-json\/wp\/v2\/product\/1715","targetHints":{"allow":["GET"]}}],"collection":[{"href":"https:\/\/lukra-pumpen.de\/fr\/wp-json\/wp\/v2\/product"}],"about":[{"href":"https:\/\/lukra-pumpen.de\/fr\/wp-json\/wp\/v2\/types\/product"}],"replies":[{"embeddable":true,"href":"https:\/\/lukra-pumpen.de\/fr\/wp-json\/wp\/v2\/comments?post=1715"}],"wp:featuredmedia":[{"embeddable":true,"href":"https:\/\/lukra-pumpen.de\/fr\/wp-json\/wp\/v2\/media\/1220"}],"wp:attachment":[{"href":"https:\/\/lukra-pumpen.de\/fr\/wp-json\/wp\/v2\/media?parent=1715"}],"wp:term":[{"taxonomy":"product_brand","embeddable":true,"href":"https:\/\/lukra-pumpen.de\/fr\/wp-json\/wp\/v2\/product_brand?post=1715"},{"taxonomy":"product_cat","embeddable":true,"href":"https:\/\/lukra-pumpen.de\/fr\/wp-json\/wp\/v2\/product_cat?post=1715"},{"taxonomy":"product_tag","embeddable":true,"href":"https:\/\/lukra-pumpen.de\/fr\/wp-json\/wp\/v2\/product_tag?post=1715"}],"curies":[{"name":"wp","href":"https:\/\/api.w.org\/{rel}","templated":true}]}}