{"id":1717,"date":"2018-03-20T11:08:46","date_gmt":"2018-03-20T10:08:46","guid":{"rendered":"http:\/\/kracht-lutz-lukra-pumpen.de\/produkt\/wartungseinheit-fuer-doppel-membran-pumpen\/"},"modified":"2018-03-21T10:06:20","modified_gmt":"2018-03-21T09:06:20","slug":"wartungseinheit-fuer-doppel-membran-pumpen","status":"publish","type":"product","link":"https:\/\/lukra-pumpen.de\/fr\/product\/wartungseinheit-fuer-doppel-membran-pumpen\/","title":{"rendered":"Unit\u00e9 d&#8217;entretien pour Pompe \u00e0 membrane double"},"content":{"rendered":"<p><strong>Unit\u00e9 d&#8217;entretien pour pompe \u00e0 membrane double<\/strong><br \/>\npour nettoyer l&#8217;air d&#8217;alimentation avec un manom\u00e8tre pour r\u00e9gler la pression de service<\/p>","protected":false},"excerpt":{"rendered":"","protected":false},"featured_media":1227,"comment_status":"closed","ping_status":"closed","template":"","meta":[],"product_brand":[],"product_cat":[85,88],"product_tag":[],"class_list":{"0":"post-1717","1":"product","2":"type-product","3":"status-publish","4":"has-post-thumbnail","6":"product_cat-membran-pumpen","7":"product_cat-membran-pumpen-zubehoer","9":"first","10":"instock","11":"product-type-simple"},"_links":{"self":[{"href":"https:\/\/lukra-pumpen.de\/fr\/wp-json\/wp\/v2\/product\/1717","targetHints":{"allow":["GET"]}}],"collection":[{"href":"https:\/\/lukra-pumpen.de\/fr\/wp-json\/wp\/v2\/product"}],"about":[{"href":"https:\/\/lukra-pumpen.de\/fr\/wp-json\/wp\/v2\/types\/product"}],"replies":[{"embeddable":true,"href":"https:\/\/lukra-pumpen.de\/fr\/wp-json\/wp\/v2\/comments?post=1717"}],"wp:featuredmedia":[{"embeddable":true,"href":"https:\/\/lukra-pumpen.de\/fr\/wp-json\/wp\/v2\/media\/1227"}],"wp:attachment":[{"href":"https:\/\/lukra-pumpen.de\/fr\/wp-json\/wp\/v2\/media?parent=1717"}],"wp:term":[{"taxonomy":"product_brand","embeddable":true,"href":"https:\/\/lukra-pumpen.de\/fr\/wp-json\/wp\/v2\/product_brand?post=1717"},{"taxonomy":"product_cat","embeddable":true,"href":"https:\/\/lukra-pumpen.de\/fr\/wp-json\/wp\/v2\/product_cat?post=1717"},{"taxonomy":"product_tag","embeddable":true,"href":"https:\/\/lukra-pumpen.de\/fr\/wp-json\/wp\/v2\/product_tag?post=1717"}],"curies":[{"name":"wp","href":"https:\/\/api.w.org\/{rel}","templated":true}]}}