{"id":1718,"date":"2018-03-20T11:08:46","date_gmt":"2018-03-20T10:08:46","guid":{"rendered":"http:\/\/kracht-lutz-lukra-pumpen.de\/produkt\/hauswasserversorgung\/"},"modified":"2018-03-20T16:45:47","modified_gmt":"2018-03-20T15:45:47","slug":"hauswasserversorgung","status":"publish","type":"product","link":"https:\/\/lukra-pumpen.de\/fr\/product\/hauswasserversorgung\/","title":{"rendered":"Approvisionnement en eau d\u2019une maison"},"content":{"rendered":"<p><strong>Approvisionnement en eau d\u2019une maison avec commande enti\u00e8rement \u00e9lectronique de la pompe<\/strong><br \/>\nR\u00e9gulation sur la pression par d\u00e9faut, pour l&#8217;adaptation optimale aux variations des quantit\u00e9s pr\u00e9lev\u00e9es, avec d\u00e9marrage en douceur int\u00e9gr\u00e9, protection contre le fonctionnement \u00e0 vide et du moteur.<br \/>\n<b>Alimentation en eau domestique intelligente et \u00e9conome en \u00e9nergie dans l&#8217;\u00e9tat actuel de la technique.<\/b><\/p>\n<p><strong>D\u00e9bit de<\/strong><br \/>\njusqu&#8217;\u00e0 266 l\/min<\/p>\n<p><strong>Pression de service<\/strong><br \/>\njusqu&#8217;\u00e0 75 mFH<\/p>\n<p><strong>Mat\u00e9riaux<\/strong><br \/>\nacier inoxydable<\/p>\n<p><strong>M\u00e9diums<\/strong><br \/>\neau potable, eau de pluie, eau industrielle<\/p>","protected":false},"excerpt":{"rendered":"","protected":false},"featured_media":1228,"comment_status":"closed","ping_status":"closed","template":"","meta":[],"product_brand":[],"product_cat":[79,81,82],"product_tag":[],"class_list":{"0":"post-1718","1":"product","2":"type-product","3":"status-publish","4":"has-post-thumbnail","6":"product_cat-kreiselpumpen","7":"product_cat-normalansaugende-kreiselpumpen","8":"product_cat-selbstansaugende-kreiselpumpen","10":"first","11":"instock","12":"product-type-simple"},"_links":{"self":[{"href":"https:\/\/lukra-pumpen.de\/fr\/wp-json\/wp\/v2\/product\/1718","targetHints":{"allow":["GET"]}}],"collection":[{"href":"https:\/\/lukra-pumpen.de\/fr\/wp-json\/wp\/v2\/product"}],"about":[{"href":"https:\/\/lukra-pumpen.de\/fr\/wp-json\/wp\/v2\/types\/product"}],"replies":[{"embeddable":true,"href":"https:\/\/lukra-pumpen.de\/fr\/wp-json\/wp\/v2\/comments?post=1718"}],"wp:featuredmedia":[{"embeddable":true,"href":"https:\/\/lukra-pumpen.de\/fr\/wp-json\/wp\/v2\/media\/1228"}],"wp:attachment":[{"href":"https:\/\/lukra-pumpen.de\/fr\/wp-json\/wp\/v2\/media?parent=1718"}],"wp:term":[{"taxonomy":"product_brand","embeddable":true,"href":"https:\/\/lukra-pumpen.de\/fr\/wp-json\/wp\/v2\/product_brand?post=1718"},{"taxonomy":"product_cat","embeddable":true,"href":"https:\/\/lukra-pumpen.de\/fr\/wp-json\/wp\/v2\/product_cat?post=1718"},{"taxonomy":"product_tag","embeddable":true,"href":"https:\/\/lukra-pumpen.de\/fr\/wp-json\/wp\/v2\/product_tag?post=1718"}],"curies":[{"name":"wp","href":"https:\/\/api.w.org\/{rel}","templated":true}]}}