{"id":1719,"date":"2018-03-20T11:08:46","date_gmt":"2018-03-20T10:08:46","guid":{"rendered":"http:\/\/kracht-lutz-lukra-pumpen.de\/produkt\/hochdruckkreiselpumpe\/"},"modified":"2018-03-20T16:46:53","modified_gmt":"2018-03-20T15:46:53","slug":"hochdruckkreiselpumpe","status":"publish","type":"product","link":"https:\/\/lukra-pumpen.de\/fr\/product\/hochdruckkreiselpumpe\/","title":{"rendered":"Pompe centrifuge haute pression"},"content":{"rendered":"<p><strong>Pompe centrifuge haute pression \u00e0 plusieurs \u00e9tages \u00e0 \u00e9l\u00e9ments<\/strong><br \/>\navec joint d&#8217;\u00e9tanch\u00e9it\u00e9 rotatif ou garniture de presse \u00e9toupe<br \/>\nConception tr\u00e8s robuste et fiable dans une qualit\u00e9 industrielle absolue sur laquelle vous pouvez compter.<\/p>\n<p><strong>D\u00e9bit de<\/strong><br \/>\njusqu&#8217;\u00e0 800 m3\/h<\/p>\n<p><strong>Pression de refoulement de<\/strong><br \/>\njusqu&#8217;\u00e0 400 mFH<\/p>\n<p><strong>Mat\u00e9riaux<\/strong><br \/>\nfonte grise, bronze, acier moul\u00e9 inoxydable<\/p>\n<p><strong>M\u00e9diums<\/strong><br \/>\nliquides purs ou l\u00e9g\u00e8rement impurs<\/p>","protected":false},"excerpt":{"rendered":"","protected":false},"featured_media":1229,"comment_status":"closed","ping_status":"closed","template":"","meta":[],"product_brand":[],"product_cat":[79,81],"product_tag":[],"class_list":{"0":"post-1719","1":"product","2":"type-product","3":"status-publish","4":"has-post-thumbnail","6":"product_cat-kreiselpumpen","7":"product_cat-normalansaugende-kreiselpumpen","9":"first","10":"instock","11":"product-type-simple"},"_links":{"self":[{"href":"https:\/\/lukra-pumpen.de\/fr\/wp-json\/wp\/v2\/product\/1719","targetHints":{"allow":["GET"]}}],"collection":[{"href":"https:\/\/lukra-pumpen.de\/fr\/wp-json\/wp\/v2\/product"}],"about":[{"href":"https:\/\/lukra-pumpen.de\/fr\/wp-json\/wp\/v2\/types\/product"}],"replies":[{"embeddable":true,"href":"https:\/\/lukra-pumpen.de\/fr\/wp-json\/wp\/v2\/comments?post=1719"}],"wp:featuredmedia":[{"embeddable":true,"href":"https:\/\/lukra-pumpen.de\/fr\/wp-json\/wp\/v2\/media\/1229"}],"wp:attachment":[{"href":"https:\/\/lukra-pumpen.de\/fr\/wp-json\/wp\/v2\/media?parent=1719"}],"wp:term":[{"taxonomy":"product_brand","embeddable":true,"href":"https:\/\/lukra-pumpen.de\/fr\/wp-json\/wp\/v2\/product_brand?post=1719"},{"taxonomy":"product_cat","embeddable":true,"href":"https:\/\/lukra-pumpen.de\/fr\/wp-json\/wp\/v2\/product_cat?post=1719"},{"taxonomy":"product_tag","embeddable":true,"href":"https:\/\/lukra-pumpen.de\/fr\/wp-json\/wp\/v2\/product_tag?post=1719"}],"curies":[{"name":"wp","href":"https:\/\/api.w.org\/{rel}","templated":true}]}}