{"id":1721,"date":"2018-03-20T11:08:46","date_gmt":"2018-03-20T10:08:46","guid":{"rendered":"http:\/\/kracht-lutz-lukra-pumpen.de\/produkt\/hydraulik-anlagen\/"},"modified":"2018-03-26T17:52:20","modified_gmt":"2018-03-26T16:52:20","slug":"hydraulik-anlagen","status":"publish","type":"product","link":"https:\/\/lukra-pumpen.de\/fr\/product\/hydraulik-anlagen\/","title":{"rendered":"Installations hydrauliques"},"content":{"rendered":"<p><strong>Installations hydrauliques conform\u00e9ment aux sp\u00e9cifications du client<\/strong><br \/>\nNous fabriquons des syst\u00e8mes hydrauliques en fonction de vos besoins sp\u00e9cifiques, pour l&#8217;huile de graissage et l&#8217;hydraulique de puissance. Contactez-nous pour plus d&#8217;informations!<\/p>\n<p><strong>D\u00e9bit de<\/strong><br \/>\nen fonction des besoins<\/p>\n<p><strong>Pression de refoulement<\/strong><br \/>\ncomme indiqu\u00e9 ci-dessus<\/p>\n<p><strong>Mat\u00e9riaux<\/strong><br \/>\nen fonction des besoins<\/p>\n<p><strong>M\u00e9diums<\/strong><br \/>\nhuile min\u00e9rale conforme \u00e0 la norme DIN 51524 \/ 25<br \/>\nliquides de pression difficilement inflammables sur demande<\/p>","protected":false},"excerpt":{"rendered":"<p>Installations hydrauliques conform\u00e9ment aux sp\u00e9cifications du client Nous fabriquons des syst\u00e8mes hydrauliques en fonction de vos besoins sp\u00e9cifiques, pour l&#8217;huile de graissage et l&#8217;hydraulique de puissance. Contactez-nous pour plus d&#8217;informations! D\u00e9bit de en fonction des besoins Pression de refoulement comme indiqu\u00e9 ci-dessus Mat\u00e9riaux en fonction des besoins M\u00e9diums huile min\u00e9rale conforme \u00e0 la norme DIN [&hellip;]<\/p>\n","protected":false},"featured_media":1232,"comment_status":"closed","ping_status":"closed","template":"","meta":[],"product_brand":[],"product_cat":[74,78,96,71,73,90],"product_tag":[],"class_list":{"0":"post-1721","1":"product","2":"type-product","3":"status-publish","4":"has-post-thumbnail","6":"product_cat-hochdruckhydraulik-pumpen","7":"product_cat-hydraulik-zubehoer","8":"product_cat-hydraulikanlagen","9":"product_cat-hydraulikpumpen","10":"product_cat-niederdruck-pumpen","11":"product_cat-zahnradpumpen","13":"first","14":"instock","15":"product-type-simple"},"_links":{"self":[{"href":"https:\/\/lukra-pumpen.de\/fr\/wp-json\/wp\/v2\/product\/1721","targetHints":{"allow":["GET"]}}],"collection":[{"href":"https:\/\/lukra-pumpen.de\/fr\/wp-json\/wp\/v2\/product"}],"about":[{"href":"https:\/\/lukra-pumpen.de\/fr\/wp-json\/wp\/v2\/types\/product"}],"replies":[{"embeddable":true,"href":"https:\/\/lukra-pumpen.de\/fr\/wp-json\/wp\/v2\/comments?post=1721"}],"wp:featuredmedia":[{"embeddable":true,"href":"https:\/\/lukra-pumpen.de\/fr\/wp-json\/wp\/v2\/media\/1232"}],"wp:attachment":[{"href":"https:\/\/lukra-pumpen.de\/fr\/wp-json\/wp\/v2\/media?parent=1721"}],"wp:term":[{"taxonomy":"product_brand","embeddable":true,"href":"https:\/\/lukra-pumpen.de\/fr\/wp-json\/wp\/v2\/product_brand?post=1721"},{"taxonomy":"product_cat","embeddable":true,"href":"https:\/\/lukra-pumpen.de\/fr\/wp-json\/wp\/v2\/product_cat?post=1721"},{"taxonomy":"product_tag","embeddable":true,"href":"https:\/\/lukra-pumpen.de\/fr\/wp-json\/wp\/v2\/product_tag?post=1721"}],"curies":[{"name":"wp","href":"https:\/\/api.w.org\/{rel}","templated":true}]}}