{"id":1723,"date":"2018-03-20T11:08:56","date_gmt":"2018-03-20T10:08:56","guid":{"rendered":"http:\/\/kracht-lutz-lukra-pumpen.de\/produkt\/liv-impeller-pumpen\/"},"modified":"2021-02-25T11:19:34","modified_gmt":"2021-02-25T10:19:34","slug":"liv-impeller-pumpen","status":"publish","type":"product","link":"https:\/\/lukra-pumpen.de\/fr\/product\/liv-impeller-pumpen\/","title":{"rendered":"LIV &#8211; Pompes d\u2019impeller"},"content":{"rendered":"<p><strong>Pompes d\u2019impeller<\/strong><br \/>\nLa roue impeller \u00e0 ailettes \u00e9lastiques est int\u00e9gr\u00e9e sur le centre ext\u00e9rieur dans le bo\u00eetier de la pompe. La d\u00e9tente et la contraction des ailettes lors de la rotation de la roue aspirent le m\u00e9dium et le pressent hors de la pompe.<br \/>\nLes pompes d\u2019impeller sont des pompes universelles pour transporter les liquides propres et sales. Leur technique repose sur le principe du refoulement, ces pompes sont ainsi auto-amor\u00e7antes.<br \/>\nNos pompes d\u2019impeller sont disponibles avec les extr\u00e9mit\u00e9s des arbres libres ou comme agr\u00e9gats complets compos\u00e9s d&#8217;une pompe et d&#8217;un moteur.<\/p>\n<p><strong>D\u00e9bit de<\/strong><br \/>\n10 \u00e0 730 l\/min<\/p>\n<p><strong>Pression de refoulement de<\/strong><br \/>\njusqu&#8217;\u00e0 50 mFH<\/p>\n<p><strong>Mat\u00e9riaux<\/strong><br \/>\nacier, acier inoxydable, PTFE, FKM<\/p>\n<p><strong>M\u00e9diums<\/strong><br \/>\ndenr\u00e9es alimentaires, boissons, maische, produits chimiques, acides, bases, engrais liquides, peintures, colles, huile v\u00e9g\u00e9tales, lubrifiants de refroidissement, mousses d&#8217;extinction<\/p>","protected":false},"excerpt":{"rendered":"<p>Pompes d\u2019impeller La roue impeller \u00e0 ailettes \u00e9lastiques est int\u00e9gr\u00e9e sur le centre ext\u00e9rieur dans le bo\u00eetier de la pompe. La d\u00e9tente et la contraction des ailettes lors de la rotation de la roue aspirent le m\u00e9dium et le pressent hors de la pompe. Les pompes d\u2019impeller sont des pompes universelles pour transporter les liquides [&hellip;]<\/p>\n","protected":false},"featured_media":1235,"comment_status":"closed","ping_status":"closed","template":"","meta":[],"product_brand":[],"product_cat":[95,79,82],"product_tag":[],"class_list":{"0":"post-1723","1":"product","2":"type-product","3":"status-publish","4":"has-post-thumbnail","6":"product_cat-impellerpumpen","7":"product_cat-kreiselpumpen","8":"product_cat-selbstansaugende-kreiselpumpen","10":"first","11":"instock","12":"product-type-simple"},"_links":{"self":[{"href":"https:\/\/lukra-pumpen.de\/fr\/wp-json\/wp\/v2\/product\/1723","targetHints":{"allow":["GET"]}}],"collection":[{"href":"https:\/\/lukra-pumpen.de\/fr\/wp-json\/wp\/v2\/product"}],"about":[{"href":"https:\/\/lukra-pumpen.de\/fr\/wp-json\/wp\/v2\/types\/product"}],"replies":[{"embeddable":true,"href":"https:\/\/lukra-pumpen.de\/fr\/wp-json\/wp\/v2\/comments?post=1723"}],"wp:featuredmedia":[{"embeddable":true,"href":"https:\/\/lukra-pumpen.de\/fr\/wp-json\/wp\/v2\/media\/1235"}],"wp:attachment":[{"href":"https:\/\/lukra-pumpen.de\/fr\/wp-json\/wp\/v2\/media?parent=1723"}],"wp:term":[{"taxonomy":"product_brand","embeddable":true,"href":"https:\/\/lukra-pumpen.de\/fr\/wp-json\/wp\/v2\/product_brand?post=1723"},{"taxonomy":"product_cat","embeddable":true,"href":"https:\/\/lukra-pumpen.de\/fr\/wp-json\/wp\/v2\/product_cat?post=1723"},{"taxonomy":"product_tag","embeddable":true,"href":"https:\/\/lukra-pumpen.de\/fr\/wp-json\/wp\/v2\/product_tag?post=1723"}],"curies":[{"name":"wp","href":"https:\/\/api.w.org\/{rel}","templated":true}]}}