{"id":1724,"date":"2018-03-20T11:08:56","date_gmt":"2018-03-20T10:08:56","guid":{"rendered":"http:\/\/kracht-lutz-lukra-pumpen.de\/produkt\/innen-zahnrad-pumpen\/"},"modified":"2018-03-26T16:22:40","modified_gmt":"2018-03-26T15:22:40","slug":"innen-zahnrad-pumpen","status":"publish","type":"product","link":"https:\/\/lukra-pumpen.de\/fr\/product\/innen-zahnrad-pumpen\/","title":{"rendered":"Pompes \u00e0 engrenages int\u00e9rieurs"},"content":{"rendered":"<p><strong>Pompes \u00e0 engrenages int\u00e9rieurs<\/strong><br \/>\nEn option: vanne d&#8217;inversion et, ou enveloppe chauffante<\/p>\n<p><strong>D\u00e9bit de<\/strong><br \/>\n3 cm\u00b3\/tr \u00e0 500 cm\u00b3\/tr<\/p>\n<p><strong>Pression de refoulement de<\/strong><br \/>\njusqu&#8217;\u00e0 400 bars<\/p>\n<p><strong>Mat\u00e9riaux<\/strong><br \/>\nfonte grise, acier inoxydable, fonte \u00e0 graphite sph\u00e9ro\u00efdale<\/p>\n<p><strong>M\u00e9diums<\/strong><br \/>\nhuile hydraulique, liquides difficilement inflammables (HFB, HFC et HFD), liquides biod\u00e9gradables et peu visqueux, etc.<\/p>","protected":false},"excerpt":{"rendered":"<p>Pompes \u00e0 engrenages int\u00e9rieurs En option: vanne d&#8217;inversion et, ou enveloppe chauffante D\u00e9bit de 3 cm\u00b3\/tr \u00e0 500 cm\u00b3\/tr Pression de refoulement de jusqu&#8217;\u00e0 400 bars Mat\u00e9riaux fonte grise, acier inoxydable, fonte \u00e0 graphite sph\u00e9ro\u00efdale M\u00e9diums huile hydraulique, liquides difficilement inflammables (HFB, HFC et HFD), liquides biod\u00e9gradables et peu visqueux, etc.<\/p>\n","protected":false},"featured_media":1236,"comment_status":"closed","ping_status":"closed","template":"","meta":[],"product_brand":[],"product_cat":[74,71,90],"product_tag":[],"class_list":{"0":"post-1724","1":"product","2":"type-product","3":"status-publish","4":"has-post-thumbnail","6":"product_cat-hochdruckhydraulik-pumpen","7":"product_cat-hydraulikpumpen","8":"product_cat-zahnradpumpen","10":"first","11":"instock","12":"product-type-simple"},"_links":{"self":[{"href":"https:\/\/lukra-pumpen.de\/fr\/wp-json\/wp\/v2\/product\/1724","targetHints":{"allow":["GET"]}}],"collection":[{"href":"https:\/\/lukra-pumpen.de\/fr\/wp-json\/wp\/v2\/product"}],"about":[{"href":"https:\/\/lukra-pumpen.de\/fr\/wp-json\/wp\/v2\/types\/product"}],"replies":[{"embeddable":true,"href":"https:\/\/lukra-pumpen.de\/fr\/wp-json\/wp\/v2\/comments?post=1724"}],"wp:featuredmedia":[{"embeddable":true,"href":"https:\/\/lukra-pumpen.de\/fr\/wp-json\/wp\/v2\/media\/1236"}],"wp:attachment":[{"href":"https:\/\/lukra-pumpen.de\/fr\/wp-json\/wp\/v2\/media?parent=1724"}],"wp:term":[{"taxonomy":"product_brand","embeddable":true,"href":"https:\/\/lukra-pumpen.de\/fr\/wp-json\/wp\/v2\/product_brand?post=1724"},{"taxonomy":"product_cat","embeddable":true,"href":"https:\/\/lukra-pumpen.de\/fr\/wp-json\/wp\/v2\/product_cat?post=1724"},{"taxonomy":"product_tag","embeddable":true,"href":"https:\/\/lukra-pumpen.de\/fr\/wp-json\/wp\/v2\/product_tag?post=1724"}],"curies":[{"name":"wp","href":"https:\/\/api.w.org\/{rel}","templated":true}]}}