{"id":1725,"date":"2018-03-20T11:08:56","date_gmt":"2018-03-20T10:08:56","guid":{"rendered":"http:\/\/kracht-lutz-lukra-pumpen.de\/produkt\/kellerentwaesserungs-und-drainagepumpen\/"},"modified":"2018-03-26T16:45:33","modified_gmt":"2018-03-26T15:45:33","slug":"kellerentwaesserungs-und-drainagepumpen","status":"publish","type":"product","link":"https:\/\/lukra-pumpen.de\/fr\/product\/kellerentwaesserungs-und-drainagepumpen\/","title":{"rendered":"Pompes vide-cave et de drainage"},"content":{"rendered":"<p><strong>Pompes vide-cave et de drainage<\/strong><br \/>\navec et sans commutation automatique, avec moteur triphas\u00e9 ou \u00e0 courant alternatif<\/p>\n<p><strong>D\u00e9bit de<\/strong><br \/>\njusqu&#8217;\u00e0 25 m3\/h<\/p>\n<p><strong>Pression de refoulement de<\/strong><br \/>\njusqu&#8217;\u00e0 20 mFH<\/p>\n<p><strong>Mat\u00e9riaux<\/strong><br \/>\nplastique, fonte grise, acier inoxydable, acier Cr<\/p>\n<p><strong>M\u00e9dium<\/strong><br \/>\neau, eaux usag\u00e9es, eaux sales, \u00e9mulsions de refroidissement, huiles etc.<\/p>","protected":false},"excerpt":{"rendered":"<p>Pompes vide-cave et de drainage avec et sans commutation automatique, avec moteur triphas\u00e9 ou \u00e0 courant alternatif D\u00e9bit de jusqu&#8217;\u00e0 25 m3\/h Pression de refoulement de jusqu&#8217;\u00e0 20 mFH Mat\u00e9riaux plastique, fonte grise, acier inoxydable, acier Cr M\u00e9dium eau, eaux usag\u00e9es, eaux sales, \u00e9mulsions de refroidissement, huiles etc.<\/p>\n","protected":false},"featured_media":1313,"comment_status":"closed","ping_status":"closed","template":"","meta":[],"product_brand":[],"product_cat":[79,91,83],"product_tag":[],"class_list":{"0":"post-1725","1":"product","2":"type-product","3":"status-publish","4":"has-post-thumbnail","6":"product_cat-kreiselpumpen","7":"product_cat-schmutzwasserpumpen","8":"product_cat-tauchpumpen","10":"first","11":"instock","12":"product-type-simple"},"_links":{"self":[{"href":"https:\/\/lukra-pumpen.de\/fr\/wp-json\/wp\/v2\/product\/1725","targetHints":{"allow":["GET"]}}],"collection":[{"href":"https:\/\/lukra-pumpen.de\/fr\/wp-json\/wp\/v2\/product"}],"about":[{"href":"https:\/\/lukra-pumpen.de\/fr\/wp-json\/wp\/v2\/types\/product"}],"replies":[{"embeddable":true,"href":"https:\/\/lukra-pumpen.de\/fr\/wp-json\/wp\/v2\/comments?post=1725"}],"wp:featuredmedia":[{"embeddable":true,"href":"https:\/\/lukra-pumpen.de\/fr\/wp-json\/wp\/v2\/media\/1313"}],"wp:attachment":[{"href":"https:\/\/lukra-pumpen.de\/fr\/wp-json\/wp\/v2\/media?parent=1725"}],"wp:term":[{"taxonomy":"product_brand","embeddable":true,"href":"https:\/\/lukra-pumpen.de\/fr\/wp-json\/wp\/v2\/product_brand?post=1725"},{"taxonomy":"product_cat","embeddable":true,"href":"https:\/\/lukra-pumpen.de\/fr\/wp-json\/wp\/v2\/product_cat?post=1725"},{"taxonomy":"product_tag","embeddable":true,"href":"https:\/\/lukra-pumpen.de\/fr\/wp-json\/wp\/v2\/product_tag?post=1725"}],"curies":[{"name":"wp","href":"https:\/\/api.w.org\/{rel}","templated":true}]}}